
{"id":295,"date":"2016-05-24T17:24:27","date_gmt":"2016-05-24T17:24:27","guid":{"rendered":"https:\/\/blog.zhdk.ch\/dadaspektakulationen\/?page_id=295"},"modified":"2016-06-03T10:25:42","modified_gmt":"2016-06-03T10:25:42","slug":"front","status":"publish","type":"page","link":"https:\/\/blog.zhdk.ch\/dadaspektakulationen\/","title":{"rendered":"Kurzbeschrieb"},"content":{"rendered":"<div class=\"post-content\">\n<p class=\"Normal\">F\u00fcr das Vermittlungsprojekt in Kooperation mit den <a href=\"http:\/\/www.festspiele-zuerich.ch\/de\/festspiele-zuerich-2016\/\">Festspielen Z\u00fcrich<\/a> realisieren Studierende der <a href=\"http:\/\/www.zhdk.ch\/mae\">ZHdK Master of Arts in Art Education<\/a> akustische Installationen auf Toiletten von ausgew\u00e4hlten Festspielorten und weiteren (halb-)\u00f6ffentlichen WCs. Collagen auf den WC-Spiegeln spannen auch visuell einen roten Faden zwischen den bespielten Orten. Subtile Ver\u00e4nderungen an der Signaletik weisen schon vor dem Eintritt in die WCs auf die r\u00e4umlichen Inszenierungen hin.<\/p>\n<p class=\"Normal\">Die Aussage des Dadaisten Hans Richter, dass aus Dada ein reichlich verschwommenes, mittlerweile zerbrochenes Spiegelbild seiner selbst geworden sei, dient als Ausgangslage und wird auf verschiedenen Ebenen im Vermittlungsprojekt reflektiert. An jedem Ort findet das Publikum neue Dada-Fragmente vor und mit jede<a name=\"_GoBack\"><\/a>m Besuch eines weiteren Vermittlungsortes wird die pers\u00f6nliche Wahrnehmung von Dada um eine Facette reicher.<\/p>\n<p class=\"Normal\">Die Audio-Installationen werden \u00fcber zwei unterschiedliche Zug\u00e4nge erarbeitet. Zum einen wird mit historischen Quellen der Dadaistinnen und Dadaisten gearbeitet, zum anderen mit zeitgen\u00f6ssischen Interpretationen von Dada im Rahmen der Festspiele Z\u00fcrich.<\/p>\n<p>Dauer der Projekts: 3. \u2013 26. Juni 2016, <a href=\"https:\/\/blog.zhdk.ch\/dadaspektakulationen\/standorte\/\">Standorte<\/a><\/p>\n<\/div>\n","protected":false},"excerpt":{"rendered":"<p>F\u00fcr das Vermittlungsprojekt in Kooperation mit den Festspielen Z\u00fcrich realisieren Studierende der ZHdK Master of Arts in Art Education akustische Installationen auf Toiletten von ausgew\u00e4hlten Festspielorten und weiteren (halb-)\u00f6ffentlichen WCs. Collagen auf den WC-Spiegeln spannen auch visuell einen roten Faden zwischen den bespielten Orten. Subtile Ver\u00e4nderungen an der Signaletik weisen schon vor dem Eintritt in [&hellip;]<\/p>\n","protected":false},"author":1071,"featured_media":0,"parent":0,"menu_order":1,"comment_status":"closed","ping_status":"closed","template":"","meta":{"footnotes":""},"class_list":["post-295","page","type-page","status-publish","hentry","post-preview"],"_links":{"self":[{"href":"https:\/\/blog.zhdk.ch\/dadaspektakulationen\/wp-json\/wp\/v2\/pages\/295","targetHints":{"allow":["GET"]}}],"collection":[{"href":"https:\/\/blog.zhdk.ch\/dadaspektakulationen\/wp-json\/wp\/v2\/pages"}],"about":[{"href":"https:\/\/blog.zhdk.ch\/dadaspektakulationen\/wp-json\/wp\/v2\/types\/page"}],"author":[{"embeddable":true,"href":"https:\/\/blog.zhdk.ch\/dadaspektakulationen\/wp-json\/wp\/v2\/users\/1071"}],"replies":[{"embeddable":true,"href":"https:\/\/blog.zhdk.ch\/dadaspektakulationen\/wp-json\/wp\/v2\/comments?post=295"}],"version-history":[{"count":4,"href":"https:\/\/blog.zhdk.ch\/dadaspektakulationen\/wp-json\/wp\/v2\/pages\/295\/revisions"}],"predecessor-version":[{"id":448,"href":"https:\/\/blog.zhdk.ch\/dadaspektakulationen\/wp-json\/wp\/v2\/pages\/295\/revisions\/448"}],"wp:attachment":[{"href":"https:\/\/blog.zhdk.ch\/dadaspektakulationen\/wp-json\/wp\/v2\/media?parent=295"}],"curies":[{"name":"wp","href":"https:\/\/api.w.org\/{rel}","templated":true}]}}