{"id":31,"date":"2013-02-05T12:04:37","date_gmt":"2013-02-05T12:04:37","guid":{"rendered":"https:\/\/blog.zhdk.ch\/darstellungsformate\/?page_id=31"},"modified":"2013-02-16T11:40:33","modified_gmt":"2013-02-16T11:40:33","slug":"kontakt","status":"publish","type":"page","link":"https:\/\/blog.zhdk.ch\/darstellungsformate\/kontakt\/","title":{"rendered":"Kontakt"},"content":{"rendered":"<p>Z\u00fcrcher Hochschule der K\u00fcnste<\/p>\n<p>Z+<br \/>\nPlattform f\u00fcr diszipinen-\u00fcbergreifende<br \/>\nAktivit\u00e4ten<\/p>\n<p>Limmatstrasse 47<br \/>\nPostfach<br \/>\n8031 Z\u00fcrich<\/p>\n<p><strong><br \/>\nImpressum<\/strong><\/p>\n<p><em>Idee\/ Auftrag<\/em> Corina Caduff (Ltg. Z+),<br \/>\nKatharina Tietze (Mitglied Kuratorium Z+),<br \/>\nVera Ryser (wiss. Mitarb. Z+)<\/p>\n<p><em>Konzept\/Realisierung Publikation<\/em><br \/>\nDorothee Richter<br \/>\n<em>Assistenz Realisierung<\/em> Vera Ryser<br \/>\n<em>Lektorat<\/em> Gabriele Hummel-Hackstock<br \/>\n<em>Grafik Design<\/em> Jeannine Herrmann<br \/>\n<em>Programmierung<\/em> Nils Solanki<\/p>\n","protected":false},"excerpt":{"rendered":"<p>Z\u00fcrcher Hochschule der K\u00fcnste Z+ Plattform f\u00fcr diszipinen-\u00fcbergreifende Aktivit\u00e4ten Limmatstrasse 47 Postfach 8031 Z\u00fcrich Impressum Idee\/ Auftrag Corina Caduff (Ltg. Z+), Katharina Tietze (Mitglied Kuratorium Z+), Vera Ryser (wiss. Mitarb. Z+) Konzept\/Realisierung Publikation Dorothee Richter Assistenz Realisierung Vera Ryser Lektorat Gabriele Hummel-Hackstock Grafik Design Jeannine Herrmann Programmierung Nils Solanki<\/p>\n","protected":false},"author":869,"featured_media":0,"parent":0,"menu_order":0,"comment_status":"closed","ping_status":"open","template":"","meta":{"footnotes":""},"class_list":["post-31","page","type-page","status-publish","hentry"],"_links":{"self":[{"href":"https:\/\/blog.zhdk.ch\/darstellungsformate\/wp-json\/wp\/v2\/pages\/31","targetHints":{"allow":["GET"]}}],"collection":[{"href":"https:\/\/blog.zhdk.ch\/darstellungsformate\/wp-json\/wp\/v2\/pages"}],"about":[{"href":"https:\/\/blog.zhdk.ch\/darstellungsformate\/wp-json\/wp\/v2\/types\/page"}],"author":[{"embeddable":true,"href":"https:\/\/blog.zhdk.ch\/darstellungsformate\/wp-json\/wp\/v2\/users\/869"}],"replies":[{"embeddable":true,"href":"https:\/\/blog.zhdk.ch\/darstellungsformate\/wp-json\/wp\/v2\/comments?post=31"}],"version-history":[{"count":14,"href":"https:\/\/blog.zhdk.ch\/darstellungsformate\/wp-json\/wp\/v2\/pages\/31\/revisions"}],"predecessor-version":[{"id":637,"href":"https:\/\/blog.zhdk.ch\/darstellungsformate\/wp-json\/wp\/v2\/pages\/31\/revisions\/637"}],"wp:attachment":[{"href":"https:\/\/blog.zhdk.ch\/darstellungsformate\/wp-json\/wp\/v2\/media?parent=31"}],"curies":[{"name":"wp","href":"https:\/\/api.w.org\/{rel}","templated":true}]}}