{"id":1179,"date":"2014-06-17T18:05:43","date_gmt":"2014-06-17T16:05:43","guid":{"rendered":"https:\/\/blog.zhdk.ch\/designsocialimpact\/?page_id=1179"},"modified":"2014-06-30T13:40:41","modified_gmt":"2014-06-30T11:40:41","slug":"autargo","status":"publish","type":"page","link":"https:\/\/blog.zhdk.ch\/designsocialimpact\/autargo\/","title":{"rendered":"Autargo"},"content":{"rendered":"<h3 class=\"p1\"><span style=\"color: #0000ff\"><strong>Autargo \u2013 Autarke Generatoreinheit zur Sauerstoffversorgung\u00a0in\u00a0Krisen- und Katastrophengebieten<\/strong><\/span><\/h3>\n<h3 class=\"p1\"><\/h3>\n<h3 class=\"p1\"><span class=\"s1\" style=\"color: #0000ff\">Eine medizinische Grundversorgung ist in Krisen- und Katastrophengebieten unabdingbar. Neue Filtertechnologien erm\u00f6glichen eine Vereinfachung der Abl\u00e4ufe bei der Sauerstoffgewinnung und \u2013versorgung. Zudem sind \u00c4rzte in Katastrophen- oder Krisengebieten oftmals vor grosse Herausforderungen gestellt. Nebst dem Umgang mit der menschlichen Trag\u00f6die erschwert fehlende Infrastruktur die Arbeit bei notwendigen medizinischen Eingriffen. Vor allem die Sauerstoffversorgung von Patientinnen und Patienten ist umst\u00e4ndlich bis unm\u00f6glich und Elektrizit\u00e4t ist oftmals Mangelware.\u00a0<\/span><\/h3>\n<h3 class=\"p1\"><span class=\"s1\" style=\"color: #0000ff\">Die hier entwickelte Generatoreinheit verbindet Sauerstoff- und Stromproduktion in einem Ger\u00e4t, wobei die Abw\u00e4rme genutzt wird. Das Ger\u00e4t funktioniert mittels einer keramischen Hochleistungsmembran autark. Bis zu 10 Personen k\u00f6nnen mit einem Ger\u00e4t versorgt werden und es bietet die M\u00f6glichkeit zur Vorrats-Produktion in Sauerstoffflaschen f\u00fcr Spitzenbelastungen. Die sperrigen und schweren Sauerstoffflaschen k\u00f6nnen so immer wieder neu gef\u00fcllt werden. Der verwendete Filter ist eine Neuentwicklung der Empa.\u00a0<\/span><\/h3>\n<pre><span style=\"color: #0000ff\">Art des Projekts: Bachelorarbeit, Industrial Design<\/span><\/pre>\n<pre><span style=\"color: #0000ff\">von Felix Spuhler<\/span>\r\n<span style=\"color: #0000ff\">Technologie: <span style=\"text-decoration: underline\"><a href=\"http:\/\/www.empa.ch\/\"><span style=\"color: #0000ff;text-decoration: underline\">Empa<\/span><\/a><\/span>\r\n\r\n<a href=\"https:\/\/blog.zhdk.ch\/designsocialimpact\/files\/2014\/06\/3.jpeg\"><img loading=\"lazy\" decoding=\"async\" class=\"aligncenter wp-image-1181\" src=\"https:\/\/blog.zhdk.ch\/designsocialimpact\/files\/2014\/06\/3.jpeg\" alt=\"3\" width=\"640\" height=\"480\" srcset=\"https:\/\/blog.zhdk.ch\/designsocialimpact\/files\/2014\/06\/3.jpeg 640w, https:\/\/blog.zhdk.ch\/designsocialimpact\/files\/2014\/06\/3-300x225.jpeg 300w\" sizes=\"auto, (max-width: 640px) 100vw, 640px\" \/><\/a> <a href=\"https:\/\/blog.zhdk.ch\/designsocialimpact\/files\/2014\/06\/1.jpeg\"><img loading=\"lazy\" decoding=\"async\" class=\"aligncenter wp-image-1183\" src=\"https:\/\/blog.zhdk.ch\/designsocialimpact\/files\/2014\/06\/1.jpeg\" alt=\"1\" width=\"640\" height=\"480\" srcset=\"https:\/\/blog.zhdk.ch\/designsocialimpact\/files\/2014\/06\/1.jpeg 640w, https:\/\/blog.zhdk.ch\/designsocialimpact\/files\/2014\/06\/1-300x225.jpeg 300w\" sizes=\"auto, (max-width: 640px) 100vw, 640px\" \/><\/a> \r\n<a href=\"https:\/\/blog.zhdk.ch\/designsocialimpact\/files\/2014\/06\/2.jpeg\"><img loading=\"lazy\" decoding=\"async\" class=\"aligncenter wp-image-1185\" src=\"https:\/\/blog.zhdk.ch\/designsocialimpact\/files\/2014\/06\/2.jpeg\" alt=\"2\" width=\"640\" height=\"480\" srcset=\"https:\/\/blog.zhdk.ch\/designsocialimpact\/files\/2014\/06\/2.jpeg 640w, https:\/\/blog.zhdk.ch\/designsocialimpact\/files\/2014\/06\/2-300x225.jpeg 300w\" sizes=\"auto, (max-width: 640px) 100vw, 640px\" \/>\r\n<\/a><a title=\"Projektbeispiele\" href=\"https:\/\/blog.zhdk.ch\/designsocialimpact\/projektbeispiele\/\"><span style=\"text-decoration: underline;color: #0000ff\">zur\u00fcck<\/span><\/a><\/span><\/pre>\n","protected":false},"excerpt":{"rendered":"<p>Autargo \u2013 Autarke Generatoreinheit zur Sauerstoffversorgung\u00a0in\u00a0Krisen- und Katastrophengebieten Eine medizinische Grundversorgung ist in Krisen- und Katastrophengebieten unabdingbar. Neue Filtertechnologien erm\u00f6glichen eine Vereinfachung der Abl\u00e4ufe bei der Sauerstoffgewinnung und \u2013versorgung. Zudem sind \u00c4rzte in Katastrophen- oder Krisengebieten oftmals vor grosse Herausforderungen gestellt. Nebst dem Umgang mit der menschlichen Trag\u00f6die erschwert fehlende Infrastruktur die Arbeit bei notwendigen [&hellip;]<\/p>\n","protected":false},"author":661,"featured_media":0,"parent":0,"menu_order":0,"comment_status":"closed","ping_status":"closed","template":"","meta":{"footnotes":""},"class_list":["post-1179","page","type-page","status-publish","hentry"],"_links":{"self":[{"href":"https:\/\/blog.zhdk.ch\/designsocialimpact\/wp-json\/wp\/v2\/pages\/1179","targetHints":{"allow":["GET"]}}],"collection":[{"href":"https:\/\/blog.zhdk.ch\/designsocialimpact\/wp-json\/wp\/v2\/pages"}],"about":[{"href":"https:\/\/blog.zhdk.ch\/designsocialimpact\/wp-json\/wp\/v2\/types\/page"}],"author":[{"embeddable":true,"href":"https:\/\/blog.zhdk.ch\/designsocialimpact\/wp-json\/wp\/v2\/users\/661"}],"replies":[{"embeddable":true,"href":"https:\/\/blog.zhdk.ch\/designsocialimpact\/wp-json\/wp\/v2\/comments?post=1179"}],"version-history":[{"count":11,"href":"https:\/\/blog.zhdk.ch\/designsocialimpact\/wp-json\/wp\/v2\/pages\/1179\/revisions"}],"predecessor-version":[{"id":1247,"href":"https:\/\/blog.zhdk.ch\/designsocialimpact\/wp-json\/wp\/v2\/pages\/1179\/revisions\/1247"}],"wp:attachment":[{"href":"https:\/\/blog.zhdk.ch\/designsocialimpact\/wp-json\/wp\/v2\/media?parent=1179"}],"curies":[{"name":"wp","href":"https:\/\/api.w.org\/{rel}","templated":true}]}}