{"id":385,"date":"2014-05-19T14:49:18","date_gmt":"2014-05-19T12:49:18","guid":{"rendered":"https:\/\/blog.zhdk.ch\/designsocialimpact\/?page_id=385"},"modified":"2014-06-16T09:47:50","modified_gmt":"2014-06-16T07:47:50","slug":"unsere-ziele-4","status":"publish","type":"page","link":"https:\/\/blog.zhdk.ch\/designsocialimpact\/unsere-ziele-4\/","title":{"rendered":"Unsere Ziele"},"content":{"rendered":"<h2 class=\"p1\"><span class=\"s1\" style=\"color: #0000ff\"><b>Was wollen wir?<\/b><\/span><\/h2>\n<h2 class=\"p1\"><span class=\"s1\" style=\"color: #0000ff\">Wir sind eine komplement\u00e4re und kompetente Anlaufstelle sowohl f\u00fcr ZHdK-interne Design Projekte als auch f\u00fcr Partnerorganisationen, welche unsere Unterst\u00fctzung in Anspruch nehmen m\u00f6chten.<\/span><\/h2>\n<h2 class=\"p1\"><span class=\"s1\" style=\"color: #0000ff\">Wir <strong>b\u00fcndeln die Kompetenzen <\/strong>zur Erarbeitung innovativer Ideen <strong>im Kontext der Entwicklungszusammenarbeit<\/strong> und entwickeln interkulturelle Kompetenzen im Umgang mit weniger entwickelten Regionen \u2013 innerhalb einer politischen, kulturellen und sozialen Landschaft.<\/span><\/h2>\n<h2 class=\"p1\"><span class=\"s1\" style=\"color: #0000ff\">L\u00e4ngerfristiges Ziel dieser Strategie ist es, ein Gef\u00e4ss\u00a0zu schaffen, welches durch seine <strong>Vernetzung und Anbindung an die Praxis<\/strong> der Entwicklungshilfe einen relevanten Beitrag leisten kann und damit mehr als der reinen Erf\u00fcllung von wirtschaftlichen Interessen dient.\u00a0<\/span><\/h2>\n<h2 class=\"p2\"><span style=\"color: #0000ff\">Gutes Design alleine hilft nicht. In enger <strong>Zusammenarbeit mit NGO\u2018s, Unternehmen und staatlichen Organisationen<\/strong> kann Design aber mithelfen. Daher m\u00f6chten wir unseren Studierenden und wissenschaftlichen MitarbeiterInnen erm\u00f6glich, sich im Rahmen von Summer Schools, Workshops oder Forschungsarbeiten entsprechend aktiv zu engagieren.<\/span><\/h2>\n<h2 class=\"p1\"><span class=\"s1\" style=\"color: #0000ff\">Insgesamt soll die Thematik der Entwicklungszusammenarbeit im Design verankert und die M\u00f6glichkeit aufgezeigt werden, <strong>Herausforderungen<\/strong> auch <strong>in Entwicklungskontexten<\/strong> <strong>mit Methoden des Designs und der Kunst zu l\u00f6sen<\/strong>.<\/span><\/h2>\n","protected":false},"excerpt":{"rendered":"<p>Was wollen wir? Wir sind eine komplement\u00e4re und kompetente Anlaufstelle sowohl f\u00fcr ZHdK-interne Design Projekte als auch f\u00fcr Partnerorganisationen, welche unsere Unterst\u00fctzung in Anspruch nehmen m\u00f6chten. Wir b\u00fcndeln die Kompetenzen zur Erarbeitung innovativer Ideen im Kontext der Entwicklungszusammenarbeit und entwickeln interkulturelle Kompetenzen im Umgang mit weniger entwickelten Regionen \u2013 innerhalb einer politischen, kulturellen und sozialen [&hellip;]<\/p>\n","protected":false},"author":661,"featured_media":0,"parent":0,"menu_order":0,"comment_status":"closed","ping_status":"closed","template":"","meta":{"footnotes":""},"class_list":["post-385","page","type-page","status-publish","hentry"],"_links":{"self":[{"href":"https:\/\/blog.zhdk.ch\/designsocialimpact\/wp-json\/wp\/v2\/pages\/385","targetHints":{"allow":["GET"]}}],"collection":[{"href":"https:\/\/blog.zhdk.ch\/designsocialimpact\/wp-json\/wp\/v2\/pages"}],"about":[{"href":"https:\/\/blog.zhdk.ch\/designsocialimpact\/wp-json\/wp\/v2\/types\/page"}],"author":[{"embeddable":true,"href":"https:\/\/blog.zhdk.ch\/designsocialimpact\/wp-json\/wp\/v2\/users\/661"}],"replies":[{"embeddable":true,"href":"https:\/\/blog.zhdk.ch\/designsocialimpact\/wp-json\/wp\/v2\/comments?post=385"}],"version-history":[{"count":14,"href":"https:\/\/blog.zhdk.ch\/designsocialimpact\/wp-json\/wp\/v2\/pages\/385\/revisions"}],"predecessor-version":[{"id":1117,"href":"https:\/\/blog.zhdk.ch\/designsocialimpact\/wp-json\/wp\/v2\/pages\/385\/revisions\/1117"}],"wp:attachment":[{"href":"https:\/\/blog.zhdk.ch\/designsocialimpact\/wp-json\/wp\/v2\/media?parent=385"}],"curies":[{"name":"wp","href":"https:\/\/api.w.org\/{rel}","templated":true}]}}