{"id":407,"date":"2014-05-19T14:52:42","date_gmt":"2014-05-19T12:52:42","guid":{"rendered":"https:\/\/blog.zhdk.ch\/designsocialimpact\/?page_id=407"},"modified":"2014-06-16T10:01:54","modified_gmt":"2014-06-16T08:01:54","slug":"product-development","status":"publish","type":"page","link":"https:\/\/blog.zhdk.ch\/designsocialimpact\/product-development\/","title":{"rendered":"Entwurf"},"content":{"rendered":"<h4 class=\"p1\"><span style=\"color: #0000ff\"><em>Zur L\u00f6sungssuche geh\u00f6rt die Entwicklung eines schl\u00fcssigen Konzepts, welches nachhaltige sowie soziale <strong>Material- oder Systemkreisl\u00e4ufe<\/strong> ber\u00fccksichtigt. Darauf aufbauend werden erste Modelle skizziert und eine Auswahl daraus \u2013 zu einem sp\u00e4teren Zeitpunkt \u2013 in Form von Prototypen realisiert, um die <strong>Funktionalit\u00e4t im Einsatzgebiet<\/strong> zu testen. Auch hier werden die Nutzer in die kreativen Methoden miteinbezogen, um kulturelle- oder soziale Eigenheiten zu ber\u00fccksichtigen.<\/em><\/span><\/h4>\n","protected":false},"excerpt":{"rendered":"<p>Zur L\u00f6sungssuche geh\u00f6rt die Entwicklung eines schl\u00fcssigen Konzepts, welches nachhaltige sowie soziale Material- oder Systemkreisl\u00e4ufe ber\u00fccksichtigt. Darauf aufbauend werden erste Modelle skizziert und eine Auswahl daraus \u2013 zu einem sp\u00e4teren Zeitpunkt \u2013 in Form von Prototypen realisiert, um die Funktionalit\u00e4t im Einsatzgebiet zu testen. Auch hier werden die Nutzer in die kreativen Methoden miteinbezogen, um [&hellip;]<\/p>\n","protected":false},"author":661,"featured_media":0,"parent":0,"menu_order":0,"comment_status":"closed","ping_status":"closed","template":"","meta":{"footnotes":""},"class_list":["post-407","page","type-page","status-publish","hentry"],"_links":{"self":[{"href":"https:\/\/blog.zhdk.ch\/designsocialimpact\/wp-json\/wp\/v2\/pages\/407","targetHints":{"allow":["GET"]}}],"collection":[{"href":"https:\/\/blog.zhdk.ch\/designsocialimpact\/wp-json\/wp\/v2\/pages"}],"about":[{"href":"https:\/\/blog.zhdk.ch\/designsocialimpact\/wp-json\/wp\/v2\/types\/page"}],"author":[{"embeddable":true,"href":"https:\/\/blog.zhdk.ch\/designsocialimpact\/wp-json\/wp\/v2\/users\/661"}],"replies":[{"embeddable":true,"href":"https:\/\/blog.zhdk.ch\/designsocialimpact\/wp-json\/wp\/v2\/comments?post=407"}],"version-history":[{"count":15,"href":"https:\/\/blog.zhdk.ch\/designsocialimpact\/wp-json\/wp\/v2\/pages\/407\/revisions"}],"predecessor-version":[{"id":1147,"href":"https:\/\/blog.zhdk.ch\/designsocialimpact\/wp-json\/wp\/v2\/pages\/407\/revisions\/1147"}],"wp:attachment":[{"href":"https:\/\/blog.zhdk.ch\/designsocialimpact\/wp-json\/wp\/v2\/media?parent=407"}],"curies":[{"name":"wp","href":"https:\/\/api.w.org\/{rel}","templated":true}]}}