{"id":411,"date":"2014-05-19T15:02:52","date_gmt":"2014-05-19T13:02:52","guid":{"rendered":"https:\/\/blog.zhdk.ch\/designsocialimpact\/?page_id=411"},"modified":"2014-05-20T22:33:27","modified_gmt":"2014-05-20T20:33:27","slug":"useability-testing","status":"publish","type":"page","link":"https:\/\/blog.zhdk.ch\/designsocialimpact\/useability-testing\/","title":{"rendered":"Useability Testing"},"content":{"rendered":"<h4 class=\"p1\"><span style=\"color: #0000ff\"><em>Die Kriterien zur Analyse eines Produkts k\u00f6nnen in <strong>Hard \u2013\u00a0<\/strong>(Praktische Handhabung und technische Anforderungen) und <strong>Soft \u2013 Factors<\/strong> (Kulturelle Werte und soziale Interaktionen im Zusammenhang mit dem Produkt) unterteilt werden.\u00a0Beim Useability Testing werden die unterschiedlichen Prototypen hinsichtlich<\/em><\/span><\/h4>\n<h4 class=\"p1\"><span style=\"color: #0000ff\"><em>der<strong> Interaktion w\u00e4hrend dem Gebrauch<\/strong> (Wie einfach erweist sich das Produkt in der Anwendung? Versteht man wozu es zu gebrauchen ist? Wie es angewandt wird? Wo und wie Dinge ge\u00f6ffnet werden m\u00fcssen? Oder bedarf es einer Erkl\u00e4rung in Form einer Illustration?)\u00a0<\/em><\/span><\/h4>\n<h4 class=\"p1\"><span style=\"color: #0000ff\"><em>der <strong>allgemeinen Wahrnehmung des Produkts<\/strong> (wie wirkt es auf die Testperson? Erscheint es extrem Wertvoll oder eher billig? Wie wird das Produkt angenommen? Ist eine gewisse Skepsis oder Begeisterung gegen\u00fcber dem Produkt wahrnehmbar?)<\/em><\/span><\/h4>\n<h4 class=\"p1\"><span style=\"color: #0000ff\"><em>und auf dessen <strong>Funktionalit\u00e4t<\/strong>\u00a0(h\u00e4lt es den Belastungen Stand? Verkompliziert oder vereinfacht es den Alltag des Benutzers?) hin untersucht.<\/em><\/span><\/h4>\n<h4 class=\"p1\"><span style=\"color: #0000ff\"><em>Im Weiteren werden Produktspezifischen Faktoren, welche einen starken Einfluss auf den finalen Gebrauch und die Akzeptanz des Produkts nehmen, gegen\u00fcber mehr \u201ekosmetischen\u201c Faktoren priorisiert.<\/em><\/span><\/h4>\n","protected":false},"excerpt":{"rendered":"<p>Die Kriterien zur Analyse eines Produkts k\u00f6nnen in Hard \u2013\u00a0(Praktische Handhabung und technische Anforderungen) und Soft \u2013 Factors (Kulturelle Werte und soziale Interaktionen im Zusammenhang mit dem Produkt) unterteilt werden.\u00a0Beim Useability Testing werden die unterschiedlichen Prototypen hinsichtlich der Interaktion w\u00e4hrend dem Gebrauch (Wie einfach erweist sich das Produkt in der Anwendung? Versteht man wozu es [&hellip;]<\/p>\n","protected":false},"author":661,"featured_media":0,"parent":0,"menu_order":0,"comment_status":"closed","ping_status":"closed","template":"","meta":{"footnotes":""},"class_list":["post-411","page","type-page","status-publish","hentry"],"_links":{"self":[{"href":"https:\/\/blog.zhdk.ch\/designsocialimpact\/wp-json\/wp\/v2\/pages\/411","targetHints":{"allow":["GET"]}}],"collection":[{"href":"https:\/\/blog.zhdk.ch\/designsocialimpact\/wp-json\/wp\/v2\/pages"}],"about":[{"href":"https:\/\/blog.zhdk.ch\/designsocialimpact\/wp-json\/wp\/v2\/types\/page"}],"author":[{"embeddable":true,"href":"https:\/\/blog.zhdk.ch\/designsocialimpact\/wp-json\/wp\/v2\/users\/661"}],"replies":[{"embeddable":true,"href":"https:\/\/blog.zhdk.ch\/designsocialimpact\/wp-json\/wp\/v2\/comments?post=411"}],"version-history":[{"count":5,"href":"https:\/\/blog.zhdk.ch\/designsocialimpact\/wp-json\/wp\/v2\/pages\/411\/revisions"}],"predecessor-version":[{"id":559,"href":"https:\/\/blog.zhdk.ch\/designsocialimpact\/wp-json\/wp\/v2\/pages\/411\/revisions\/559"}],"wp:attachment":[{"href":"https:\/\/blog.zhdk.ch\/designsocialimpact\/wp-json\/wp\/v2\/media?parent=411"}],"curies":[{"name":"wp","href":"https:\/\/api.w.org\/{rel}","templated":true}]}}