{"id":419,"date":"2014-05-19T14:55:31","date_gmt":"2014-05-19T12:55:31","guid":{"rendered":"https:\/\/blog.zhdk.ch\/designsocialimpact\/?page_id=419"},"modified":"2014-06-16T10:05:17","modified_gmt":"2014-06-16T08:05:17","slug":"erschliessung-lokale-maerkte-und-herstellungsmethoden","status":"publish","type":"page","link":"https:\/\/blog.zhdk.ch\/designsocialimpact\/erschliessung-lokale-maerkte-und-herstellungsmethoden\/","title":{"rendered":"Einbezug lokaler M\u00e4rkte und Herstellungsmethoden sowie Micro Business Modellen"},"content":{"rendered":"<h4 class=\"p1\"><em><span class=\"s1\" style=\"color: #0000ff\">Nach der Iteration mehrerer Prototypen, an welchem alle Probleme erkannt und verbessert wurden, kann abschliessend ein \u00fcberzeugendes Konzept gestaltet werden. Der Einbezug lokaler M\u00e4rkte, ein durchdachtes Marketingkonzept und ein entsprechendes Labeling sind dabei ebenfalls wichtig.\u00a0Hinsichtlich einer erfolgreichen Entwicklungszusammenarbeit ist eine fundierte Marktrecherche n\u00f6tig. Dabei werden lokale M\u00e4rkte und Herstellungsmethoden\u00a0 identifiziert, um eine unabh\u00e4ngige lokale Produktion zu garantieren. Damit werden in der Produktion und im Vertrieb Arbeitspl\u00e4tze und Einkommen geschaffen, welche die <strong>L\u00f6sungen lokal verankern<\/strong> und am Ort des Nutzens auch <strong>soziale Mehrwerte schaffen<\/strong>.<\/span><\/em><\/h4>\n","protected":false},"excerpt":{"rendered":"<p>Nach der Iteration mehrerer Prototypen, an welchem alle Probleme erkannt und verbessert wurden, kann abschliessend ein \u00fcberzeugendes Konzept gestaltet werden. Der Einbezug lokaler M\u00e4rkte, ein durchdachtes Marketingkonzept und ein entsprechendes Labeling sind dabei ebenfalls wichtig.\u00a0Hinsichtlich einer erfolgreichen Entwicklungszusammenarbeit ist eine fundierte Marktrecherche n\u00f6tig. Dabei werden lokale M\u00e4rkte und Herstellungsmethoden\u00a0 identifiziert, um eine unabh\u00e4ngige lokale Produktion [&hellip;]<\/p>\n","protected":false},"author":661,"featured_media":0,"parent":0,"menu_order":0,"comment_status":"closed","ping_status":"closed","template":"","meta":{"footnotes":""},"class_list":["post-419","page","type-page","status-publish","hentry"],"_links":{"self":[{"href":"https:\/\/blog.zhdk.ch\/designsocialimpact\/wp-json\/wp\/v2\/pages\/419","targetHints":{"allow":["GET"]}}],"collection":[{"href":"https:\/\/blog.zhdk.ch\/designsocialimpact\/wp-json\/wp\/v2\/pages"}],"about":[{"href":"https:\/\/blog.zhdk.ch\/designsocialimpact\/wp-json\/wp\/v2\/types\/page"}],"author":[{"embeddable":true,"href":"https:\/\/blog.zhdk.ch\/designsocialimpact\/wp-json\/wp\/v2\/users\/661"}],"replies":[{"embeddable":true,"href":"https:\/\/blog.zhdk.ch\/designsocialimpact\/wp-json\/wp\/v2\/comments?post=419"}],"version-history":[{"count":7,"href":"https:\/\/blog.zhdk.ch\/designsocialimpact\/wp-json\/wp\/v2\/pages\/419\/revisions"}],"predecessor-version":[{"id":1153,"href":"https:\/\/blog.zhdk.ch\/designsocialimpact\/wp-json\/wp\/v2\/pages\/419\/revisions\/1153"}],"wp:attachment":[{"href":"https:\/\/blog.zhdk.ch\/designsocialimpact\/wp-json\/wp\/v2\/media?parent=419"}],"curies":[{"name":"wp","href":"https:\/\/api.w.org\/{rel}","templated":true}]}}