{"id":429,"date":"2014-05-19T14:57:58","date_gmt":"2014-05-19T12:57:58","guid":{"rendered":"https:\/\/blog.zhdk.ch\/designsocialimpact\/?page_id=429"},"modified":"2014-08-13T10:38:49","modified_gmt":"2014-08-13T08:38:49","slug":"mit-uns-4","status":"publish","type":"page","link":"https:\/\/blog.zhdk.ch\/designsocialimpact\/mit-uns-4\/","title":{"rendered":"Sie &amp; Wir"},"content":{"rendered":"<h2 class=\"p1\"><span style=\"color: #0000ff\"><strong>Was k\u00f6nnen wir Ihnen bieten? Wie k\u00f6nnen Sie uns in der Erreichung unserer Ziele unterst\u00fctzen?\u00a0<\/strong><\/span><\/h2>\n<h2 class=\"p2\"><span class=\"s1\" style=\"color: #0000ff\">Unsere Bestrebungen im Bereich &#8222;Design with Social Impact&#8220; sind massgeblich abh\u00e4ngig von der Praxisn\u00e4he und der aktiven Zusammenarbeit mit etablierten Akteuren der Entwicklungszusammenarbeit\u00a0sowie\u00a0deren Bereitschaft, Wissen mit uns zu teilen\u00a0und\u00a0einen regen Austausch zu pflegen. Um diesen sicher zu stellen, planen wir regelm\u00e4ssige Veranstaltungen, bei welchen designrelevante Themen aufgegriffen und vor einem breiten Publikum diskutiert werden.\u00a0Es bietet sich dabei nicht nur die M\u00f6glichkeit,<strong> aktuelle Fragestellungen mit Forschungsbezug<\/strong> zu <strong>formulieren<\/strong> und mit uns zu bearbeiten, sondern auch, innerhalb von <strong>Projektarbeiten und Workshops<\/strong>\u00a0aktiv mitzuwirken, Themen vorzuschlagen, um <strong>nachhaltige Projekte<\/strong> zu <strong>entwickeln<\/strong> und damit <strong>Hilfe effektiver <\/strong>zu<strong> gestalten.<\/strong><\/span><\/h2>\n<h2 class=\"p2\"><span class=\"s1\" style=\"color: #0000ff\">Themen an denen wir als Designer in der Entwicklungszusammenarbeit Beitr\u00e4ge liefern sind z.B:<\/span><\/h2>\n<p>&nbsp;<\/p>\n<h2 class=\"p4\"><span class=\"s1\" style=\"color: #0000ff\">&#8230;Philantropische Problemanalyse\u00a0<\/span><\/h2>\n<h2 class=\"p4\"><span class=\"s1\" style=\"color: #0000ff\">&#8230;Feldanalyse und -forschung<\/span><\/h2>\n<h2 class=\"p4\"><span class=\"s1\" style=\"color: #0000ff\">&#8230;Design Thinking, Cultural Probes<\/span><\/h2>\n<h2 class=\"p4\"><span class=\"s1\" style=\"color: #0000ff\">&#8230;Partizipative Entwicklung, Co-Design<\/span><\/h2>\n<h2 class=\"p4\"><span class=\"s1\" style=\"color: #0000ff\">&#8230;Gender and culture related Design<\/span><\/h2>\n<h2 class=\"p4\"><span class=\"s1\" style=\"color: #0000ff\">&#8230;Akzeptanz und Verst\u00e4ndnis von Hilfsg\u00fctern<\/span><\/h2>\n<h2 class=\"p4\"><span class=\"s1\" style=\"color: #0000ff\">&#8230;Prototyping<\/span><\/h2>\n<h2 class=\"p4\"><span class=\"s1\" style=\"color: #0000ff\">&#8230;Usability-Testing<\/span><\/h2>\n<h2 class=\"p4\"><span class=\"s1\" style=\"color: #0000ff\">&#8230;Alternative Herstellungs- und Vertriebsemethoden &#8222;on site&#8220;<\/span><\/h2>\n<h2 class=\"p4\"><span class=\"s1\" style=\"color: #0000ff\">&#8230;Nonverbale und interkulturelle Wissensvermittlung<\/span><\/h2>\n<h2 class=\"p4\"><span class=\"s1\" style=\"color: #0000ff\">&#8230;Visualisierung von globalen oder regionalen Produkt- <\/span><\/h2>\n<h2 class=\"p4\"><span class=\"s1\" style=\"color: #0000ff\">\u00a0 \u00a0 resp. Materialkreisl\u00e4ufen<\/span><\/h2>\n","protected":false},"excerpt":{"rendered":"<p>Was k\u00f6nnen wir Ihnen bieten? Wie k\u00f6nnen Sie uns in der Erreichung unserer Ziele unterst\u00fctzen?\u00a0 Unsere Bestrebungen im Bereich &#8222;Design with Social Impact&#8220; sind massgeblich abh\u00e4ngig von der Praxisn\u00e4he und der aktiven Zusammenarbeit mit etablierten Akteuren der Entwicklungszusammenarbeit\u00a0sowie\u00a0deren Bereitschaft, Wissen mit uns zu teilen\u00a0und\u00a0einen regen Austausch zu pflegen. Um diesen sicher zu stellen, planen wir [&hellip;]<\/p>\n","protected":false},"author":661,"featured_media":0,"parent":0,"menu_order":0,"comment_status":"closed","ping_status":"closed","template":"","meta":{"footnotes":""},"class_list":["post-429","page","type-page","status-publish","hentry"],"_links":{"self":[{"href":"https:\/\/blog.zhdk.ch\/designsocialimpact\/wp-json\/wp\/v2\/pages\/429","targetHints":{"allow":["GET"]}}],"collection":[{"href":"https:\/\/blog.zhdk.ch\/designsocialimpact\/wp-json\/wp\/v2\/pages"}],"about":[{"href":"https:\/\/blog.zhdk.ch\/designsocialimpact\/wp-json\/wp\/v2\/types\/page"}],"author":[{"embeddable":true,"href":"https:\/\/blog.zhdk.ch\/designsocialimpact\/wp-json\/wp\/v2\/users\/661"}],"replies":[{"embeddable":true,"href":"https:\/\/blog.zhdk.ch\/designsocialimpact\/wp-json\/wp\/v2\/comments?post=429"}],"version-history":[{"count":23,"href":"https:\/\/blog.zhdk.ch\/designsocialimpact\/wp-json\/wp\/v2\/pages\/429\/revisions"}],"predecessor-version":[{"id":1307,"href":"https:\/\/blog.zhdk.ch\/designsocialimpact\/wp-json\/wp\/v2\/pages\/429\/revisions\/1307"}],"wp:attachment":[{"href":"https:\/\/blog.zhdk.ch\/designsocialimpact\/wp-json\/wp\/v2\/media?parent=429"}],"curies":[{"name":"wp","href":"https:\/\/api.w.org\/{rel}","templated":true}]}}