{"id":529,"date":"2014-05-20T22:13:41","date_gmt":"2014-05-20T20:13:41","guid":{"rendered":"https:\/\/blog.zhdk.ch\/designsocialimpact\/?page_id=529"},"modified":"2014-06-16T09:59:27","modified_gmt":"2014-06-16T07:59:27","slug":"design-brief","status":"publish","type":"page","link":"https:\/\/blog.zhdk.ch\/designsocialimpact\/design-brief\/","title":{"rendered":"Design Brief"},"content":{"rendered":"<h4 class=\"p1\"><span style=\"color: #0000ff\"><em><span class=\"s1\">Ziel eines Design Briefing ist es, eine\u00a0 Ausgangslage f\u00fcr die jeweilige Aufgabe zu schaffen. Es enth\u00e4lt alle wesentlichen Aspekte, welche die Problemstellung umschreiben. Es ist die Grundlage des Projektes und gleichzeitig auch die \u00fcberpr\u00fcfbare Definition des Zieles.<\/span><\/em><\/span><\/h4>\n<h4 class=\"p2\"><span style=\"color: #0000ff\"><strong><em><span class=\"s1\">Welche(s) Problem(e) m\u00f6chte ich\u00a0l\u00f6sen?\u00a0<\/span><\/em><\/strong><\/span><\/h4>\n<h4 class=\"p2\"><span style=\"color: #0000ff\"><strong><em><span class=\"s1\">Mit welcher Zielgruppe oder Gesellschaft befasse ich mich?\u00a0<\/span><\/em><\/strong><\/span><\/h4>\n<h4 class=\"p2\"><span style=\"color: #0000ff\"><em><span class=\"s1\">Dazu arbeiten wir mit Personas. Personas sind fiktive Personen, welchen Name, Geschlecht, Alter, Berufung, Stellung in der Gemeinschaft, Gewohnheiten, Bed\u00fcrfnisse, W\u00fcnsche und Ziele zuweist, um die Zielperson auf emotionaler, sozialer und physiologischer Ebene zu umschreiben. Felduntersuchungen, wo m\u00f6glich, erg\u00e4nzen und korrigieren diese Persona-Umschreibungen.<\/span><\/em><\/span><\/h4>\n<h4 class=\"p2\"><span style=\"color: #0000ff\"><strong><em><span class=\"s1\">In welchem Kontext muss die L\u00f6sung wirken?<\/span><\/em><\/strong><\/span><\/h4>\n<h4 class=\"p2\"><span style=\"color: #0000ff\"><em><span class=\"s1\">Wir verwenden ethnografische Methoden, die stark mit Bildern, Objekten oder\u00a0 Videodokumentationen arbeiten. Der Einbezug der Nutzer ist dabei sehr wichtig und vermag viel zu gelungenen L\u00f6sungen beizutragen. Methoden wie \u201eCultural Probes\u201c, \u201eShadowtracking\u201c oder auch \u201eGrounded Theory\u201c helfen, die Nutzerbed\u00fcrfnisse, aber auch Limitierungen besser zu verstehen. Das Erstellen m\u00f6glicher Szenarien, welche die Interaktionen und Konditionen w\u00e4hrend des Gebrauchs festhalten, ist dabei wichtig.<\/span><\/em><\/span><\/h4>\n","protected":false},"excerpt":{"rendered":"<p>Ziel eines Design Briefing ist es, eine\u00a0 Ausgangslage f\u00fcr die jeweilige Aufgabe zu schaffen. Es enth\u00e4lt alle wesentlichen Aspekte, welche die Problemstellung umschreiben. Es ist die Grundlage des Projektes und gleichzeitig auch die \u00fcberpr\u00fcfbare Definition des Zieles. Welche(s) Problem(e) m\u00f6chte ich\u00a0l\u00f6sen?\u00a0 Mit welcher Zielgruppe oder Gesellschaft befasse ich mich?\u00a0 Dazu arbeiten wir mit Personas. Personas [&hellip;]<\/p>\n","protected":false},"author":661,"featured_media":0,"parent":0,"menu_order":0,"comment_status":"closed","ping_status":"closed","template":"","meta":{"footnotes":""},"class_list":["post-529","page","type-page","status-publish","hentry"],"_links":{"self":[{"href":"https:\/\/blog.zhdk.ch\/designsocialimpact\/wp-json\/wp\/v2\/pages\/529","targetHints":{"allow":["GET"]}}],"collection":[{"href":"https:\/\/blog.zhdk.ch\/designsocialimpact\/wp-json\/wp\/v2\/pages"}],"about":[{"href":"https:\/\/blog.zhdk.ch\/designsocialimpact\/wp-json\/wp\/v2\/types\/page"}],"author":[{"embeddable":true,"href":"https:\/\/blog.zhdk.ch\/designsocialimpact\/wp-json\/wp\/v2\/users\/661"}],"replies":[{"embeddable":true,"href":"https:\/\/blog.zhdk.ch\/designsocialimpact\/wp-json\/wp\/v2\/comments?post=529"}],"version-history":[{"count":18,"href":"https:\/\/blog.zhdk.ch\/designsocialimpact\/wp-json\/wp\/v2\/pages\/529\/revisions"}],"predecessor-version":[{"id":1135,"href":"https:\/\/blog.zhdk.ch\/designsocialimpact\/wp-json\/wp\/v2\/pages\/529\/revisions\/1135"}],"wp:attachment":[{"href":"https:\/\/blog.zhdk.ch\/designsocialimpact\/wp-json\/wp\/v2\/media?parent=529"}],"curies":[{"name":"wp","href":"https:\/\/api.w.org\/{rel}","templated":true}]}}