{"id":613,"date":"2014-05-20T23:43:30","date_gmt":"2014-05-20T21:43:30","guid":{"rendered":"https:\/\/blog.zhdk.ch\/designsocialimpact\/?page_id=613"},"modified":"2014-06-16T10:11:19","modified_gmt":"2014-06-16T08:11:19","slug":"brunnen-und-trinkwasser-verkauf","status":"publish","type":"page","link":"https:\/\/blog.zhdk.ch\/designsocialimpact\/brunnen-und-trinkwasser-verkauf\/","title":{"rendered":"Brunnen und Trinkwasser Verkauf"},"content":{"rendered":"<h1 class=\"p1\"><span style=\"color: #0000ff\"><b>Brunnen und Trinkwasser Verkauf<\/b><\/span><\/h1>\n<h3 class=\"p1\"><span class=\"s1\" style=\"color: #0000ff\">Die von Sara Hardegger (Visuelle Kommunikation) entwickelte Kampagne f\u00fcr die Genossenschaft \u201eSvacchata\u201c in Indien fokussiert sich auf Frauen, die in Slums leben. In erster Linie will sie die Situation der Frau verbessern und nutzt dabei ein Hygiene-Produkt als Aufkl\u00e4rungsmittel. Freiwillige Helfer versuchen zudem, Seife, Desinfektionsmittel, biologisch abbaubare Binden und Windeln zu verteilen. Im Wissen der hohen Analphabetenrate war es Ziel der Kampagne, im Inneren der Verpackung eine Gebrauchsanweisung in Form von Piktogrammen zu didaktischen Zwecken zu platzieren.<\/span><\/h3>\n<h3 class=\"p1\"><span class=\"s1\" style=\"color: #0000ff\">Damit sollte die Zahl der indischen Bev\u00f6lkerung, welche ohne Zugang zu Trinkwasser und sanit\u00e4rer Grundversorgung lebt, verringert werden. Der Hauptsitz der Genossenschaft befindet sich in Pune (Maharashtra), wo sanit\u00e4re Anlagen von Experten produziert und Schulungen durchgef\u00fchrt werden. \u201eSvacchata\u201c versteht sich als unabh\u00e4ngige Einrichtung, an der die bestm\u00f6glichen L\u00f6sungen f\u00fcr Toilettensysteme hinsichtlich der Benutzbarkeit, der Hygiene, der Unterhaltung und zum Schutz der Umwelt erlernt werden k\u00f6nnen. Durch Aktionen im \u00f6ffentlichen Bereich bem\u00fcht sich die Organisation um Aufmerksamkeit f\u00fcr ihre Arbeit.<\/span><\/h3>\n<pre class=\"p1\"><span style=\"color: #0000ff\">Art des Projekts: Projektarbeit<\/span><\/pre>\n<pre class=\"p1\"><span style=\"color: #0000ff\">von Sara Hardegger<\/span><\/pre>\n<pre class=\"p1\"><span style=\"color: #0000ff\">in Zusammenarbeit mit der Genossenschaft\u00a0Svacchata und\u00a0<a href=\"https:\/\/www.indiegogo.com\/projects\/abhati-beauty-with-dignity\"><span style=\"text-decoration: underline;color: #0000ff\">Abhati Beauty With Dignity\r\n\r\n<\/span><\/a><\/span><\/pre>\n<p class=\"p1\"><a href=\"https:\/\/blog.zhdk.ch\/designsocialimpact\/files\/2014\/05\/ZHdK_VK_India_Sara-6.jpg\"><img loading=\"lazy\" decoding=\"async\" class=\"aligncenter size-large wp-image-621\" src=\"https:\/\/blog.zhdk.ch\/designsocialimpact\/files\/2014\/05\/ZHdK_VK_India_Sara-6-792x1024.jpg\" alt=\"ZHdK_VK_India_Sara-6\" width=\"554\" height=\"716\" srcset=\"https:\/\/blog.zhdk.ch\/designsocialimpact\/files\/2014\/05\/ZHdK_VK_India_Sara-6-792x1024.jpg 792w, https:\/\/blog.zhdk.ch\/designsocialimpact\/files\/2014\/05\/ZHdK_VK_India_Sara-6-232x300.jpg 232w\" sizes=\"auto, (max-width: 554px) 100vw, 554px\" \/><\/a><\/p>\n<p class=\"p1\"><span style=\"text-decoration: underline\"><a title=\"Projektbeispiele\" href=\"https:\/\/blog.zhdk.ch\/designsocialimpact\/projektbeispiele\/\"><span style=\"color: #0000ff;text-decoration: underline\">zur\u00fcck<\/span><\/a><\/span><\/p>\n","protected":false},"excerpt":{"rendered":"<p>Brunnen und Trinkwasser Verkauf Die von Sara Hardegger (Visuelle Kommunikation) entwickelte Kampagne f\u00fcr die Genossenschaft \u201eSvacchata\u201c in Indien fokussiert sich auf Frauen, die in Slums leben. In erster Linie will sie die Situation der Frau verbessern und nutzt dabei ein Hygiene-Produkt als Aufkl\u00e4rungsmittel. Freiwillige Helfer versuchen zudem, Seife, Desinfektionsmittel, biologisch abbaubare Binden und Windeln zu [&hellip;]<\/p>\n","protected":false},"author":661,"featured_media":621,"parent":0,"menu_order":0,"comment_status":"closed","ping_status":"closed","template":"","meta":{"footnotes":""},"class_list":["post-613","page","type-page","status-publish","has-post-thumbnail","hentry"],"_links":{"self":[{"href":"https:\/\/blog.zhdk.ch\/designsocialimpact\/wp-json\/wp\/v2\/pages\/613","targetHints":{"allow":["GET"]}}],"collection":[{"href":"https:\/\/blog.zhdk.ch\/designsocialimpact\/wp-json\/wp\/v2\/pages"}],"about":[{"href":"https:\/\/blog.zhdk.ch\/designsocialimpact\/wp-json\/wp\/v2\/types\/page"}],"author":[{"embeddable":true,"href":"https:\/\/blog.zhdk.ch\/designsocialimpact\/wp-json\/wp\/v2\/users\/661"}],"replies":[{"embeddable":true,"href":"https:\/\/blog.zhdk.ch\/designsocialimpact\/wp-json\/wp\/v2\/comments?post=613"}],"version-history":[{"count":18,"href":"https:\/\/blog.zhdk.ch\/designsocialimpact\/wp-json\/wp\/v2\/pages\/613\/revisions"}],"predecessor-version":[{"id":855,"href":"https:\/\/blog.zhdk.ch\/designsocialimpact\/wp-json\/wp\/v2\/pages\/613\/revisions\/855"}],"wp:featuredmedia":[{"embeddable":true,"href":"https:\/\/blog.zhdk.ch\/designsocialimpact\/wp-json\/wp\/v2\/media\/621"}],"wp:attachment":[{"href":"https:\/\/blog.zhdk.ch\/designsocialimpact\/wp-json\/wp\/v2\/media?parent=613"}],"curies":[{"name":"wp","href":"https:\/\/api.w.org\/{rel}","templated":true}]}}