{"id":789,"date":"2014-05-26T11:20:45","date_gmt":"2014-05-26T09:20:45","guid":{"rendered":"https:\/\/blog.zhdk.ch\/designsocialimpact\/?page_id=789"},"modified":"2014-06-16T10:13:34","modified_gmt":"2014-06-16T08:13:34","slug":"safir-wasserfilter-gravity-driven-membrane","status":"publish","type":"page","link":"https:\/\/blog.zhdk.ch\/designsocialimpact\/safir-wasserfilter-gravity-driven-membrane\/","title":{"rendered":"Safir Wasserfilter &#8211; Gravity Driven Membrane"},"content":{"rendered":"<h1 class=\"p1\"><span style=\"color: #0000ff\"><strong>Safir Wasserfilter\u00a0&#8211; Gravity Driven Membrane<\/strong><\/span><\/h1>\n<h3 class=\"p1\"><span class=\"s1\" style=\"color: #0000ff\">Bei der Entwicklung des Filters arbeiteten Umweltwissenschaftler der Eawag D\u00fcbendorf und Designer der ZHdK eng zusammen, um aus einer innovativen technischen Methode ein alltagstaugliches Produkt zu gestalten, das g\u00fcnstig gefertigt werden kann sowie kulturellen und funktionalen Anspr\u00fcchen der Nutzer gen\u00fcgt. Der Filter besteht im Wesentlichen aus<\/span><\/h3>\n<p>&nbsp;<\/p>\n<h4 class=\"p1\"><em><span style=\"color: #0000ff\">Schmutzwassertank 10L<\/span><\/em><\/h4>\n<h4 class=\"p1\"><em><span style=\"color: #0000ff\">Klarwassertank 10 L mit Auslasshahn<\/span><\/em><\/h4>\n<h4 class=\"p1\"><em><span style=\"color: #0000ff\">Mikropur Membranmodul<\/span><\/em><\/h4>\n<h4 class=\"p1\"><em><span style=\"color: #0000ff\">Einguss mit Spillpreventor und Sedimententleerungs\u00f6ffnung<\/span><\/em><\/h4>\n<h4 class=\"p1\"><em><span style=\"color: #0000ff\">Aussendeckel mit Griff<\/span><\/em><\/h4>\n<h4 class=\"p1\"><em><span style=\"color: #0000ff\">Abnehmbarer St\u00e4nder aus Metall<\/span><\/em><\/h4>\n<p>&nbsp;<\/p>\n<h3 class=\"p1\"><span class=\"s1\" style=\"color: #0000ff\">Die Bestandteile k\u00f6nnen einfach hergestellt und ineinandergestapelt transportiert werden. Einzig das Membranmodul muss mit speziellen Kenntnissen gefertigt werden. Herstellung, Zusammenbau und Vertrieb k\u00f6nnten vor Ort geschehen.<\/span><\/h3>\n<h3 class=\"p1\"><span class=\"s1\" style=\"color: #0000ff\">Erste Funktionsprototypen wurden 2010 in Kenia getestet. Hier wurde eine Designmethode entwickelt, wie der Filter nach Anspr\u00fcchen der Zielgruppen weiterentwickelt und gestaltet werden muss. Die zweite Prototypenserie wurde 2013 im bolivianischen Hochland und einem ruralen Umfeld intensiv mit den Nutzern getestet. Eine Serienfertigung wird 2014 aufgenommen. Parallel dazu l\u00e4uft die begleitende Forschung und die Konzeption von Vertriebsstrukturen.<\/span><\/h3>\n<pre><span style=\"color: #0000ff\">Art des Projekts: Forschung und Entwicklung<\/span>\r\n<span style=\"color: #0000ff\">Initianten: Orlando Campo, Philip Moreton, Marina Br\u00e4m<\/span>\r\n<span style=\"color: #0000ff\">Zusammenarbeit mit: <a href=\"http:\/\/www.eawag.ch\/index\"><span style=\"text-decoration: underline;color: #0000ff\">eawag<\/span><\/a>\r\n\r\n<a href=\"https:\/\/blog.zhdk.ch\/designsocialimpact\/files\/2014\/05\/Ch-5-Lucy-11.jpg\"><img loading=\"lazy\" decoding=\"async\" class=\"aligncenter size-large wp-image-771\" src=\"https:\/\/blog.zhdk.ch\/designsocialimpact\/files\/2014\/05\/Ch-5-Lucy-11-1024x768.jpg\" alt=\"Ch 5 Lucy (11)\" width=\"554\" height=\"415\" srcset=\"https:\/\/blog.zhdk.ch\/designsocialimpact\/files\/2014\/05\/Ch-5-Lucy-11-1024x768.jpg 1024w, https:\/\/blog.zhdk.ch\/designsocialimpact\/files\/2014\/05\/Ch-5-Lucy-11-300x225.jpg 300w\" sizes=\"auto, (max-width: 554px) 100vw, 554px\" \/>\r\n<\/a><a href=\"https:\/\/blog.zhdk.ch\/designsocialimpact\/files\/2014\/05\/Ch-7-Nancy-17.jpg\"><img loading=\"lazy\" decoding=\"async\" class=\"aligncenter size-large wp-image-773\" src=\"https:\/\/blog.zhdk.ch\/designsocialimpact\/files\/2014\/05\/Ch-7-Nancy-17-1024x768.jpg\" alt=\"Ch 7 Nancy (17)\" width=\"554\" height=\"415\" srcset=\"https:\/\/blog.zhdk.ch\/designsocialimpact\/files\/2014\/05\/Ch-7-Nancy-17-1024x768.jpg 1024w, https:\/\/blog.zhdk.ch\/designsocialimpact\/files\/2014\/05\/Ch-7-Nancy-17-300x225.jpg 300w\" sizes=\"auto, (max-width: 554px) 100vw, 554px\" \/>\r\n<\/a><a href=\"https:\/\/blog.zhdk.ch\/designsocialimpact\/files\/2014\/05\/IMG_2800.jpg\"><img loading=\"lazy\" decoding=\"async\" class=\"aligncenter size-large wp-image-779\" src=\"https:\/\/blog.zhdk.ch\/designsocialimpact\/files\/2014\/05\/IMG_2800-1024x768.jpg\" alt=\"IMG_2800\" width=\"554\" height=\"415\" srcset=\"https:\/\/blog.zhdk.ch\/designsocialimpact\/files\/2014\/05\/IMG_2800-1024x768.jpg 1024w, https:\/\/blog.zhdk.ch\/designsocialimpact\/files\/2014\/05\/IMG_2800-300x225.jpg 300w\" sizes=\"auto, (max-width: 554px) 100vw, 554px\" \/>\r\n<\/a><a title=\"Projektbeispiele\" href=\"https:\/\/blog.zhdk.ch\/designsocialimpact\/projektbeispiele\/\"><span style=\"text-decoration: underline;color: #0000ff\">zur\u00fcck<\/span><\/a><\/span><\/pre>\n","protected":false},"excerpt":{"rendered":"<p>Safir Wasserfilter\u00a0&#8211; Gravity Driven Membrane Bei der Entwicklung des Filters arbeiteten Umweltwissenschaftler der Eawag D\u00fcbendorf und Designer der ZHdK eng zusammen, um aus einer innovativen technischen Methode ein alltagstaugliches Produkt zu gestalten, das g\u00fcnstig gefertigt werden kann sowie kulturellen und funktionalen Anspr\u00fcchen der Nutzer gen\u00fcgt. Der Filter besteht im Wesentlichen aus &nbsp; Schmutzwassertank 10L Klarwassertank [&hellip;]<\/p>\n","protected":false},"author":661,"featured_media":0,"parent":0,"menu_order":0,"comment_status":"closed","ping_status":"closed","template":"","meta":{"footnotes":""},"class_list":["post-789","page","type-page","status-publish","hentry"],"_links":{"self":[{"href":"https:\/\/blog.zhdk.ch\/designsocialimpact\/wp-json\/wp\/v2\/pages\/789","targetHints":{"allow":["GET"]}}],"collection":[{"href":"https:\/\/blog.zhdk.ch\/designsocialimpact\/wp-json\/wp\/v2\/pages"}],"about":[{"href":"https:\/\/blog.zhdk.ch\/designsocialimpact\/wp-json\/wp\/v2\/types\/page"}],"author":[{"embeddable":true,"href":"https:\/\/blog.zhdk.ch\/designsocialimpact\/wp-json\/wp\/v2\/users\/661"}],"replies":[{"embeddable":true,"href":"https:\/\/blog.zhdk.ch\/designsocialimpact\/wp-json\/wp\/v2\/comments?post=789"}],"version-history":[{"count":10,"href":"https:\/\/blog.zhdk.ch\/designsocialimpact\/wp-json\/wp\/v2\/pages\/789\/revisions"}],"predecessor-version":[{"id":1175,"href":"https:\/\/blog.zhdk.ch\/designsocialimpact\/wp-json\/wp\/v2\/pages\/789\/revisions\/1175"}],"wp:attachment":[{"href":"https:\/\/blog.zhdk.ch\/designsocialimpact\/wp-json\/wp\/v2\/media?parent=789"}],"curies":[{"name":"wp","href":"https:\/\/api.w.org\/{rel}","templated":true}]}}