{"id":883,"date":"2014-05-26T15:13:37","date_gmt":"2014-05-26T13:13:37","guid":{"rendered":"https:\/\/blog.zhdk.ch\/designsocialimpact\/?page_id=883"},"modified":"2014-08-13T10:39:27","modified_gmt":"2014-08-13T08:39:27","slug":"wir","status":"publish","type":"page","link":"https:\/\/blog.zhdk.ch\/designsocialimpact\/wir\/","title":{"rendered":"Wir"},"content":{"rendered":"<h2 class=\"p1\"><strong><span style=\"color: #0000ff\">Wer sind wir?<\/span><\/strong><\/h2>\n<h2 class=\"p2\"><span class=\"s1\" style=\"color: #0000ff\">Die Z\u00fcrcher Hochschule der K\u00fcnste (ZHdK) ist der Ort, wo sich Designerinnen und Designer verschiedenster Fachrichtungen, in Lehre sowie der Forschung und Entwicklung mit aktuellen und zuk\u00fcnftigen Themen und Strategien besch\u00e4ftigen.<\/span><\/h2>\n<h2 class=\"p2\"><span class=\"s1\" style=\"color: #0000ff\">Dabei wird nebst Funktionalit\u00e4t und \u00d6konomie viel Wert auf den <strong>nachhaltigen Umgang mit Ressourcen und der sozialen Relevanz<\/strong> von Projekten gelegt. Mensch, Umwelt und Gesellschaft stehen dabei im Mittelpunkt. Durch die <strong>Fokussierung auf die Bed\u00fcrfnisse von Menschen in Notlagen<\/strong> und mit geringerem Wohlstand als wir ihn haben, soll Design einen entscheidenden Entwicklungsbeitrag leisten.<\/span><\/h2>\n<h2 class=\"p2\"><span class=\"s1\" style=\"color: #0000ff\">Mit &#8222;Design with Social Impact&#8220; m\u00f6chten wir bewirken, dass Design nicht nur als Werkzeug zur Optimierung des Markterfolges begriffen wird, sondern zu angepassten und kreativen L\u00f6sungen\u00a0akuter\u00a0Problemstellungen f\u00fchren kann.\u00a0Design, als Denk- und Handlungsweise verstanden, kann seinen\u00a0Teil dazu beizutragen, dass nachhaltige, mitunter auch technische und soziale L\u00f6sungen die Zielgruppen erreichen, verstanden\u00a0 werden und Nutzen bringen.\u00a0<\/span><\/h2>\n<p>&nbsp;<\/p>\n<h2 class=\"p2\"><strong><span class=\"s1\" style=\"color: #0000ff\">Was tun wir?<\/span><\/strong><\/h2>\n<h2 class=\"p2\"><span class=\"s1\" style=\"color: #0000ff\">An der ZHdK\u00a0finden sowohl <strong>interdisziplin\u00e4re als auch interkulturelle Projektarbeiten, Workshops und Forschungszusammenarbeiten<\/strong> statt. Nebst dem zu bearbeitenden Thema steht dabei der <strong>Dialog mit anderen Kulturen<\/strong> wie auch unterschiedlichen Gesellschaftsschichten und Lebensformen im Vordergrund. Wir versuchen daher, Problemstellungen\u00a0stets aus unterschiedlichen Blickwinkeln zu betrachten, um den Kontext zu verstehen und g\u00e4ngige Verhaltens-, Urteils-, und Betrachtungsmuster kreativ zu hinterfragen. Wir sind \u00fcberzeugt, dass diese Art der\u00a0Herangehensweise Innovationen f\u00fcr globale und lokale Entwicklung\u00a0f\u00f6rdert. Konkret erarbeiten wir daf\u00fcr Konzepte und die darauf basierenden Umsetzungen. Dies innerhalb der an der ZHdK verankerten Designdisziplinen oder in Zusammenarbeit mit anderen Fachbereichen, jedoch immer unter Einbezug der Betroffenen.<\/span><\/h2>\n<p>&nbsp;<\/p>\n<h2 class=\"p2\"><strong><span class=\"s1\" style=\"color: #0000ff\">Was k\u00f6nnen wir?<\/span><\/strong><\/h2>\n<h2 class=\"p2\"><span class=\"s1\" style=\"color: #0000ff\">Eine effiziente L\u00f6sung kann nur so wirkungsvoll sein, wie den Nutzen, den sie bei den Betroffenen bewirkt. Was n\u00fctzen die besten technischen oder sozialen Ans\u00e4tze, wenn sie weder kulturell verankert noch nutzergerecht gestaltet sind? <strong>Gutes Design ist universal<\/strong>; es\u00a0 ist gest\u00fctzt darauf, dass Produkte, Ger\u00e4te, Informationen, Umgebungen und Systeme derart gestaltet werden, dass sie f\u00fcr so viele Menschen wie m\u00f6glich ohne gr\u00f6ssere Anpassung oder Spezialisierung nutzbar sind: e<strong>infach und intuitiv, flexibel, fehlertolerant, sensorisch wahrnehmbar, aesthetisch und wertig<\/strong>. All diese Aspekte basieren auf gesellschaftlichen Bed\u00fcrfnissen und Verhalten und werden\u00a0dementsprechend in den Vordergrund gestellt. In einem zweiten Schritt werden dann Umsetzungen erarbeitet, die in einem m\u00f6glichst realistischen Setting implementiert werden k\u00f6nnen.<\/span><\/h2>\n<h2 class=\"p2\"><span class=\"s1\" style=\"color: #0000ff\">Um dies zu verdeutlichen haben wir\u00a0einen\u00a0\u201eSeven step approach of design for a less wealthy society\u201c\u00a0 im Kontext der Entwicklungszusammenarbeit ausgearbeitet, welcher in folgende Arbeitsschritte gegliedert ist:<\/span><\/h2>\n<h2 class=\"p4\"><\/h2>\n<p>&nbsp;<\/p>\n<h2 class=\"p4\"><span style=\"text-decoration: underline\"><span class=\"s2\" style=\"color: #0000ff\"><a href=\"https:\/\/blog.zhdk.ch\/designsocialimpact\/problemanalyse\/\"><span style=\"color: #0000ff;text-decoration: underline\">1 Problemanalyse<\/span><\/a><\/span><\/span><\/h2>\n<h2 class=\"p4\"><span style=\"text-decoration: underline;color: #0000ff\"><span style=\"text-decoration: underline\"><span class=\"s2\"><a href=\"https:\/\/blog.zhdk.ch\/designsocialimpact\/unsere-staerken-5\/design-brief\/?preview=true&amp;preview_id=397&amp;preview_nonce=22002f5201\"><span style=\"text-decoration: underline;color: #0000ff\">2 <\/span><\/a><a title=\"Design Brief\" href=\"https:\/\/blog.zhdk.ch\/designsocialimpact\/design-brief\/\"><span style=\"text-decoration: underline;color: #0000ff\">Design Brief<\/span><\/a><\/span><a title=\"Design Brief\" href=\"https:\/\/blog.zhdk.ch\/designsocialimpact\/design-brief\/\"><span class=\"s3\" style=\"color: #0000ff;text-decoration: underline\">ing<\/span><\/a><\/span><\/span><\/h2>\n<h2 class=\"p4\"><span style=\"text-decoration: underline\"><span class=\"s2\" style=\"color: #0000ff\"><a href=\"https:\/\/blog.zhdk.ch\/designsocialimpact\/product-development\/\"><span style=\"color: #0000ff;text-decoration: underline\">3\u00a0Entwurf<\/span><\/a><\/span><\/span><\/h2>\n<h2 class=\"p4\"><span style=\"text-decoration: underline\"><span class=\"s2\" style=\"color: #0000ff\"><a href=\"https:\/\/blog.zhdk.ch\/designsocialimpact\/useability-testing\/\"><span style=\"color: #0000ff;text-decoration: underline\">4 Useability-Testing<\/span><\/a><\/span><\/span><\/h2>\n<h2 class=\"p4\"><span style=\"text-decoration: underline\"><span class=\"s2\" style=\"color: #0000ff\"><a href=\"https:\/\/blog.zhdk.ch\/designsocialimpact\/produkt-anpassungen\/\"><span style=\"color: #0000ff;text-decoration: underline\">5 Produktanpassungen<\/span><\/a><\/span><\/span><\/h2>\n<h2 class=\"p4\"><span style=\"text-decoration: underline\"><span class=\"s2\" style=\"color: #0000ff\"><a href=\"https:\/\/blog.zhdk.ch\/designsocialimpact\/erschliessung-lokale-maerkte-und-herstellungsmethoden\/\"><span style=\"color: #0000ff;text-decoration: underline\">6 Lokale M\u00e4rkte und Herstellungsmethoden<\/span><\/a><\/span><\/span><\/h2>\n<h2 class=\"p4\"><span style=\"color: #0000ff\"><span style=\"text-decoration: underline\"><span class=\"s2\"><a href=\"https:\/\/blog.zhdk.ch\/designsocialimpact\/implementierung\/\"><span style=\"color: #0000ff;text-decoration: underline\">7 Implementation<\/span><\/a><\/span><\/span><span class=\"s4\">\u00a0<\/span><\/span><\/h2>\n","protected":false},"excerpt":{"rendered":"<p>Wer sind wir? Die Z\u00fcrcher Hochschule der K\u00fcnste (ZHdK) ist der Ort, wo sich Designerinnen und Designer verschiedenster Fachrichtungen, in Lehre sowie der Forschung und Entwicklung mit aktuellen und zuk\u00fcnftigen Themen und Strategien besch\u00e4ftigen. Dabei wird nebst Funktionalit\u00e4t und \u00d6konomie viel Wert auf den nachhaltigen Umgang mit Ressourcen und der sozialen Relevanz von Projekten gelegt. [&hellip;]<\/p>\n","protected":false},"author":661,"featured_media":0,"parent":0,"menu_order":0,"comment_status":"closed","ping_status":"closed","template":"","meta":{"footnotes":""},"class_list":["post-883","page","type-page","status-publish","hentry"],"_links":{"self":[{"href":"https:\/\/blog.zhdk.ch\/designsocialimpact\/wp-json\/wp\/v2\/pages\/883","targetHints":{"allow":["GET"]}}],"collection":[{"href":"https:\/\/blog.zhdk.ch\/designsocialimpact\/wp-json\/wp\/v2\/pages"}],"about":[{"href":"https:\/\/blog.zhdk.ch\/designsocialimpact\/wp-json\/wp\/v2\/types\/page"}],"author":[{"embeddable":true,"href":"https:\/\/blog.zhdk.ch\/designsocialimpact\/wp-json\/wp\/v2\/users\/661"}],"replies":[{"embeddable":true,"href":"https:\/\/blog.zhdk.ch\/designsocialimpact\/wp-json\/wp\/v2\/comments?post=883"}],"version-history":[{"count":17,"href":"https:\/\/blog.zhdk.ch\/designsocialimpact\/wp-json\/wp\/v2\/pages\/883\/revisions"}],"predecessor-version":[{"id":1309,"href":"https:\/\/blog.zhdk.ch\/designsocialimpact\/wp-json\/wp\/v2\/pages\/883\/revisions\/1309"}],"wp:attachment":[{"href":"https:\/\/blog.zhdk.ch\/designsocialimpact\/wp-json\/wp\/v2\/media?parent=883"}],"curies":[{"name":"wp","href":"https:\/\/api.w.org\/{rel}","templated":true}]}}