{"id":937,"date":"2014-05-26T17:27:42","date_gmt":"2014-05-26T15:27:42","guid":{"rendered":"https:\/\/blog.zhdk.ch\/designsocialimpact\/?page_id=937"},"modified":"2014-06-17T18:06:17","modified_gmt":"2014-06-17T16:06:17","slug":"laboratorium-mocambique","status":"publish","type":"page","link":"https:\/\/blog.zhdk.ch\/designsocialimpact\/laboratorium-mocambique\/","title":{"rendered":"Laboratorium Mo\u00e7ambique"},"content":{"rendered":"<h1 class=\"p1\"><span style=\"color: #0000ff\"><strong>Laboratorium Mo\u00e7ambique<\/strong><\/span><\/h1>\n<h3 class=\"p1\"><span class=\"s1\" style=\"color: #0000ff\">Das Laboratorium umfasst die in drei Teile gegliederten Aktivit\u00e4ten des Departements Designs, sich am Aufbau eines Designstudiums im S\u00fcdwesten Afrikas zu beteiligen. Nach einer ersten Kennenlehrnphase und der Pr\u00fcfung der Machbarkeit sowie der Erarbeitung eines Businessplans zur Evaluierung der Finanzierung, konnte 2012 ein Lehr-Modul\u00a0 der Vertiefung Visuelle Kommunikation durchgef\u00fchrt werden, worin sich Studierende aus dem zweiten Semester mit der Entwicklung von 10 Business Cases f\u00fcr Mo\u00e7ambique auseinander setzten.<\/span><\/h3>\n<h3 class=\"p1\"><span class=\"s1\" style=\"color: #0000ff\">Entstanden sind dabei 26 Projekte, welche die Zusammenh\u00e4nge von Design und \u00d6konomie veranschaulichen und spezifisch f\u00fcr die heutige Entwicklungsphase Mo\u00e7ambiques geplant wurden. Es geht dabei um Fragen der Dezentralisierung, der Distribution innerhalb des Territoriums, der \u00d6kologie sowie der besonderen Notwendigkeit und Bed\u00fcrfnisse angesichts der aktuellen \u00f6konomischen Situation des Landes.<\/span><\/h3>\n<pre><span style=\"color: #0000ff\">Art des Projekts: Bildungsorientierte Entwicklungszusammenarbeit<\/span><\/pre>\n<pre><span style=\"color: #0000ff\">Initiant: Peter Vetter<\/span><\/pre>\n<pre><span style=\"color: #0000ff\">in Zusammenarbeit mit der <span style=\"text-decoration: underline\"><a href=\"http:\/\/www.worldbank.org\/\"><span style=\"color: #0000ff;text-decoration: underline\">World Bank Group\r\n\r\n<\/span><\/a><a href=\"https:\/\/blog.zhdk.ch\/designsocialimpact\/files\/2014\/05\/LaboratoriumMocambique.jpg\"><span style=\"color: #0000ff;text-decoration: underline\"><img loading=\"lazy\" decoding=\"async\" class=\"aligncenter size-large wp-image-935\" src=\"https:\/\/blog.zhdk.ch\/designsocialimpact\/files\/2014\/05\/LaboratoriumMocambique-699x1024.jpg\" alt=\"201203_kom_hs_zett-magazin.indd\" width=\"554\" height=\"811\" srcset=\"https:\/\/blog.zhdk.ch\/designsocialimpact\/files\/2014\/05\/LaboratoriumMocambique-699x1024.jpg 699w, https:\/\/blog.zhdk.ch\/designsocialimpact\/files\/2014\/05\/LaboratoriumMocambique-204x300.jpg 204w, https:\/\/blog.zhdk.ch\/designsocialimpact\/files\/2014\/05\/LaboratoriumMocambique.jpg 1214w\" sizes=\"auto, (max-width: 554px) 100vw, 554px\" \/>\r\n<\/span><\/a><a href=\"https:\/\/blog.zhdk.ch\/designsocialimpact\/files\/2014\/05\/1_2_0.jpg\"><img loading=\"lazy\" decoding=\"async\" class=\"aligncenter size-full wp-image-959\" src=\"https:\/\/blog.zhdk.ch\/designsocialimpact\/files\/2014\/05\/1_2_0.jpg\" alt=\"1_2_0\" width=\"800\" height=\"530\" srcset=\"https:\/\/blog.zhdk.ch\/designsocialimpact\/files\/2014\/05\/1_2_0.jpg 800w, https:\/\/blog.zhdk.ch\/designsocialimpact\/files\/2014\/05\/1_2_0-300x198.jpg 300w\" sizes=\"auto, (max-width: 800px) 100vw, 800px\" \/>\r\n<\/a><a href=\"https:\/\/blog.zhdk.ch\/designsocialimpact\/files\/2014\/05\/1_4.jpg\"><img loading=\"lazy\" decoding=\"async\" class=\"aligncenter size-full wp-image-963\" src=\"https:\/\/blog.zhdk.ch\/designsocialimpact\/files\/2014\/05\/1_4.jpg\" alt=\"1_4\" width=\"707\" height=\"550\" srcset=\"https:\/\/blog.zhdk.ch\/designsocialimpact\/files\/2014\/05\/1_4.jpg 707w, https:\/\/blog.zhdk.ch\/designsocialimpact\/files\/2014\/05\/1_4-300x233.jpg 300w\" sizes=\"auto, (max-width: 707px) 100vw, 707px\" \/><\/a><\/span><\/span><span style=\"text-decoration: underline;color: #0000ff\"><a title=\"Projektbeispiele\" href=\"https:\/\/blog.zhdk.ch\/designsocialimpact\/projektbeispiele\/\"><span style=\"color: #0000ff;text-decoration: underline\"><span style=\"text-decoration: underline\">\r\nz<\/span>ur\u00fcck<\/span><\/a><\/span><\/pre>\n","protected":false},"excerpt":{"rendered":"<p>Laboratorium Mo\u00e7ambique Das Laboratorium umfasst die in drei Teile gegliederten Aktivit\u00e4ten des Departements Designs, sich am Aufbau eines Designstudiums im S\u00fcdwesten Afrikas zu beteiligen. Nach einer ersten Kennenlehrnphase und der Pr\u00fcfung der Machbarkeit sowie der Erarbeitung eines Businessplans zur Evaluierung der Finanzierung, konnte 2012 ein Lehr-Modul\u00a0 der Vertiefung Visuelle Kommunikation durchgef\u00fchrt werden, worin sich Studierende [&hellip;]<\/p>\n","protected":false},"author":661,"featured_media":0,"parent":0,"menu_order":0,"comment_status":"closed","ping_status":"closed","template":"","meta":{"footnotes":""},"class_list":["post-937","page","type-page","status-publish","hentry"],"_links":{"self":[{"href":"https:\/\/blog.zhdk.ch\/designsocialimpact\/wp-json\/wp\/v2\/pages\/937","targetHints":{"allow":["GET"]}}],"collection":[{"href":"https:\/\/blog.zhdk.ch\/designsocialimpact\/wp-json\/wp\/v2\/pages"}],"about":[{"href":"https:\/\/blog.zhdk.ch\/designsocialimpact\/wp-json\/wp\/v2\/types\/page"}],"author":[{"embeddable":true,"href":"https:\/\/blog.zhdk.ch\/designsocialimpact\/wp-json\/wp\/v2\/users\/661"}],"replies":[{"embeddable":true,"href":"https:\/\/blog.zhdk.ch\/designsocialimpact\/wp-json\/wp\/v2\/comments?post=937"}],"version-history":[{"count":10,"href":"https:\/\/blog.zhdk.ch\/designsocialimpact\/wp-json\/wp\/v2\/pages\/937\/revisions"}],"predecessor-version":[{"id":1163,"href":"https:\/\/blog.zhdk.ch\/designsocialimpact\/wp-json\/wp\/v2\/pages\/937\/revisions\/1163"}],"wp:attachment":[{"href":"https:\/\/blog.zhdk.ch\/designsocialimpact\/wp-json\/wp\/v2\/media?parent=937"}],"curies":[{"name":"wp","href":"https:\/\/api.w.org\/{rel}","templated":true}]}}