{"id":45,"date":"2009-09-17T23:48:04","date_gmt":"2009-09-17T21:48:04","guid":{"rendered":"https:\/\/blog.zhdk.ch\/diariesdreams\/?page_id=45"},"modified":"2011-08-09T12:00:56","modified_gmt":"2011-08-09T10:00:56","slug":"about","status":"publish","type":"page","link":"https:\/\/blog.zhdk.ch\/diariesdreams\/about","title":{"rendered":"\u00b0meine worte &#8211; FORSCHUNGSLABOR"},"content":{"rendered":"<p>der mensch sammelt.<\/p>\n<p>ja er sammelt alles m\u00f6gliche. eindr\u00fccke. erfahrungen. sch\u00f6ne momente. weniger sch\u00f6ne momente. musikalische erlebnisse werden abgespeichert. bewegte bilder\/filme hinterlassen offene fragen. festgehalten wird das eigene leben auf unterschiedlichste weise. in sammlungen von seltenen objekten. fotografien. videofilmen. worten. zeichnungen. skizzen. <a href=\"http:\/\/de.wikipedia.org\/wiki\/Tagebuch\" target=\"_blank\">TAGEB\u00dcCHER<\/a>. alle erinnerungen verpackt und gelagert zwischen zwei buchdeckeln.<\/p>\n<p>das sammeln von allen m\u00f6glichen verschiedenen formen von tagebucheintr\u00e4gen in einem mix aus verschiedenen zeiten, von grundverschiedenen personen geschrieben\/gezeichnet\/fotografiert\/gefilmt. unchronologisch geordnet. es soll einsicht geben in verschiedene arten der lebensaufzeichnung.<\/p>\n<div>\n<p>&#8212;<\/p>\n<\/div>\n<p>zudem hat sich dieser blog zu meinem pers\u00f6nlichen forschungslabor entwickelt. auf diesen seiten versammelt sich zwischen fremden worten, bildern und akustischem auch mein eigenes gebastel. ich befasse mich momentan mit den medien fotografie, sound, textiles und zeichnung.<\/p>\n<p>&nbsp;<\/p>\n<p>C.V.<\/p>\n<p>Tamara Hauser<br \/>\n1986 geb, am 28. April in Z\u00fcrich.<\/p>\n<p>bachelor in art education (ZHdK 2010)<\/p>\n<p>studium akademie der bildenden k\u00fcnste wien (2010 &#8211; 2014)<\/p>\n<p>in der Klasse art in practice von Ao.Univ.-Prof. Doz. Mag. Judith Huemer<br \/>\nVertiefung: Erweiterter malerischer Raum &#8211; Aktion\/Skulptur\/Installation im<br \/>\n\u00f6ffentlichen Raum.<\/p>\n<p>&nbsp;<\/p>\n<p>ENGANGEMENT:<\/p>\n<p>2004 \u2013 2009 &gt; Mitglied des Jugend Sinfonieorchesters Z\u00fcrich als Bratschistin &gt; Tourn\u00e9en in Kanada, S\u00fcdkorea, Italien &amp;\u00a0 Japan<br \/>\n2009 \u2013 2010 &gt; Illustrationen f\u00fcr das Projekt ortoloco, die regionale Gartenkooperative, Z\u00fcrich<br \/>\nseit 2009 &gt; Labelgr\u00fcndung XX\u00a5 &#8211; handmade unisex clothes and accessories<br \/>\n2010 &gt; Projektmitarbeit: young at art 2010 3rd edition in der Galerie Art Seefeld, Z\u00fcrich<br \/>\n2010 &gt; Projektmitarbeit: hard to sell, good to have (11.11.10 &#8211; 20.11.2010, Wien;<br \/>\nim Palais Sturany, das weisse haus)<\/p>\n<p>&nbsp;<\/p>\n<p>AUSSTELLUNGEN<\/p>\n<p>OKTOBER 2010<\/p>\n<p>Bild im Bild im Bild<br \/>\nFotografische Spiele<br \/>\n29.10.2010<br \/>\nRote Fabrik &#8211; Dock 18, Z\u00fcrich<\/p>\n<p>DEZEMBER 2010<\/p>\n<p>Textgel\u00e4nde Wien,<br \/>\nInstallation: eintreten &#8211; austreten<br \/>\nin Zusammenarbeit mit Steffi Parlow<br \/>\n10.12.2011<br \/>\nTaborstrasse 64\/1\/5, 1020 Wien<\/p>\n<p>JANUAR 2011<\/p>\n<p>DORT &#8211; Interventionen vor Ort,<br \/>\nL\u2019absence<br \/>\nGigga Hug, Andreas Egli, Anas Harroum<br \/>\nSound: Tamara Hauser, Florina Diemer<br \/>\n15.1 + 16.1.2011<br \/>\nIm Hotel Belle Epoche, Gerechtigkeitsg. 18, Bern<\/p>\n<p>Rundgang der Akademie der bildenden K\u00fcnste Wien,<br \/>\nCONNECTED! ein Forschungslabor<br \/>\nam Anfang; die Ann\u00e4herung.<br \/>\nam Ende; die Trennung.<br \/>\n\u2013 was passiert dazwischen?<br \/>\n20.1 &#8211; 23.1.2011<br \/>\nAtelierhaus der Akademie der bildenden K\u00fcnste Wien, Semperdepot, Wien<\/p>\n<p>M\u00c4RZ 2011<\/p>\n<p>Deflections: A Sonic Circus Performer, 2. Act,<br \/>\nKost\u00fcmkonzeption<br \/>\nder Performance von Nathalie Koger<br \/>\n12. + 13.3.2011<br \/>\nK\u00fcnstlerhaus, Brut Wien<\/p>\n<p>Heroic Sovereign<br \/>\nfashion and heroic sovereigns: Hose, Burka und Bikini<br \/>\n25.3.2011<br \/>\nWUK Wien, W\u00e4hringerstrasse 59, Wien<\/p>\n<p>JULI 2011<\/p>\n<p>young at art _ raum f\u00fcr junge kunst<\/p>\n<p>galerie art seefeld<\/p>\n<p>&nbsp;<\/p>\n<p>contact: kulturpandemie@gmx.ch<\/p>\n","protected":false},"excerpt":{"rendered":"<p>der mensch sammelt. ja er sammelt alles m\u00f6gliche. eindr\u00fccke. erfahrungen. sch\u00f6ne momente. weniger sch\u00f6ne momente. musikalische erlebnisse werden abgespeichert. bewegte bilder\/filme hinterlassen offene fragen. festgehalten wird das eigene leben auf unterschiedlichste weise. in sammlungen von seltenen objekten. fotografien. videofilmen. worten. zeichnungen. skizzen. TAGEB\u00dcCHER. alle erinnerungen verpackt und gelagert zwischen zwei buchdeckeln. das sammeln von allen [&hellip;]<\/p>\n","protected":false},"author":166,"featured_media":0,"parent":0,"menu_order":0,"comment_status":"open","ping_status":"open","template":"","meta":{"footnotes":""},"class_list":["post-45","page","type-page","status-publish","hentry"],"_links":{"self":[{"href":"https:\/\/blog.zhdk.ch\/diariesdreams\/wp-json\/wp\/v2\/pages\/45","targetHints":{"allow":["GET"]}}],"collection":[{"href":"https:\/\/blog.zhdk.ch\/diariesdreams\/wp-json\/wp\/v2\/pages"}],"about":[{"href":"https:\/\/blog.zhdk.ch\/diariesdreams\/wp-json\/wp\/v2\/types\/page"}],"author":[{"embeddable":true,"href":"https:\/\/blog.zhdk.ch\/diariesdreams\/wp-json\/wp\/v2\/users\/166"}],"replies":[{"embeddable":true,"href":"https:\/\/blog.zhdk.ch\/diariesdreams\/wp-json\/wp\/v2\/comments?post=45"}],"version-history":[{"count":21,"href":"https:\/\/blog.zhdk.ch\/diariesdreams\/wp-json\/wp\/v2\/pages\/45\/revisions"}],"predecessor-version":[{"id":118,"href":"https:\/\/blog.zhdk.ch\/diariesdreams\/wp-json\/wp\/v2\/pages\/45\/revisions\/118"}],"wp:attachment":[{"href":"https:\/\/blog.zhdk.ch\/diariesdreams\/wp-json\/wp\/v2\/media?parent=45"}],"curies":[{"name":"wp","href":"https:\/\/api.w.org\/{rel}","templated":true}]}}