{"id":8,"date":"2009-09-12T11:09:58","date_gmt":"2009-09-12T11:09:58","guid":{"rendered":"https:\/\/blog.zhdk.ch\/diariesdreams\/comments-by-user\/"},"modified":"2009-10-01T22:17:07","modified_gmt":"2009-10-01T20:17:07","slug":"anleitung_gebrauchsanweisung_do-it-yourself_makulatur_tagebuch","status":"publish","type":"page","link":"https:\/\/blog.zhdk.ch\/diariesdreams\/anleitung_gebrauchsanweisung_do-it-yourself_makulatur_tagebuch","title":{"rendered":"\u00b0deine worte &#8211; DO-IT-YOURSELF MAKULATUR TAGEBUCH"},"content":{"rendered":"<p style=\"text-align: left\"><!-- reserved page for Comments By User --><\/p>\n<p>was ist Makulatur?<a href=\"http:\/\/de.wikipedia.org\/wiki\/Makulatur\" target=\"_blank\"> <\/a><\/p>\n<p><a href=\"http:\/\/de.wikipedia.org\/wiki\/Makulatur\" target=\"_blank\">http:\/\/de.wikipedia.org\/wiki\/Makulatur<\/a><\/p>\n<p>der mensch (wohnhaft in europa) verbaucht grob gesch\u00e4tzt ungef\u00e4hr 600 gramm papier pro tag! wenn man sich das anhand von g\u00e4ngigen DIN A 4 b\u00f6gen vorstellt sind das:<\/p>\n<ul>\n<li>43 bl\u00e4tter pressepapier<\/li>\n<li>10 bl\u00e4tter spezialpapier<\/li>\n<li>6\u00a0 bl\u00e4tter hygienepapier<\/li>\n<li>13 bl\u00e4tter schreibpapier<\/li>\n<li>48 Bl\u00e4tter verpackung<\/li>\n<\/ul>\n<p>-&gt; das macht in einem jahr gute 220 kg.<\/p>\n<p>mehr infos \u00fcber die herstellung und recycling von papier unter:<\/p>\n<p><a href=\"http:\/\/www.planet-schule.de\/wissenspool\/papier-recycling\/inhalt\/hintergrund.html\" target=\"_blank\"> <\/a><a href=\"http:\/\/www.planet-schule.de\/wissenspool\/papier-recycling\/inhalt\/hintergrund.html\" target=\"_blank\">http:\/\/www.planet-schule.de\/wissenspool\/papier-recycling\/inhalt\/hintergrund.html<\/a><\/p>\n<p>darum: was k\u00f6nnte man mit all seinem \u00fcbersch\u00fcssigen papier anstellen?\u00a0 (ausser dass man es in die papiersammlung gibt)<\/p>\n<h3>DO-IT-YOURSELF MAKULATUR TAGEBUCH<\/h3>\n<p>schritt f\u00fcr schritt anleitung:<\/p>\n<p>#1 kleine kabelbinder kaufen. gibt es in allen grossen baum\u00e4rkten in schwarz oder weiss.<\/p>\n<p>#2 papier sammeln. es darf alles m\u00f6gliche sein, von werbung \u00fcber zeitschriften bis zu falschen ausdrucken.<\/p>\n<p>#3 papier falten. ein format f\u00fcr das MAKULATUR TAGEBUCH w\u00e4hlen. ich habe mich bei meinem ersten experiment f\u00fcr DIN A5 entschieden. geht schnell und einfach. A4 bl\u00e4tter entweder reissen \/ schneiden &#8211; gibt mehr fl\u00e4che zum beschreiben oder falten &#8211; geht ganz fix.<\/p>\n<p>#4 DIN A5 bl\u00e4tter lochen, so dass man die bl\u00e4tter sp\u00e4ter zu einem buch binden kann.<\/p>\n<p>#5 papkarton zuschneiden in \u00fcbergr\u00f6sse DIN A5 und ebenfals lochen. wir ben\u00f6tigen 2 solcher kartons f\u00fcr die buchdeckel.<\/p>\n<p>#6 kabelbinder durch die l\u00f6cher einf\u00e4deln. als erstes den r\u00fcckenkarton, dann das papier und zum schluss den buchdeckel.<\/p>\n<p>#7 die kabelbinder schliessen und es kann losgehen!<\/p>\n<p>kleines detail: der buchdeckel darf ohne weiteres beschriftet \/ verziert \/ bemalt werden.<\/p>\n<p>&#8212;-<\/p>\n<p>erste versuche (fotoskizzen):<\/p>\n<p><a href=\"https:\/\/blog.zhdk.ch\/diariesdreams\/files\/2009\/09\/P1020716.JPG\"><img loading=\"lazy\" decoding=\"async\" class=\"alignnone size-medium wp-image-128\" src=\"https:\/\/blog.zhdk.ch\/diariesdreams\/files\/2009\/09\/P1020716-300x169.jpg\" alt=\"P1020716\" width=\"300\" height=\"169\" \/><\/a><\/p>\n<p><a href=\"https:\/\/blog.zhdk.ch\/diariesdreams\/files\/2009\/09\/P1020717.JPG\"><img loading=\"lazy\" decoding=\"async\" class=\"alignnone size-medium wp-image-129\" src=\"https:\/\/blog.zhdk.ch\/diariesdreams\/files\/2009\/09\/P1020717-300x169.jpg\" alt=\"P1020717\" width=\"300\" height=\"169\" \/><\/a><\/p>\n<p><a href=\"https:\/\/blog.zhdk.ch\/diariesdreams\/files\/2009\/09\/P1020718.JPG\"><img loading=\"lazy\" decoding=\"async\" class=\"alignnone size-medium wp-image-130\" src=\"https:\/\/blog.zhdk.ch\/diariesdreams\/files\/2009\/09\/P1020718-300x169.jpg\" alt=\"P1020718\" width=\"300\" height=\"169\" \/><\/a><\/p>\n<p><a href=\"https:\/\/blog.zhdk.ch\/diariesdreams\/files\/2009\/09\/P1020720.JPG\"><img loading=\"lazy\" decoding=\"async\" class=\"alignnone size-medium wp-image-131\" src=\"https:\/\/blog.zhdk.ch\/diariesdreams\/files\/2009\/09\/P1020720-300x169.jpg\" alt=\"P1020720\" width=\"300\" height=\"169\" \/><\/a><\/p>\n<p><a href=\"https:\/\/blog.zhdk.ch\/diariesdreams\/files\/2009\/09\/P1020721.JPG\"><img loading=\"lazy\" decoding=\"async\" class=\"alignnone size-medium wp-image-132\" src=\"https:\/\/blog.zhdk.ch\/diariesdreams\/files\/2009\/09\/P1020721-300x169.jpg\" alt=\"P1020721\" width=\"300\" height=\"169\" \/><\/a><\/p>\n<p><a href=\"https:\/\/blog.zhdk.ch\/diariesdreams\/files\/2009\/09\/P1020722.JPG\"><img loading=\"lazy\" decoding=\"async\" class=\"alignnone size-medium wp-image-133\" src=\"https:\/\/blog.zhdk.ch\/diariesdreams\/files\/2009\/09\/P1020722-300x169.jpg\" alt=\"P1020722\" width=\"300\" height=\"169\" \/><\/a><\/p>\n","protected":false},"excerpt":{"rendered":"<p>was ist Makulatur? http:\/\/de.wikipedia.org\/wiki\/Makulatur der mensch (wohnhaft in europa) verbaucht grob gesch\u00e4tzt ungef\u00e4hr 600 gramm papier pro tag! wenn man sich das anhand von g\u00e4ngigen DIN A 4 b\u00f6gen vorstellt sind das: 43 bl\u00e4tter pressepapier 10 bl\u00e4tter spezialpapier 6\u00a0 bl\u00e4tter hygienepapier 13 bl\u00e4tter schreibpapier 48 Bl\u00e4tter verpackung -&gt; das macht in einem jahr gute 220 [&hellip;]<\/p>\n","protected":false},"author":1,"featured_media":0,"parent":0,"menu_order":0,"comment_status":"closed","ping_status":"open","template":"","meta":{"footnotes":""},"class_list":["post-8","page","type-page","status-publish","hentry"],"_links":{"self":[{"href":"https:\/\/blog.zhdk.ch\/diariesdreams\/wp-json\/wp\/v2\/pages\/8","targetHints":{"allow":["GET"]}}],"collection":[{"href":"https:\/\/blog.zhdk.ch\/diariesdreams\/wp-json\/wp\/v2\/pages"}],"about":[{"href":"https:\/\/blog.zhdk.ch\/diariesdreams\/wp-json\/wp\/v2\/types\/page"}],"author":[{"embeddable":true,"href":"https:\/\/blog.zhdk.ch\/diariesdreams\/wp-json\/wp\/v2\/users\/1"}],"replies":[{"embeddable":true,"href":"https:\/\/blog.zhdk.ch\/diariesdreams\/wp-json\/wp\/v2\/comments?post=8"}],"version-history":[{"count":23,"href":"https:\/\/blog.zhdk.ch\/diariesdreams\/wp-json\/wp\/v2\/pages\/8\/revisions"}],"predecessor-version":[{"id":82,"href":"https:\/\/blog.zhdk.ch\/diariesdreams\/wp-json\/wp\/v2\/pages\/8\/revisions\/82"}],"wp:attachment":[{"href":"https:\/\/blog.zhdk.ch\/diariesdreams\/wp-json\/wp\/v2\/media?parent=8"}],"curies":[{"name":"wp","href":"https:\/\/api.w.org\/{rel}","templated":true}]}}