{"id":1257,"date":"2016-02-25T11:02:04","date_gmt":"2016-02-25T10:02:04","guid":{"rendered":"https:\/\/blog.zhdk.ch\/disabilityonstage\/?page_id=1257"},"modified":"2016-10-07T13:41:11","modified_gmt":"2016-10-07T11:41:11","slug":"randen-saft-horror-regie-tiziana-pagliaro","status":"publish","type":"page","link":"https:\/\/blog.zhdk.ch\/disabilityonstage\/randen-saft-horror-regie-tiziana-pagliaro\/","title":{"rendered":"Randen Saft Horror (Regie: Tiziana Pagliaro)"},"content":{"rendered":"<p>Das geht, wir brauchen, down Syndrom, handicap, weil HORA ist, weil wir HORA sind, weil wir handicap hat. \u00a0 ich hoffe, es wird euch gefallen. Die Jungs, die ich ausgew\u00e4hlt habe, und ich habe, ich brauche Trisomie 21 habe, f\u00fcr mich ist es wichtig ist, ich brauche geistig Behindert und das geht das da so, dass das Publikum zuerst lesen und dass alle Leute verstehen, und ich will gerne, dass Frieden hat und hat er sich gefreut, hoffe ich. dass sie lachen, dass sie zuschauen, und dass sie Freude sind, und dass sie Freude hat. Meine Regie, dass mache ich, was ich will, dass es an Publikum passt, sonst Publikumsgespr\u00e4ch.<\/p>\n<p>ich will Rauch\u00a0tun, dass ich brauche f\u00fcr die B\u00fchne, rote s\u00fcsses. Das Pumblikum auch versteht, dass ich will, dass ich 3 M\u00e4nner ausgew\u00e4hlt habe, meine Idee geht, Marcel Bugiel, Horror Musik, dass ich brauche,<\/p>\n<p>Es gibt einen Film, es gibt 3 Tote, im Fernsehe habe ich gesehen, drei Buben, die nicht mehr gelbet haben, werden langsam wach, das Publikum soll angst haben. Brauche\u00a0Bewegung, ich hoffe, das Publikum hat Angst oder keine Angst hat, es ist auch gut. Der Mann mit der Kamera, der Grosse ist, f\u00fcr mein\u00a0Gef\u00fchl, ich habe keine Angst, weil es nur Theater ist.<\/p>\n<p>(Text von Tiziana Pagliaro)<\/p>\n<p>Bedingung der Projektleitung: 100 weisse Hemden und 100 Liter Randensaft<\/p>\n<p><strong>Regie: <\/strong>Tiziana Pagliaro \/\u00a0<strong>Spiel:<\/strong> Gianni Blumer, Matthias Br\u00fccker, Matthias Grandjean \/\u00a0<strong>Lichtdesign: <\/strong>Roger Studer<\/p>\n<p><strong>Premiere:<\/strong> 5. M\u00e4rz 2016 im Backstein der Roten Fabrik<\/p>\n","protected":false},"excerpt":{"rendered":"<p>Das geht, wir brauchen, down Syndrom, handicap, weil HORA ist, weil wir HORA sind, weil wir handicap hat. \u00a0 ich hoffe, es wird euch gefallen. Die Jungs, die ich ausgew\u00e4hlt habe, und ich habe, ich brauche Trisomie 21 habe, f\u00fcr &hellip; <a href=\"https:\/\/blog.zhdk.ch\/disabilityonstage\/randen-saft-horror-regie-tiziana-pagliaro\/\">Weiterlesen <span class=\"meta-nav\">&rarr;<\/span><\/a><\/p>\n","protected":false},"author":3008,"featured_media":0,"parent":0,"menu_order":20,"comment_status":"closed","ping_status":"closed","template":"","meta":{"ngg_post_thumbnail":0,"footnotes":""},"class_list":["post-1257","page","type-page","status-publish","hentry"],"_links":{"self":[{"href":"https:\/\/blog.zhdk.ch\/disabilityonstage\/wp-json\/wp\/v2\/pages\/1257","targetHints":{"allow":["GET"]}}],"collection":[{"href":"https:\/\/blog.zhdk.ch\/disabilityonstage\/wp-json\/wp\/v2\/pages"}],"about":[{"href":"https:\/\/blog.zhdk.ch\/disabilityonstage\/wp-json\/wp\/v2\/types\/page"}],"author":[{"embeddable":true,"href":"https:\/\/blog.zhdk.ch\/disabilityonstage\/wp-json\/wp\/v2\/users\/3008"}],"replies":[{"embeddable":true,"href":"https:\/\/blog.zhdk.ch\/disabilityonstage\/wp-json\/wp\/v2\/comments?post=1257"}],"version-history":[{"count":5,"href":"https:\/\/blog.zhdk.ch\/disabilityonstage\/wp-json\/wp\/v2\/pages\/1257\/revisions"}],"predecessor-version":[{"id":4477,"href":"https:\/\/blog.zhdk.ch\/disabilityonstage\/wp-json\/wp\/v2\/pages\/1257\/revisions\/4477"}],"wp:attachment":[{"href":"https:\/\/blog.zhdk.ch\/disabilityonstage\/wp-json\/wp\/v2\/media?parent=1257"}],"curies":[{"name":"wp","href":"https:\/\/api.w.org\/{rel}","templated":true}]}}