{"id":1265,"date":"2016-02-25T11:06:08","date_gmt":"2016-02-25T10:06:08","guid":{"rendered":"https:\/\/blog.zhdk.ch\/disabilityonstage\/?page_id=1265"},"modified":"2016-10-07T13:41:30","modified_gmt":"2016-10-07T11:41:30","slug":"zyklus-regie-nora-tosconi","status":"publish","type":"page","link":"https:\/\/blog.zhdk.ch\/disabilityonstage\/zyklus-regie-nora-tosconi\/","title":{"rendered":"Zyklus (Regie: Nora Tosconi)"},"content":{"rendered":"<p>Der B\u00fchnenboden soll ein bischen wasser haben. Erh\u00f6hte Holzpf\u00e4hle\/blocks ragen heraus.Bedingung des Horas:S\u00e4mtliche Hora Mitglieder spielen mit.\/machen Musik.\u00a0Meine Idee f\u00fcr das St\u00fcck sind.das Leben ist ein Zyklus von Geburt an.\u00a0Die t\u00e4gliche information beinflussen uns und das stetige wiessen \u00fcberschwemmt uns.Wir sollen wieder lernen in unsere eigene K\u00f6rperwelt zu gelangen und uns hinein zu horchen, was uns gut tut oder nicht.\u00a0\u00dcberpr\u00fcfen was unserer eignen Wahrheit entspricht.\u00a0So sind wir wieder Sch\u00f6pfer unseres Seins. Frei wie ein Vogel.<\/p>\n<p>(Text von Nora Tosconi)<\/p>\n<p>Bedingung der Projektleitung: s\u00e4mtliche HORAs besetzen, und die m\u00fcssen Musik machen<\/p>\n<p><strong>Regie:<\/strong> Nora Tosconi \/\u00a0<strong>Spiel:<\/strong>\u00a0Noha Badir, Remo Beuggert, Gianni Blumer,\u00a0Matthias Br\u00fccker, Nikolai Gralak,\u00a0Patrik Grossen,\u00a0Sara Hess,\u00a0Julia H\u00e4nni,\u00a0Julia H\u00e4usermann,\u00a0Chiara Kastner,\u00a0Tiziana Pagliaro, Frank\u00a0Thomas,\u00a0Fabienne Villiger,\u00a0Remo Zarantonello \/\u00a0<strong>B\u00fchnenbild &amp; Kost\u00fcm:<\/strong> Michaela Fl\u00fcck<\/p>\n<p><strong>Premiere:<\/strong> 19. M\u00e4rz 2016 im Backstein der Roten Fabrik<\/p>\n","protected":false},"excerpt":{"rendered":"<p>Der B\u00fchnenboden soll ein bischen wasser haben. Erh\u00f6hte Holzpf\u00e4hle\/blocks ragen heraus.Bedingung des Horas:S\u00e4mtliche Hora Mitglieder spielen mit.\/machen Musik.\u00a0Meine Idee f\u00fcr das St\u00fcck sind.das Leben ist ein Zyklus von Geburt an.\u00a0Die t\u00e4gliche information beinflussen uns und das stetige wiessen \u00fcberschwemmt uns.Wir &hellip; <a href=\"https:\/\/blog.zhdk.ch\/disabilityonstage\/zyklus-regie-nora-tosconi\/\">Weiterlesen <span class=\"meta-nav\">&rarr;<\/span><\/a><\/p>\n","protected":false},"author":3008,"featured_media":0,"parent":0,"menu_order":22,"comment_status":"closed","ping_status":"closed","template":"","meta":{"ngg_post_thumbnail":0,"footnotes":""},"class_list":["post-1265","page","type-page","status-publish","hentry"],"_links":{"self":[{"href":"https:\/\/blog.zhdk.ch\/disabilityonstage\/wp-json\/wp\/v2\/pages\/1265","targetHints":{"allow":["GET"]}}],"collection":[{"href":"https:\/\/blog.zhdk.ch\/disabilityonstage\/wp-json\/wp\/v2\/pages"}],"about":[{"href":"https:\/\/blog.zhdk.ch\/disabilityonstage\/wp-json\/wp\/v2\/types\/page"}],"author":[{"embeddable":true,"href":"https:\/\/blog.zhdk.ch\/disabilityonstage\/wp-json\/wp\/v2\/users\/3008"}],"replies":[{"embeddable":true,"href":"https:\/\/blog.zhdk.ch\/disabilityonstage\/wp-json\/wp\/v2\/comments?post=1265"}],"version-history":[{"count":4,"href":"https:\/\/blog.zhdk.ch\/disabilityonstage\/wp-json\/wp\/v2\/pages\/1265\/revisions"}],"predecessor-version":[{"id":4481,"href":"https:\/\/blog.zhdk.ch\/disabilityonstage\/wp-json\/wp\/v2\/pages\/1265\/revisions\/4481"}],"wp:attachment":[{"href":"https:\/\/blog.zhdk.ch\/disabilityonstage\/wp-json\/wp\/v2\/media?parent=1265"}],"curies":[{"name":"wp","href":"https:\/\/api.w.org\/{rel}","templated":true}]}}