{"id":1277,"date":"2016-02-25T11:07:09","date_gmt":"2016-02-25T10:07:09","guid":{"rendered":"https:\/\/blog.zhdk.ch\/disabilityonstage\/?page_id=1277"},"modified":"2016-10-07T13:42:15","modified_gmt":"2016-10-07T11:42:15","slug":"ich-sage-kein-wort-regie-matthias-bruecker","status":"publish","type":"page","link":"https:\/\/blog.zhdk.ch\/disabilityonstage\/ich-sage-kein-wort-regie-matthias-bruecker\/","title":{"rendered":"Ich sage kein Wort (Regie: Matthias Br\u00fccker)"},"content":{"rendered":"<p>Meine Regie geht um Musik, Musik gespielt, sehr wichtiger, musik geht, Welt Geschichte, Sex, und Heavy Metal, Pop und Lovemusic, Boy Group die Musik erz\u00e4hlt viele Geschichte \u00fcber das Leben, \u00fcber die Musik. Musik ist sehr sehr wichtig, Das ist meine Regie. Musik, Leben, Schauspieler, was anderer Gef\u00fchlt haben, andere nicht. dass ist wichtig, das ist Leben, so spielt das Leben, Musik geht durch die Jahrzehnte, zwischen Ramstein, Blue, Down Johns, was ist wichtig, dass Rock-Pop und Heavy Metal. Das ist wichtig. Meine Regie ist auch wichtig, dass die Zuschauer verstehen will. Musik lebt Menschen durch den Zorn, Liebi, Eifersucht und Sex, das ist die Geschichte aus der Musik erz\u00e4hlt viel.<\/p>\n<p>(Text von Matthias Br\u00fccker)<\/p>\n<p>Bedingung der Projektleitung: die HORA-Schauspielerin Tiziana Pagliaro darf weder mitwirken, noch als Figur auftauchen, noch namentlich erw\u00e4hnt werden.<\/p>\n<p><strong>Regie:<\/strong> Matthias Br\u00fccker \/\u00a0<strong>Spiel:<\/strong> Gianni Blumer,\u00a0Solene Garnier, Matthias Grandjean, Sara Hess,\u00a0Nikolai Gralak, Florian Loycke, Frankie Thomas,\u00a0Fabienne Villiger,\u00a0Chris Weinheimer<\/p>\n<p><strong>Premiere:<\/strong> 4. Juni 2016 im Backstein der Roten Fabrik<\/p>\n","protected":false},"excerpt":{"rendered":"<p>Meine Regie geht um Musik, Musik gespielt, sehr wichtiger, musik geht, Welt Geschichte, Sex, und Heavy Metal, Pop und Lovemusic, Boy Group die Musik erz\u00e4hlt viele Geschichte \u00fcber das Leben, \u00fcber die Musik. Musik ist sehr sehr wichtig, Das ist &hellip; <a href=\"https:\/\/blog.zhdk.ch\/disabilityonstage\/ich-sage-kein-wort-regie-matthias-bruecker\/\">Weiterlesen <span class=\"meta-nav\">&rarr;<\/span><\/a><\/p>\n","protected":false},"author":3008,"featured_media":0,"parent":0,"menu_order":26,"comment_status":"closed","ping_status":"closed","template":"","meta":{"ngg_post_thumbnail":0,"footnotes":""},"class_list":["post-1277","page","type-page","status-publish","hentry"],"_links":{"self":[{"href":"https:\/\/blog.zhdk.ch\/disabilityonstage\/wp-json\/wp\/v2\/pages\/1277","targetHints":{"allow":["GET"]}}],"collection":[{"href":"https:\/\/blog.zhdk.ch\/disabilityonstage\/wp-json\/wp\/v2\/pages"}],"about":[{"href":"https:\/\/blog.zhdk.ch\/disabilityonstage\/wp-json\/wp\/v2\/types\/page"}],"author":[{"embeddable":true,"href":"https:\/\/blog.zhdk.ch\/disabilityonstage\/wp-json\/wp\/v2\/users\/3008"}],"replies":[{"embeddable":true,"href":"https:\/\/blog.zhdk.ch\/disabilityonstage\/wp-json\/wp\/v2\/comments?post=1277"}],"version-history":[{"count":4,"href":"https:\/\/blog.zhdk.ch\/disabilityonstage\/wp-json\/wp\/v2\/pages\/1277\/revisions"}],"predecessor-version":[{"id":4489,"href":"https:\/\/blog.zhdk.ch\/disabilityonstage\/wp-json\/wp\/v2\/pages\/1277\/revisions\/4489"}],"wp:attachment":[{"href":"https:\/\/blog.zhdk.ch\/disabilityonstage\/wp-json\/wp\/v2\/media?parent=1277"}],"curies":[{"name":"wp","href":"https:\/\/api.w.org\/{rel}","templated":true}]}}