{"id":1283,"date":"2016-02-25T11:07:58","date_gmt":"2016-02-25T10:07:58","guid":{"rendered":"https:\/\/blog.zhdk.ch\/disabilityonstage\/?page_id=1283"},"modified":"2017-05-01T09:41:07","modified_gmt":"2017-05-01T07:41:07","slug":"das-festessen-der-neuen-praesidentin-von-hunger-games-regie-gianni-blumer","status":"publish","type":"page","link":"https:\/\/blog.zhdk.ch\/disabilityonstage\/das-festessen-der-neuen-praesidentin-von-hunger-games-regie-gianni-blumer\/","title":{"rendered":"Das Festessen der neuen Pr\u00e4sidentin von Hunger Games (Regie: Gianni Blumer)"},"content":{"rendered":"<p>Eine Mischung aus Theater und Fest, detailverliebt und gr\u00f6ssenwahnsinnig zugleich: Nach seinem Aufsehen errregendem Regie-Deb\u00fct &#8222;Solo: Hungerspiel&nbsp;von der H\u00e4lfte vom Theater HORA&#8220; 2014 am Theaterspektakel, wiederspiegelt auch das neue Projekt Gianni Blumers Fan-Leidenschaft f\u00fcr die Blockbuster-Filmreihe &#8222;Hunger Games&#8220;.<\/p>\n<p>Bedingung der Projektleitung: 50 Personen auf der B\u00fchne<\/p>\n<p><strong>Regie:&nbsp;<\/strong>Gianni Blumer \/&nbsp;<strong>Spiel:<\/strong> Noha Badir,&nbsp;Matthias Br\u00fccker,&nbsp;Denise Hasler,&nbsp;Ursin Herwig,&nbsp;Sandra Utzinger,&nbsp;Fabienne Villiger<\/p>\n<p><strong>Premiere:<\/strong> 21. Juni 2016 im Backstein der Roten Fabrik<\/p>\n","protected":false},"excerpt":{"rendered":"<p>Eine Mischung aus Theater und Fest, detailverliebt und gr\u00f6ssenwahnsinnig zugleich: Nach seinem Aufsehen errregendem Regie-Deb\u00fct &#8222;Solo: Hungerspiel&nbsp;von der H\u00e4lfte vom Theater HORA&#8220; 2014 am Theaterspektakel, wiederspiegelt auch das neue Projekt Gianni Blumers Fan-Leidenschaft f\u00fcr die Blockbuster-Filmreihe &#8222;Hunger Games&#8220;. Bedingung der &hellip; <a href=\"https:\/\/blog.zhdk.ch\/disabilityonstage\/das-festessen-der-neuen-praesidentin-von-hunger-games-regie-gianni-blumer\/\">Weiterlesen <span class=\"meta-nav\">&rarr;<\/span><\/a><\/p>\n","protected":false},"author":3008,"featured_media":0,"parent":0,"menu_order":27,"comment_status":"closed","ping_status":"closed","template":"","meta":{"ngg_post_thumbnail":0,"footnotes":""},"class_list":["post-1283","page","type-page","status-publish","hentry"],"_links":{"self":[{"href":"https:\/\/blog.zhdk.ch\/disabilityonstage\/wp-json\/wp\/v2\/pages\/1283","targetHints":{"allow":["GET"]}}],"collection":[{"href":"https:\/\/blog.zhdk.ch\/disabilityonstage\/wp-json\/wp\/v2\/pages"}],"about":[{"href":"https:\/\/blog.zhdk.ch\/disabilityonstage\/wp-json\/wp\/v2\/types\/page"}],"author":[{"embeddable":true,"href":"https:\/\/blog.zhdk.ch\/disabilityonstage\/wp-json\/wp\/v2\/users\/3008"}],"replies":[{"embeddable":true,"href":"https:\/\/blog.zhdk.ch\/disabilityonstage\/wp-json\/wp\/v2\/comments?post=1283"}],"version-history":[{"count":6,"href":"https:\/\/blog.zhdk.ch\/disabilityonstage\/wp-json\/wp\/v2\/pages\/1283\/revisions"}],"predecessor-version":[{"id":5565,"href":"https:\/\/blog.zhdk.ch\/disabilityonstage\/wp-json\/wp\/v2\/pages\/1283\/revisions\/5565"}],"wp:attachment":[{"href":"https:\/\/blog.zhdk.ch\/disabilityonstage\/wp-json\/wp\/v2\/media?parent=1283"}],"curies":[{"name":"wp","href":"https:\/\/api.w.org\/{rel}","templated":true}]}}