{"id":2733,"date":"2016-04-19T16:47:20","date_gmt":"2016-04-19T14:47:20","guid":{"rendered":"https:\/\/blog.zhdk.ch\/disabilityonstage\/?page_id=2733"},"modified":"2016-04-19T16:47:20","modified_gmt":"2016-04-19T14:47:20","slug":"freie-republik-hora-was-sieht-dein-blick","status":"publish","type":"page","link":"https:\/\/blog.zhdk.ch\/disabilityonstage\/freie-republik-hora-was-sieht-dein-blick\/","title":{"rendered":"Freie Republik HORA: Was sieht Dein Blick?"},"content":{"rendered":"<p style=\"text-align: justify\">Wann: 4. &#8211; 5. Dezember 2015<\/p>\n<p style=\"text-align: justify\">Wo: Theater der K\u00fcnste, Blackbox 1, Gessnerallee 9, Z\u00fcrich<\/p>\n<p style=\"text-align: justify\">Die Workshop-Tagung m\u00f6chte das Langzeit-Performance-Projekt &#8222;Freie Republik HORA&#8220; zum Anlass nehmen, um mit HORA-K\u00fcnstler_innen in einen Austausch \u00fcber ihre Regie-\u00c4sthetiken zu treten. Die Teilnehmer_innen der Tagung setzen sich anhand von archiviertem Videomaterial sowie von Live-Performances mit den \u00c4sthetiken von gezeigten Arbeiten auseinander, um durch das Auslegen der verschiedenen Perspektiven etwas \u00fcber den eigenen Blick zu erfahren.<\/p>\n<p style=\"text-align: justify\">Hier geht es zum\u00a0<a href=\"https:\/\/blog.zhdk.ch\/disabilityonstage\/files\/2015\/09\/2015_kom_institute_ipf_flyer_hora_web.pdf\">Flyer<\/a>&#8230;<\/p>\n","protected":false},"excerpt":{"rendered":"<p>Wann: 4. &#8211; 5. Dezember 2015 Wo: Theater der K\u00fcnste, Blackbox 1, Gessnerallee 9, Z\u00fcrich Die Workshop-Tagung m\u00f6chte das Langzeit-Performance-Projekt &#8222;Freie Republik HORA&#8220; zum Anlass nehmen, um mit HORA-K\u00fcnstler_innen in einen Austausch \u00fcber ihre Regie-\u00c4sthetiken zu treten. Die Teilnehmer_innen der &hellip; <a href=\"https:\/\/blog.zhdk.ch\/disabilityonstage\/freie-republik-hora-was-sieht-dein-blick\/\">Weiterlesen <span class=\"meta-nav\">&rarr;<\/span><\/a><\/p>\n","protected":false},"author":3008,"featured_media":0,"parent":0,"menu_order":12,"comment_status":"closed","ping_status":"closed","template":"","meta":{"ngg_post_thumbnail":0,"footnotes":""},"class_list":["post-2733","page","type-page","status-publish","hentry"],"_links":{"self":[{"href":"https:\/\/blog.zhdk.ch\/disabilityonstage\/wp-json\/wp\/v2\/pages\/2733","targetHints":{"allow":["GET"]}}],"collection":[{"href":"https:\/\/blog.zhdk.ch\/disabilityonstage\/wp-json\/wp\/v2\/pages"}],"about":[{"href":"https:\/\/blog.zhdk.ch\/disabilityonstage\/wp-json\/wp\/v2\/types\/page"}],"author":[{"embeddable":true,"href":"https:\/\/blog.zhdk.ch\/disabilityonstage\/wp-json\/wp\/v2\/users\/3008"}],"replies":[{"embeddable":true,"href":"https:\/\/blog.zhdk.ch\/disabilityonstage\/wp-json\/wp\/v2\/comments?post=2733"}],"version-history":[{"count":2,"href":"https:\/\/blog.zhdk.ch\/disabilityonstage\/wp-json\/wp\/v2\/pages\/2733\/revisions"}],"predecessor-version":[{"id":2739,"href":"https:\/\/blog.zhdk.ch\/disabilityonstage\/wp-json\/wp\/v2\/pages\/2733\/revisions\/2739"}],"wp:attachment":[{"href":"https:\/\/blog.zhdk.ch\/disabilityonstage\/wp-json\/wp\/v2\/media?parent=2733"}],"curies":[{"name":"wp","href":"https:\/\/api.w.org\/{rel}","templated":true}]}}