{"id":2961,"date":"2016-08-17T12:08:40","date_gmt":"2016-08-17T10:08:40","guid":{"rendered":"https:\/\/blog.zhdk.ch\/disabilityonstage\/?page_id=2961"},"modified":"2018-03-06T15:33:00","modified_gmt":"2018-03-06T14:33:00","slug":"freie-republik-hora-retrospektive-der-phase-3","status":"publish","type":"page","link":"https:\/\/blog.zhdk.ch\/disabilityonstage\/freie-republik-hora-retrospektive-der-phase-3\/","title":{"rendered":"Freie Republik HORA \u2013 Retrospektive der 3. Phase"},"content":{"rendered":"<p class=\"untertitel\">6 Regie-Arbeiten von HORA-SchauspielerInnen<\/p>\n<p>29. Juni \u2013 4. Juli, Fabriktheater Rote Fabrik<\/p>\n<p>Ein ungew\u00f6hnliches, radikales k\u00fcnstlerisches und soziales Experiment: Das Langzeit-Projekt FREIE REPUBLIK HORA ist ein Labor f\u00fcr Regie-, Choreografie- und Performance-Arbeiten \u201cgeistig behinderter\u201c B\u00fchnenk\u00fcnstlerInnen. In der Phase 3 dieses Projekts (Januar bis Juni 2016) haben sechs von ihnen jeweils eine Probenwoche lang die HORA-R\u00e4umlichkeiten und ihre KollegInnen aus dem Ensemble exklusiv f\u00fcr die Realisierung ihrer eigenen szenischen Visionen nutzen k\u00f6nnen und zudem ein eigenes Produktionsbudget erhalten, mit dem sie externe Theaterschaffende hinzuengagieren konnten (u.a. Wanda Wylowa (400 ASA) und Florian Loycke (Das Helmi)). Die sechs dabei entstandenen 1-Wochen-Inszenierungen sind jetzt noch einmal geb\u00fcndelt in einer Retrospektive im Fabriktheater zu sehen.<\/p>\n<p>Das Programm:<\/p>\n<p>Mi 29. Juni, 20 Uhr: <strong>Frankie Thomas: Die R\u00e4uber<\/strong><\/p>\n<p>Do 30. Juni, 20 Uhr: <strong>Gianni Blumer: Das Festessen der neuen Pr\u00e4sidentin von Hunger Games<\/strong><\/p>\n<p>Fr 01. Juli, 20 Uhr: <strong>Sara Hess: \u00dcber Leben auf der Strasse<\/strong><\/p>\n<p>Sa 02. Juli, 20 Uhr: <strong>Tiziana Pagliaro: Randen Saft Horror<\/strong><\/p>\n<p>So 03. Juli, 20 Uhr: <strong>Matthias Br\u00fccker: Ich sage kein Wort<\/strong><\/p>\n<p>Mo 04. Juli, 20 Uhr: <strong>Nora Tosconi: Zyklus<\/strong><\/p>\n<p>(Quelle: <a href=\"http:\/\/www.hora.ch\/2013\/index.php?s=1&amp;l1=485&amp;produktion=1046\">Theater HORA &#8211; Z\u00fcriwerk<\/a>)<\/p>\n","protected":false},"excerpt":{"rendered":"<p>6 Regie-Arbeiten von HORA-SchauspielerInnen 29. Juni \u2013 4. Juli, Fabriktheater Rote Fabrik Ein ungew\u00f6hnliches, radikales k\u00fcnstlerisches und soziales Experiment: Das Langzeit-Projekt FREIE REPUBLIK HORA ist ein Labor f\u00fcr Regie-, Choreografie- und Performance-Arbeiten \u201cgeistig behinderter\u201c B\u00fchnenk\u00fcnstlerInnen. In der Phase 3 dieses &hellip; <a href=\"https:\/\/blog.zhdk.ch\/disabilityonstage\/freie-republik-hora-retrospektive-der-phase-3\/\">Weiterlesen <span class=\"meta-nav\">&rarr;<\/span><\/a><\/p>\n","protected":false},"author":3008,"featured_media":0,"parent":0,"menu_order":16,"comment_status":"closed","ping_status":"closed","template":"","meta":{"ngg_post_thumbnail":0,"footnotes":""},"class_list":["post-2961","page","type-page","status-publish","hentry"],"_links":{"self":[{"href":"https:\/\/blog.zhdk.ch\/disabilityonstage\/wp-json\/wp\/v2\/pages\/2961","targetHints":{"allow":["GET"]}}],"collection":[{"href":"https:\/\/blog.zhdk.ch\/disabilityonstage\/wp-json\/wp\/v2\/pages"}],"about":[{"href":"https:\/\/blog.zhdk.ch\/disabilityonstage\/wp-json\/wp\/v2\/types\/page"}],"author":[{"embeddable":true,"href":"https:\/\/blog.zhdk.ch\/disabilityonstage\/wp-json\/wp\/v2\/users\/3008"}],"replies":[{"embeddable":true,"href":"https:\/\/blog.zhdk.ch\/disabilityonstage\/wp-json\/wp\/v2\/comments?post=2961"}],"version-history":[{"count":3,"href":"https:\/\/blog.zhdk.ch\/disabilityonstage\/wp-json\/wp\/v2\/pages\/2961\/revisions"}],"predecessor-version":[{"id":6351,"href":"https:\/\/blog.zhdk.ch\/disabilityonstage\/wp-json\/wp\/v2\/pages\/2961\/revisions\/6351"}],"wp:attachment":[{"href":"https:\/\/blog.zhdk.ch\/disabilityonstage\/wp-json\/wp\/v2\/media?parent=2961"}],"curies":[{"name":"wp","href":"https:\/\/api.w.org\/{rel}","templated":true}]}}