{"id":4387,"date":"2016-10-06T14:13:51","date_gmt":"2016-10-06T12:13:51","guid":{"rendered":"https:\/\/blog.zhdk.ch\/disabilityonstage\/?page_id=4387"},"modified":"2017-01-31T15:39:48","modified_gmt":"2017-01-31T14:39:48","slug":"stage-lab","status":"publish","type":"page","link":"https:\/\/blog.zhdk.ch\/disabilityonstage\/stage-lab\/","title":{"rendered":"Stage Labs 1&amp;2"},"content":{"rendered":"<h3><strong>Br\u00fcckenschlag zwischen Forschung, Theater- und Tanzpraxis und Ausbildung<\/strong><\/h3>\n<p>Das B\u00fchnenlabor <em>DisAbility on Stage<\/em> versteht sich als ein Pilotprojekt, um die Teilhabe von Menschen mit Behinderungen an der Tanz- und Theaterausbildung in der Schweiz zu f\u00f6rdern. Im Fokus stehen zwei modellhafte Zusammenarbeiten: einerseits im Master f\u00fcr Bewegungstheater an der Accademia Teatro Dimitri in Verscio zusammen mit der Tanzkompanie Teatro DanzAbile im Tessin (B\u00fchnenlabor 1) und andererseits im Bachelorstudiengang Contemporary Dance der Z\u00fcrcher Hochschule der K\u00fcnste in Kooperation mit BewegGrund in Bern sowie DanzAbile im Tessin (B\u00fchnenlabor 2). Das Ziel ist die gemeinsame Entwicklung von Knowhow an den Schnittstellen zwischen Ausbildungspraxis, der Theater- und Tanzszene von und mit Menschen mit einer Behinderung sowie praxisorientierter Forschung an der Kunsthochschule.<\/p>\n<h3><a href=\"https:\/\/blog.zhdk.ch\/disabilityonstage\/files\/2016\/10\/Englische-Flagge.gif\" rel=\"lightbox[4387]\"><img loading=\"lazy\" decoding=\"async\" class=\"wp-image-4503 alignleft\" src=\"https:\/\/blog.zhdk.ch\/disabilityonstage\/files\/2016\/10\/Englische-Flagge.gif\" alt=\"\" height=\"24\" width=\"32\"><\/a><strong>Building bridges between research, theatre and dance practices and training<\/strong><\/h3>\n<p>The stage lab <em>DisAbility on Stage<\/em> is a pilot project which aims to promote the participation of people with a disability in educational dance and theatre training programs in Switzerland. The focus lies on two model collaborations: the Master&#8217;s degree in Physical Theatre at Accademia Teatro Dimitri in Verscio in collaboration with the dance company Teatro DanzAbile from Ticino (Stage Lab 1) and the Bachelors degree in Contemporary Dance at Zurich University of the Arts in collaboration with BewegGrund in Berne and Teatro DanzAbile in Ticino (Stage Lab 2). The aim is to develop skills at the crossroads between educational practices, the theatre and dance scene, presenting productions by and with people with a disability as well as practice-based research at arts universities.<\/p>\n<h3><strong>Credits B\u00fchnenlabore\/Stage Labs:<\/strong><\/h3>\n<p><strong>Veranstalter\/Organisers:<\/strong><\/p>\n<p>Institute for the Performing Arts and Film u. BA Contemporary Dance, ZHdK<\/p>\n<p>Accademia Teatro Dimitri, Verscio<\/p>\n<p>Teatro DanzAbile, Lugano<\/p>\n<p>BewegGrund, Bern<\/p>\n<p><strong>Projektleitung und Kontakt\/Project Leader and Contact:<\/strong><\/p>\n<p>Dr. Yvonne Schmidt, Institute for the Performing Arts and Film, ZHdK<\/p>\n<p>E-Mail: <a href=\"mailto:yvonne.schmidt@zhdk.ch\" target=\"_blank\">yvonne.schmidt@zhdk.ch<\/a><\/p>\n<p><strong>F\u00f6rderung\/Funding:<\/strong><\/p>\n<p>Schweizerischer Nationalfonds zur F\u00f6rderung der wissenschaftlichen Forschung SNF<\/p>\n<p>Eidgen\u00f6ssisches B\u00fcro f\u00fcr die Gleichstellung von Menschen mit Behinderungen EBGB<\/p>\n<p>Corymbo Stiftung<\/p>\n<p>Oertli Stiftung<\/p>\n<p>Fachstelle Gleichstellung &amp; Diversity, ZHdK<\/p>\n<p><strong>Praxispartner\/Practice Partner:<\/strong><\/p>\n<p><a href=\"http:\/\/www.integrart.ch\/de\/disability-on-stage\" target=\"_blank\">IntegrART<\/a>, ein Netzwerkprojekt des Migros-Kulturprozent<\/p>\n<p><a href=\"http:\/\/www.wildwuchs.ch\/\" target=\"_blank\">Wildwuchs Festival<\/a>, Basel<\/p>\n<p><a href=\"http:\/\/www.ormefestival.ch\/\" target=\"_blank\">ORME Festival<\/a> &amp; <a href=\"http:\/\/www.teatrodanzabile.ch\/td\/La_Compagnia.html\" target=\"_blank\">Danz\u2019Abile<\/a>, Lugano<\/p>\n<p><a href=\"http:\/\/www.beweggrund.org\/de\/festival.php\" target=\"_blank\">BewegGrund. Das Festival<\/a>, Bern<\/p>\n<p><a href=\"http:\/\/biennaleoutofthebox.ch\/\" target=\"_blank\">Festival Out of the Box<\/a>, Genf<\/p>\n","protected":false},"excerpt":{"rendered":"<p>Br\u00fcckenschlag zwischen Forschung, Theater- und Tanzpraxis und Ausbildung Das B\u00fchnenlabor DisAbility on Stage versteht sich als ein Pilotprojekt, um die Teilhabe von Menschen mit Behinderungen an der Tanz- und Theaterausbildung in der Schweiz zu f\u00f6rdern. Im Fokus stehen zwei modellhafte &hellip; <a href=\"https:\/\/blog.zhdk.ch\/disabilityonstage\/stage-lab\/\">Weiterlesen <span class=\"meta-nav\">&rarr;<\/span><\/a><\/p>\n","protected":false},"author":3008,"featured_media":0,"parent":0,"menu_order":0,"comment_status":"closed","ping_status":"closed","template":"","meta":{"ngg_post_thumbnail":0,"footnotes":""},"class_list":["post-4387","page","type-page","status-publish","hentry"],"_links":{"self":[{"href":"https:\/\/blog.zhdk.ch\/disabilityonstage\/wp-json\/wp\/v2\/pages\/4387","targetHints":{"allow":["GET"]}}],"collection":[{"href":"https:\/\/blog.zhdk.ch\/disabilityonstage\/wp-json\/wp\/v2\/pages"}],"about":[{"href":"https:\/\/blog.zhdk.ch\/disabilityonstage\/wp-json\/wp\/v2\/types\/page"}],"author":[{"embeddable":true,"href":"https:\/\/blog.zhdk.ch\/disabilityonstage\/wp-json\/wp\/v2\/users\/3008"}],"replies":[{"embeddable":true,"href":"https:\/\/blog.zhdk.ch\/disabilityonstage\/wp-json\/wp\/v2\/comments?post=4387"}],"version-history":[{"count":19,"href":"https:\/\/blog.zhdk.ch\/disabilityonstage\/wp-json\/wp\/v2\/pages\/4387\/revisions"}],"predecessor-version":[{"id":5043,"href":"https:\/\/blog.zhdk.ch\/disabilityonstage\/wp-json\/wp\/v2\/pages\/4387\/revisions\/5043"}],"wp:attachment":[{"href":"https:\/\/blog.zhdk.ch\/disabilityonstage\/wp-json\/wp\/v2\/media?parent=4387"}],"curies":[{"name":"wp","href":"https:\/\/api.w.org\/{rel}","templated":true}]}}