{"id":6345,"date":"2018-03-06T15:30:26","date_gmt":"2018-03-06T14:30:26","guid":{"rendered":"https:\/\/blog.zhdk.ch\/disabilityonstage\/?page_id=6345"},"modified":"2018-03-06T16:00:22","modified_gmt":"2018-03-06T15:00:22","slug":"freie-republik-hora","status":"publish","type":"page","link":"https:\/\/blog.zhdk.ch\/disabilityonstage\/freie-republik-hora\/","title":{"rendered":"Freie Republik HORA"},"content":{"rendered":"<p style=\"text-align: left\">Das Langzeit-Performance-Projekt <em>Freie Republik HORA<\/em> startete im Jahr 2013 und wurde auf f\u00fcnf Jahre angelegt. In mehreren Schritten geht es in diesem prozessorientierten Theaterexperiment darum, dass die Ensemblemitglieder von Theater HORA selbst Regieprojekte entwickeln \u2013 von der kollektiven Regie in Phase 1, \u00fcber die ersten Eigenregie-Versuche in Phase 2, bis hin zur 3. Phase, in denen sechs Ensemblemitglieder mit einem Budget und teilweise unter Beteiligung externer K\u00fcnstler*innen sechs eigene Regieprojekte durchf\u00fchren.<\/p>\n<p style=\"text-align: left\"><a href=\"https:\/\/blog.zhdk.ch\/disabilityonstage\/files\/2018\/03\/I2B1443.jpg\" rel=\"lightbox[6345]\"><img loading=\"lazy\" decoding=\"async\" class=\"wp-image-6355 size-medium alignnone\" src=\"https:\/\/blog.zhdk.ch\/disabilityonstage\/files\/2018\/03\/I2B1443-300x200.jpg\" alt=\"\u00a9 Niklaus Sp\u00f6rri\" width=\"300\" height=\"200\" srcset=\"https:\/\/blog.zhdk.ch\/disabilityonstage\/files\/2018\/03\/I2B1443-300x200.jpg 300w, https:\/\/blog.zhdk.ch\/disabilityonstage\/files\/2018\/03\/I2B1443-768x511.jpg 768w, https:\/\/blog.zhdk.ch\/disabilityonstage\/files\/2018\/03\/I2B1443.jpg 1000w\" sizes=\"auto, (max-width: 300px) 100vw, 300px\" \/><\/a><\/p>\n<p style=\"text-align: left\">Neben dem Ziel, dass s\u00e4mtliche Ensemblemitglieder des Theater HORA die Gelegenheit erhalten sollen, sich in k\u00fcnstlerischer Selbstbestimmtheit und Eigenverantwortung zu \u00fcben, geht es in <em>Freie Republik HORA<\/em> auch um die M\u00fcndigkeit des Publikums. Durch Zuschauergespr\u00e4che, unmittelbar nach den jeweiligen Auff\u00fchrungen, soll erreicht werden, dass eine fruchtbare und konstruktive Diskussion des Publikums mit den Regisseur*innen und Schauspieler*innen von Theater HORA stattfindet. In allen drei Phasen ist es ausschliesslich das Publikum, welches sich inhaltlich zu den jeweiligen Inszenierungen \u00e4ussern darf. Die k\u00fcnstlerische Leitung von Theater HORA hat diesbez\u00fcglich die Regel aufgestellt, sich auf k\u00fcnstlerischer Ebene nicht einzubringen, sondern lediglich die Rolle einer Assistenz zu erf\u00fcllen.<\/p>\n<p style=\"text-align: left\">&nbsp;<\/p>\n","protected":false},"excerpt":{"rendered":"<p>Das Langzeit-Performance-Projekt Freie Republik HORA startete im Jahr 2013 und wurde auf f\u00fcnf Jahre angelegt. In mehreren Schritten geht es in diesem prozessorientierten Theaterexperiment darum, dass die Ensemblemitglieder von Theater HORA selbst Regieprojekte entwickeln \u2013 von der kollektiven Regie in &hellip; <a href=\"https:\/\/blog.zhdk.ch\/disabilityonstage\/freie-republik-hora\/\">Weiterlesen <span class=\"meta-nav\">&rarr;<\/span><\/a><\/p>\n","protected":false},"author":3008,"featured_media":0,"parent":0,"menu_order":0,"comment_status":"closed","ping_status":"closed","template":"","meta":{"ngg_post_thumbnail":0,"footnotes":""},"class_list":["post-6345","page","type-page","status-publish","hentry"],"_links":{"self":[{"href":"https:\/\/blog.zhdk.ch\/disabilityonstage\/wp-json\/wp\/v2\/pages\/6345","targetHints":{"allow":["GET"]}}],"collection":[{"href":"https:\/\/blog.zhdk.ch\/disabilityonstage\/wp-json\/wp\/v2\/pages"}],"about":[{"href":"https:\/\/blog.zhdk.ch\/disabilityonstage\/wp-json\/wp\/v2\/types\/page"}],"author":[{"embeddable":true,"href":"https:\/\/blog.zhdk.ch\/disabilityonstage\/wp-json\/wp\/v2\/users\/3008"}],"replies":[{"embeddable":true,"href":"https:\/\/blog.zhdk.ch\/disabilityonstage\/wp-json\/wp\/v2\/comments?post=6345"}],"version-history":[{"count":12,"href":"https:\/\/blog.zhdk.ch\/disabilityonstage\/wp-json\/wp\/v2\/pages\/6345\/revisions"}],"predecessor-version":[{"id":6375,"href":"https:\/\/blog.zhdk.ch\/disabilityonstage\/wp-json\/wp\/v2\/pages\/6345\/revisions\/6375"}],"wp:attachment":[{"href":"https:\/\/blog.zhdk.ch\/disabilityonstage\/wp-json\/wp\/v2\/media?parent=6345"}],"curies":[{"name":"wp","href":"https:\/\/api.w.org\/{rel}","templated":true}]}}