{"id":78,"date":"2015-09-25T11:11:10","date_gmt":"2015-09-25T09:11:10","guid":{"rendered":"https:\/\/blog.zhdk.ch\/disabilityonstage\/?page_id=78"},"modified":"2018-03-06T15:20:04","modified_gmt":"2018-03-06T14:20:04","slug":"veranstaltungenevents","status":"publish","type":"page","link":"https:\/\/blog.zhdk.ch\/disabilityonstage\/veranstaltungenevents\/","title":{"rendered":"Events"},"content":{"rendered":"<p><strong>2018<\/strong><\/p>\n<ul>\n<li>Filmpremiere unseres Forschungsfilms&nbsp;<a href=\"https:\/\/www.zhdk.ch\/veranstaltung\/34233\" target=\"_blank\" rel=\"noopener\"><em>Sechs RegisseurInnen \u2013 Eine Republik<\/em><\/a> im Kino Toni an der Z\u00fcrcher Hochschule der K\u00fcnste, 06.02.2018.<\/li>\n<\/ul>\n<p><strong>2017<\/strong><\/p>\n<ul>\n<li><a href=\"http:\/\/www.supsi.ch\/home\/ricerca\/forum-innovazione\/programma.html\" target=\"_blank\" rel=\"noopener\">Forum Innovazione Svizzera Italiana<\/a>\/<a href=\"https:\/\/blog.zhdk.ch\/disabilityonstage\/files\/2017\/10\/20171102_ForumInnovazione_en.pdf\" target=\"_blank\" rel=\"noopener\">Southern Switzerland Innovation Forum<\/a>: Performance of our <a href=\"https:\/\/blog.zhdk.ch\/disabilityonstage\/verscio\/\" target=\"_blank\" rel=\"noopener\">Stage Lab 1<\/a> at Accademia Teatro Dimitri, 02.11.2017.<\/li>\n<li>The video of the Stage Lab 1 at the Accademia Teatro Dimitri made by Dante Carbini and Demis Quadri is online, 07.07.2017.\n<ul>\n<li><a href=\"https:\/\/vimeo.com\/216864689\" target=\"_blank\" rel=\"noopener\">English version<\/a><\/li>\n<li><a href=\"https:\/\/vimeo.com\/216843534\" target=\"_blank\" rel=\"noopener\">Versione italiana<\/a><\/li>\n<li><a href=\"https:\/\/vimeo.com\/236735493\" target=\"_blank\" rel=\"noopener\">Deutsche Version<\/a><\/li>\n<\/ul>\n<\/li>\n<li>Our subproject <a href=\"https:\/\/blog.zhdk.ch\/disabilityonstage\/disabled-bodies-in-discourse\/\"><em>Disabled Bodies in Discourse<\/em><\/a> got the second place of the <a href=\"http:\/\/www.accademiadimitri.ch\/news.php?read=premiato-disabled-body-in-discourse\" target=\"_blank\" rel=\"noopener\">Credit Suisse Best Teaching Awards 2017<\/a>, 24.06.2017.<\/li>\n<li><a href=\"http:\/\/www.wildwuchs.ch\/de\/produktion\/Die_geprobte_Republi\" target=\"_blank\" rel=\"noopener\">Screening von&nbsp;&#8222;Die geprobte Republik&#8220;<\/a> im Rahmen des Wildwuchs Festivals, Basel, 08.06.2017.<\/li>\n<li><a href=\"http:\/\/biennaleoutofthebox.ch\/programme\/disability-on-stage\/\" target=\"_blank\" rel=\"noopener\">M\u00fcndliche Pr\u00e4sentation<\/a> des Forschungsprojekts <em>DisAbility on Stage<\/em> w\u00e4hrend eines Podiums im Rahmen von Out of the Box, Genf, 07.06.2017.<\/li>\n<li><a href=\"http:\/\/www.integrart.ch\/de\/disability-on-stage\" target=\"_blank\" rel=\"noopener\">Auftritte B\u00fchnelabor <em>DisAbility on Stage<\/em> &#8211; Stage Lab 1:<\/a>\n<ul>\n<li>ORME Festival, Lugano, 01.06.2017.<\/li>\n<li>Wildwuchs Festival, Basel, 09.06.2017.<\/li>\n<li>BewegGrund. Das Festival, Bern, 10.06.2017.<\/li>\n<\/ul>\n<\/li>\n<li><a href=\"http:\/\/www.integrart.ch\/de\/disability-on-stage\" target=\"_blank\" rel=\"noopener\">Auftritte B\u00fchnenlabor <em>DisAbility on Stage<\/em> &#8211; Stage Lab 2<\/a>:\n<ul>\n<li>IntegrART-Symposium, Z\u00fcrich, 29.03.2017.<\/li>\n<li>ORME Festival, Lugano, 01.06.2017.<\/li>\n<li>Wildwuchs Festival, Basel, 09.06.2017.<\/li>\n<li>BewegGrund. Das Festival, Bern, 10.06.2017.<\/li>\n<\/ul>\n<\/li>\n<li><a href=\"http:\/\/rencontre-theatre-suisse.ch\/de\/spectacles-2017\/disability-on-stage.html\" target=\"_blank\" rel=\"noopener noreferrer\">Presentation <\/a>of the research project <em>DisAbility on Stage<\/em>&nbsp;at the Schweizer Theatertreffen in Lugano, 26.05.2017.<\/li>\n<li><a href=\"http:\/\/www.integrart.ch\/de\/ein-symposium\" target=\"_blank\" rel=\"noopener noreferrer\">IntegrART-Symposium 2017<\/a>: Thematisiert wird die k\u00fcnstlerische Praxis von, \u00fcber, mit und f\u00fcr Menschen mit Behinderung mittels folgenden Fragen: Kann \u00e4sthetische Praxis einen gesellschaftlichen Einfluss haben?, 29.-30.03.2017.<\/li>\n<li><a href=\"https:\/\/www.zhdk.ch\/forschungsprojekt\/545193\" target=\"_blank\" rel=\"noopener\">Stage Lab 2<\/a> im Bachelor Contemporary Dance der ZHdK, unter der Leitung von Emanuel Gat und in Zusammenarbeit mit Susanne Schneider von BewegGrund sowie Emanuel Rosenberg von Teatro Danz&#8217;Abile, 20.02-03.03.2017.<\/li>\n<\/ul>\n<p><strong>2016<\/strong><\/p>\n<ul>\n<li>Ein <a href=\"http:\/\/accademiadimitri.ch\/news.php?read=disability-on-stage-1-2\" target=\"_blank\" rel=\"noopener noreferrer\">B\u00fchnenlabor<\/a> und anschliessende Werkstatt-Auff\u00fchrung zusammen mit Master-Studierenden der Accademia Teatro Dimitri in Verscio sowie Performern von Teatro Danz&#8217;Abile unter der Leitung von Emanuel Rosenberg (Teatro Danz\u2019Abile), 07.-18.11.2016.<\/li>\n<li><em><a href=\"https:\/\/blog.zhdk.ch\/disabilityonstage\/disability-and-performer-training-a-colloquium\/\" target=\"_blank\" rel=\"noopener noreferrer\">Disability and Performer Training \u2013 A colloquium<\/a>,<\/em> Vortr\u00e4ge und Gespr\u00e4chsrunden an der ZHdK, 25.10.2016.<\/li>\n<li><em><a href=\"https:\/\/blog.zhdk.ch\/disabilityonstage\/freie-republik-hora-retrospektive-der-phase-3\/\" target=\"_blank\" rel=\"noopener noreferrer\">Freie Republik HORA \u2013 Retrospektive der Phase 3<\/a>,<\/em> im Fabriktheater der Roten Fabrik, Z\u00fcrich, 29.06.-04.07.2016.<\/li>\n<li><em><a href=\"http:\/\/www.hora.ch\/2013\/index.php?s=1&amp;l1=533&amp;l2=540\" target=\"_blank\" rel=\"noopener noreferrer\">Freie Republik HORA, Phase 3<\/a>,<\/em> die dritte Phase des Langzeit-Projekts von Theater HORA, im Backstein der Roten Fabrik, Januar-Juni 2016.<\/li>\n<\/ul>\n<p><strong>2015<\/strong><\/p>\n<ul>\n<li><a href=\"https:\/\/blog.zhdk.ch\/disabilityonstage\/freie-republik-hora-was-sieht-dein-blick\/\" target=\"_blank\" rel=\"noopener\"><em>Freie Republik HORA: Was sieht Dein Blick?<\/em><\/a>, eine Workshop-Tagung der ZHdK, 4.-5. Dezember 2015.<\/li>\n<li><a href=\"http:\/\/www.no-limits-festival.de\/symposium.php\" target=\"_blank\" rel=\"noopener noreferrer\"><em>Wen k\u00fcmmert\u2019s, wer spricht? 2 &#8211; \u00bbGeistig Behinderte\u00ab Regisseur*innen, Choreograf*innen, Autor*innen<\/em><\/a>, Diskussionsplattform und Showroom im Rahmen des &#8222;No Limits \u2013 Internationales Theaterfestival Berlin&#8220;, 6.-8. November 2015.<\/li>\n<\/ul>\n","protected":false},"excerpt":{"rendered":"<p>2018 Filmpremiere unseres Forschungsfilms&nbsp;Sechs RegisseurInnen \u2013 Eine Republik im Kino Toni an der Z\u00fcrcher Hochschule der K\u00fcnste, 06.02.2018. 2017 Forum Innovazione Svizzera Italiana\/Southern Switzerland Innovation Forum: Performance of our Stage Lab 1 at Accademia Teatro Dimitri, 02.11.2017. The video of &hellip; <a href=\"https:\/\/blog.zhdk.ch\/disabilityonstage\/veranstaltungenevents\/\">Weiterlesen <span class=\"meta-nav\">&rarr;<\/span><\/a><\/p>\n","protected":false},"author":3008,"featured_media":0,"parent":0,"menu_order":1,"comment_status":"closed","ping_status":"closed","template":"","meta":{"ngg_post_thumbnail":0,"footnotes":""},"class_list":["post-78","page","type-page","status-publish","hentry"],"_links":{"self":[{"href":"https:\/\/blog.zhdk.ch\/disabilityonstage\/wp-json\/wp\/v2\/pages\/78","targetHints":{"allow":["GET"]}}],"collection":[{"href":"https:\/\/blog.zhdk.ch\/disabilityonstage\/wp-json\/wp\/v2\/pages"}],"about":[{"href":"https:\/\/blog.zhdk.ch\/disabilityonstage\/wp-json\/wp\/v2\/types\/page"}],"author":[{"embeddable":true,"href":"https:\/\/blog.zhdk.ch\/disabilityonstage\/wp-json\/wp\/v2\/users\/3008"}],"replies":[{"embeddable":true,"href":"https:\/\/blog.zhdk.ch\/disabilityonstage\/wp-json\/wp\/v2\/comments?post=78"}],"version-history":[{"count":84,"href":"https:\/\/blog.zhdk.ch\/disabilityonstage\/wp-json\/wp\/v2\/pages\/78\/revisions"}],"predecessor-version":[{"id":6343,"href":"https:\/\/blog.zhdk.ch\/disabilityonstage\/wp-json\/wp\/v2\/pages\/78\/revisions\/6343"}],"wp:attachment":[{"href":"https:\/\/blog.zhdk.ch\/disabilityonstage\/wp-json\/wp\/v2\/media?parent=78"}],"curies":[{"name":"wp","href":"https:\/\/api.w.org\/{rel}","templated":true}]}}