{"id":36,"date":"2010-03-30T15:43:44","date_gmt":"2010-03-30T14:43:44","guid":{"rendered":"https:\/\/blog.zhdk.ch\/ecogame\/?page_id=36"},"modified":"2010-04-21T14:55:22","modified_gmt":"2010-04-21T13:55:22","slug":"team-3","status":"publish","type":"page","link":"https:\/\/blog.zhdk.ch\/ecogame\/team-3\/","title":{"rendered":"migrimi!"},"content":{"rendered":"<p style=\"text-align: center\"><img loading=\"lazy\" decoding=\"async\" class=\"aligncenter\" title=\"l_235_141_C30C0FFD-B3AD-4D6C-B1F0-EEFF54C113F8.jpeg\" src=\"https:\/\/blog.zhdk.ch\/ecogame\/files\/2010\/04\/l_235_141_C30C0FFD-B3AD-4D6C-B1F0-EEFF54C113F8.jpeg\" alt=\"\" width=\"235\" height=\"141\" \/><\/p>\n<p style=\"text-align: center\"><a href=\"..\/team-3\/die-firma-das-team\/\" target=\"_blank\">Das Team<\/a> von <strong>migri<\/strong>mi<strong>!<\/strong> besteht aus Schlienger  Patricia, Lunin Livio, Mabellini Angelo, Pfister  Nicolin und Zimmer  Manina.<\/p>\n<p style=\"text-align: center\"><code>[kml_flashembed movie=\"http:\/\/www.youtube.com\/v\/yb0oHTIbD38\" width=\"425\" height=\"350\" wmode=\"transparent\" \/]<\/code><\/p>\n<p><em><strong>Idee<\/strong><\/em><\/p>\n<p>Migration  geh\u00f6rt zur Natur des Tieres. Das Projekt migrimi! zeigt auf spielerische  Weise die Migrationsproblematik von Wildtieren, welche von A nach B  wandern wollen. Die Problematik wird durch Plu\u0308schtiere nachgestellt,  welche durch mehrere Menschen von ihrem aktuellen Standort in einen  Nationalpark gebracht werden. migrimi! involviert die Bev\u00f6lkerung aktiv  in ein Spiel, welches zum Ziel hat, die Bev\u00f6lkerung fu\u0308r das Thema<br \/>\nTiermigration zu sensibilisieren.<\/p>\n<p><em><strong>Projektbeschrieb<\/strong><\/em><\/p>\n<p>An diversen  Standorten der Schweiz werden speziell fu\u0308r die Aktion angefertigte  Plu\u0308schtiere an Personen verteilt oder im \u00f6ffentlichen Raum ausgesetzt.  Jedes Tier tr\u00e4gt einen Namen, einen QR-Code und eine Internetadresse auf  sich. Auf der Website angelangt, wird der Helfer gebeten, das Tier an  seinen Zielort \u2013 z.B. Nationalpark oder einen anderen geschu\u0308tzten Ort \u2013  zu bringen. Wenn dies fu\u0308r den Helfer m\u00f6glich ist, erreicht das  Plu\u0308schtier auf direktem Weg sein Ziel. Schafft dies der Helfer aber  nicht, kann dieser das Plu\u0308schtier einer weiteren Person weiterreichen  und diese kann versuchen, das Tier an seinen Zielort zu bringen. Die  jeweiligen \u00dcbergabeorte werden online auf der Homepage festgehalten und  es k\u00f6nnen zus\u00e4tzlich Erfahrungsberichte geschrieben sowie Bilder und  Videos hochgeladen werden. Ausserdem sind vereinzelt Spezialtiere im  Umlauf, welche jeweils eine oder mehrere einzigartige Aufgaben (z.B.  triff einen anderen Steinbock) haben. Wer diesen Tieren hilft, kann  zus\u00e4tzliche Preise gewinnen.<\/p>\n<p>\u00dcber die  Website kann sich ein Helfer auch nach seinem Einsatz u\u0308ber den bisher  get\u00e4tigten Weg des Tieres informieren. Die personifizierten Tiere  verfu\u0308gen zus\u00e4tzlich u\u0308ber einen Facebook- und Twitteraccount, get\u00e4tigte  Kilometer und aktuelle Meldungen werden gepostet.<\/p>\n<p>Die  Projektbestandteile sind: Plu\u0308schtiere, Website, Werbespots,  Kick-Off-Event, Mitarbeiter\/Helfer<\/p>\n<p><em><strong>Aktionsablauf<\/strong><\/em><\/p>\n<p><img loading=\"lazy\" decoding=\"async\" title=\"aktionsablauf\" src=\"https:\/\/blog.zhdk.ch\/ecogame\/files\/2010\/04\/aktionsablauf.png\" alt=\"\" width=\"539\" height=\"207\" \/><\/p>\n<p>Link zum  Video: <a href=\"http:\/\/www.youtube.com\/watch?v=9SH8DiDfLts\" target=\"_blank\">http:\/\/www.youtube.com\/watch?v=9SH8DiDfLts<\/a><\/p>\n<p><em><strong>Projektaufbau<\/strong><\/em><\/p>\n<p><em>Phase1:<\/em><br \/>\n&#8211; Kick-Off-Event (Prominente spielen mit)<br \/>\n&#8211; Tiere werden verteilt und versendet<br \/>\n<em>Phase2:<\/em><br \/>\n&#8211; Plu\u0308schtiere sind im Umlauf<br \/>\n&#8211; Blogeintr\u00e4ge werden verfasst<br \/>\n&#8211; Bilder und Videos werden hochgeladen<br \/>\n&#8211; Tiere werden weitergegeben oder treffen am Zielort ein<br \/>\n<em>Phase3:<\/em><br \/>\n&#8211; Auswertung<br \/>\n&#8211; Berichterstattung Medien<\/p>\n<p><em><strong>Pl\u00fcschtiere<\/strong><\/em><\/p>\n<p>Die  Plu\u0308schtiere sind die Hauptakteure im Projekt migrimi!. Sie mu\u0308ssen den  Beschu\u0308tzerinstinkt der Passanten wecken. Jedes von ihnen hat eine  eigene Geschichte, die sich mit der Zeit weiterentwickelt. Ob sie auf  der Suche nach der wahren Liebe oder einem neuen zu Hause sind bzw. ob  sie ihr Ziel erreichen, wird sich mit der Zeit zeigen.<\/p>\n<p><em><strong>Tierarten<\/strong><\/em><\/p>\n<p>M\u00f6glich w\u00e4ren  z.B. Steinbock, Biber, Murmeltier, Eichh\u00f6rnchen, Fisch, Luchs.<\/p>\n<p><img loading=\"lazy\" decoding=\"async\" title=\"tierarten\" src=\"https:\/\/blog.zhdk.ch\/ecogame\/files\/2010\/04\/tierarten.png\" alt=\"\" width=\"458\" height=\"70\" \/><\/p>\n<p><em><strong>Plakette<\/strong><\/em><\/p>\n<p>Aus Holz,  graviert, enth\u00e4lt Tiername, QR-Code, Internetadresse<\/p>\n<p><img loading=\"lazy\" decoding=\"async\" title=\"plakette\" src=\"https:\/\/blog.zhdk.ch\/ecogame\/files\/2010\/04\/plakette.png\" alt=\"\" width=\"470\" height=\"166\" \/><\/p>\n<p><em><strong>Produktion<\/strong><\/em><\/p>\n<p>Wichtig fu\u0308r  die Produktion der Tiere:<br \/>\n<em>Material:<\/em> \u00d6kologisch unbedenkliche Fasern\/Produktion (Plu\u0308schtier  &amp; Plakette)<br \/>\n<em>Gr\u00f6sse:<\/em> ca. 25cm &#8211; 40cm<br \/>\n<em>Anzahl:<\/em> zum Beispiel 200 Stu\u0308ck pro Verteilungsort<br \/>\n<em>Produktion:<\/em> Bsp. Design von ZHdK Studenten, Zusammenarbeit WWF<\/p>\n<p><strong><em>Website<\/em><\/strong><\/p>\n<p>Der Inhalt  ist in den vier Landessprachen sowie Englisch verfu\u0308gbar und beinhaltet  folgende Punkte:<br \/>\n&#8211; You found me (Direktlink bei Tierfund)<br \/>\n&#8211; Profilseite (Details zum einzelnen Tier)<br \/>\n&#8211; Animals (Profile aller Tiere, \u00dcberblick des zuru\u0308ckgelegten Weges)<br \/>\n&#8211; News (Allgemeine Neuikgeiten zum Projekt)<br \/>\n&#8211; Journeys (Blog-Eintr\u00e4ge der Helfer)<br \/>\n&#8211; Map (Landkarte, Weg ersichtlich)<br \/>\n&#8211; About (Projektbeschrieb, Econnect, Links Nationalparks)<br \/>\n&#8211; Help<\/p>\n<p><em>Website  als Slideshow<\/em><\/p>\n<p><a href=\"https:\/\/docs.google.com\/present\/view?id=0AW3leeit6ntYZGQyY2Y3ZzdfNjdmMzdia2dkbg&amp;hl=en\" target=\"_blank\">Hier anschauen<\/a><\/p>\n<p><em><strong>Promotion<\/strong><\/em><\/p>\n<p>Damit f\u00fcr die  n\u00f6tige Medienaufmerksamkeit gesorgt ist, findet beispielsweise ein  Kick-Off-Event mit Prominenten statt, welche das Spiel starten.  Ausserdem werden an diverse Zeitungen, TV- und Radio-Sender Tiere  verschickt, um zus\u00e4tzlich auf aufmerksam zu machen.<\/p>\n<p><em>Medienpr\u00e4senz<\/em><br \/>\nKick-Off-Event, Printmedien, TV, Radio<\/p>\n<p><em>Wettbewerbe<\/em><br \/>\nDie Wettbewerbe sollen die Menschen zus\u00e4tzlich motivieren, bei diesem  Projekt mitzumachen.<\/p>\n<p><em><strong>Spielraum<\/strong><\/em><\/p>\n<p>In diversen  Grossst\u00e4dten der Schweiz, Deutschland, \u00d6sterreich, Italien und  Frankreich werden jeweils 200 Pl\u00fcschtiere in Umlauf gebracht.<br \/>\nDie r\u00e4umliche Gr\u00f6sse des Projektes unterst\u00fctzt das Vorhaben sowohl auf  spielsystematischer als auch auf medialer Ebene. Das Spiel gewinnt durch  diese Dimension an Reiz und f\u00f6rdert so die Pr\u00e4senz des Projektes in den  Medien.<\/p>\n<p><em><strong>Experiment<\/strong><\/em><\/p>\n<p>Um die  Reaktion der Stadtbev\u00f6lkerung auf derartige Aktionen abzusch\u00e4tzen,  wagten wir uns im Vorfeld mit einem Experiment zum Thema Tiermigration  auf die Strasse. Im Niederdorf baten wir Passanten unsere armen  Karton-H\u00e4schen doch bitte \u00fcber die Strasse zu bringen und ihnen so bei  der Migration vom Start- zum Zielwald zu helfen.<\/p>\n<p>Link zum  Video: <a href=\"http:\/\/www.youtube.com\/watch?v=FePAkiDFcXo\" target=\"_blank\">http:\/\/www.youtube.com\/watch?v=FePAkiDFcXo<\/a><\/p>\n<p><em><strong>Darum  migrimi!<\/strong><\/em><\/p>\n<p>&#8211; Verst\u00e4ndnis  f\u00fcr Migrationsproblematik von Wildtieren wird geschaffen<br \/>\n&#8211; Zwischenmenschliche Kommunikation wird gef\u00f6rdert<br \/>\n&#8211; Community wird aufgebaut<br \/>\n&#8211; Grosse Zielgruppe (von Jung bis Alt)<br \/>\n&#8211; Aktualit\u00e4t durch die Nutzung moderner Medien (QR-Code, Website,  Facebook, Twitter,&#8230;)<br \/>\n&#8211; Projekt ist international durchf\u00fchrbar<br \/>\n&#8211; Pl\u00fcschtiere sprechen die Menschen auf emotionaler Ebene an und  fungieren als Merchandising-Artikel<br \/>\n&#8211; Medienpr\u00e4senz durch Kick-Off-Event<br \/>\n&#8211; Grossfl\u00e4chige und langfristige Pr\u00e4senz des Projektes<br \/>\n&#8211; Verst\u00e4ndnis beeinflusst Verhalten und Einstellung der Menschen<\/p>\n<p><em><strong>&#8212;Der  ganze Blogeintrag als Slideshow&#8212;&#8212;&#8212;&#8212;&#8212;&#8212;<\/strong><\/em><\/p>\n<p><a href=\"http:\/\/docs.google.com\/present\/view?id=dd2cf7g7_30gxtvxkhr\" target=\"_blank\">Hier anschauen<\/a><\/p>\n<p><em><strong>&#8212;Mediathek&#8212;&#8212;&#8212;&#8212;&#8212;&#8212;&#8212;&#8212;&#8212;&#8212;&#8212;&#8212;&#8212;&#8212;&#8212;&#8212;&#8212;&#8212;<\/strong><\/em><\/p>\n<p><em>Ralf&#8217;s  Facebook-Profil<\/em><em><strong><br \/>\n<\/strong><\/em><a href=\"http:\/\/www.facebook.com\/profile.php?id=100001017267249\" target=\"_blank\">http:\/\/www.facebook.com\/profile.php?id=100001017267249<\/a><\/p>\n<p><em>Blog des  migrimi! Projektes<\/em><br \/>\n<a href=\"https:\/\/blog.zhdk.ch\/ecogame\/team-3\/\" target=\"_blank\">https:\/\/blog.zhdk.ch\/ecogame\/team-3\/<\/a><\/p>\n<p><em>Download der migrimi! Projektpr\u00e4sentation<\/em><a href=\"https:\/\/docs.google.com\/fileview?id=0B23leeit6ntYMDVhOGE0NGItNzIzMi00YjU5LWFmYmItZTZjNWJlMTIzYTg2&amp;hl=en\" target=\"_blank\"><br \/>\nDownload hier<\/a><\/p>\n<p><em>Fotos \u201eAktion Tiertransport\u201c<\/em><br \/>\nhttp:\/\/picasaweb.google.com\/Nicolin.Pfister\/AktionTiertransport<\/p>\n<p><em>Fotos \u201eRalf on Tour\u201c<\/em><br \/>\nhttp:\/\/picasaweb.google.com\/Nicolin.Pfister\/RalfOnTour<\/p>\n<p><em>Video \u201eAktion Tiertransport\u201c<\/em><br \/>\n<iframe loading=\"lazy\" title=\"Aktion Tiertransport - Niederdorf Z\u00fcrich - Help the animals cross the street!\" width=\"640\" height=\"480\" src=\"https:\/\/www.youtube.com\/embed\/FePAkiDFcXo?feature=oembed\" frameborder=\"0\" allow=\"accelerometer; autoplay; clipboard-write; encrypted-media; gyroscope; picture-in-picture; web-share\" referrerpolicy=\"strict-origin-when-cross-origin\" allowfullscreen><\/iframe><\/p>\n<p><em>Video \u201eralf on the road impressionen\u201c<\/em><br \/>\n<iframe loading=\"lazy\" title=\"ralf on the road impressionen - migrimi im nationalpark - help animals cross the nation\" width=\"640\" height=\"480\" src=\"https:\/\/www.youtube.com\/embed\/9SH8DiDfLts?feature=oembed\" frameborder=\"0\" allow=\"accelerometer; autoplay; clipboard-write; encrypted-media; gyroscope; picture-in-picture; web-share\" referrerpolicy=\"strict-origin-when-cross-origin\" allowfullscreen><\/iframe><\/p>\n<p>Video \u201eralf\u2018s youtube clip\u201c<br \/>\n<iframe loading=\"lazy\" title=\"ralf&#039;s youtube clip - migrimi im nationalpark - help animals cross the nation\" width=\"640\" height=\"480\" src=\"https:\/\/www.youtube.com\/embed\/f6boCv-irAM?feature=oembed\" frameborder=\"0\" allow=\"accelerometer; autoplay; clipboard-write; encrypted-media; gyroscope; picture-in-picture; web-share\" referrerpolicy=\"strict-origin-when-cross-origin\" allowfullscreen><\/iframe><\/p>\n","protected":false},"excerpt":{"rendered":"<p>Das Team von migrimi! besteht aus Schlienger Patricia, Lunin Livio, Mabellini Angelo, Pfister Nicolin und Zimmer Manina. [kml_flashembed movie=&#8220;http:\/\/www.youtube.com\/v\/yb0oHTIbD38&#8243; width=&#8220;425&#8243; height=&#8220;350&#8243; wmode=&#8220;transparent&#8220; \/] Idee Migration geh\u00f6rt zur Natur des Tieres. Das Projekt migrimi! zeigt auf spielerische Weise die Migrationsproblematik von &hellip; <a href=\"https:\/\/blog.zhdk.ch\/ecogame\/team-3\/\">Weiterlesen <span class=\"meta-nav\">&rarr;<\/span><\/a><\/p>\n","protected":false},"author":174,"featured_media":0,"parent":0,"menu_order":0,"comment_status":"open","ping_status":"open","template":"","meta":{"footnotes":""},"class_list":["post-36","page","type-page","status-publish","hentry"],"_links":{"self":[{"href":"https:\/\/blog.zhdk.ch\/ecogame\/wp-json\/wp\/v2\/pages\/36","targetHints":{"allow":["GET"]}}],"collection":[{"href":"https:\/\/blog.zhdk.ch\/ecogame\/wp-json\/wp\/v2\/pages"}],"about":[{"href":"https:\/\/blog.zhdk.ch\/ecogame\/wp-json\/wp\/v2\/types\/page"}],"author":[{"embeddable":true,"href":"https:\/\/blog.zhdk.ch\/ecogame\/wp-json\/wp\/v2\/users\/174"}],"replies":[{"embeddable":true,"href":"https:\/\/blog.zhdk.ch\/ecogame\/wp-json\/wp\/v2\/comments?post=36"}],"version-history":[{"count":25,"href":"https:\/\/blog.zhdk.ch\/ecogame\/wp-json\/wp\/v2\/pages\/36\/revisions"}],"predecessor-version":[{"id":262,"href":"https:\/\/blog.zhdk.ch\/ecogame\/wp-json\/wp\/v2\/pages\/36\/revisions\/262"}],"wp:attachment":[{"href":"https:\/\/blog.zhdk.ch\/ecogame\/wp-json\/wp\/v2\/media?parent=36"}],"curies":[{"name":"wp","href":"https:\/\/api.w.org\/{rel}","templated":true}]}}