{"id":257,"date":"2018-10-29T09:08:12","date_gmt":"2018-10-29T09:08:12","guid":{"rendered":"https:\/\/blog.zhdk.ch\/edidactics\/?page_id=257"},"modified":"2018-11-04T12:58:03","modified_gmt":"2018-11-04T12:58:03","slug":"symposium-live","status":"publish","type":"page","link":"https:\/\/blog.zhdk.ch\/edidactics\/symposium-live\/","title":{"rendered":"Live-\u00dcbertragung!"},"content":{"rendered":"<p>F\u00fcr die Live-Teilnahme am Symposium vom Computer daheim, \u00fcbers Tablet oder sogar als Podcast unterwegs am Mobiltelefon kann man sich beim Live-Webinar registrieren:<\/p>\n<h5><a href=\"https:\/\/zhdk.zoom.us\/webinar\/register\/WN_LG-cteaPTrSZG51kzCZBLQ\" target=\"_blank\" rel=\"noopener\">Webinar Visual E-Didactics<\/a><\/h5>\n<p>Das Webinar wird \u00fcber <em>Zoom<\/em> laufen, ein Dienst, der mit wenigen Klicks als Plugin oder App installiert werden kann. Nach der Registrierung bekommen alle Teilnehmer automatisch eine Anleitung per Email zugesandt, in der alle wichtigen Informationen zum komfortablen Streamen enthalten sind.<\/p>\n","protected":false},"excerpt":{"rendered":"<p>F\u00fcr die Live-Teilnahme am Symposium vom Computer daheim, \u00fcbers Tablet oder sogar als Podcast unterwegs am Mobiltelefon kann man sich beim Live-Webinar registrieren: Webinar Visual E-Didactics Das Webinar wird \u00fcber Zoom laufen, ein Dienst, der mit wenigen Klicks als Plugin oder App installiert werden kann. Nach der Registrierung bekommen alle Teilnehmer automatisch eine Anleitung per [&hellip;]<\/p>\n","protected":false},"author":3684,"featured_media":0,"parent":0,"menu_order":0,"comment_status":"closed","ping_status":"closed","template":"","meta":{"footnotes":""},"class_list":["post-257","page","type-page","status-publish","czr-hentry"],"_links":{"self":[{"href":"https:\/\/blog.zhdk.ch\/edidactics\/wp-json\/wp\/v2\/pages\/257","targetHints":{"allow":["GET"]}}],"collection":[{"href":"https:\/\/blog.zhdk.ch\/edidactics\/wp-json\/wp\/v2\/pages"}],"about":[{"href":"https:\/\/blog.zhdk.ch\/edidactics\/wp-json\/wp\/v2\/types\/page"}],"author":[{"embeddable":true,"href":"https:\/\/blog.zhdk.ch\/edidactics\/wp-json\/wp\/v2\/users\/3684"}],"replies":[{"embeddable":true,"href":"https:\/\/blog.zhdk.ch\/edidactics\/wp-json\/wp\/v2\/comments?post=257"}],"version-history":[{"count":9,"href":"https:\/\/blog.zhdk.ch\/edidactics\/wp-json\/wp\/v2\/pages\/257\/revisions"}],"predecessor-version":[{"id":403,"href":"https:\/\/blog.zhdk.ch\/edidactics\/wp-json\/wp\/v2\/pages\/257\/revisions\/403"}],"wp:attachment":[{"href":"https:\/\/blog.zhdk.ch\/edidactics\/wp-json\/wp\/v2\/media?parent=257"}],"curies":[{"name":"wp","href":"https:\/\/api.w.org\/{rel}","templated":true}]}}