{"id":3,"date":"2018-10-18T13:12:02","date_gmt":"2018-10-18T13:12:02","guid":{"rendered":"https:\/\/blog.zhdk.ch\/edidactics\/?page_id=2"},"modified":"2018-11-14T10:33:11","modified_gmt":"2018-11-14T10:33:11","slug":"home","status":"publish","type":"page","link":"https:\/\/blog.zhdk.ch\/edidactics\/","title":{"rendered":"Home"},"content":{"rendered":"<h1 style=\"text-align: center\">Freitag, 16. November 2018<\/h1>\n<h3 style=\"text-align: center\">Z\u00fcrcher Hochschule der K\u00fcnste<\/h3>\n<p>E-Learning ist in der akademischen Lehre gross angesagt. Die Fachrichtung Knowledge Visualization interessiert sich f\u00fcr die Konventionen und Entwicklungsperspektiven von Illustrationen &amp; Visualisierungen in diesem als interaktiven Lernmedium. Die Forschungsgruppe der Fachrichtung bereitet derzeit diese Thematik in einem Forschungsaufbauprojekt auf.<\/p>\n<p>Das Symposium <em><strong>Visual E-Didactics<\/strong><\/em> findet am <strong>Freitag 16.11.2018<\/strong> an der Z\u00fcrcher Hochschule der K\u00fcnste ZHdK (<a href=\"https:\/\/blog.zhdk.ch\/edidactics\/files\/2018\/11\/Wegbeschreibung.Kunstraum_5.K12.png\" target=\"_blank\" rel=\"noopener\"> Kunstraum, 5.K12<\/a> ) statt und bietet ein Zusammentreffen und einen Austausch von SpezialistInnen zum Thema \u00abBilder im E-Learning\u00bb \u2013 mit <strong>Projektpr\u00e4sentationen<\/strong> und einer <strong>Podiumsdiskussion<\/strong> mit dem Publikum. Mit dabei sind Paul&amp;Ella, Amboss, Ikonaut u.a.m.<\/p>\n<p>&nbsp;<\/p>\n<h3 style=\"text-align: center\">Anmeldung<\/h3>\n<p>Passend zur thematischen Ausrichtung, besteht die M\u00f6glichkeit auch virtuell am Symposium teilzunehmen. Ab 08:45h werden wir live mit dem Webinar online gehen. Mit wenigen Klicks k\u00f6nnen Interessierte am heimischen Computer, \u00fcber ein Tablet oder gar mit dem Smartphone den Vortr\u00e4gen lauschen und an der Diskussion teilnehmen. Hier ist Link zur Registrierung zum <a href=\"https:\/\/zhdk.zoom.us\/webinar\/register\/WN_LG-cteaPTrSZG51kzCZBLQ\" target=\"_blank\" rel=\"noopener\">Webinar<\/a> zu finden.<\/p>\n<p>Das Symposium ist \u00f6ffentlich. Interessierte G\u00e4ste (vor Ort) sind gebeten sich kurz per <a href=\"https:\/\/docs.google.com\/forms\/d\/e\/1FAIpQLSfxsZjm9TPIX_SqrfGTr-CMhbNArLyTEyFQ_O3WHSrHwB0nqw\/viewform\" target=\"_blank\" rel=\"noopener\">Formular<\/a> oder <a href=\"katharina.kant@zhdk.ch\" target=\"_blank\" rel=\"noopener\">Mail<\/a> anzumelden.<\/p>\n<p>&nbsp;<\/p>\n<p>&nbsp;<\/p>\n<p style=\"text-align: right\">Die auf dieser verwendeten Bilder wurden aus &#8222;Sobotta&#8217;s Human Anatomy&#8220; von Dr. Johannes Sobotta,1908 entnommen und weiterverarbeitet.<\/p>\n","protected":false},"excerpt":{"rendered":"<p>Freitag, 16. November 2018 Z\u00fcrcher Hochschule der K\u00fcnste E-Learning ist in der akademischen Lehre gross angesagt. Die Fachrichtung Knowledge Visualization interessiert sich f\u00fcr die Konventionen und Entwicklungsperspektiven von Illustrationen &amp; Visualisierungen in diesem als interaktiven Lernmedium. Die Forschungsgruppe der Fachrichtung bereitet derzeit diese Thematik in einem Forschungsaufbauprojekt auf. Das Symposium Visual E-Didactics findet am Freitag [&hellip;]<\/p>\n","protected":false},"author":2389,"featured_media":0,"parent":0,"menu_order":0,"comment_status":"closed","ping_status":"open","template":"","meta":{"footnotes":""},"class_list":["post-3","page","type-page","status-publish","czr-hentry"],"_links":{"self":[{"href":"https:\/\/blog.zhdk.ch\/edidactics\/wp-json\/wp\/v2\/pages\/3","targetHints":{"allow":["GET"]}}],"collection":[{"href":"https:\/\/blog.zhdk.ch\/edidactics\/wp-json\/wp\/v2\/pages"}],"about":[{"href":"https:\/\/blog.zhdk.ch\/edidactics\/wp-json\/wp\/v2\/types\/page"}],"author":[{"embeddable":true,"href":"https:\/\/blog.zhdk.ch\/edidactics\/wp-json\/wp\/v2\/users\/2389"}],"replies":[{"embeddable":true,"href":"https:\/\/blog.zhdk.ch\/edidactics\/wp-json\/wp\/v2\/comments?post=3"}],"version-history":[{"count":26,"href":"https:\/\/blog.zhdk.ch\/edidactics\/wp-json\/wp\/v2\/pages\/3\/revisions"}],"predecessor-version":[{"id":481,"href":"https:\/\/blog.zhdk.ch\/edidactics\/wp-json\/wp\/v2\/pages\/3\/revisions\/481"}],"wp:attachment":[{"href":"https:\/\/blog.zhdk.ch\/edidactics\/wp-json\/wp\/v2\/media?parent=3"}],"curies":[{"name":"wp","href":"https:\/\/api.w.org\/{rel}","templated":true}]}}