{"id":222,"date":"2023-01-27T09:58:11","date_gmt":"2023-01-27T08:58:11","guid":{"rendered":"https:\/\/blog.zhdk.ch\/environmentallisteningsessions\/?page_id=222"},"modified":"2023-02-07T20:36:41","modified_gmt":"2023-02-07T19:36:41","slug":"els-7-sihlwald","status":"publish","type":"page","link":"https:\/\/blog.zhdk.ch\/environmentallisteningsessions\/els-7-sihlwald\/","title":{"rendered":"ELS #7: Sihlwald"},"content":{"rendered":"\n<p>Welcome to the environmetal listening session #7. The students of the <a rel=\"noreferrer noopener\" href=\"https:\/\/blog.zhdk.ch\/klangundumwelt\/\" target=\"_blank\">Sound &amp; Environment<\/a> 2022\/23 fall semester&#8217;s course at <a rel=\"noreferrer noopener\" href=\"https:\/\/www.zhdk.ch\/en\/zurich-university-of-the-arts-1\" target=\"_blank\">ZHdK<\/a> worked at Sihlwald, a natural reserve at the border of the city of Zurich.<\/p>\n\n\n\n<figure class=\"wp-block-image size-large\"><img loading=\"lazy\" decoding=\"async\" width=\"1024\" height=\"768\" src=\"https:\/\/blog.zhdk.ch\/environmentallisteningsessions\/files\/2023\/01\/IMG_6412-1024x768.jpg\" alt=\"\" class=\"wp-image-230\" srcset=\"https:\/\/blog.zhdk.ch\/environmentallisteningsessions\/files\/2023\/01\/IMG_6412-1024x768.jpg 1024w, https:\/\/blog.zhdk.ch\/environmentallisteningsessions\/files\/2023\/01\/IMG_6412-300x225.jpg 300w, https:\/\/blog.zhdk.ch\/environmentallisteningsessions\/files\/2023\/01\/IMG_6412-768x576.jpg 768w, https:\/\/blog.zhdk.ch\/environmentallisteningsessions\/files\/2023\/01\/IMG_6412-1536x1152.jpg 1536w, https:\/\/blog.zhdk.ch\/environmentallisteningsessions\/files\/2023\/01\/IMG_6412-1140x855.jpg 1140w, https:\/\/blog.zhdk.ch\/environmentallisteningsessions\/files\/2023\/01\/IMG_6412.jpg 2016w\" sizes=\"auto, (max-width: 1024px) 100vw, 1024px\" \/><\/figure>\n\n\n\n<p>The <a href=\"https:\/\/www.wildnispark.ch\/en\/the-park\/sihlwald-nature-discovery-park\" target=\"_blank\" rel=\"noreferrer noopener\">Sihlwald<\/a> is a nature reserve of national significance. On 1 January 2010, the Federal Office for the Environment awarded the forest the national designation \u201cNature Discovery Park \u2013 Park of National Significance\u201d for a period of ten years.  <\/p>\n\n\n\n<p>The Sihlwald natural forest is made up of around 1,100 hectares of beech forest, which originally covered some 80 per cent of Central Europe. It represents a rare example of a large, original forest on the Swiss plateau.<\/p>\n\n\n\n<p>In autumn 2016 the <a rel=\"noreferrer noopener\" href=\"https:\/\/blog.zhdk.ch\/klangundumwelt\/files\/2022\/10\/Sihlwald_Wissenschaftlicher_Bericht_21_12_2018.pdf\" target=\"_blank\">\u00abBiodiversity and habitat structures in the Wildnispark Zurich Sihlwald: the establishment of an intensive natural forest study site\u00bb<\/a>&nbsp;project was launched. The project is the cornerstone for the long-term monitoring of biodiversity in the Sihlwald. The project focuses in particular on species linked to late forest development stages and deadwood. Biodiversity is presented on the basis of the inclusion of different taxonomic groups and is linked with forest structures. The project has as its basis the collaboration between the Forestry Department of the canton of Zurich\u2019s Office of Forests, Nature and Land Management, the Wildnispark Zurich Foundation, the University of Agricultural, Forestry and Food Sciences (HAFL) and the Swiss Federal Institute for Forest, Snow and Landscape Research (WSL). (Source: Wildnispark Zurich)<\/p>\n\n\n\n<figure class=\"wp-block-image size-large\"><img loading=\"lazy\" decoding=\"async\" width=\"1024\" height=\"768\" src=\"https:\/\/blog.zhdk.ch\/environmentallisteningsessions\/files\/2023\/01\/IMG_3211-1024x768.jpg\" alt=\"\" class=\"wp-image-232\" srcset=\"https:\/\/blog.zhdk.ch\/environmentallisteningsessions\/files\/2023\/01\/IMG_3211-1024x768.jpg 1024w, https:\/\/blog.zhdk.ch\/environmentallisteningsessions\/files\/2023\/01\/IMG_3211-300x225.jpg 300w, https:\/\/blog.zhdk.ch\/environmentallisteningsessions\/files\/2023\/01\/IMG_3211-768x576.jpg 768w, https:\/\/blog.zhdk.ch\/environmentallisteningsessions\/files\/2023\/01\/IMG_3211-1536x1152.jpg 1536w, https:\/\/blog.zhdk.ch\/environmentallisteningsessions\/files\/2023\/01\/IMG_3211-1140x855.jpg 1140w, https:\/\/blog.zhdk.ch\/environmentallisteningsessions\/files\/2023\/01\/IMG_3211.jpg 2016w\" sizes=\"auto, (max-width: 1024px) 100vw, 1024px\" \/><figcaption class=\"wp-element-caption\">Ronald Schmidt of Wildnispark Sihlwald introduces to the perimeter.<\/figcaption><\/figure>\n\n\n\n<p>As part of our course, we observed four locations in the forest acoustically with automatic and individual recorders during several days and conducted sonification experiments with meteorological data from the Sihlwald. This resulted in sound works that we would like to present in this session. Our <a rel=\"noreferrer noopener\" href=\"https:\/\/soundmap.kentai.ch\/\" target=\"_blank\">sound map<\/a> of Zurich and the surrounding area has also been expanded to include the Sihlwald &#8211; we will continue to work on this next semester:<\/p>\n\n\n\n<figure class=\"wp-block-image size-large\"><a href=\"https:\/\/soundmap.kentai.ch\/\" target=\"_blank\" rel=\"noreferrer noopener\"><img loading=\"lazy\" decoding=\"async\" width=\"1024\" height=\"741\" src=\"https:\/\/blog.zhdk.ch\/environmentallisteningsessions\/files\/2023\/01\/Screenshot-2023-01-27-092122-1024x741.jpg\" alt=\"\" class=\"wp-image-226\" srcset=\"https:\/\/blog.zhdk.ch\/environmentallisteningsessions\/files\/2023\/01\/Screenshot-2023-01-27-092122-1024x741.jpg 1024w, https:\/\/blog.zhdk.ch\/environmentallisteningsessions\/files\/2023\/01\/Screenshot-2023-01-27-092122-300x217.jpg 300w, https:\/\/blog.zhdk.ch\/environmentallisteningsessions\/files\/2023\/01\/Screenshot-2023-01-27-092122-768x556.jpg 768w, https:\/\/blog.zhdk.ch\/environmentallisteningsessions\/files\/2023\/01\/Screenshot-2023-01-27-092122-1140x825.jpg 1140w, https:\/\/blog.zhdk.ch\/environmentallisteningsessions\/files\/2023\/01\/Screenshot-2023-01-27-092122.jpg 1153w\" sizes=\"auto, (max-width: 1024px) 100vw, 1024px\" \/><\/a><figcaption class=\"wp-element-caption\">Soundmap of Sihlwald as of end semester 2023.<\/figcaption><\/figure>\n\n\n\n<p>Once you have navigated to the <a href=\"https:\/\/soundmap.kentai.ch\/\" target=\"_blank\" rel=\"noreferrer noopener\">map<\/a>, please load a map or satellite image from the top right menu and navigate to Zurich. In the south at the Sihl river lies the Sihlwald &#8211; click on the corresponding point in the map and listen to our field recordings.<\/p>\n\n\n\n<p>We would like to express our sincere thanks for the support and scientific assistance to Ronald Schmidt at <a href=\"https:\/\/www.wildnispark.ch\/de\/der-park\/naturerlebnispark-sihlwald\" target=\"_blank\" rel=\"noreferrer noopener\">Wildnispark Sihwald<\/a> and Elena Haeler at <a href=\"https:\/\/www.wsl.ch\/de\/index.html\" target=\"_blank\" rel=\"noreferrer noopener\">WSL Birmensdorf.<\/a><\/p>\n\n\n\n<hr class=\"wp-block-separator has-alpha-channel-opacity\" \/>\n\n\n\n<p><strong>Works<\/strong><\/p>\n\n\n\n<figure class=\"wp-block-audio\"><audio controls src=\"https:\/\/blog.zhdk.ch\/environmentallisteningsessions\/files\/2023\/02\/silent-listener-2_01.mp3\"><\/audio><figcaption class=\"wp-element-caption\">Xenia Landolf <strong>silent listener<\/strong><\/figcaption><\/figure>\n\n\n\n<figure class=\"wp-block-image size-large\"><img loading=\"lazy\" decoding=\"async\" width=\"1024\" height=\"1024\" src=\"https:\/\/blog.zhdk.ch\/environmentallisteningsessions\/files\/2023\/01\/tree-1024x1024.jpg\" alt=\"\" class=\"wp-image-236\" srcset=\"https:\/\/blog.zhdk.ch\/environmentallisteningsessions\/files\/2023\/01\/tree-1024x1024.jpg 1024w, https:\/\/blog.zhdk.ch\/environmentallisteningsessions\/files\/2023\/01\/tree-300x300.jpg 300w, https:\/\/blog.zhdk.ch\/environmentallisteningsessions\/files\/2023\/01\/tree-150x150.jpg 150w, https:\/\/blog.zhdk.ch\/environmentallisteningsessions\/files\/2023\/01\/tree-768x768.jpg 768w, https:\/\/blog.zhdk.ch\/environmentallisteningsessions\/files\/2023\/01\/tree-1536x1536.jpg 1536w, https:\/\/blog.zhdk.ch\/environmentallisteningsessions\/files\/2023\/01\/tree-2048x2048.jpg 2048w, https:\/\/blog.zhdk.ch\/environmentallisteningsessions\/files\/2023\/01\/tree-1140x1140.jpg 1140w\" sizes=\"auto, (max-width: 1024px) 100vw, 1024px\" \/><\/figure>\n\n\n\n<p><em>silent listener<\/em> is a composition based on two field recordings from Sihlwald. For focusing on the acoustic environment of one individual tree, two different sound recorders were placed near its trunk. One recorder captured the atmosphere above the ground, the other was put into the soil of the trees cave, simultaneously recording what lives under the tree, between its roots in the depth of the soil.<\/p>\n\n\n\n<p><br>Through its structure a landscape has distinct sonic patches in which different sonic characters can be recognized. Reaching from the deepest roots to the highest branches, a tree is a link between such patches, a gateway between different realms &#8211; the aerial and the chthonic, the for us perceptible world and a unknown, mystical one.<\/p>\n\n\n\n<p><br>By connecting these distinct sonotopes, the result is an attempt to capture the entire soundscape a tree is exposed to, or metaphorically a short impression to what a tree listens to. As organisms with completely different perception and temporality, we can only fantasize about how the tree perceives its environment. As silent listener one is invited to do so and immerse into this different perspective.<\/p>\n\n\n\n<hr class=\"wp-block-separator has-alpha-channel-opacity\" \/>\n\n\n\n<figure class=\"wp-block-audio\"><audio controls src=\"https:\/\/blog.zhdk.ch\/environmentallisteningsessions\/files\/2023\/01\/Sound-Environment-Voices-of-Sihlwald_01.mp3\"><\/audio><figcaption class=\"wp-element-caption\">Livia Zumofen<strong> voices of Sihlwald<\/strong><\/figcaption><\/figure>\n\n\n\n<figure class=\"wp-block-image size-large\"><img loading=\"lazy\" decoding=\"async\" width=\"768\" height=\"1024\" src=\"https:\/\/blog.zhdk.ch\/environmentallisteningsessions\/files\/2023\/01\/IMG_3212-768x1024.jpg\" alt=\"\" class=\"wp-image-246\" srcset=\"https:\/\/blog.zhdk.ch\/environmentallisteningsessions\/files\/2023\/01\/IMG_3212-768x1024.jpg 768w, https:\/\/blog.zhdk.ch\/environmentallisteningsessions\/files\/2023\/01\/IMG_3212-225x300.jpg 225w, https:\/\/blog.zhdk.ch\/environmentallisteningsessions\/files\/2023\/01\/IMG_3212-1152x1536.jpg 1152w, https:\/\/blog.zhdk.ch\/environmentallisteningsessions\/files\/2023\/01\/IMG_3212-1140x1520.jpg 1140w, https:\/\/blog.zhdk.ch\/environmentallisteningsessions\/files\/2023\/01\/IMG_3212-rotated.jpg 1512w\" sizes=\"auto, (max-width: 768px) 100vw, 768px\" \/><\/figure>\n\n\n\n<p>The Silwald is a nature discovery park in close proximity to the city of Zurich and a nature conservation area of national significance. It\u2019s evolving into a natural forest without human interference in it\u2019s own pace, in it\u2019s own rhythm. Undisturbed habitats for animals and plants are thus created close to the city, and yet the presence of humans can be heard in almost every moment of every day.<\/p>\n\n\n\n<p><br>The soundscape composition <em>Voices of Sihlwald <\/em>takes you on a walk through the Sihlwald in 24 hours to experience the unique soundscape of an area of mixed beech forest deep in the Sihlwald down to the entrance of the nature discovery park, laying close to railway tracks, a motorway and the airport of Zurich. <\/p>\n\n\n\n<p>Field recordings were taken in the Sihlwald and in Langnau-Gattikon in October 2022. <\/p>\n\n\n\n<hr class=\"wp-block-separator has-alpha-channel-opacity\" \/>\n\n\n\n<figure class=\"wp-block-audio\"><audio controls src=\"https:\/\/blog.zhdk.ch\/environmentallisteningsessions\/files\/2023\/01\/chiome_01.mp3\"><\/audio><figcaption class=\"wp-element-caption\">Manolo M\u00fcller <strong>Chiome<\/strong><\/figcaption><\/figure>\n\n\n\n<figure class=\"wp-block-image size-large\"><img loading=\"lazy\" decoding=\"async\" width=\"1024\" height=\"768\" src=\"https:\/\/blog.zhdk.ch\/environmentallisteningsessions\/files\/2023\/01\/IMG_6212-1024x768.jpg\" alt=\"\" class=\"wp-image-280\" srcset=\"https:\/\/blog.zhdk.ch\/environmentallisteningsessions\/files\/2023\/01\/IMG_6212-1024x768.jpg 1024w, https:\/\/blog.zhdk.ch\/environmentallisteningsessions\/files\/2023\/01\/IMG_6212-300x225.jpg 300w, https:\/\/blog.zhdk.ch\/environmentallisteningsessions\/files\/2023\/01\/IMG_6212-768x576.jpg 768w, https:\/\/blog.zhdk.ch\/environmentallisteningsessions\/files\/2023\/01\/IMG_6212-1536x1152.jpg 1536w, https:\/\/blog.zhdk.ch\/environmentallisteningsessions\/files\/2023\/01\/IMG_6212-2048x1536.jpg 2048w, https:\/\/blog.zhdk.ch\/environmentallisteningsessions\/files\/2023\/01\/IMG_6212-1140x855.jpg 1140w\" sizes=\"auto, (max-width: 1024px) 100vw, 1024px\" \/><\/figure>\n\n\n\n<p>The basis of this piece were recordings made in Sihlwald, Z\u00fcrich as well as tree data<br>collected on nearby \u00dcetliberg in October 2022. The musical material unfolds in quite a simple way: by stepping through each sample point of data, the otherwise fixed layers of sinusoids, field recordings and looping chimes are articulated quite clearly through change in frequency, amplitude or spatial depth. Navigating the data and mixing the layers together was performed live, giving rise to a simple three stage structure.<\/p>\n\n\n\n<p><br>Aesthetically, this piece presents a blend of artificial reality and pseudo-scientific<br>pragmatism. The quick-and-dirty mapping of arbitrary data to frequencies of sine waves seems to me quite a good match with the naive musical associations of the wind chimes.<\/p>\n\n\n\n<hr class=\"wp-block-separator has-alpha-channel-opacity\" \/>\n\n\n\n<figure class=\"wp-block-video\"><video height=\"1474\" style=\"aspect-ratio: 2268 \/ 1474;\" width=\"2268\" controls src=\"https:\/\/blog.zhdk.ch\/environmentallisteningsessions\/files\/2023\/02\/notierte_unverfu\u0308gbarkeit_NoraSobbe_kompr.mp4\"><\/video><figcaption class=\"wp-element-caption\">Nora Sobbe <strong>Notierte Unverf\u00fcgbarkeiten<\/strong> (Skizze)<\/figcaption><\/figure>\n\n\n\n<p>Hartmut Rosa bestimmt Kriterien, die ein Gegen\u00fcber mit sich bringen muss, damit wir uns in einer gl\u00fcckenden Beziehung, und das gelte sogar f\u00fcr eine \u201egelingende Weltbeziehung\u201c, w\u00e4hnen k\u00f6nnen: \u201e[e]in Gegen\u00fcber muss in irgendeiner Form erreichbar sein, es muss m\u00f6glich sein, mit ihm in ein Antwortverh\u00e4ltnis zu treten, das nicht erratisch, also komplett zuf\u00e4llig, ist, das aber auch nicht vollst\u00e4ndig kontrollierbar ist [\u2026]\u201c. Der Chance solcher Beziehungen berauben<sup> 1<\/sup>  wir uns in dem Moment, so Rosa, in dem \u201edie Sehnsucht nach (stets ergebnisoffener) Erreichbarkeit der Welt in das Verlangen nach (sicherer) Verf\u00fcgbarkeit transformiert [wird]\u201c<sup>2<\/sup>. <\/p>\n\n\n\n<p>M\u00f6glicherweise lie\u00dfe sich das Seminar \u201eKlang und Umwelt\u201c als Exkursion in das Ph\u00e4nomen der Unverf\u00fcgbarkeit beschreiben, die teils \u00fcberrascht, wenn das Hydrophon nach Power lechzt, bevor es vom sound des Unterwasser spricht oder aber konstitutiv ein Verh\u00e4ltnis beschreibt, in dem unser Gegen\u00fcber erst dann auflebt, wenn wir eben abwesend sind. Ich will nicht l\u00e4nger auf das erste Beispiel eines Moments der Unverf\u00fcgbarkeit fokussieren, in dem ein technisches Tool, das Hydrophon, uns sound eines Sumpfgebietes vorenthalten hat, weil wir die zugeh\u00f6rige Powerbank vergessen hatten. Vielmehr soll es um dieses zweite Moment einer Unverf\u00fcgbarkeit gehen, das beispielsweise die Kernzone des Sihlwalds, die nur auf vorgegebenen Wegen betreten werden darf, beschreibt, oder mit dem \u00fcber Streifz\u00fcge von Tieren nachgedacht werden kann, denen wir uns nur abwesend, mithilfe von Langzeit-Recordern n\u00e4hern k\u00f6nnen. Entsprechende Wildlife Acoustics Recorder haben wir an Orten des Sihlwalds platziert, die je repr\u00e4sentativ f\u00fcr eine bestimmte Formation des Waldes schienen: zum Beispiel bestimmten wir einen Totholzstandort oder einen Ort, an dem vorwiegend Fichten standen. Nach ein paar Tagen, in denen die Langzeitrecorder im Intervall von einer Stunde 5-min\u00fctige Aufnahmen gemacht hatten, sammelten wir sie wieder ein und begannen, uns mit Datenanalyse auseinanderzusetzen. Zwar hatten wir eine Menge an Soundmaterial auf unseren SD-Karten konserviert, aber noch schienen sich uns die akustisch aussagekr\u00e4ftigen Ereignisse nicht zu offenbaren. Aus einer Menge Datenmaterial ermittelten wir einen Zeitraum, in dem Audiosignale nicht von Regenf\u00e4llen \u00fcbert\u00f6nt wurden. Anschlie\u00dfend berechneten wir mit einer Formel den ACI, den Acoustic Complexity Index, mithilfe dessen sich die Amplitudenver\u00e4nderung in Zeit f\u00fcr spezifische Frequenzb\u00e4nder bestimmen l\u00e4sst. Davon ausgehend l\u00e4sst sich dann wiederum bestimmen, zu welchem Zeitpunkt einer Aufnahme viel Fluktuation innerhalb von Frequenzb\u00e4ndern (jetzt nicht mehr ein spezifisches betreffend) stattgefunden hat und wann dagegen eher konstante sounds aufgezeichnet wurden. L\u00e4sst sich bei konstanten Ger\u00e4uschen auf anthrophone Ursachen oder geophonische Ph\u00e4nome schlie\u00dfen, so weisen hohe Amplitudenver\u00e4nderungen auf biophonische Ereignisse hin. <sup>3<\/sup> <\/p>\n\n\n\n<p>Nachdem wir die Peaks graphischer Darstellungen des ACI-Verlaufs in der Zeit und verschiedene Standortaufnahmen betreffend ermittelt hatten, folgte unserem erwartungsvollen Hineinh\u00f6ren in die zugeh\u00f6rigen soundfiles nicht selten ein Irritationsmoment oder auch Ern\u00fcchterung, wenn uns die Aufnahme erstaunlich unaufgeregt begegnete. Wieder war es vielleicht ein Moment der Unverf\u00fcgbarkeit, das sich ereignete: diesmal schien sich die Offenbarung des beinahe Verf\u00fcgbaren, das wir soeben graphisch fassbar und doch geradezu arretiert hatten, zu entziehen.<\/p>\n\n\n\n<p><br>Meine Bildschirmaufnahme ist die Skizze einer, von m\u00f6glicherweise zuk\u00fcnftig mehreren notierten Unverf\u00fcgbarkeiten. Ich habe die Daten des ACI-Indexes im Zeitraum von 24h sonifiziert und mit einem Objekt verkn\u00fcpft, das sich n\u00e4hesensitiv, bei Ann\u00e4herung an die Laptopkamera visuell und auditiv der Betrachter*in entzieht. Das Setting ist f\u00fcr eine Ausstellungssituation konzipiert, in der die Konstellation (\u00e4hnlich wie es bei Lichtschranken vor Museumsobjekten im White Cube h\u00e4ufig ganz beil\u00e4ufig passiert) N\u00e4he und Distanz | Verf\u00fcgbarkeit und Unverf\u00fcgbarkeit im Prozess des sich Inbeziehungsetzens auslotet. <\/p>\n\n\n\n<p>F\u00fcr Hartmut Rosa w\u00fcrde die notierte Unverf\u00fcgbarkeit wohl kaum seinem Verst\u00e4ndnis der \u201equalifizierten Unverf\u00fcgbarkeit\u201c gerecht werden, die er von der blo\u00df \u201eerratischen Unverf\u00fcgbarkeit\u201c abgrenzt. Vermag es nur die \u201equalifizierte Unverf\u00fcgbarkeit\u201c, so Rosa, ein Resonanzverh\u00e4ltnis vorzubereiten, indem sie das Gegen\u00fcber responsiv begegnen l\u00e4sst, so z\u00e4hlen f\u00fcr ihn Maschinen wie Tablets und Computer zu Initianten der \u201eerratischen Unverf\u00fcgbarkeit\u201c: in solchen Beziehungen verblieben wir mit \u201eFrust und bisweilen blinde[r] Wut\u201c, wenn sich \u201eResonanzsimulation und \u201ablind[e]\u2018 oder \u201astumm[e]\u2018 Widersetzlichkeit\u201c nicht die Waage hielten. Ich w\u00fcrde dieser kategorialen Aufteilung von Responsivem <sup>4<\/sup> und maschinell Erratischem gerne Suzanne Cianis Beschreibung ihrer Begegnung mit dem Buchla-Synthesizer gegen\u00fcberstellen: \u201eEs ist wie die Beziehung zu einem Menschen. Man muss den anderen erstmal kennenlernen. Man experimentiert. Aber der Buchla reagiert prompt. Und daraus entsteht eine Vertrautheit. Du machst das und er das. Du lernst mit ihm zu interagieren.\u201c<sup>5<\/sup> Vielleicht lie\u00dfen sich \u201eerratische\u201c und \u201equalifizierte Unverf\u00fcgbarkeit\u201c vielmehr graduell differenzieren, sodass Unverf\u00fcgbarkeit m\u00f6glicherweise als eine Form von Agency auch von maschinellen Objekten in spezifischen Konstellationen beansprucht werden k\u00f6nnte.<\/p>\n\n\n\n<p>1 Hartmut Rosa, Unverf\u00fcgbarkeit, Wien 2019, S. 120.<br>2 Ebd.<br>3 Vgl. Almo Farina, Soundscape Ecology, London 2014, S. 244-246.<br>4 Vgl. Hartmut Rosa, Unverf\u00fcgbarkeit, Wien 2019, S. 56.<br>5 Arte TRACKS, \u201eSuzanne Ciani\u201c, unter: <a href=\"https:\/\/www.youtube.com\/watch?v=bFymP0PujmY\" target=\"_blank\" rel=\"noreferrer noopener\">https:\/\/www.youtube.com\/watch?v=bFymP0PujmY<\/a> , 3:50min-4:15min (03.02.2023).<\/p>\n\n\n\n<hr class=\"wp-block-separator has-alpha-channel-opacity\" \/>\n\n\n\n<figure class=\"wp-block-audio\"><audio controls src=\"https:\/\/blog.zhdk.ch\/environmentallisteningsessions\/files\/2023\/01\/Invisible-Technology-Lara-Baucker_01.mp3\"><\/audio><figcaption class=\"wp-element-caption\">Lara B\u00e4ucker <strong>Invisible Technology &#8211; Kl\u00e4nge aus dem Sihlwald<\/strong><\/figcaption><\/figure>\n\n\n\n<figure class=\"wp-block-image size-large\"><img loading=\"lazy\" decoding=\"async\" width=\"1024\" height=\"754\" src=\"https:\/\/blog.zhdk.ch\/environmentallisteningsessions\/files\/2023\/02\/IMG_0832-1024x754.jpg\" alt=\"\" class=\"wp-image-311\" srcset=\"https:\/\/blog.zhdk.ch\/environmentallisteningsessions\/files\/2023\/02\/IMG_0832-1024x754.jpg 1024w, https:\/\/blog.zhdk.ch\/environmentallisteningsessions\/files\/2023\/02\/IMG_0832-300x221.jpg 300w, https:\/\/blog.zhdk.ch\/environmentallisteningsessions\/files\/2023\/02\/IMG_0832-768x566.jpg 768w, https:\/\/blog.zhdk.ch\/environmentallisteningsessions\/files\/2023\/02\/IMG_0832-1536x1131.jpg 1536w, https:\/\/blog.zhdk.ch\/environmentallisteningsessions\/files\/2023\/02\/IMG_0832-2048x1509.jpg 2048w, https:\/\/blog.zhdk.ch\/environmentallisteningsessions\/files\/2023\/02\/IMG_0832-1140x840.jpg 1140w\" sizes=\"auto, (max-width: 1024px) 100vw, 1024px\" \/><\/figure>\n\n\n\n<p>Was k\u00f6nnen wir h\u00f6ren und sehen wenn wir in den Wald kommen? Und wie werden die Eindr\u00fccke in unserem Gehirn und von Aufnahmeger\u00e4ten geformt und gefiltert?<\/p>\n\n\n\n<p>\u201eInvisible Technology\u201c dreht sich um genau das &#8211; die Unsichtbare Technologie der Flugzeuge \u00fcber dem Sihlwald, welche mit einer ganz eigenen (und durchaus sch\u00f6nen) Klangqualit\u00e4t pr\u00e4sent sind. Wir sehen sie aber h\u00e4ufig nicht, und noch viel \u00f6fter nehmen wir sie nicht wahr. Erst im Moment des Abh\u00f6rens der Aufnahme wird uns bewusst wie allgegenw\u00e4rtig dieser L\u00e4rm ist.<\/p>\n\n\n\n<p>Genauso unsichtbar bleibt f\u00fcr die Zuh\u00f6renden die Funktionsweise des Aufnahmeger\u00e4tes und der digitalen Klangbearbeitung. In meinem St\u00fcck verzerre ich die Aufnahmen und zerbr\u00f6sel die Sample durch Streckung. Es entstehen ganz andere neue Kl\u00e4nge, wenn der Computer in diesem Verfahren an die Grenzen seiner Darstellungsm\u00f6glichkeiten von Klang kommt und seine Materialit\u00e4t entlarvt wird. Es bleibt das entfremdete Gef\u00fchl einer technologischen Pr\u00e4senz, ohne diese genau orten zu k\u00f6nnen.<\/p>\n\n\n\n<p>Mein St\u00fcck thematisiert das Anthropoz\u00e4n und zeigt auf, wie drastisch wir auch die akustische Unwelt pr\u00e4gen. Ein zweiter Punkt ist die Intransparenz von Technik, die Black Box der technischen Ger\u00e4te, mit denen wir immer mehr unseren Zugang zur Umwelt und unsere Interaktion mit anderen und dem Planeten gestalten.&nbsp;<\/p>\n\n\n\n<hr class=\"wp-block-separator has-alpha-channel-opacity\" \/>\n","protected":false},"excerpt":{"rendered":"<p class=\"post-excerpt\">Welcome to the environmetal listening session #7. The students of the Sound &amp; Environment 2022\/23 fall semester&#8217;s course at ZHdK&#8230;<\/p>\n","protected":false},"author":515,"featured_media":0,"parent":0,"menu_order":0,"comment_status":"closed","ping_status":"closed","template":"","meta":{"footnotes":""},"class_list":["post-222","page","type-page","status-publish","hentry"],"_links":{"self":[{"href":"https:\/\/blog.zhdk.ch\/environmentallisteningsessions\/wp-json\/wp\/v2\/pages\/222","targetHints":{"allow":["GET"]}}],"collection":[{"href":"https:\/\/blog.zhdk.ch\/environmentallisteningsessions\/wp-json\/wp\/v2\/pages"}],"about":[{"href":"https:\/\/blog.zhdk.ch\/environmentallisteningsessions\/wp-json\/wp\/v2\/types\/page"}],"author":[{"embeddable":true,"href":"https:\/\/blog.zhdk.ch\/environmentallisteningsessions\/wp-json\/wp\/v2\/users\/515"}],"replies":[{"embeddable":true,"href":"https:\/\/blog.zhdk.ch\/environmentallisteningsessions\/wp-json\/wp\/v2\/comments?post=222"}],"version-history":[{"count":15,"href":"https:\/\/blog.zhdk.ch\/environmentallisteningsessions\/wp-json\/wp\/v2\/pages\/222\/revisions"}],"predecessor-version":[{"id":313,"href":"https:\/\/blog.zhdk.ch\/environmentallisteningsessions\/wp-json\/wp\/v2\/pages\/222\/revisions\/313"}],"wp:attachment":[{"href":"https:\/\/blog.zhdk.ch\/environmentallisteningsessions\/wp-json\/wp\/v2\/media?parent=222"}],"curies":[{"name":"wp","href":"https:\/\/api.w.org\/{rel}","templated":true}]}}