{"id":317,"date":"2023-07-04T12:57:25","date_gmt":"2023-07-04T11:57:25","guid":{"rendered":"https:\/\/blog.zhdk.ch\/environmentallisteningsessions\/?page_id=317"},"modified":"2023-07-10T16:13:02","modified_gmt":"2023-07-10T15:13:02","slug":"els-8-sihlwald-2","status":"publish","type":"page","link":"https:\/\/blog.zhdk.ch\/environmentallisteningsessions\/els-8-sihlwald-2\/","title":{"rendered":"ELS #8: Sihlwald 2"},"content":{"rendered":"\n<p>Welcome to the environmetal listening session #8. The students of the <a rel=\"noreferrer noopener\" href=\"https:\/\/blog.zhdk.ch\/klangundumwelt\/\" target=\"_blank\">Sound &amp; Environment<\/a> 2023 spring semester&#8217;s course at <a rel=\"noreferrer noopener\" href=\"https:\/\/www.zhdk.ch\/en\/zurich-university-of-the-arts-1\" target=\"_blank\">ZHdK<\/a> worked again at Sihlwald, a natural reserve at the border of the city of Zurich. The soundmap has been extended and new works have been created.<\/p>\n\n\n\n<figure class=\"wp-block-image size-large\"><img loading=\"lazy\" decoding=\"async\" width=\"768\" height=\"1024\" src=\"https:\/\/blog.zhdk.ch\/environmentallisteningsessions\/files\/2023\/07\/IMG_4208-768x1024.jpg\" alt=\"\" class=\"wp-image-323\" srcset=\"https:\/\/blog.zhdk.ch\/environmentallisteningsessions\/files\/2023\/07\/IMG_4208-768x1024.jpg 768w, https:\/\/blog.zhdk.ch\/environmentallisteningsessions\/files\/2023\/07\/IMG_4208-225x300.jpg 225w, https:\/\/blog.zhdk.ch\/environmentallisteningsessions\/files\/2023\/07\/IMG_4208-1152x1536.jpg 1152w, https:\/\/blog.zhdk.ch\/environmentallisteningsessions\/files\/2023\/07\/IMG_4208-1140x1520.jpg 1140w, https:\/\/blog.zhdk.ch\/environmentallisteningsessions\/files\/2023\/07\/IMG_4208-rotated.jpg 1512w\" sizes=\"auto, (max-width: 768px) 100vw, 768px\" \/><\/figure>\n\n\n\n<p><\/p>\n\n\n\n<p><strong>Sound map<\/strong> <\/p>\n\n\n\n<figure class=\"wp-block-image size-large is-resized\"><a href=\"https:\/\/soundmap.kentai.ch\/\" target=\"_blank\" rel=\"noreferrer noopener\"><img loading=\"lazy\" decoding=\"async\" src=\"https:\/\/blog.zhdk.ch\/environmentallisteningsessions\/files\/2023\/01\/Screenshot-2023-01-27-092122-1024x741.jpg\" alt=\"\" class=\"wp-image-226\" width=\"700\" height=\"506\" srcset=\"https:\/\/blog.zhdk.ch\/environmentallisteningsessions\/files\/2023\/01\/Screenshot-2023-01-27-092122-1024x741.jpg 1024w, https:\/\/blog.zhdk.ch\/environmentallisteningsessions\/files\/2023\/01\/Screenshot-2023-01-27-092122-300x217.jpg 300w, https:\/\/blog.zhdk.ch\/environmentallisteningsessions\/files\/2023\/01\/Screenshot-2023-01-27-092122-768x556.jpg 768w, https:\/\/blog.zhdk.ch\/environmentallisteningsessions\/files\/2023\/01\/Screenshot-2023-01-27-092122-1140x825.jpg 1140w, https:\/\/blog.zhdk.ch\/environmentallisteningsessions\/files\/2023\/01\/Screenshot-2023-01-27-092122.jpg 1153w\" sizes=\"auto, (max-width: 700px) 100vw, 700px\" \/><\/a><figcaption class=\"wp-element-caption\">Sound map of Sihlwald as of end semester 2023.<\/figcaption><\/figure>\n\n\n\n<p>Once you have navigated to the <a href=\"https:\/\/soundmap.kentai.ch\/\" target=\"_blank\" rel=\"noreferrer noopener\">map<\/a>, please load a map or satellite image from the top right menu and navigate to Zurich. In the south at the Sihl river lies the Sihlwald &#8211; click on the corresponding point in the map and listen to our field recordings.<\/p>\n\n\n\n<p>We would like to express our sincere thanks for the support and scientific assistance to Ronald Schmidt at <a rel=\"noreferrer noopener\" href=\"https:\/\/www.wildnispark.ch\/de\/der-park\/naturerlebnispark-sihlwald\" target=\"_blank\">Wildnispark Sihwald<\/a> and Elena Haeler at <a rel=\"noreferrer noopener\" href=\"https:\/\/www.wsl.ch\/de\/index.html\" target=\"_blank\">WSL Birmensdorf.<\/a><\/p>\n\n\n\n<p><\/p>\n\n\n\n<p><strong>Works<\/strong><\/p>\n\n\n\n<figure class=\"wp-block-audio\"><audio controls src=\"https:\/\/blog.zhdk.ch\/environmentallisteningsessions\/files\/2023\/07\/Locus-Amoenus-Mari\u0301a-Luisa-Project.mp3\"><\/audio><figcaption class=\"wp-element-caption\">Mar\u00eda Luisa Cuenca Arr\u00e1ez:&nbsp;<strong><em>Locus Amoenus&nbsp;<\/em><\/strong><\/figcaption><\/figure>\n\n\n\n<figure class=\"wp-block-image size-large\"><img loading=\"lazy\" decoding=\"async\" width=\"768\" height=\"1024\" src=\"https:\/\/blog.zhdk.ch\/environmentallisteningsessions\/files\/2023\/07\/Sihlwald-Picture-768x1024.jpg\" alt=\"\" class=\"wp-image-337\" srcset=\"https:\/\/blog.zhdk.ch\/environmentallisteningsessions\/files\/2023\/07\/Sihlwald-Picture-768x1024.jpg 768w, https:\/\/blog.zhdk.ch\/environmentallisteningsessions\/files\/2023\/07\/Sihlwald-Picture-225x300.jpg 225w, https:\/\/blog.zhdk.ch\/environmentallisteningsessions\/files\/2023\/07\/Sihlwald-Picture-1152x1536.jpg 1152w, https:\/\/blog.zhdk.ch\/environmentallisteningsessions\/files\/2023\/07\/Sihlwald-Picture-1536x2048.jpg 1536w, https:\/\/blog.zhdk.ch\/environmentallisteningsessions\/files\/2023\/07\/Sihlwald-Picture-1140x1520.jpg 1140w, https:\/\/blog.zhdk.ch\/environmentallisteningsessions\/files\/2023\/07\/Sihlwald-Picture-scaled.jpg 1920w\" sizes=\"auto, (max-width: 768px) 100vw, 768px\" \/><\/figure>\n\n\n\n<p>&nbsp;<em>Locus Amoenus<\/em>, in latin \u201cpleasant place\u201d, is a literary topos that describes an idyllic place, generally in the nature, that connects with the feelings of the poet. From the Roman Empire times until the 16th century, it was considered a nuclear motif for nature descriptions. The <em>locus amoenus <\/em>was introduced in Spanish literature thanks to the writer from the Renaissance Garcilaso de la Vega, whos main inspiration were the poems by classic Italian poet Francesco Petrarca.&nbsp;<\/p>\n\n\n\n<p>The <em>locus amoenus <\/em>has changed through history, going from the bucolic idealism of the Renaissance, the shadows and wildness of the Romanticism to the urban spaces in the 19th Century. It is a timeless topos in the literature.&nbsp;<\/p>\n\n\n\n<p>I chose a poem by Spanish poet from the 20th Century Antonio Machado. It belongs to his work <em>Soledades<\/em>; a collection of poems from 1903, whose main topics were the loneliness, the course of time and the searching of happiness and identity. All of this topics are presented in <em>Hacia un ocaso radiante<\/em>, the XIII poem of <em>Soledades<\/em>\u00b8 all presented under the <em>locus amoenus<\/em>, that is, describing elements of the nature (the sky, the trees, the birds, the water\u2026) that match with the poet\u2019s soul and feelings.&nbsp;<\/p>\n\n\n\n<p><em>Locus Amoenus <\/em>is for me a simple experiment with my voice. The idea was to create a big contrast between the nature sounds and the most altered sounds of the voice, which is also the most natural instrument. My willing was make the words and sounds more and more incomprehensible as the repetition of the poem goes on, adding filters, layers of voices, changing the speed\u2026 Nevertheless, the sound of then nature keeps unaltered.&nbsp;<\/p>\n\n\n\n<p>In the personal aspect, this piece is a metaphor to illustrate how I can deal with overthinking, how my thoughts become more and more blurry while everything keeps quiet.&nbsp;<\/p>\n\n\n\n<p>The original poem and its translation follows behind:&nbsp;<\/p>\n\n\n\n<p>XIII&nbsp;<\/p>\n\n\n\n<p>Hacia un ocaso radiante&nbsp;<\/p>\n\n\n\n<p>caminaba el sol de est\u00edo,&nbsp;<\/p>\n\n\n\n<p>y era entre nubes de fuego, una trompeta gigante&nbsp;<\/p>\n\n\n\n<p>tras de los \u00e1lamos verdes de las m\u00e1rgenes del r\u00edo.&nbsp;<\/p>\n\n\n\n<p>Dentro de un olmo sonaba la sempiterna tijera&nbsp;<\/p>\n\n\n\n<p>de la cigarra cantora, el monorritmo jovial,&nbsp;<\/p>\n\n\n\n<p>entre metal y madera,&nbsp;<\/p>\n\n\n\n<p>que es la canci\u00f3n estival.&nbsp;<\/p>\n\n\n\n<p>En una huerta sombr\u00eda&nbsp;<\/p>\n\n\n\n<p>giraban los cangilones de la noria so\u00f1olienta.&nbsp;<\/p>\n\n\n\n<p>Bajo las ramas obscuras el son del agua se o\u00eda.&nbsp;<\/p>\n\n\n\n<p>Era una tarde de julio, luminosa y polvorienta.&nbsp;<\/p>\n\n\n\n<p>Yo iba haciendo mi camino,&nbsp;<\/p>\n\n\n\n<p>absorto en el solitario crep\u00fasculo campesino.&nbsp;<\/p>\n\n\n\n<p>Y pensaba: \u00ab\u00a1Hermosa tarde, nota de la lira inmensa,&nbsp;<\/p>\n\n\n\n<p>toda desd\u00e9n y armon\u00eda;&nbsp;<\/p>\n\n\n\n<p>hermosa tarde, t\u00fa curas la pobre melancol\u00eda&nbsp;<\/p>\n\n\n\n<p>de este rinc\u00f3n vanidoso, obscuro rinc\u00f3n que piensa!\u00bb.&nbsp;<\/p>\n\n\n\n<p>Pasaba el agua rizada bajo los ojos del puente.&nbsp;<\/p>\n\n\n\n<p>Lejos, la ciudad dorm\u00eda&nbsp;<\/p>\n\n\n\n<p>como cubierta de un mago fanal de oro transparente.&nbsp;<\/p>\n\n\n\n<p>Bajo los arcos de piedra el agua clara corr\u00eda.&nbsp;<\/p>\n\n\n\n<p>Los \u00faltimos arreboles coronaban las colinas,&nbsp;<\/p>\n\n\n\n<p>manchadas de olivos grises y de negruzcas encinas.&nbsp;<\/p>\n\n\n\n<p>Yo caminaba cansado,&nbsp;<\/p>\n\n\n\n<p>sintiendo la vieja angustia que hace el coraz\u00f3n pesado.&nbsp;<\/p>\n\n\n\n<p>El agua en sombra pasaba tan melanc\u00f3licamente,&nbsp;<\/p>\n\n\n\n<p>bajo los arcos del puente,&nbsp;<\/p>\n\n\n\n<p>como si al pasar dijera:&nbsp;<\/p>\n\n\n\n<p>\u00abApenas desamarrada&nbsp;<\/p>\n\n\n\n<p>a pobre barca, viajero, del \u00e1rbol de la ribera,&nbsp;<\/p>\n\n\n\n<p>se canta: no somos nada.&nbsp;<\/p>\n\n\n\n<p>Donde acaba el pobre r\u00edo la inmensa mar nos espera\u00bb.&nbsp;<\/p>\n\n\n\n<p>Bajo los ojos del puente pasaba el agua sombr\u00eda.&nbsp;<\/p>\n\n\n\n<p>(Yo pensaba: \u00a1el alma m\u00eda!)&nbsp;<\/p>\n\n\n\n<p>Y me detuve un momento,&nbsp;<\/p>\n\n\n\n<p>en la tarde, a meditar&#8230;&nbsp;<\/p>\n\n\n\n<p>\u00bfQu\u00e9 es esta gota en el viento&nbsp;<\/p>\n\n\n\n<p>que gritar al mar: soy el mar?&nbsp;<\/p>\n\n\n\n<p>Vibraba el aire asordado&nbsp;<\/p>\n\n\n\n<p>por los \u00e9litros cantores que hacen el campo sonoro,&nbsp;<\/p>\n\n\n\n<p>cual si estuviera sembrado&nbsp;<\/p>\n\n\n\n<p>de campanitas de oro.&nbsp;<\/p>\n\n\n\n<p>En el azul fulguraba&nbsp;<\/p>\n\n\n\n<p>un lucero diamantino.&nbsp;<\/p>\n\n\n\n<p>C\u00e1lido viento soplaba&nbsp;<\/p>\n\n\n\n<p>alborotando el camino.&nbsp;<\/p>\n\n\n\n<p>Yo, en la tarde polvorienta,&nbsp;<\/p>\n\n\n\n<p>hacia la ciudad volv\u00eda.&nbsp;<\/p>\n\n\n\n<p>Sonaban los cangilones de la noria so\u00f1olienta.&nbsp;<\/p>\n\n\n\n<p>Bajo las ramas obscuras caer el agua se o\u00eda.&nbsp;<\/p>\n\n\n\n<p>(English translation) XIII&nbsp;<\/p>\n\n\n\n<p>The summer sun was traveling&nbsp;<\/p>\n\n\n\n<p>toward a radiant sunset,&nbsp;<\/p>\n\n\n\n<p>through fiery clouds it was a giant trumpet&nbsp;<\/p>\n\n\n\n<p>behind the green poplars on the riverbank.&nbsp;<\/p>\n\n\n\n<p>In the elm tree echoed the eternal scissors&nbsp;<\/p>\n\n\n\n<p>of the cicada&#8217;s song, the cheerful mono-rhythm,&nbsp;<\/p>\n\n\n\n<p>a sound of wood and metal&nbsp;<\/p>\n\n\n\n<p>that is the song of summer.&nbsp;<\/p>\n\n\n\n<p>In a shady garden&nbsp;<\/p>\n\n\n\n<p>the buckets of the sleepy water-wheel were turning.&nbsp;<\/p>\n\n\n\n<p>Under dark branches the sound of the water was heard.&nbsp;<\/p>\n\n\n\n<p>It was a dusty and luminous afternoon in July.&nbsp;<\/p>\n\n\n\n<p>I was traveling along,&nbsp;<\/p>\n\n\n\n<p>enjoying the solitary rustic twilight.&nbsp;<\/p>\n\n\n\n<p>And I thought: &#8220;Beautiful afternoon, note of the immense lyre,&nbsp;<\/p>\n\n\n\n<p>full of disdain and harmony;&nbsp;<\/p>\n\n\n\n<p>beautiful afternoon, you heal the poor melancholy&nbsp;<\/p>\n\n\n\n<p>of this vain corner of life, an obscure corner that thinks!&#8221;&nbsp;<\/p>\n\n\n\n<p>The rippling water passed under the arches of the bridge.&nbsp;<\/p>\n\n\n\n<p>In the distance, the city was sleeping&nbsp;<\/p>\n\n\n\n<p>like the cover of a magic lantern of transparent gold.&nbsp;<\/p>\n\n\n\n<p>Under the stone arches the water was flowing.&nbsp;<\/p>\n\n\n\n<p>The last splashes of red crowned the hills&nbsp;<\/p>\n\n\n\n<p>filled with grey olive trees and blackish oaks.&nbsp;<\/p>\n\n\n\n<p>I was traveling wearily,&nbsp;<\/p>\n\n\n\n<p>feeling that old anguish that weighs on my heart.&nbsp;<\/p>\n\n\n\n<p>In the shadows the water flowed so sadly&nbsp;<\/p>\n\n\n\n<p>under the arches of the bridge,&nbsp;<\/p>\n\n\n\n<p>as if in passing it was saying:&nbsp;<\/p>\n\n\n\n<p>&#8220;Traveler, soon after your poor ship&nbsp;<\/p>\n\n\n\n<p>has been untied from the tree on the riverside&nbsp;<\/p>\n\n\n\n<p>it sings out: we are nothing.&nbsp;<\/p>\n\n\n\n<p>Where the river ends, the immense sea waits for us.&#8221;&nbsp;<\/p>\n\n\n\n<p>Under the arch of the bridge the dark water was flowing.&nbsp;<\/p>\n\n\n\n<p>(I thought: like my soul!)&nbsp;<\/p>\n\n\n\n<p>And I stopped for a moment,&nbsp;<\/p>\n\n\n\n<p>in the late afternoon, to meditate\u2026&nbsp;<\/p>\n\n\n\n<p>What is this drop in the wind&nbsp;<\/p>\n\n\n\n<p>that shouts to the sea: I am the sea?&nbsp;<\/p>\n\n\n\n<p>The air vibrated, dampened&nbsp;<\/p>\n\n\n\n<p>by the singing insects that fill the land with sound,&nbsp;<\/p>\n\n\n\n<p>as if it were scattered&nbsp;<\/p>\n\n\n\n<p>with little golden bells.&nbsp;<\/p>\n\n\n\n<p>Sparkling in the blue,&nbsp;<\/p>\n\n\n\n<p>a diamantine morning star.&nbsp;<\/p>\n\n\n\n<p>A gust of hot wind&nbsp;<\/p>\n\n\n\n<p>stirring up the road.&nbsp;<\/p>\n\n\n\n<p>In the dusty afternoon,&nbsp;<\/p>\n\n\n\n<p>I turned back toward the city.&nbsp;<\/p>\n\n\n\n<p>The buckets of the sleepy water-wheel rattled.&nbsp;<\/p>\n\n\n\n<p>Beneath dark branches the sound of falling water.&nbsp;<\/p>\n\n\n\n<hr class=\"wp-block-separator has-alpha-channel-opacity\" \/>\n\n\n\n<figure class=\"wp-block-audio\"><audio controls src=\"https:\/\/blog.zhdk.ch\/environmentallisteningsessions\/files\/2023\/07\/13of23.mp3\"><\/audio><figcaption class=\"wp-element-caption\">Konrad Germann: <strong>13 of 23<\/strong><\/figcaption><\/figure>\n\n\n\n<figure class=\"wp-block-image size-large\"><img loading=\"lazy\" decoding=\"async\" width=\"768\" height=\"1024\" src=\"https:\/\/blog.zhdk.ch\/environmentallisteningsessions\/files\/2023\/07\/IMG_4209-768x1024.jpg\" alt=\"\" class=\"wp-image-341\" srcset=\"https:\/\/blog.zhdk.ch\/environmentallisteningsessions\/files\/2023\/07\/IMG_4209-768x1024.jpg 768w, https:\/\/blog.zhdk.ch\/environmentallisteningsessions\/files\/2023\/07\/IMG_4209-225x300.jpg 225w, https:\/\/blog.zhdk.ch\/environmentallisteningsessions\/files\/2023\/07\/IMG_4209-1152x1536.jpg 1152w, https:\/\/blog.zhdk.ch\/environmentallisteningsessions\/files\/2023\/07\/IMG_4209-1140x1520.jpg 1140w, https:\/\/blog.zhdk.ch\/environmentallisteningsessions\/files\/2023\/07\/IMG_4209-rotated.jpg 1512w\" sizes=\"auto, (max-width: 768px) 100vw, 768px\" \/><\/figure>\n\n\n\n<p>The project 13 of 23 was created as part of the module Sound and Environment with Marcus Maeder in the spring semester 2023 at the Zurich University of the Arts ZHdK.<\/p>\n\n\n\n<p>Hourly five-minute sound recordings between 05 &#8211; 23 o&#8217;clock over 23 days resulted in an audible, interesting smorgasbord of sonic impressions from the Sihlwald near Zurich.<\/p>\n\n\n\n<p>These sound recordings were visualized with the help of software, which simplified the localization of specific sounds. Based on these visualizations, patterns or specific bird species could be read out. Thus, birds whose calls might be suitable for data sonification were specifically sought.<\/p>\n\n\n\n<p>These selected bird calls were used in the sonification of growth, temperature, moisture, and water potential data. The data originated from trees in the Sihlwald and were read from the Treenet database of the WSL, from the period April 17-22.<\/p>\n\n\n\n<p>This resulted in a 5 minute listening impression from 23 days, i.e. 13 seconds per day can be heard. In addition, the recording time shifts daily by 1h and 13 seconds backwards, whereby a whole daily routine from the Sihlwald is shown.<\/p>\n\n\n\n<p>The now audible data of the trees from the Sihlwald were added to these excerpts, each lasting 13 seconds.<\/p>\n\n\n\n<hr class=\"wp-block-separator has-alpha-channel-opacity\" \/>\n\n\n\n<figure class=\"wp-block-video\"><video height=\"1080\" style=\"aspect-ratio: 1920 \/ 1080;\" width=\"1920\" controls src=\"https:\/\/blog.zhdk.ch\/environmentallisteningsessions\/files\/2023\/07\/WOODSCAPE.mp4\"><\/video><figcaption class=\"wp-element-caption\">Jolanda Jerg &amp; Riva Pinto: <strong>Woodscape<\/strong><\/figcaption><\/figure>\n\n\n\n<p>&#8220;WOODSCAPE&#8221; is a speculative project that explores the idea of retreat and relaxation into nature through an immersive soundscape. Sound recordings collected with the help of special wildlife recorders in the recreation area Sihlwald near Zurich serve as a basis. To convey the nature recordings, a helmet was constructed which, through integrated headphones, enables a special sound experience that is timed to the events in the forest. Through the use of natural elements of the forest, such as moss and ivy, which encase the helmet, not only the sense of hearing but also the sense of smell and touch are stimulated. This creates the feeling of being in the middle of the forest, experiencing different nuances of sound and moods, be it the lively morning hour or the quiet atmosphere of the night. &#8220;WOODSCAPE&#8221; allows you to escape from the noisy and hectic everyday life and find a moment of relaxation to connect with the natural environment without being physically present.<\/p>\n\n\n\n<hr class=\"wp-block-separator has-alpha-channel-opacity\" \/>\n\n\n\n<figure class=\"wp-block-audio\"><audio controls src=\"https:\/\/blog.zhdk.ch\/environmentallisteningsessions\/files\/2023\/07\/TREE-HILL-AND-HILL-TREE_final_48kHz_01.mp3\"><\/audio><figcaption class=\"wp-element-caption\">Pascal Lund-Jensen &amp; Robin Siedl: <strong>tree hill and hill tree<\/strong><\/figcaption><\/figure>\n\n\n\n<figure class=\"wp-block-image size-large\"><img loading=\"lazy\" decoding=\"async\" width=\"1024\" height=\"1024\" src=\"https:\/\/blog.zhdk.ch\/environmentallisteningsessions\/files\/2023\/07\/snakey_bild_tree_hill_hill_tree-1024x1024.jpg\" alt=\"\" class=\"wp-image-349\" srcset=\"https:\/\/blog.zhdk.ch\/environmentallisteningsessions\/files\/2023\/07\/snakey_bild_tree_hill_hill_tree-1024x1024.jpg 1024w, https:\/\/blog.zhdk.ch\/environmentallisteningsessions\/files\/2023\/07\/snakey_bild_tree_hill_hill_tree-300x300.jpg 300w, https:\/\/blog.zhdk.ch\/environmentallisteningsessions\/files\/2023\/07\/snakey_bild_tree_hill_hill_tree-150x150.jpg 150w, https:\/\/blog.zhdk.ch\/environmentallisteningsessions\/files\/2023\/07\/snakey_bild_tree_hill_hill_tree-768x768.jpg 768w, https:\/\/blog.zhdk.ch\/environmentallisteningsessions\/files\/2023\/07\/snakey_bild_tree_hill_hill_tree.jpg 1080w\" sizes=\"auto, (max-width: 1024px) 100vw, 1024px\" \/><\/figure>\n\n\n\n<p>A dead tree winds across the hill, as if a snake were lying in the forest. Firmness in the woodworm. Our imagination does not die when we look at the mound of trees. Only dirt! Who would have ever thought that dead trees have a long life before they grow back into the earth. Or can we even call it living if it is dead after all? Leaving dead wood standing so the forest lives on. The sonic investigation of dead wood in the Siehlwald Nature Experience Park, as well as the investigation of a decomposed tree in the form of a mound, led to a free sound experiment: How do we imagine the sonic transformation of a decaying tree in sonic time-lapse? A field recording trip to the Sihlwald generated the sound material. The dead tree and the decaying tree in the form of a mound acted as sound sources. Various microphones, coming together in a multitrack recording, captured our interaction with these forest formations. A new structure was composed from the material. Our own forest structure.&nbsp;<\/p>\n\n\n\n<hr class=\"wp-block-separator has-alpha-channel-opacity\" \/>\n\n\n\n<figure class=\"wp-block-video\"><video height=\"1080\" style=\"aspect-ratio: 1920 \/ 1080;\" width=\"1920\" controls src=\"https:\/\/blog.zhdk.ch\/environmentallisteningsessions\/files\/2023\/07\/Conversation.mov\"><\/video><figcaption class=\"wp-element-caption\">Marianne Nagel<strong>: Conversation<\/strong><\/figcaption><\/figure>\n\n\n\n<p>I overheard the birds<\/p>\n\n\n\n<p>While I wasn\u2019t present.<\/p>\n\n\n\n<p>Now I am playing their singing<\/p>\n\n\n\n<p>and connect two places.<\/p>\n\n\n\n<p>The birds don\u2019t care.<\/p>\n\n\n\n<p>I can use my fingertips to jump<\/p>\n\n\n\n<p>through time and space.<\/p>\n\n\n\n<p><\/p>\n\n\n\n<p>2 audio recordings at the same time in different places. Graphite, cardboard, capacitive sensors, Speakers, mini controllers.<\/p>\n\n\n\n<hr class=\"wp-block-separator has-alpha-channel-opacity\" \/>\n\n\n\n<p>Mich\u00e8le Scaramuzza: Sihwaldklangbilder<\/p>\n\n\n\n<div data-wp-interactive=\"core\/file\" class=\"wp-block-file\"><object data-wp-bind--hidden=\"!state.hasPdfPreview\" hidden class=\"wp-block-file__embed\" data=\"https:\/\/blog.zhdk.ch\/environmentallisteningsessions\/files\/2023\/07\/Sihlwaldklangbilder.pdf\" type=\"application\/pdf\" style=\"width:100%;height:600px\" aria-label=\"Embed of Sihlwaldklangbilder.\"><\/object><a id=\"wp-block-file--media-c9e13b36-8412-42f3-a2e3-6603a5ad7f5d\" href=\"https:\/\/blog.zhdk.ch\/environmentallisteningsessions\/files\/2023\/07\/Sihlwaldklangbilder.pdf\">Sihlwaldklangbilder<\/a><a href=\"https:\/\/blog.zhdk.ch\/environmentallisteningsessions\/files\/2023\/07\/Sihlwaldklangbilder.pdf\" class=\"wp-block-file__button wp-element-button\" download aria-describedby=\"wp-block-file--media-c9e13b36-8412-42f3-a2e3-6603a5ad7f5d\">Download<\/a><\/div>\n\n\n\n<p>Afterimages of field recordings from Sihlwald April 2023, selection of 483 files<\/p>\n\n\n\n<p>During three weeks, every hour, for five minutes, I collected sound data in the Sihlwald; field recordings.<br>In the studio I listen to the sound and draw, paint what I hear and what seems important to me. The five minutes give me the exact limit of how long I work on a recording.<br>It is an attempt to describe and transform acoustic information into aesthetic sensory perception. Scores are created, with the attempt to describe simultaneity linearly without being able to do so. I, as a phonographer, decide what to record and what not to record.<\/p>\n\n\n\n<hr class=\"wp-block-separator has-alpha-channel-opacity\" \/>\n\n\n\n<p><\/p>\n","protected":false},"excerpt":{"rendered":"<p class=\"post-excerpt\">Welcome to the environmetal listening session #8. The students of the Sound &amp; Environment 2023 spring semester&#8217;s course at ZHdK&#8230;<\/p>\n","protected":false},"author":515,"featured_media":0,"parent":0,"menu_order":0,"comment_status":"closed","ping_status":"closed","template":"","meta":{"footnotes":""},"class_list":["post-317","page","type-page","status-publish","hentry"],"_links":{"self":[{"href":"https:\/\/blog.zhdk.ch\/environmentallisteningsessions\/wp-json\/wp\/v2\/pages\/317","targetHints":{"allow":["GET"]}}],"collection":[{"href":"https:\/\/blog.zhdk.ch\/environmentallisteningsessions\/wp-json\/wp\/v2\/pages"}],"about":[{"href":"https:\/\/blog.zhdk.ch\/environmentallisteningsessions\/wp-json\/wp\/v2\/types\/page"}],"author":[{"embeddable":true,"href":"https:\/\/blog.zhdk.ch\/environmentallisteningsessions\/wp-json\/wp\/v2\/users\/515"}],"replies":[{"embeddable":true,"href":"https:\/\/blog.zhdk.ch\/environmentallisteningsessions\/wp-json\/wp\/v2\/comments?post=317"}],"version-history":[{"count":8,"href":"https:\/\/blog.zhdk.ch\/environmentallisteningsessions\/wp-json\/wp\/v2\/pages\/317\/revisions"}],"predecessor-version":[{"id":361,"href":"https:\/\/blog.zhdk.ch\/environmentallisteningsessions\/wp-json\/wp\/v2\/pages\/317\/revisions\/361"}],"wp:attachment":[{"href":"https:\/\/blog.zhdk.ch\/environmentallisteningsessions\/wp-json\/wp\/v2\/media?parent=317"}],"curies":[{"name":"wp","href":"https:\/\/api.w.org\/{rel}","templated":true}]}}