{"id":186,"date":"2017-08-28T10:18:53","date_gmt":"2017-08-28T10:18:53","guid":{"rendered":"https:\/\/blog.zhdk.ch\/epistemischebilder\/?page_id=186"},"modified":"2017-12-20T15:17:53","modified_gmt":"2017-12-20T15:17:53","slug":"das-forschungsprojekt","status":"publish","type":"page","link":"https:\/\/blog.zhdk.ch\/epistemischebilder\/das-forschungsprojekt\/","title":{"rendered":"Das Forschungsprojekt"},"content":{"rendered":"<section id=\"builder-section-1503925291194\" class=\"builder-section-first builder-section builder-section-text builder-section-next-text builder-section-full-width builder-text-columns-1\" style=\"background-size: cover; background-repeat: no-repeat;background-position: center center;\">\n<div class=\"builder-section-content\">\n<div class=\"builder-text-row\">\n<div class=\"builder-text-column builder-text-column-1\" id=\"builder-section-1503925291194-column-1\">\n<div class=\"builder-text-content\">\n<h3 style=\"text-align: center\"><span style=\"color: #a58c00\"><a style=\"color: #a58c00\" href=\"http:\/\/blog.zhdk.ch\/epistemischebilder\/\">Home<\/a>\u00a0 \u00a0 \u00b7 \u00a0 \u00a0<span style=\"text-decoration: none\"><a style=\"color: #a58c00;text-decoration: none\" href=\"https:\/\/blog.zhdk.ch\/epistemischebilder\/definition\/\">Was sind epistemische Bilder?<\/a><\/span>\u00a0 \u00a0 \u00b7 \u00a0 \u00a0<span style=\"color: #000000\"><a style=\"color: #000000\" href=\"https:\/\/blog.zhdk.ch\/epistemischebilder\/das-forschungsprojekt\/\">Das Forschungsprojekt<\/a><\/span>\u00a0 \u00a0 \u00b7 \u00a0 \u00a0<a style=\"color: #a58c00;text-decoration: none\" href=\"https:\/\/blog.zhdk.ch\/epistemischebilder\/impressum\/\">Mitwirkende<\/a>\u00a0 \u00a0 \u00b7 \u00a0 \u00a0<a style=\"color: #a58c00\" href=\"https:\/\/blog.zhdk.ch\/epistemischebilder\/follow-up\/\">Follow-Up<\/a><\/span><\/h3>\n<\/p><\/div>\n<\/p><\/div>\n<\/p><\/div>\n<\/p><\/div>\n<\/section>\n<section id=\"builder-section-1503915494729\" class=\"builder-section-prev-text builder-section builder-section-text builder-section-next-text builder-text-columns-1\" style=\"background-size: cover; background-repeat: no-repeat;background-position: center center;\">\n<div class=\"builder-section-content\">\n<div class=\"builder-text-row\">\n<div class=\"builder-text-column builder-text-column-1\" id=\"builder-section-1503915494729-column-1\">\n<div class=\"builder-text-content\">\n<h1 style=\"text-align: center\">Forschung Knowledge Visualization<\/h1>\n<\/p><\/div>\n<\/p><\/div>\n<\/p><\/div>\n<\/p><\/div>\n<\/section>\n<section id=\"builder-section-1503915571286\" class=\"builder-section-prev-text builder-section builder-section-text builder-section-next-text builder-text-columns-2\" style=\"background-size: cover; background-repeat: no-repeat;background-position: center center;\">\n<div class=\"builder-section-content\">\n<div class=\"builder-text-row\">\n<div class=\"builder-text-column builder-text-column-1\" id=\"builder-section-1503915571286-column-1\">\n<div class=\"builder-text-content\">\n<p><strong>Die Fachrichtung Knowledge Visualization definiert mit Epistemik einen dritten Forschungsschwerpunkt. Das Aufbauprojekt erarbeitet Grundlagen zum Thema der visuellen Erkenntniswerkzeuge. Im Grundsatz geht es um die Rolle von Bild und Visualisierung in wissenschaftlichen Wissensproduktionen.\u00a0<\/strong><\/p>\n<\/p><\/div>\n<\/p><\/div>\n<div class=\"builder-text-column builder-text-column-2\" id=\"builder-section-1503915571286-column-2\">\n<div class=\"builder-text-content\">\n<p><strong>Insbesondere interessieren im Entwicklungschwerpunkt Epistemik jene Bilder und Visualisierungsprozesse, welche f\u00fcr die jeweilige Disziplin neue Erkenntnisse generieren. Durch Zusammenf\u00fchrung, Vergleich und Diskussion von Verfahrensweisen aus unterschiedlichen Wissenschaftsdisziplinen, sollen f\u00fcr das Design relevante Forschungsfragen gewonnen und gesch\u00e4rft werden.<\/strong><\/p>\n<\/p><\/div>\n<\/p><\/div>\n<\/p><\/div>\n<\/p><\/div>\n<\/section>\n<section id=\"builder-section-1503915879493\" class=\"builder-section-prev-text builder-section builder-section-text builder-section-next-text builder-text-columns-1\" style=\"background-size: cover; background-repeat: no-repeat;background-position: center center;\">\n<div class=\"builder-section-content\">\n<div class=\"builder-text-row\">\n<div class=\"builder-text-column builder-text-column-1\" id=\"builder-section-1503915879493-column-1\">\n<div class=\"builder-text-content\">\n<p><img loading=\"lazy\" decoding=\"async\" class=\"size-full wp-image-208 aligncenter\" src=\"https:\/\/blog.zhdk.ch\/epistemischebilder\/files\/2017\/08\/Arteriosklerose.jpg\" alt=\"\" width=\"1920\" height=\"1335\" srcset=\"https:\/\/blog.zhdk.ch\/epistemischebilder\/files\/2017\/08\/Arteriosklerose.jpg 1920w, https:\/\/blog.zhdk.ch\/epistemischebilder\/files\/2017\/08\/Arteriosklerose-300x209.jpg 300w, https:\/\/blog.zhdk.ch\/epistemischebilder\/files\/2017\/08\/Arteriosklerose-768x534.jpg 768w, https:\/\/blog.zhdk.ch\/epistemischebilder\/files\/2017\/08\/Arteriosklerose-1024x712.jpg 1024w\" sizes=\"auto, (max-width: 1920px) 100vw, 1920px\" \/><\/p>\n<p><small><b>Der Arteriosklerose-Befund bei Mumien.<\/b> Still aus Informationsfilm produziert anhand von CT-Daten aus Bildgebenden Verfahren, von Pascal Glatzfelder &amp; Oliver Demuth, in Kooperation mit dem Institut f\u00fcr Evolution\u00e4re Medizin (IEM) der Universit\u00e4t Z\u00fcrich, aus dem Wahlpflichtmodul BDE-VSV 5555, 5. Semester, HS 2016<\/small><\/p>\n<\/p><\/div>\n<\/p><\/div>\n<\/p><\/div>\n<\/p><\/div>\n<\/section>\n<section id=\"builder-section-1503924751178\" class=\"builder-section-prev-text builder-section builder-section-text builder-section-next-text builder-text-columns-1\" style=\"background-size: cover; background-repeat: no-repeat;background-position: center center;\">\n<div class=\"builder-section-content\">\n<div class=\"builder-text-row\">\n<div class=\"builder-text-column builder-text-column-1\" id=\"builder-section-1503924751178-column-1\">\n<div class=\"builder-text-content\">\n<h2 style=\"text-align: center\">Forschungsfrage und Methode<\/h2>\n<\/p><\/div>\n<\/p><\/div>\n<\/p><\/div>\n<div class=\"builder-text-row\">\n<div class=\"builder-text-column builder-text-column-2\" id=\"builder-section-1503924751178-column-1\">\n<div class=\"builder-text-content\">\n\t\t\t\t\t\t\t\t\t\t\t<\/div>\n<\/p><\/div>\n<\/p><\/div>\n<div class=\"builder-text-row\">\n<div class=\"builder-text-column builder-text-column-3\" id=\"builder-section-1503924751178-column-1\">\n<div class=\"builder-text-content\">\n\t\t\t\t\t\t\t\t\t\t\t<\/div>\n<\/p><\/div>\n<\/p><\/div>\n<\/p><\/div>\n<\/section>\n<section id=\"builder-section-1503915717199\" class=\"builder-section-prev-text builder-section builder-section-text builder-section-next-text builder-text-columns-2\" style=\"background-size: cover; background-repeat: no-repeat;background-position: center center;\">\n<div class=\"builder-section-content\">\n<div class=\"builder-text-row\">\n<div class=\"builder-text-column builder-text-column-1\" id=\"builder-section-1503915717199-column-1\">\n<div class=\"builder-text-content\">\n<p><img loading=\"lazy\" decoding=\"async\" class=\"aligncenter wp-image-214 size-medium\" src=\"https:\/\/blog.zhdk.ch\/epistemischebilder\/files\/2017\/08\/Orobates_1-e1503916496477-300x232.jpg\" alt=\"\" width=\"300\" height=\"232\" srcset=\"https:\/\/blog.zhdk.ch\/epistemischebilder\/files\/2017\/08\/Orobates_1-e1503916496477-300x232.jpg 300w, https:\/\/blog.zhdk.ch\/epistemischebilder\/files\/2017\/08\/Orobates_1-e1503916496477-768x595.jpg 768w, https:\/\/blog.zhdk.ch\/epistemischebilder\/files\/2017\/08\/Orobates_1-e1503916496477-1024x793.jpg 1024w, https:\/\/blog.zhdk.ch\/epistemischebilder\/files\/2017\/08\/Orobates_1-e1503916496477.jpg 1312w\" sizes=\"auto, (max-width: 300px) 100vw, 300px\" \/><\/p>\n<p>Ausgangspunkt bildet die generelle Frage nach Bedeutung, Funktionsweise und Aesthetik von epistemischen Bildern. Welche Visualisierungen produzieren neues Wissen? Welche Disziplinen generieren Erkenntnisgewinn \u00fcber den Einsatz von Visualisierung oder bildgebenden Verfahren? Mit welchen Methoden nutzt welche Disziplin epistemische Aspekte von Bild und Visualisierung f\u00fcr Erkenntnisprozesse? Welche gestalterischen Prozesse und Prinzipien haben Einfluss auf den wissenschaftlichen Erkenntnisgewinn?\u00a0<\/p>\n<\/p><\/div>\n<\/p><\/div>\n<div class=\"builder-text-column builder-text-column-2\" id=\"builder-section-1503915717199-column-2\">\n<div class=\"builder-text-content\">\n<p>Am Symposium werden Projekte verschiedener Wissensbereiche, welche Visualisierung und Bildfindungsprozess f\u00fcr den Gewinn von neuen Einsichten nutzen, vorgestellt und verhandelt. Ausgew\u00e4hlte Projekte werden von den jeweils daran beteiligten WissenschaftlerInnen und Wissenschafts-DesignerInnen gemeinsam pr\u00e4sentiert.<\/p>\n<p>In einer zusammenf\u00fchrenden Dokumentation (web &amp; print) soll aufgezeigt werden, wo Wissenschaft und Design gemeinsam wirken, um neues Wissen zu generieren und wie die unterschiedlichen Fachgebiete im Bild- und Erkenntnisprozess Unterst\u00fctzung bieten k\u00f6nnen.<\/p>\n<p>\u00a0<\/p>\n<\/p><\/div>\n<\/p><\/div>\n<\/p><\/div>\n<\/p><\/div>\n<\/section>\n<section id=\"builder-section-1503916574872\" class=\"builder-section-prev-text builder-section builder-section-text builder-section-last builder-text-columns-1\" style=\"background-size: cover; background-repeat: no-repeat;background-position: center center;\">\n<div class=\"builder-section-content\">\n<div class=\"builder-text-row\">\n<div class=\"builder-text-column builder-text-column-1\" id=\"builder-section-1503916574872-column-1\">\n<div class=\"builder-text-content\">\n<p><img loading=\"lazy\" decoding=\"async\" class=\"size-full wp-image-228 aligncenter\" src=\"https:\/\/blog.zhdk.ch\/epistemischebilder\/files\/2017\/08\/Orobates_2.jpg\" alt=\"\" width=\"1200\" height=\"520\" srcset=\"https:\/\/blog.zhdk.ch\/epistemischebilder\/files\/2017\/08\/Orobates_2.jpg 1200w, https:\/\/blog.zhdk.ch\/epistemischebilder\/files\/2017\/08\/Orobates_2-300x130.jpg 300w, https:\/\/blog.zhdk.ch\/epistemischebilder\/files\/2017\/08\/Orobates_2-768x333.jpg 768w, https:\/\/blog.zhdk.ch\/epistemischebilder\/files\/2017\/08\/Orobates_2-1024x444.jpg 1024w\" sizes=\"auto, (max-width: 1200px) 100vw, 1200px\" \/><\/p>\n<p><small><b>Rekonstruktionsprojekt <em>Orobates pabsti<\/em>,<\/b> Design von Jonas Laustr\u00f6er, Amir Andikfar, 2015, in Kooperation mit Prof. John Nyakatura, Exzellenzcluster \u00bbBild Wissen Gestaltung. Ein interdisziplin\u00e4res Labor\u00ab, Humboldt Universit\u00e4t zu Berlin<\/small><\/p>\n<\/p><\/div>\n<\/p><\/div>\n<\/p><\/div>\n<\/p><\/div>\n<\/section>\n","protected":false},"excerpt":{"rendered":"<p>Home\u00a0 \u00a0 \u00b7 \u00a0 \u00a0Was sind epistemische Bilder?\u00a0 \u00a0 \u00b7 \u00a0 \u00a0Das Forschungsprojekt\u00a0 \u00a0 \u00b7 \u00a0 \u00a0Mitwirkende\u00a0 \u00a0 \u00b7 \u00a0 \u00a0Follow-Up Forschung Knowledge Visualization Die Fachrichtung Knowledge Visualization definiert mit Epistemik einen dritten Forschungsschwerpunkt. Das Aufbauprojekt erarbeitet Grundlagen zum Thema der visuellen Erkenntniswerkzeuge. Im Grundsatz geht es um die Rolle von Bild und Visualisierung in &hellip;<\/p>\n","protected":false},"author":2389,"featured_media":0,"parent":0,"menu_order":0,"comment_status":"closed","ping_status":"closed","template":"template-builder.php","meta":{"footnotes":""},"class_list":["post-186","page","type-page","status-publish","hentry"],"_links":{"self":[{"href":"https:\/\/blog.zhdk.ch\/epistemischebilder\/wp-json\/wp\/v2\/pages\/186","targetHints":{"allow":["GET"]}}],"collection":[{"href":"https:\/\/blog.zhdk.ch\/epistemischebilder\/wp-json\/wp\/v2\/pages"}],"about":[{"href":"https:\/\/blog.zhdk.ch\/epistemischebilder\/wp-json\/wp\/v2\/types\/page"}],"author":[{"embeddable":true,"href":"https:\/\/blog.zhdk.ch\/epistemischebilder\/wp-json\/wp\/v2\/users\/2389"}],"replies":[{"embeddable":true,"href":"https:\/\/blog.zhdk.ch\/epistemischebilder\/wp-json\/wp\/v2\/comments?post=186"}],"version-history":[{"count":33,"href":"https:\/\/blog.zhdk.ch\/epistemischebilder\/wp-json\/wp\/v2\/pages\/186\/revisions"}],"predecessor-version":[{"id":1417,"href":"https:\/\/blog.zhdk.ch\/epistemischebilder\/wp-json\/wp\/v2\/pages\/186\/revisions\/1417"}],"wp:attachment":[{"href":"https:\/\/blog.zhdk.ch\/epistemischebilder\/wp-json\/wp\/v2\/media?parent=186"}],"curies":[{"name":"wp","href":"https:\/\/api.w.org\/{rel}","templated":true}]}}