{"id":246,"date":"2017-08-28T10:58:35","date_gmt":"2017-08-28T10:58:35","guid":{"rendered":"https:\/\/blog.zhdk.ch\/epistemischebilder\/?page_id=246"},"modified":"2017-12-20T15:16:39","modified_gmt":"2017-12-20T15:16:39","slug":"impressum","status":"publish","type":"page","link":"https:\/\/blog.zhdk.ch\/epistemischebilder\/impressum\/","title":{"rendered":"Impressum"},"content":{"rendered":"<section id=\"builder-section-1503924947042\" class=\"builder-section-first builder-section builder-section-text builder-section-next-text builder-section-full-width builder-text-columns-1\" style=\"background-size: cover; background-repeat: no-repeat;background-position: center center;\">\n<div class=\"builder-section-content\">\n<div class=\"builder-text-row\">\n<div class=\"builder-text-column builder-text-column-1\" id=\"builder-section-1503924947042-column-1\">\n<div class=\"builder-text-content\">\n<h3 style=\"text-align: center\"><span style=\"color: #a58c00\"><a style=\"color: #a58c00\" href=\"http:\/\/blog.zhdk.ch\/epistemischebilder\/\">Home<\/a>\u00a0 \u00a0 \u00b7 \u00a0 \u00a0<span style=\"text-decoration: none\"><a style=\"color: #a58c00;text-decoration: none\" href=\"https:\/\/blog.zhdk.ch\/epistemischebilder\/definition\/\">Was sind epistemische Bilder?<\/a><\/span>\u00a0 \u00a0 \u00b7 \u00a0 \u00a0<a style=\"color: #a58c00\" href=\"https:\/\/blog.zhdk.ch\/epistemischebilder\/das-forschungsprojekt\/\">Das Forschungsprojekt<\/a>\u00a0 \u00a0 \u00b7 \u00a0 \u00a0<span style=\"color: #000000\"><a style=\"color: #000000;text-decoration: none\" href=\"https:\/\/blog.zhdk.ch\/epistemischebilder\/impressum\/\">Mitwirkende<\/a><\/span>\u00a0 \u00a0 \u00b7 \u00a0 \u00a0<a style=\"color: #a58c00\" href=\"https:\/\/blog.zhdk.ch\/epistemischebilder\/follow-up\/\">Follow-Up<\/a><\/span><\/h3>\n<\/p><\/div>\n<\/p><\/div>\n<\/p><\/div>\n<\/p><\/div>\n<\/section>\n<section id=\"builder-section-1504791716761\" class=\"builder-section-prev-text builder-section builder-section-text builder-section-next-text builder-text-columns-3\" style=\"background-size: cover; background-repeat: no-repeat;background-position: center center;\">\n<div class=\"builder-section-content\">\n<div class=\"builder-text-row\">\n<div class=\"builder-text-column builder-text-column-1\" id=\"builder-section-1504791716761-column-1\">\n<div class=\"builder-text-content\">\n<h3>Projektteam<\/h3>\n<p>\u00a0<\/p>\n<p>Projektleitung: <strong>Niklaus Heeb<\/strong>, Leiter Fachrichtung Knowledge Visualization<\/p>\n<p>Projektkoordination und Umsetzung: <strong>Kathi Kant<\/strong>, Wissenschaftliche Mitarbeit<\/p>\n<p>Mitarbeit: <strong>Jonas Christen, Alessandro Holler<\/strong>, WMAB der Forschungsgruppe Knowledge Visualization sowie das <strong>gesamte Team<\/strong> der Fachrichtung Knowledge Visualization<\/p>\n<p>\u00a0<\/p>\n<\/p><\/div>\n<\/p><\/div>\n<div class=\"builder-text-column builder-text-column-2\" id=\"builder-section-1504791716761-column-2\">\n<div class=\"builder-text-content\">\n<h3>Kooperation \/ Projektpartner<\/h3>\n<p>\u00a0<\/p>\n<p><a href=\"https:\/\/design.haw-hamburg.de\/illu-fachgebiete\/\">Informative Illustration<\/a>, Fachhochschule HAW Hamburg<\/p>\n<p>Fachbereich <a href=\"https:\/\/www.hslu.ch\/de-ch\/design-kunst\/studium\/bachelor\/illustration\/illustration-nonfiction\/\">Illustration Nonfiction<\/a>, HSLU Luzern<\/p>\n<p>Computational Science &amp; Engeneering Laboratory <a href=\"http:\/\/www.cse-lab.ethz.ch\/index.php\/gallery\">CSElab<\/a>, ETH<\/p>\n<p><a href=\"http:\/\/www.irm.uzh.ch\/de.html\">Institut f\u00fcr Rechtsmedizin<\/a>, Forensische Medizin und Bildgebung, Universit\u00e4t\u00a0 Z\u00fcrich<\/p>\n<p>Humboldt-Universit\u00e4t Berlin<sup>1<\/sup><\/p>\n<\/p><\/div>\n<\/p><\/div>\n<div class=\"builder-text-column builder-text-column-3\" id=\"builder-section-1504791716761-column-3\">\n<div class=\"builder-text-content\">\n<h3>Vortragende<\/h3>\n<p>\u00a0<\/p>\n<p><strong>Jonas Laustr\u00f6er, Amir Andikfa<\/strong>r, Rekonstruktionsprojekt \u201eOrobates\u201c, <a href=\"https:\/\/design.haw-hamburg.de\/illu-fachgebiete\/\">HAW Hamburg<\/a><\/p>\n<p><strong>Kathrin M. Amelung<\/strong>, AG Morphologie und Formengeschichte, Exzellenzcluster <a href=\"https:\/\/www.interdisciplinary-laboratory.hu-berlin.de\/de\/bwg\/\">Bild Wissen Gestaltung<\/a>. Ein interdisziplin\u00e4res Labor, Humboldt-Universit\u00e4t zu Berlin<\/p>\n<p><strong>Dr. Med. Wolf Schweitzer<\/strong>, <a href=\"http:\/\/www.irm.uzh.ch\/de.html\">Institut f\u00fcr Rechtsmedizin<\/a>, Universit\u00e4t Z\u00fcrich<\/p>\n<p><strong>Prof. Dr. Rolf Nohr<\/strong>, <a href=\"http:\/\/www.hbk-bs.de\/einrichtungen\/institut-fuer-medienforschung\/\">Institut f\u00fcr Medienforschung<\/a>, Hochschule f\u00fcr Bildende K\u00fcnste Braunschweig<\/p>\n<p><strong>Bruno Zgraggen<\/strong>, Wahrnehmungspsychologe<\/p>\n<p><strong>Prof. Petros Koumoutsakos<\/strong>, Computational Science &amp; Engeneering Laboratory <a href=\"http:\/\/www.cse-lab.ethz.ch\/index.php\/gallery\">CSElab<\/a> ETH Z\u00fcrich<\/p>\n<p><strong>Eloisa Aldomar und Esther Sch\u00f6nenberger<\/strong>, Ehemalige Studierende des <a href=\"http:\/\/kvis.zhdk.ch\/projekte\/?category=ba-diplome&amp;year=2017\">BA Scientific Visualization<\/a> und des <a href=\"https:\/\/blog.zhdk.ch\/erkenntnisvisualisierung\/\">MA Erkenntnisvisualisierung<\/a>, ZHdK<\/p>\n<p><strong>Div. Dozierende FRKV<\/strong>, ZHdK, sowie weitere Beitragende aus Design und Science<\/p>\n<p><strong>Div. Studierende<\/strong>, BA <a href=\"http:\/\/kvis.zhdk.ch\/\">Scientific Visualization<\/a>, ZHdK<\/p>\n<p>\u00a0<\/p>\n<\/p><\/div>\n<\/p><\/div>\n<\/p><\/div>\n<\/p><\/div>\n<\/section>\n<section id=\"builder-section-1503917746118\" class=\"builder-section-prev-text builder-section builder-section-text builder-section-next-text builder-text-columns-2\" style=\"background-size: cover; background-repeat: no-repeat;background-position: center center;\">\n<div class=\"builder-section-content\">\n<div class=\"builder-text-row\">\n<div class=\"builder-text-column builder-text-column-1\" id=\"builder-section-1503917746118-column-1\">\n<div class=\"builder-text-content\">\n<h3><sup>1<\/sup> Veranstaltung in Partnerschaft<\/h3>\n<p>\u00a0<\/p>\n<p>Die im Symposium verhandelte Thematik zur Frage nach der eigenst\u00e4ndigen Erkenntnisleistung wissenschaftlicher Bilder ist von einem allgemeinen wissenschaftlichen Interesse und wird unter anderem auch am Exzellenzcluster <a href=\"https:\/\/www.interdisciplinary-laboratory.hu-berlin.de\/de\/bwg\/\">Bild Wissen Gestaltung der Humboldt-Universit\u00e4t Berlin<\/a> thematisiert.\u00a0<br class=\"\" \/>Besonders der durch die am Cluster angesiedelten WissenschaftlerInnen Kathrin M. Amelung (Kultur-Medienwissenschaft\/Illustration),\u00a0John A. Nyakatura (Biologie\/Bildwissenschaft), Christof Windgaetter (Medienwissenschaft\/Designtheorie) vertretene Forschungsansatz ist sowohl f\u00fcr das Symposium als auch f\u00fcr eine l\u00e4ngerfristige Kooperation interessant: Geht doch dieser Forschungsansatz der Frage nach der eigenst\u00e4ndigen Rolle der Gestaltung in Wissensproduktionen \u2013 u.a. von wissenschaftlichen Illustrationen \u2013 nach, was Synergien erwarten l\u00e4sst.<\/p>\n<\/p><\/div>\n<\/p><\/div>\n<div class=\"builder-text-column builder-text-column-2\" id=\"builder-section-1503917746118-column-2\">\n<div class=\"builder-text-content\">\n<h3>\u00a0<\/h3>\n<p>\u00a0<\/p>\n<p>Am <strong>20. &amp; 21. Oktober 2017<\/strong> findet unter Leitung der genannten WissenschaftlerInnen die Tagung: \u201e<a href=\"https:\/\/www.interdisciplinary-laboratory.hu-berlin.de\/de\/content\/wissen-braucht-gestaltung\/\">Wissen braucht Gestaltung<\/a>. Zur Rolle von Wissenschaftsillustrationen in Wissensprozessen&#8220; am Exzellenzcluster Bild Wissen Gestaltung der Humboldt-Universit\u00e4t Berlin statt, zu deren Gelingen auch Vortragende der Fachrichtung <a href=\"http:\/\/kvis.zhdk.ch\/\">Knowledge Visualization <\/a>der ZHdK beitragen.<\/p>\n<\/p><\/div>\n<\/p><\/div>\n<\/p><\/div>\n<\/p><\/div>\n<\/section>\n<section id=\"builder-section-1506498171970\" class=\"builder-section-prev-text builder-section builder-section-text builder-section-last builder-text-columns-1\" style=\"background-size: cover; background-repeat: no-repeat;background-position: center center;\">\n<div class=\"builder-section-content\">\n<div class=\"builder-text-row\">\n<div class=\"builder-text-column builder-text-column-1\" id=\"builder-section-1506498171970-column-1\">\n<div class=\"builder-text-content\">\n\t\t\t<div class=\"ttfmake-shortcode-slider\">\n\t\t\t\t<div class=\"cycle-slideshow\" data-cycle-slides=\".cycle-slide\" data-cycle-loader=\"wait\" data-cycle-auto-height=\"calc\" data-cycle-center-horz=\"true\" data-cycle-center-vert=\"true\" data-cycle-swipe=\"true\" data-cycle-prev=\"~ .cycle-prev\" data-cycle-next=\"~ .cycle-next\" data-cycle-pager=\"~ .cycle-pager\" data-cycle-log=\"false\" data-cycle-paused=\"true\" data-cycle-timeout=\"6000\" data-cycle-fx=\"scrollHorz\">\n\t\t\t\t\t\t\t\t\t\t<figure class=\"cycle-slide\">\n\t\t\t\t\t\t<img loading=\"lazy\" decoding=\"async\" width=\"1200\" height=\"800\" src=\"https:\/\/blog.zhdk.ch\/epistemischebilder\/files\/2017\/08\/Plakat-WBG.jpg\" class=\"attachment-full size-full\" alt=\"\" srcset=\"https:\/\/blog.zhdk.ch\/epistemischebilder\/files\/2017\/08\/Plakat-WBG.jpg 1200w, https:\/\/blog.zhdk.ch\/epistemischebilder\/files\/2017\/08\/Plakat-WBG-300x200.jpg 300w, https:\/\/blog.zhdk.ch\/epistemischebilder\/files\/2017\/08\/Plakat-WBG-768x512.jpg 768w, https:\/\/blog.zhdk.ch\/epistemischebilder\/files\/2017\/08\/Plakat-WBG-1024x683.jpg 1024w\" sizes=\"auto, (max-width: 1200px) 100vw, 1200px\" \/>\t\t\t\t\t\t\t\t\t\t\t<\/figure>\n\t\t\t\t\t\t\t\t\t\t<figure class=\"cycle-slide\">\n\t\t\t\t\t\t<img loading=\"lazy\" decoding=\"async\" width=\"1200\" height=\"800\" src=\"https:\/\/blog.zhdk.ch\/epistemischebilder\/files\/2017\/08\/FlyerWBG_01.jpg\" class=\"attachment-full size-full\" alt=\"\" srcset=\"https:\/\/blog.zhdk.ch\/epistemischebilder\/files\/2017\/08\/FlyerWBG_01.jpg 1200w, https:\/\/blog.zhdk.ch\/epistemischebilder\/files\/2017\/08\/FlyerWBG_01-300x200.jpg 300w, https:\/\/blog.zhdk.ch\/epistemischebilder\/files\/2017\/08\/FlyerWBG_01-768x512.jpg 768w, https:\/\/blog.zhdk.ch\/epistemischebilder\/files\/2017\/08\/FlyerWBG_01-1024x683.jpg 1024w\" sizes=\"auto, (max-width: 1200px) 100vw, 1200px\" \/>\t\t\t\t\t\t\t\t\t\t\t<\/figure>\n\t\t\t\t\t\t\t\t\t\t<figure class=\"cycle-slide\">\n\t\t\t\t\t\t<img loading=\"lazy\" decoding=\"async\" width=\"1200\" height=\"800\" src=\"https:\/\/blog.zhdk.ch\/epistemischebilder\/files\/2017\/08\/FlyerWBG_02.jpg\" class=\"attachment-full size-full\" alt=\"\" srcset=\"https:\/\/blog.zhdk.ch\/epistemischebilder\/files\/2017\/08\/FlyerWBG_02.jpg 1200w, https:\/\/blog.zhdk.ch\/epistemischebilder\/files\/2017\/08\/FlyerWBG_02-300x200.jpg 300w, https:\/\/blog.zhdk.ch\/epistemischebilder\/files\/2017\/08\/FlyerWBG_02-768x512.jpg 768w, https:\/\/blog.zhdk.ch\/epistemischebilder\/files\/2017\/08\/FlyerWBG_02-1024x683.jpg 1024w\" sizes=\"auto, (max-width: 1200px) 100vw, 1200px\" \/>\t\t\t\t\t\t\t\t\t\t\t<\/figure>\n\t\t\t\t\t\t\t\t\t<\/div>\n\t\t\t\t\t\t\t\t<div class=\"cycle-prev\"><\/div>\n\t\t\t\t<div class=\"cycle-next\"><\/div>\n\t\t\t\t\t\t\t\t\t\t\t\t<div class=\"cycle-pager\"><\/div>\n\t\t\t\t\t\t\t<\/div>\n\t\t\t\n<\/p><\/div>\n<\/p><\/div>\n<\/p><\/div>\n<\/p><\/div>\n<\/section>\n","protected":false},"excerpt":{"rendered":"<p>Home\u00a0 \u00a0 \u00b7 \u00a0 \u00a0Was sind epistemische Bilder?\u00a0 \u00a0 \u00b7 \u00a0 \u00a0Das Forschungsprojekt\u00a0 \u00a0 \u00b7 \u00a0 \u00a0Mitwirkende\u00a0 \u00a0 \u00b7 \u00a0 \u00a0Follow-Up Projektteam \u00a0 Projektleitung: Niklaus Heeb, Leiter Fachrichtung Knowledge Visualization Projektkoordination und Umsetzung: Kathi Kant, Wissenschaftliche Mitarbeit Mitarbeit: Jonas Christen, Alessandro Holler, WMAB der Forschungsgruppe Knowledge Visualization sowie das gesamte Team der Fachrichtung Knowledge Visualization &hellip;<\/p>\n","protected":false},"author":2389,"featured_media":0,"parent":0,"menu_order":0,"comment_status":"closed","ping_status":"closed","template":"template-builder.php","meta":{"footnotes":""},"class_list":["post-246","page","type-page","status-publish","hentry"],"_links":{"self":[{"href":"https:\/\/blog.zhdk.ch\/epistemischebilder\/wp-json\/wp\/v2\/pages\/246","targetHints":{"allow":["GET"]}}],"collection":[{"href":"https:\/\/blog.zhdk.ch\/epistemischebilder\/wp-json\/wp\/v2\/pages"}],"about":[{"href":"https:\/\/blog.zhdk.ch\/epistemischebilder\/wp-json\/wp\/v2\/types\/page"}],"author":[{"embeddable":true,"href":"https:\/\/blog.zhdk.ch\/epistemischebilder\/wp-json\/wp\/v2\/users\/2389"}],"replies":[{"embeddable":true,"href":"https:\/\/blog.zhdk.ch\/epistemischebilder\/wp-json\/wp\/v2\/comments?post=246"}],"version-history":[{"count":42,"href":"https:\/\/blog.zhdk.ch\/epistemischebilder\/wp-json\/wp\/v2\/pages\/246\/revisions"}],"predecessor-version":[{"id":1413,"href":"https:\/\/blog.zhdk.ch\/epistemischebilder\/wp-json\/wp\/v2\/pages\/246\/revisions\/1413"}],"wp:attachment":[{"href":"https:\/\/blog.zhdk.ch\/epistemischebilder\/wp-json\/wp\/v2\/media?parent=246"}],"curies":[{"name":"wp","href":"https:\/\/api.w.org\/{rel}","templated":true}]}}