{"id":560,"date":"2017-09-04T11:30:55","date_gmt":"2017-09-04T11:30:55","guid":{"rendered":"https:\/\/blog.zhdk.ch\/epistemischebilder\/?page_id=560"},"modified":"2017-09-26T16:23:07","modified_gmt":"2017-09-26T16:23:07","slug":"prof-rolf-f-nohr","status":"publish","type":"page","link":"https:\/\/blog.zhdk.ch\/epistemischebilder\/home\/prof-rolf-f-nohr\/","title":{"rendered":"Prof. Rolf F. Nohr"},"content":{"rendered":"<section id=\"builder-section-1504683567115\" class=\"builder-section builder-section-first builder-section-text builder-section-next-text builder-text-columns-2\" style=\"background-size: cover; background-repeat: no-repeat;background-position: center center;\">\n<div class=\"builder-section-content\">\n<div class=\"builder-text-row\">\n<div class=\"builder-text-column builder-text-column-1\" id=\"builder-section-1504683567115-column-1\">\n<div class=\"builder-text-content\">\n<h2><a href=\"https:\/\/blog.zhdk.ch\/epistemischebilder\/home\/thomas-schaerer\/\">&lt;<\/a> Prof. Rolf F. Nohr <a href=\"https:\/\/blog.zhdk.ch\/epistemischebilder\/home\/kathrin-m-amelung\/\">&gt;<\/a><\/h2>\n<h3>N\u00fctzliche Bilder. Die Produktion von Bildwissen<\/h3>\n<\/p><\/div>\n<\/p><\/div>\n<div class=\"builder-text-column builder-text-column-2\" id=\"builder-section-1504683567115-column-2\">\n<div class=\"builder-text-content\">\n<h3 style=\"text-align: right\"><a href=\"https:\/\/blog.zhdk.ch\/epistemischebilder\/#programm\">Zur\u00fcck zur \u00dcbersicht<\/a><\/h3>\n<\/p><\/div>\n<\/p><\/div>\n<\/p><\/div>\n<\/p><\/div>\n<\/section>\n<section id=\"builder-section-1504524133867\" class=\"builder-section builder-section-prev-text builder-section-text builder-section-next-text builder-text-columns-1\" style=\"background-size: cover; background-repeat: no-repeat;background-position: center center;\">\n<div class=\"builder-section-content\">\n<div class=\"builder-text-row\">\n<div class=\"builder-text-column builder-text-column-1\" id=\"builder-section-1504524133867-column-1\">\n<div class=\"builder-text-content\">\n<div class=\"page\" title=\"Page 2\">\n<div class=\"layoutArea\">\n<div class=\"column\">\n\t\t\t<div class=\"ttfmake-shortcode-slider\">\n\t\t\t\t<div class=\"cycle-slideshow\" data-cycle-slides=\".cycle-slide\" data-cycle-loader=\"wait\" data-cycle-auto-height=\"calc\" data-cycle-center-horz=\"true\" data-cycle-center-vert=\"true\" data-cycle-swipe=\"true\" data-cycle-prev=\"~ .cycle-prev\" data-cycle-next=\"~ .cycle-next\" data-cycle-pager=\"~ .cycle-pager\" data-cycle-log=\"false\" data-cycle-timeout=\"6000\" data-cycle-fx=\"scrollHorz\">\n\t\t\t\t\t\t\t\t\t\t<figure class=\"cycle-slide\">\n\t\t\t\t\t\t<img loading=\"lazy\" decoding=\"async\" width=\"1200\" height=\"800\" src=\"https:\/\/blog.zhdk.ch\/epistemischebilder\/files\/2017\/09\/R.Nohr_Pedoskop_02.jpg\" class=\"attachment-full size-full\" alt=\"\" srcset=\"https:\/\/blog.zhdk.ch\/epistemischebilder\/files\/2017\/09\/R.Nohr_Pedoskop_02.jpg 1200w, https:\/\/blog.zhdk.ch\/epistemischebilder\/files\/2017\/09\/R.Nohr_Pedoskop_02-300x200.jpg 300w, https:\/\/blog.zhdk.ch\/epistemischebilder\/files\/2017\/09\/R.Nohr_Pedoskop_02-768x512.jpg 768w, https:\/\/blog.zhdk.ch\/epistemischebilder\/files\/2017\/09\/R.Nohr_Pedoskop_02-1024x683.jpg 1024w\" sizes=\"auto, (max-width: 1200px) 100vw, 1200px\" \/>\t\t\t\t\t\t\t\t\t\t\t<\/figure>\n\t\t\t\t\t\t\t\t\t\t<figure class=\"cycle-slide\">\n\t\t\t\t\t\t<img loading=\"lazy\" decoding=\"async\" width=\"1200\" height=\"800\" src=\"https:\/\/blog.zhdk.ch\/epistemischebilder\/files\/2017\/09\/Marsskizze-Kopie.jpg\" class=\"attachment-full size-full\" alt=\"\" srcset=\"https:\/\/blog.zhdk.ch\/epistemischebilder\/files\/2017\/09\/Marsskizze-Kopie.jpg 1200w, https:\/\/blog.zhdk.ch\/epistemischebilder\/files\/2017\/09\/Marsskizze-Kopie-300x200.jpg 300w, https:\/\/blog.zhdk.ch\/epistemischebilder\/files\/2017\/09\/Marsskizze-Kopie-768x512.jpg 768w, https:\/\/blog.zhdk.ch\/epistemischebilder\/files\/2017\/09\/Marsskizze-Kopie-1024x683.jpg 1024w\" sizes=\"auto, (max-width: 1200px) 100vw, 1200px\" \/>\t\t\t\t\t\t\t\t\t\t\t<\/figure>\n\t\t\t\t\t\t\t\t\t\t<figure class=\"cycle-slide\">\n\t\t\t\t\t\t<img loading=\"lazy\" decoding=\"async\" width=\"1200\" height=\"800\" src=\"https:\/\/blog.zhdk.ch\/epistemischebilder\/files\/2017\/09\/HIV-Gen-attacks.jpg\" class=\"attachment-full size-full\" alt=\"\" srcset=\"https:\/\/blog.zhdk.ch\/epistemischebilder\/files\/2017\/09\/HIV-Gen-attacks.jpg 1200w, https:\/\/blog.zhdk.ch\/epistemischebilder\/files\/2017\/09\/HIV-Gen-attacks-300x200.jpg 300w, https:\/\/blog.zhdk.ch\/epistemischebilder\/files\/2017\/09\/HIV-Gen-attacks-768x512.jpg 768w, https:\/\/blog.zhdk.ch\/epistemischebilder\/files\/2017\/09\/HIV-Gen-attacks-1024x683.jpg 1024w\" sizes=\"auto, (max-width: 1200px) 100vw, 1200px\" \/>\t\t\t\t\t\t\t\t\t\t\t<\/figure>\n\t\t\t\t\t\t\t\t\t<\/div>\n\t\t\t\t\t\t\t\t<div class=\"cycle-prev\"><\/div>\n\t\t\t\t<div class=\"cycle-next\"><\/div>\n\t\t\t\t\t\t\t\t\t\t\t\t<div class=\"cycle-pager\"><\/div>\n\t\t\t\t\t\t\t<\/div>\n\t\t\t\n<p>\u00a0<\/p>\n<p><small><strong>(1) Pedoskop &#8211; R\u00f6ntgenger\u00e4t zur \u00dcberpr\u00fcfung der Passform von Schuhen<\/strong>. In R. Nohr (2014), S. 311. Aus: Norbert Lossau (1995): R\u00f6ntgen: Eine Entdeckung ver\u00e4ndert unser Leben. K\u00f6ln vgs, S. 94.<br \/> <strong>(2) Die\u00a0 erste Nahaufnahme des Mars.<\/strong> Fotos aufgenommen von der Sonde Mariner 4, Frame 01D, 1965.<br \/><strong>(3) Blaue HIV Viren attackieren eine Immunzelle.<\/strong> derStandard.at, 2005.<\/small><\/p>\n<p>\u00a0<\/p>\n<\/div>\n<\/div>\n<\/div><\/div>\n<\/p><\/div>\n<\/p><\/div>\n<\/p><\/div>\n<\/section>\n<section id=\"builder-section-1504525057900\" class=\"builder-section builder-section-prev-text builder-section-text builder-section-last builder-text-columns-2\" style=\"background-size: cover; background-repeat: no-repeat;background-position: center center;\">\n<div class=\"builder-section-content\">\n<div class=\"builder-text-row\">\n<div class=\"builder-text-column builder-text-column-1\" id=\"builder-section-1504525057900-column-1\">\n<div class=\"builder-text-content\">\n<p><strong>Abstract<\/strong><\/p>\n<p><strong>Ein aktuell vielbeschworener und -diskutierter Begriff ist der der Evidenz. Ein Bild wird zur <em>Wahrheit<\/em>, weil es ein Bild ist; eine <em>Aussage<\/em> wird zur objektiven Aussage, weil sie sich bestimmter Konventionen zu bedienen wei\u00df. Interessant erscheint die Frage, warum und unter welchen Pr\u00e4missen und strategischen Zielen wir uns mit dem Begriff und Ph\u00e4nomen der Evidenz besch\u00e4ftigen. Ziel des Vortrags ist es daher weniger, einen konsistenten Begriff der Evidenz vorzuschlagen, sondern anhand einer Art Ad-hoc-N\u00e4herung Probleme der Definition der (bildlichen) Evidenz aufzuzeigen, daraus resultierende Fallstricke zu skizzieren und resultierend zu versuchen, diese N\u00e4herung weiter zu pr\u00e4zisieren (ohne sie jedoch abschlie\u00dfen zu k\u00f6nnen). Daher will der Vortrag anhand zweier Fallbeispiele die Genese solchen Bildwissens unter dem Oberbegriff der <em>n\u00fctzlichen Bilder<\/em> reflektieren. <\/strong><\/p>\n<p><strong>Mit n\u00fctzlichen Bildern bezeichne ich zun\u00e4chst Bilder in (medialer) Zirkulation. Gemeint sind \u2013 spezifische \u2013 funktionale und funktionalisierbare Bilder, die davon gepr\u00e4gt sind, dass sie in einer spezifischen Weise als <em>wahr<\/em> verstanden werden. Ich m\u00f6chte vorschlagen diese vorrangig \u00fcber ihre Medialit\u00e4t, ihre diskursive Eingebundenheit, aber auch ihre technische und repr\u00e4sentationspolitische Funktionalit\u00e4t zu begreifen. Dieser Aspekt soll mit einem kurzen Exkurs zur (apparativen) Herstellung der <em>Sichtbarkeit<\/em> des Mars thematisiert werden. <\/strong><\/p>\n<p><strong>Als ein dialektisches <em>Gegen\u00fcber<\/em> zu den apparativen Bildern der Astronomie soll in einem zweiten Exkurs kurz auf die Konjunktur(en) der Bildfigur des Viralen abgehoben werden. Ausgangspunkt meiner \u00dcberlegungen ist die Beobachtung eines <em>virulenten<\/em> Diskurses innerhalb popul\u00e4rkultureller Formationen, die sich mit Mikrostrukturen wie dem Viralen, dem Bakteriellen oder allgemein: mit dem Mikroskopischen auseinandersetzen. Kinofilme, Fernsehserien oder Romane thematisieren die Angst vor und den Kampf gegen einen mikroskopischen und unsichtbaren dezentralisierten und <em>rhizomatischen<\/em> Feind. Diesen <em>Feind<\/em>, dieses Andere m\u00f6chte ich umfassen mit dem Begriff des <em>Viralen<\/em>. <\/strong><\/p>\n<p><strong>Die Frage nach n\u00fctzlichen Bildern in der popul\u00e4ren\/medialen Kultur wird somit als eine Frage danach gestellt, wie Wahrheiten, Wissen, Ordnungen oder Historizit\u00e4t jeweils ausgehandelt werden und welche Rolle Medien darin spielen. Die Frage nach dem n\u00fctzlichen Bild in Bezug auf Medien ist aber keine Frage nach dem Apriori des Medialen und\/oder Technischen. Sie ist vielmehr eine Frage nach der dem Sehen und seinen Konsequenzen innewohnende Macht: Wenn wir von der Idee ausgehen, dass bestimmte Bilder und Sichtbarkeiten \u00fcber ein bestimmtes Wissen und dessen symbolische Niederlegung zu einer bestimmten Funktionalit\u00e4t gelangen, so ist \u2013 sp\u00e4testens mit Michel Foucault \u2013 auf die enge Verbindung von Wissenskonstellationen mit Macht und Regierungstechnologien zu verweisen.<\/strong><\/p>\n<\/p><\/div>\n<\/p><\/div>\n<div class=\"builder-text-column builder-text-column-2\" id=\"builder-section-1504525057900-column-2\">\n<div class=\"builder-text-content\">\n<p><strong>Zur Person<\/strong><\/p>\n<p>Dr. Rolf F. Nohr ist Professor f\u00fcr Medien\u00e4sthetik und Medienkultur an der HBK Braunschweig. Er studierte und promovierte an der Ruhr-Universit\u00e4t Bochum, war Wissenschaftlicher Mitarbeiter im kulturwissenschaftlichen Forschungskolleg Medien und kulturelle Kommunikation der Universit\u00e4t zu K\u00f6ln und anschlie\u00dfend Juniorprofessor f\u00fcr Medienkultur am Institut f\u00fcr Medienforschung an der HBK Braunschweig. Er ist Gr\u00fcnder und Editor der Schriftenreihe Medien Welten. Braunschweiger Schriften zur Medienkultur im LIT-Verlag, Mitglied des Graduiertenkollegs Das Dispositiv des Fotografischen, Projektleiter des Forschungsprojekts Kulturtechnik Unternehmensplanspiel und Regional Director des Learning Games Initiative Research Archive (LGIRA) <a href=\"http:\/\/n\u00fctzliche-bilder.de\">Weitere Infos <\/a><\/p>\n<\/p><\/div>\n<\/p><\/div>\n<\/p><\/div>\n<\/p><\/div>\n<\/section>\n","protected":false},"excerpt":{"rendered":"<p>&lt; Prof. Rolf F. Nohr &gt; N\u00fctzliche Bilder. Die Produktion von Bildwissen Zur\u00fcck zur \u00dcbersicht \u00a0 (1) Pedoskop &#8211; R\u00f6ntgenger\u00e4t zur \u00dcberpr\u00fcfung der Passform von Schuhen. In R. Nohr (2014), S. 311. Aus: Norbert Lossau (1995): R\u00f6ntgen: Eine Entdeckung ver\u00e4ndert unser Leben. K\u00f6ln vgs, S. 94. (2) Die\u00a0 erste Nahaufnahme des Mars. Fotos aufgenommen von &hellip;<\/p>\n","protected":false},"author":3684,"featured_media":0,"parent":11,"menu_order":0,"comment_status":"closed","ping_status":"closed","template":"template-builder.php","meta":{"footnotes":""},"class_list":["post-560","page","type-page","status-publish","hentry"],"_links":{"self":[{"href":"https:\/\/blog.zhdk.ch\/epistemischebilder\/wp-json\/wp\/v2\/pages\/560","targetHints":{"allow":["GET"]}}],"collection":[{"href":"https:\/\/blog.zhdk.ch\/epistemischebilder\/wp-json\/wp\/v2\/pages"}],"about":[{"href":"https:\/\/blog.zhdk.ch\/epistemischebilder\/wp-json\/wp\/v2\/types\/page"}],"author":[{"embeddable":true,"href":"https:\/\/blog.zhdk.ch\/epistemischebilder\/wp-json\/wp\/v2\/users\/3684"}],"replies":[{"embeddable":true,"href":"https:\/\/blog.zhdk.ch\/epistemischebilder\/wp-json\/wp\/v2\/comments?post=560"}],"version-history":[{"count":51,"href":"https:\/\/blog.zhdk.ch\/epistemischebilder\/wp-json\/wp\/v2\/pages\/560\/revisions"}],"predecessor-version":[{"id":1106,"href":"https:\/\/blog.zhdk.ch\/epistemischebilder\/wp-json\/wp\/v2\/pages\/560\/revisions\/1106"}],"up":[{"embeddable":true,"href":"https:\/\/blog.zhdk.ch\/epistemischebilder\/wp-json\/wp\/v2\/pages\/11"}],"wp:attachment":[{"href":"https:\/\/blog.zhdk.ch\/epistemischebilder\/wp-json\/wp\/v2\/media?parent=560"}],"curies":[{"name":"wp","href":"https:\/\/api.w.org\/{rel}","templated":true}]}}