{"id":588,"date":"2017-09-04T12:46:53","date_gmt":"2017-09-04T12:46:53","guid":{"rendered":"https:\/\/blog.zhdk.ch\/epistemischebilder\/?page_id=588"},"modified":"2017-09-18T11:28:36","modified_gmt":"2017-09-18T11:28:36","slug":"kathrin-m-amelung","status":"publish","type":"page","link":"https:\/\/blog.zhdk.ch\/epistemischebilder\/home\/kathrin-m-amelung\/","title":{"rendered":"Kathrin M. Amelung"},"content":{"rendered":"<section id=\"builder-section-1504540379335\" class=\"builder-section builder-section-first builder-section-text builder-section-next-text builder-text-columns-2\" style=\"background-size: cover; background-repeat: no-repeat;background-position: center center;\">\n<div class=\"builder-section-content\">\n<div class=\"builder-text-row\">\n<div class=\"builder-text-column builder-text-column-1\" id=\"builder-section-1504540379335-column-1\">\n<div class=\"builder-text-content\">\n<h2><a href=\"https:\/\/blog.zhdk.ch\/epistemischebilder\/home\/prof-rolf-f-nohr\/\">&lt;<\/a> Kathrin M. Amelung <a href=\"https:\/\/blog.zhdk.ch\/epistemischebilder\/home\/jonas-laustroeer-amir-andikfar\/\">&gt;<\/a><\/h2>\n<h3>Fiktionale Evidenz? <br \/>\u00dcberlegungen zum eigenst\u00e4ndigen epistemischen Potential wissenschaftlicher Illustrationen in der naturwissenschaftlichen (Labor)Praxis.<\/h3>\n<\/p><\/div>\n<\/p><\/div>\n<div class=\"builder-text-column builder-text-column-2\" id=\"builder-section-1504540379335-column-2\">\n<div class=\"builder-text-content\">\n<h3 style=\"text-align: right\"><a href=\"https:\/\/blog.zhdk.ch\/epistemischebilder\/#programm\">Zur\u00fcck zur \u00dcbersicht<\/a><\/h3>\n<\/p><\/div>\n<\/p><\/div>\n<\/p><\/div>\n<\/p><\/div>\n<\/section>\n<section id=\"builder-section-1504529180640\" class=\"builder-section builder-section-prev-text builder-section-text builder-section-next-text builder-text-columns-1\" style=\"background-size: cover; background-repeat: no-repeat;background-position: center center;\">\n<div class=\"builder-section-content\">\n<div class=\"builder-text-row\">\n<div class=\"builder-text-column builder-text-column-1\" id=\"builder-section-1504529180640-column-1\">\n<div class=\"builder-text-content\">\n\t\t\t<div class=\"ttfmake-shortcode-slider\">\n\t\t\t\t<div class=\"cycle-slideshow\" data-cycle-slides=\".cycle-slide\" data-cycle-loader=\"wait\" data-cycle-auto-height=\"calc\" data-cycle-center-horz=\"true\" data-cycle-center-vert=\"true\" data-cycle-swipe=\"true\" data-cycle-prev=\"~ .cycle-prev\" data-cycle-next=\"~ .cycle-next\" data-cycle-pager=\"~ .cycle-pager\" data-cycle-log=\"false\" data-cycle-paused=\"true\" data-cycle-timeout=\"6000\" data-cycle-fx=\"scrollHorz\">\n\t\t\t\t\t\t\t\t\t\t<figure class=\"cycle-slide\">\n\t\t\t\t\t\t<img loading=\"lazy\" decoding=\"async\" width=\"1200\" height=\"800\" src=\"https:\/\/blog.zhdk.ch\/epistemischebilder\/files\/2017\/09\/OrobatesPabsti_01.jpg\" class=\"attachment-full size-full\" alt=\"\" srcset=\"https:\/\/blog.zhdk.ch\/epistemischebilder\/files\/2017\/09\/OrobatesPabsti_01.jpg 1200w, https:\/\/blog.zhdk.ch\/epistemischebilder\/files\/2017\/09\/OrobatesPabsti_01-300x200.jpg 300w, https:\/\/blog.zhdk.ch\/epistemischebilder\/files\/2017\/09\/OrobatesPabsti_01-768x512.jpg 768w, https:\/\/blog.zhdk.ch\/epistemischebilder\/files\/2017\/09\/OrobatesPabsti_01-1024x683.jpg 1024w\" sizes=\"auto, (max-width: 1200px) 100vw, 1200px\" \/>\t\t\t\t\t\t\t\t\t\t\t<\/figure>\n\t\t\t\t\t\t\t\t\t\t<figure class=\"cycle-slide\">\n\t\t\t\t\t\t<img loading=\"lazy\" decoding=\"async\" width=\"1200\" height=\"800\" src=\"https:\/\/blog.zhdk.ch\/epistemischebilder\/files\/2017\/09\/Orobates-Pabsti-02.jpg\" class=\"attachment-full size-full\" alt=\"\" srcset=\"https:\/\/blog.zhdk.ch\/epistemischebilder\/files\/2017\/09\/Orobates-Pabsti-02.jpg 1200w, https:\/\/blog.zhdk.ch\/epistemischebilder\/files\/2017\/09\/Orobates-Pabsti-02-300x200.jpg 300w, https:\/\/blog.zhdk.ch\/epistemischebilder\/files\/2017\/09\/Orobates-Pabsti-02-768x512.jpg 768w, https:\/\/blog.zhdk.ch\/epistemischebilder\/files\/2017\/09\/Orobates-Pabsti-02-1024x683.jpg 1024w\" sizes=\"auto, (max-width: 1200px) 100vw, 1200px\" \/>\t\t\t\t\t\t\t\t\t\t\t<\/figure>\n\t\t\t\t\t\t\t\t\t\t<figure class=\"cycle-slide\">\n\t\t\t\t\t\t<img loading=\"lazy\" decoding=\"async\" width=\"1200\" height=\"800\" src=\"https:\/\/blog.zhdk.ch\/epistemischebilder\/files\/2017\/09\/EbolaVirus.jpg\" class=\"attachment-full size-full\" alt=\"\" srcset=\"https:\/\/blog.zhdk.ch\/epistemischebilder\/files\/2017\/09\/EbolaVirus.jpg 1200w, https:\/\/blog.zhdk.ch\/epistemischebilder\/files\/2017\/09\/EbolaVirus-300x200.jpg 300w, https:\/\/blog.zhdk.ch\/epistemischebilder\/files\/2017\/09\/EbolaVirus-768x512.jpg 768w, https:\/\/blog.zhdk.ch\/epistemischebilder\/files\/2017\/09\/EbolaVirus-1024x683.jpg 1024w\" sizes=\"auto, (max-width: 1200px) 100vw, 1200px\" \/>\t\t\t\t\t\t\t\t\t\t\t<\/figure>\n\t\t\t\t\t\t\t\t\t<\/div>\n\t\t\t\t\t\t\t\t<div class=\"cycle-prev\"><\/div>\n\t\t\t\t<div class=\"cycle-next\"><\/div>\n\t\t\t\t\t\t\t\t\t\t\t\t<div class=\"cycle-pager\"><\/div>\n\t\t\t\t\t\t\t<\/div>\n\t\t\t\n<p><small><strong>(1) <\/strong><span id=\"figure-title\"><b><em>Orobates pabsti<\/em> <\/b>(MNG 10181).<\/span>\u00a0In:\u00a0Nyakatura JA, Allen VR, Laustr\u00f6er J, Andikfar A, Danczak M, Ullrich H-J, et al. (2015) A Three-Dimensional Skeletal Reconstruction of the Stem Amniote <em>Orobates pabsti<\/em> (Diadectidae): Analyses of Body Mass, Centre of Mass Position, and Joint Mobility. PLoS ONE 10(9): e0137284. <a href=\"https:\/\/doi.org\/10.1371\/journal.pone.0137284\">https:\/\/doi.org\/10.1371\/journal.pone.0137284<\/a><br \/> <strong>(2) \u00a0<span id=\"figure-title\"><b>Digital reconstruction of <em>Orobates pabsti<\/em><\/b><\/span>.<\/strong> Nykatura et al, 2015.<br \/> <strong>(3) <\/strong><b>Ebola-Virus,<\/b> David S. Goodsell, RCSB Protein Data Bank<br \/><\/small><\/p>\n<\/p><\/div>\n<\/p><\/div>\n<\/p><\/div>\n<\/p><\/div>\n<\/section>\n<section id=\"builder-section-1504540432651\" class=\"builder-section builder-section-prev-text builder-section-text builder-section-last builder-text-columns-2\" style=\"background-size: cover; background-repeat: no-repeat;background-position: center center;\">\n<div class=\"builder-section-content\">\n<div class=\"builder-text-row\">\n<div class=\"builder-text-column builder-text-column-1\" id=\"builder-section-1504540432651-column-1\">\n<div class=\"builder-text-content\">\n<p><strong>Abstract<\/strong><\/p>\n<p><strong>Im Zentrum des Vortrags steht die These, dass die vermeintlich \u00fcberholte Praxis der Gestaltung in den Naturwissenschaften im Sinne von Bildern, die aus einer Kooperation zwischen wissenschaftlichen IllustratorInnen und WissenschaftlerInnen hervorgegangen sind, erst jetzt, d.h. im Zuge der neuen, technischen Ver\u00e4nderungen der Bildgebung, ihr eigentliches Potential entfalten k\u00f6nnen. Dieses Potential ist dabei keineswegs mit den M\u00f6glichkeiten computertechnischer Bildgebung identisch, sondern allen wissenschaftlichen Illustrationen unterschiedlichster Herstellungstechniken wie z.B. Handzeichnungen, Kupferstichen, Holzschnitten und Lithographien, eigen. <\/strong><br \/><strong>Gleichwohl, so die auszuf\u00fchrende \u00dcberlegung, macht aber erst der neue Umgang mit bestimmten technischen Bildgebungsverfahren in der naturwissenschaftlichen Forschung, wie z.B. der 3D-Animation, aber auch die Einbindung wissenschaftlicher Illustrationen in eine virtuelle Umgebung, darauf aufmerksam, dass wissenschaftliche Illustrationen keine Abbilder vorangegangener Forschungsergebnisse sind, die \u201enur noch\u201c ins Bild gesetzt werden m\u00fcssten, sondern ein eigenst\u00e4ndiges Erkenntnispotential besitzen. <\/strong><br \/><strong>Dieses Potential besteht in der Er\u00f6ffnung von Denk- und Vorstellungsr\u00e4umen, die es den WissenschaftlerInnen erm\u00f6glichen, sich ihrem Untersuchungsobjekt aus unterschiedlichen Perspektiven heraus unbegrenzt anzun\u00e4hern.<\/strong><br \/><strong>Anhand von Forschungsprojekten aus der Morphologie (\u201e<em>Orobates pabsti<\/em>\u201c &#8211; Bewegungsrekonstruktion eines fr\u00fchen Landwirbeltiers) und aus der Molekularbiologie (Wissenschaftsillustrationen von David S. Goodsell) \u2013 werden diese \u00dcberlegungen n\u00e4her erl\u00e4utert.<\/strong><\/p>\n<\/p><\/div>\n<\/p><\/div>\n<div class=\"builder-text-column builder-text-column-2\" id=\"builder-section-1504540432651-column-2\">\n<div class=\"builder-text-content\">\n<p><strong>Zur Person<\/strong><\/p>\n<p>M.A. Kathrin Mira Amelung ist wissenschaftliche Mitarbeiterin in der AG Morphologie und Formengeschichte des Exzellenzclusters Bild Wissen Gestaltung der Humboldt-Universit\u00e4t Berlin. <br \/>Sie ist sowohl studierte Medien- und Kulturwissenschaftlerin als auch Dipl. Illustratorin mit mehrj\u00e4hriger Berufserfahrung. <br \/>Von 2011-2012 war sie Stipendiatin der Bauhaus-Universit\u00e4t Weimar. 2014 schloss sie ihr Studium der Medienkultur an der Bauhaus-Universit\u00e4t mit der Masterarbeit \u00bbZum Begriff der wissenschaftlichen Illustration als Medienbegriff\u00ab mit Auszeichnung ab. <br \/>Im Zentrum ihrer Forschungen in der AG stehen besonders die Bedingungen, Grenzen und M\u00f6glichkeiten eines eigenst\u00e4ndigen Erkenntnisgewinns durch wissenschaftliche Bilder \/ Illustrationen, innerhalb der naturwissenschaftlichen (Labor)Praxis der Morphologie. Diesem Themenkomplex n\u00e4hert sie sich aus unterschiedlichen theoretischen Perspektiven wie Kultur- und Medienwissenschaft, Bildwissenschaft, aber auch Philosophie und Wissenschaftsgeschichte. <br \/>Seit 2015 ist Kathrin Mira Amelung assoziiertes Mitglied in dem von Horst Bredekamp und J\u00fcrgen Trabant geleiteten \u00bbBildakt\u00ab der Humboldt-Universit\u00e4t zu Berlin. Sie ist ebenfalls assoziiertes Mitglied am Kompetenzzentrum Medienanthropologie (KOMA) der Bauhaus-Universit\u00e4t Weimar.<\/p>\n<p>Weitere Informationen zur Person sowie zur AG Morphologie und Formengeschichte unter: <br \/><a href=\"http:\/\/nyakaturalab.com\/kathrin-m-amelung\">http:\/\/nyakaturalab.com\/kathrin-m-amelung <\/a><br \/><a href=\"https:\/\/www.interdisciplinary-laboratory.hu-berlin.de\/de\/content\/morphologie-und-formengeschichte\/\">https:\/\/www.interdisciplinary-laboratory.hu-berlin.de\/de\/content\/morphologie-und-formengeschichte\/<\/a><\/p>\n<\/p><\/div>\n<\/p><\/div>\n<\/p><\/div>\n<\/p><\/div>\n<\/section>\n","protected":false},"excerpt":{"rendered":"<p>&lt; Kathrin M. Amelung &gt; Fiktionale Evidenz? \u00dcberlegungen zum eigenst\u00e4ndigen epistemischen Potential wissenschaftlicher Illustrationen in der naturwissenschaftlichen (Labor)Praxis. Zur\u00fcck zur \u00dcbersicht (1) Orobates pabsti (MNG 10181).\u00a0In:\u00a0Nyakatura JA, Allen VR, Laustr\u00f6er J, Andikfar A, Danczak M, Ullrich H-J, et al. (2015) A Three-Dimensional Skeletal Reconstruction of the Stem Amniote Orobates pabsti (Diadectidae): Analyses of Body Mass, &hellip;<\/p>\n","protected":false},"author":3684,"featured_media":0,"parent":11,"menu_order":0,"comment_status":"closed","ping_status":"closed","template":"template-builder.php","meta":{"footnotes":""},"class_list":["post-588","page","type-page","status-publish","hentry"],"_links":{"self":[{"href":"https:\/\/blog.zhdk.ch\/epistemischebilder\/wp-json\/wp\/v2\/pages\/588","targetHints":{"allow":["GET"]}}],"collection":[{"href":"https:\/\/blog.zhdk.ch\/epistemischebilder\/wp-json\/wp\/v2\/pages"}],"about":[{"href":"https:\/\/blog.zhdk.ch\/epistemischebilder\/wp-json\/wp\/v2\/types\/page"}],"author":[{"embeddable":true,"href":"https:\/\/blog.zhdk.ch\/epistemischebilder\/wp-json\/wp\/v2\/users\/3684"}],"replies":[{"embeddable":true,"href":"https:\/\/blog.zhdk.ch\/epistemischebilder\/wp-json\/wp\/v2\/comments?post=588"}],"version-history":[{"count":14,"href":"https:\/\/blog.zhdk.ch\/epistemischebilder\/wp-json\/wp\/v2\/pages\/588\/revisions"}],"predecessor-version":[{"id":1090,"href":"https:\/\/blog.zhdk.ch\/epistemischebilder\/wp-json\/wp\/v2\/pages\/588\/revisions\/1090"}],"up":[{"embeddable":true,"href":"https:\/\/blog.zhdk.ch\/epistemischebilder\/wp-json\/wp\/v2\/pages\/11"}],"wp:attachment":[{"href":"https:\/\/blog.zhdk.ch\/epistemischebilder\/wp-json\/wp\/v2\/media?parent=588"}],"curies":[{"name":"wp","href":"https:\/\/api.w.org\/{rel}","templated":true}]}}