{"id":602,"date":"2017-09-04T13:00:15","date_gmt":"2017-09-04T13:00:15","guid":{"rendered":"https:\/\/blog.zhdk.ch\/epistemischebilder\/?page_id=602"},"modified":"2017-09-19T12:14:14","modified_gmt":"2017-09-19T12:14:14","slug":"jonas-laustroeer-amir-andikfar","status":"publish","type":"page","link":"https:\/\/blog.zhdk.ch\/epistemischebilder\/home\/jonas-laustroeer-amir-andikfar\/","title":{"rendered":"Jonas Laustr\u00f6er &amp; Amir Andikfar"},"content":{"rendered":"<section id=\"builder-section-1504540538216\" class=\"builder-section builder-section-first builder-section-text builder-section-next-text builder-text-columns-2\" style=\"background-size: cover; background-repeat: no-repeat;background-position: center center;\">\n<div class=\"builder-section-content\">\n<div class=\"builder-text-row\">\n<div class=\"builder-text-column builder-text-column-1\" id=\"builder-section-1504540538216-column-1\">\n<div class=\"builder-text-content\">\n<h2><a href=\"https:\/\/blog.zhdk.ch\/epistemischebilder\/home\/kathrin-m-amelung\/\">&lt;<\/a> Jonas Laustr\u00f6er <br \/>&amp; Amir Andikfar <a href=\"https:\/\/blog.zhdk.ch\/epistemischebilder\/home\/dr-wolf-schweitzer\/\">&gt;<\/a><\/h2>\n<h3>Orobates pabsti oder Wissenschaftsillustration als Forschungswerkzeug<\/h3>\n<\/p><\/div>\n<\/p><\/div>\n<div class=\"builder-text-column builder-text-column-2\" id=\"builder-section-1504540538216-column-2\">\n<div class=\"builder-text-content\">\n<h3 style=\"text-align: right\"><a href=\"https:\/\/blog.zhdk.ch\/epistemischebilder\/#programm\">Zur\u00fcck zur \u00dcbersicht<\/a><\/h3>\n<\/p><\/div>\n<\/p><\/div>\n<\/p><\/div>\n<\/p><\/div>\n<\/section>\n<section id=\"builder-section-1504540525633\" class=\"builder-section builder-section-prev-text builder-section-text builder-section-next-text builder-text-columns-1\" style=\"background-size: cover; background-repeat: no-repeat;background-position: center center;\">\n<div class=\"builder-section-content\">\n<div class=\"builder-text-row\">\n<div class=\"builder-text-column builder-text-column-1\" id=\"builder-section-1504540525633-column-1\">\n<div class=\"builder-text-content\">\n<p>\u00a0<\/p>\n\t\t\t<div class=\"ttfmake-shortcode-slider\">\n\t\t\t\t<div class=\"cycle-slideshow\" data-cycle-slides=\".cycle-slide\" data-cycle-loader=\"wait\" data-cycle-auto-height=\"calc\" data-cycle-center-horz=\"true\" data-cycle-center-vert=\"true\" data-cycle-swipe=\"true\" data-cycle-prev=\"~ .cycle-prev\" data-cycle-next=\"~ .cycle-next\" data-cycle-pager=\"~ .cycle-pager\" data-cycle-log=\"false\" data-cycle-paused=\"true\" data-cycle-timeout=\"6000\" data-cycle-fx=\"scrollHorz\">\n\t\t\t\t\t\t\t\t\t\t<figure class=\"cycle-slide\">\n\t\t\t\t\t\t<img loading=\"lazy\" decoding=\"async\" width=\"1200\" height=\"800\" src=\"https:\/\/blog.zhdk.ch\/epistemischebilder\/files\/2017\/09\/A.Andikfar.J.Laustroeer_Orobates_pabsti.jpg\" class=\"attachment-full size-full\" alt=\"\" srcset=\"https:\/\/blog.zhdk.ch\/epistemischebilder\/files\/2017\/09\/A.Andikfar.J.Laustroeer_Orobates_pabsti.jpg 1200w, https:\/\/blog.zhdk.ch\/epistemischebilder\/files\/2017\/09\/A.Andikfar.J.Laustroeer_Orobates_pabsti-300x200.jpg 300w, https:\/\/blog.zhdk.ch\/epistemischebilder\/files\/2017\/09\/A.Andikfar.J.Laustroeer_Orobates_pabsti-768x512.jpg 768w, https:\/\/blog.zhdk.ch\/epistemischebilder\/files\/2017\/09\/A.Andikfar.J.Laustroeer_Orobates_pabsti-1024x683.jpg 1024w\" sizes=\"auto, (max-width: 1200px) 100vw, 1200px\" \/>\t\t\t\t\t\t\t\t\t\t\t<\/figure>\n\t\t\t\t\t\t\t\t\t\t<figure class=\"cycle-slide\">\n\t\t\t\t\t\t<img loading=\"lazy\" decoding=\"async\" width=\"1200\" height=\"800\" src=\"https:\/\/blog.zhdk.ch\/epistemischebilder\/files\/2017\/09\/Knochenrekonstruktion.jpg\" class=\"attachment-full size-full\" alt=\"\" srcset=\"https:\/\/blog.zhdk.ch\/epistemischebilder\/files\/2017\/09\/Knochenrekonstruktion.jpg 1200w, https:\/\/blog.zhdk.ch\/epistemischebilder\/files\/2017\/09\/Knochenrekonstruktion-300x200.jpg 300w, https:\/\/blog.zhdk.ch\/epistemischebilder\/files\/2017\/09\/Knochenrekonstruktion-768x512.jpg 768w, https:\/\/blog.zhdk.ch\/epistemischebilder\/files\/2017\/09\/Knochenrekonstruktion-1024x683.jpg 1024w\" sizes=\"auto, (max-width: 1200px) 100vw, 1200px\" \/>\t\t\t\t\t\t\t\t\t\t\t<\/figure>\n\t\t\t\t\t\t\t\t\t\t<figure class=\"cycle-slide\">\n\t\t\t\t\t\t<img loading=\"lazy\" decoding=\"async\" width=\"1200\" height=\"800\" src=\"https:\/\/blog.zhdk.ch\/epistemischebilder\/files\/2017\/09\/Kochenentzerrung.jpg\" class=\"attachment-full size-full\" alt=\"\" srcset=\"https:\/\/blog.zhdk.ch\/epistemischebilder\/files\/2017\/09\/Kochenentzerrung.jpg 1200w, https:\/\/blog.zhdk.ch\/epistemischebilder\/files\/2017\/09\/Kochenentzerrung-300x200.jpg 300w, https:\/\/blog.zhdk.ch\/epistemischebilder\/files\/2017\/09\/Kochenentzerrung-768x512.jpg 768w, https:\/\/blog.zhdk.ch\/epistemischebilder\/files\/2017\/09\/Kochenentzerrung-1024x683.jpg 1024w\" sizes=\"auto, (max-width: 1200px) 100vw, 1200px\" \/>\t\t\t\t\t\t\t\t\t\t\t<\/figure>\n\t\t\t\t\t\t\t\t\t<\/div>\n\t\t\t\t\t\t\t\t<div class=\"cycle-prev\"><\/div>\n\t\t\t\t<div class=\"cycle-next\"><\/div>\n\t\t\t\t\t\t\t\t\t\t\t\t<div class=\"cycle-pager\"><\/div>\n\t\t\t\t\t\t\t<\/div>\n\t\t\t\n<p><small><b>Rekonstruktionsprojekt <em>Orobates pabsti<\/em>,<\/b> Design von Jonas Laustr\u00f6er, Amir Andikfar, 2015, in Kooperation mit Prof. John Nyakatura, Exzellenzcluster \u00bbBild Wissen Gestaltung. Ein interdisziplin\u00e4res Labor\u00ab, Humboldt Universit\u00e4t zu Berlin. Aus: <a href=\"http:\/\/journals.plos.org\/plosone\/article?id=10.1371%2Fjournal.pone.0137284\" target=\"_blank\" rel=\"noopener\">A Three-Dimensional Skeletal Reconstruction of the Stem Amniote <em>Orobates pabsti <\/em>(Diadectidae)<\/a>: Analyses of Body Mass, Centre if Mass Position, and Joint Mobility.<br \/><\/small><\/p>\n<\/p><\/div>\n<\/p><\/div>\n<\/p><\/div>\n<\/p><\/div>\n<\/section>\n<section id=\"builder-section-1504540542314\" class=\"builder-section builder-section-prev-text builder-section-text builder-section-last builder-text-columns-2\" style=\"background-size: cover; background-repeat: no-repeat;background-position: center center;\">\n<div class=\"builder-section-content\">\n<div class=\"builder-text-row\">\n<div class=\"builder-text-column builder-text-column-1\" id=\"builder-section-1504540542314-column-1\">\n<div class=\"builder-text-content\">\n<p><strong>Abstract<\/strong><\/p>\n<p><strong>In einer engen Zusammenarbeit mit dem Biologen Prof. John Nyakatura vom Exzellenzcluster \u201eBild Wissen Gestaltung: Ein interdisziplin\u00e4res Labor\u201c der Humboldt-Universit\u00e4t zu Berlin und der Friedrich-Schiller-Universit\u00e4t und dem Institut f\u00fcr Spezielle Zoologie und Evolutionsbiologie in Jena, haben Jonas Laustr\u00f6er und Amir Andikfar seit 2013 auf der Basis einer hochaufl\u00f6senden Computertomographie das 300 Millionen Jahre alte Wirbeltierfossil Orobates pabsti, mit dem 3D-Programm Maya rekonstruiert und animiert. Das Ergebnis ist eine virtuelle \u201eSkelett-Marionette\u201c, die die Grenzen des Bewegungsumfanges in den Gelenken simuliert. Eine fossilisierte Spurenplatte definiert das Fu\u00dffallmuster von Orobates pabsti, sodass die Marionette virtuelle Experimente erm\u00f6glicht, indem man einzelne Bewegungsparameter variieren und alle anderen Parameter konstant h\u00e4lt. Das Produkt des illustrativen Gestaltungsprozesses stellt ein heuristisches Werkzeug f\u00fcr die Bearbeitung der wissenschaftlichen Fragestellung dar und geht somit \u00fcber die herk\u00f6mmliche Illustration eines Forschungsergebnisses deutlich hinaus. Zum Vergleich wurden die rezenten Tiere Krokodil, Leguan und Skink ebenfalls rekonstruiert und nach modernsten R\u00f6ntgenfilmen animiert.<\/strong><br \/><strong>Die Zusammenarbeit zwischen den Illustratoren und den Wissenschaftlern wurde von M.A. Kulturwissenschaftlerin (Medien) Kathrin Mira Amelung dokumentiert und ausgewertet und wird in einer gemeinsamen Ausstellung im Fr\u00fchjahr 2016 im Phyletischen Museum in Jena und im Tieranatomischen Theater in Berlin ver\u00f6ffentlicht.<\/strong><\/p>\n<\/p><\/div>\n<\/p><\/div>\n<div class=\"builder-text-column builder-text-column-2\" id=\"builder-section-1504540542314-column-2\">\n<div class=\"builder-text-content\">\n<p><strong>Zu den Personen<\/strong><\/p>\n<p>Jonas Laustr\u00f6er wurde 2006 der akademische Grad eines Diplom-Designers (FH) und 2013 der Master of Art (M.A.) an der Hochschule f\u00fcr angewandte Wissenschaften, am Lehrstuhl f\u00fcr Informative Illustration und Wissenschaftsillustration verliehen. Heute arbeitet er als <a href=\"https:\/\/www.jonas-laustroeer.de\/\" target=\"_blank\" rel=\"noopener\">selbst\u00e4ndiger Illustrator<\/a> f\u00fcr Fachbuch-, Bilderbuch- und Zeitschriftenverlage, er unterricht als Lehrbeauftragter das Fach Illustration an der HAW. Seine Bilderb\u00fccher und Werke erhielten diverse Auszeichnungen und werden international ausgestellt. In einer engen Zusammenarbeit mit der Friedrich-Schiller-Universit\u00e4t und dem Institut f\u00fcr Spezielle Zoologie und Evolutionsbiologie mit dem Phyletischem Museum in Jena, hat er seit 2006 f\u00fcr wissenschaftliche, k\u00fcnstlerische, kulturelle und wirtschaftliche Kooperationen gearbeitet. Mit 3D-Programmen und Scriptsprachen wird seine Art zu Illustrieren zu einem bildgebenden Verfahren welches, parallel zur Forschung eingesetzt wird, um neue Erkenntnise zu gewinnen. R\u00f6ntgenkinematographische oder medizinische Forschungsfragen werden mit diesen heuristischen Animationen, im Sinne eines Simulacrum gekl\u00e4rt und bilden eine Schnittstelle f\u00fcr f\u00e4cher\u00fcbergreifende Forschungsteams.<\/p>\n<p>Amir Andikfar wurde 2005 der akademische Grad eines Diplom-Designers (FH) an der Hochschule f\u00fcr angewandte Wissenschaften, am Lehrstuhl f\u00fcr Informative Illustration und Wissenschaftsillustration verliehen. Seitdem arbeitet er als <a href=\"http:\/\/www.andikfar.de\/\" target=\"_blank\" rel=\"noopener\">selbst\u00e4ndiger Illustrator<\/a> f\u00fcr das Unternehmen Festo, das Institut f\u00fcr spezielle Zoologie und Evolutionsbiologie in Jena, den Verlag, Gruner und Jahr, Die Zeit und diverse Design- und Werbeagenturen. Neben seinen freiberuflichen T\u00e4tigkeiten, h\u00e4lt er Seminare, Vortr\u00e4ge und unterrichtet als Lehrbeauftragter und wissenschaftlicher Mitarbeiter an der HAW Hamburg im Bereich 3D-Modeling und Animation unter anderem die Programme, Modo, Maya, Z-Brush, Blender, Cinema 4D.<\/p>\n<\/p><\/div>\n<\/p><\/div>\n<\/p><\/div>\n<\/p><\/div>\n<\/section>\n","protected":false},"excerpt":{"rendered":"<p>&lt; Jonas Laustr\u00f6er &amp; Amir Andikfar &gt; Orobates pabsti oder Wissenschaftsillustration als Forschungswerkzeug Zur\u00fcck zur \u00dcbersicht \u00a0 Rekonstruktionsprojekt Orobates pabsti, Design von Jonas Laustr\u00f6er, Amir Andikfar, 2015, in Kooperation mit Prof. John Nyakatura, Exzellenzcluster \u00bbBild Wissen Gestaltung. Ein interdisziplin\u00e4res Labor\u00ab, Humboldt Universit\u00e4t zu Berlin. Aus: A Three-Dimensional Skeletal Reconstruction of the Stem Amniote Orobates pabsti &hellip;<\/p>\n","protected":false},"author":3684,"featured_media":0,"parent":11,"menu_order":0,"comment_status":"closed","ping_status":"closed","template":"template-builder.php","meta":{"footnotes":""},"class_list":["post-602","page","type-page","status-publish","hentry"],"_links":{"self":[{"href":"https:\/\/blog.zhdk.ch\/epistemischebilder\/wp-json\/wp\/v2\/pages\/602","targetHints":{"allow":["GET"]}}],"collection":[{"href":"https:\/\/blog.zhdk.ch\/epistemischebilder\/wp-json\/wp\/v2\/pages"}],"about":[{"href":"https:\/\/blog.zhdk.ch\/epistemischebilder\/wp-json\/wp\/v2\/types\/page"}],"author":[{"embeddable":true,"href":"https:\/\/blog.zhdk.ch\/epistemischebilder\/wp-json\/wp\/v2\/users\/3684"}],"replies":[{"embeddable":true,"href":"https:\/\/blog.zhdk.ch\/epistemischebilder\/wp-json\/wp\/v2\/comments?post=602"}],"version-history":[{"count":29,"href":"https:\/\/blog.zhdk.ch\/epistemischebilder\/wp-json\/wp\/v2\/pages\/602\/revisions"}],"predecessor-version":[{"id":1104,"href":"https:\/\/blog.zhdk.ch\/epistemischebilder\/wp-json\/wp\/v2\/pages\/602\/revisions\/1104"}],"up":[{"embeddable":true,"href":"https:\/\/blog.zhdk.ch\/epistemischebilder\/wp-json\/wp\/v2\/pages\/11"}],"wp:attachment":[{"href":"https:\/\/blog.zhdk.ch\/epistemischebilder\/wp-json\/wp\/v2\/media?parent=602"}],"curies":[{"name":"wp","href":"https:\/\/api.w.org\/{rel}","templated":true}]}}