{"id":604,"date":"2017-09-04T13:00:24","date_gmt":"2017-09-04T13:00:24","guid":{"rendered":"https:\/\/blog.zhdk.ch\/epistemischebilder\/?page_id=604"},"modified":"2017-09-19T06:51:31","modified_gmt":"2017-09-19T06:51:31","slug":"dr-wolf-schweitzer","status":"publish","type":"page","link":"https:\/\/blog.zhdk.ch\/epistemischebilder\/home\/dr-wolf-schweitzer\/","title":{"rendered":"Dr. Wolf Schweitzer"},"content":{"rendered":"<section id=\"builder-section-1504540603707\" class=\"builder-section builder-section-first builder-section-text builder-section-next-text builder-text-columns-2\" style=\"background-size: cover; background-repeat: no-repeat;background-position: center center;\">\n<div class=\"builder-section-content\">\n<div class=\"builder-text-row\">\n<div class=\"builder-text-column builder-text-column-1\" id=\"builder-section-1504540603707-column-1\">\n<div class=\"builder-text-content\">\n<h2><a href=\"https:\/\/blog.zhdk.ch\/epistemischebilder\/home\/jonas-laustroeer-amir-andikfar\/\">&lt;<\/a> Dr. Wolf Schweitzer <br \/>&amp; Eloisa Aldomar <a href=\"https:\/\/blog.zhdk.ch\/epistemischebilder\/home\/bruno-zgraggen\/\">&gt;<\/a><\/h2>\n<h3>Darstellung und Informationsvermittlung bei der forensischen Bildgebung und Virtopsy<\/h3>\n<\/p><\/div>\n<\/p><\/div>\n<div class=\"builder-text-column builder-text-column-2\" id=\"builder-section-1504540603707-column-2\">\n<div class=\"builder-text-content\">\n<h3 style=\"text-align: right\"><a href=\"https:\/\/blog.zhdk.ch\/epistemischebilder\/#programm\">Zur\u00fcck zur \u00dcbersicht<\/a><\/h3>\n<\/p><\/div>\n<\/p><\/div>\n<\/p><\/div>\n<\/p><\/div>\n<\/section>\n<section id=\"builder-section-1504540583776\" class=\"builder-section builder-section-prev-text builder-section-text builder-section-next-text builder-text-columns-1\" style=\"background-size: cover; background-repeat: no-repeat;background-position: center center;\">\n<div class=\"builder-section-content\">\n<div class=\"builder-text-row\">\n<div class=\"builder-text-column builder-text-column-1\" id=\"builder-section-1504540583776-column-1\">\n<div class=\"builder-text-content\">\n\t\t\t<div class=\"ttfmake-shortcode-slider\">\n\t\t\t\t<div class=\"cycle-slideshow\" data-cycle-slides=\".cycle-slide\" data-cycle-loader=\"wait\" data-cycle-auto-height=\"calc\" data-cycle-center-horz=\"true\" data-cycle-center-vert=\"true\" data-cycle-swipe=\"true\" data-cycle-prev=\"~ .cycle-prev\" data-cycle-next=\"~ .cycle-next\" data-cycle-pager=\"~ .cycle-pager\" data-cycle-log=\"false\" data-cycle-paused=\"true\" data-cycle-timeout=\"6000\" data-cycle-fx=\"scrollHorz\">\n\t\t\t\t\t\t\t\t\t\t<figure class=\"cycle-slide\">\n\t\t\t\t\t\t<img loading=\"lazy\" decoding=\"async\" width=\"1200\" height=\"800\" src=\"https:\/\/blog.zhdk.ch\/epistemischebilder\/files\/2017\/09\/Aldomar_Schweitzer_Schaedelfraktur.jpg\" class=\"attachment-full size-full\" alt=\"\" srcset=\"https:\/\/blog.zhdk.ch\/epistemischebilder\/files\/2017\/09\/Aldomar_Schweitzer_Schaedelfraktur.jpg 1200w, https:\/\/blog.zhdk.ch\/epistemischebilder\/files\/2017\/09\/Aldomar_Schweitzer_Schaedelfraktur-300x200.jpg 300w, https:\/\/blog.zhdk.ch\/epistemischebilder\/files\/2017\/09\/Aldomar_Schweitzer_Schaedelfraktur-768x512.jpg 768w, https:\/\/blog.zhdk.ch\/epistemischebilder\/files\/2017\/09\/Aldomar_Schweitzer_Schaedelfraktur-1024x683.jpg 1024w\" sizes=\"auto, (max-width: 1200px) 100vw, 1200px\" \/>\t\t\t\t\t\t\t\t\t\t\t<\/figure>\n\t\t\t\t\t\t\t\t\t\t<figure class=\"cycle-slide\">\n\t\t\t\t\t\t<img loading=\"lazy\" decoding=\"async\" width=\"1200\" height=\"800\" src=\"https:\/\/blog.zhdk.ch\/epistemischebilder\/files\/2017\/09\/knoecherner-substanzdefekt.jpg\" class=\"attachment-full size-full\" alt=\"\" srcset=\"https:\/\/blog.zhdk.ch\/epistemischebilder\/files\/2017\/09\/knoecherner-substanzdefekt.jpg 1200w, https:\/\/blog.zhdk.ch\/epistemischebilder\/files\/2017\/09\/knoecherner-substanzdefekt-300x200.jpg 300w, https:\/\/blog.zhdk.ch\/epistemischebilder\/files\/2017\/09\/knoecherner-substanzdefekt-768x512.jpg 768w, https:\/\/blog.zhdk.ch\/epistemischebilder\/files\/2017\/09\/knoecherner-substanzdefekt-1024x683.jpg 1024w\" sizes=\"auto, (max-width: 1200px) 100vw, 1200px\" \/>\t\t\t\t\t\t\t\t\t\t\t<\/figure>\n\t\t\t\t\t\t\t\t\t<\/div>\n\t\t\t\t\t\t\t\t<div class=\"cycle-prev\"><\/div>\n\t\t\t\t<div class=\"cycle-next\"><\/div>\n\t\t\t\t\t\t\t\t\t\t\t\t<div class=\"cycle-pager\"><\/div>\n\t\t\t\t\t\t\t<\/div>\n\t\t\t\n<p><small><strong>Sch\u00e4delfraktur<\/strong>. Dr. Wolf Schweitzer, 2017.<br \/> <strong>Designorientierte Untersuchung &#8211; Kn\u00f6cherner Substanzdefekt und Berstungsfrakturausl\u00e4ufer \u00fcber das linke Schl\u00e4fenbein des Sch\u00e4dels.<\/strong> Darstellung Volumenrendering. Eloisa Aldomar, 2017.<br \/> 1a. 3D-Rekonstruktion des Sch\u00e4dels und Weichteile rot.<br \/> 1b. Entfernung der Weichteile und Ausrichtung der Lichtquelle oberhalb des Befundes.<br \/> 1c. Entfernung der Glanzstellen.<br \/> 1d. Korrektur der Materialit\u00e4t und der anatomischen Farbe.<br \/> 1e. Tiefenvermittlung durch Schattierung der anatomischen Objektform.<br \/> <\/small><\/p>\n<p>\u00a0<\/p>\n<\/p><\/div>\n<\/p><\/div>\n<\/p><\/div>\n<\/p><\/div>\n<\/section>\n<section id=\"builder-section-1504540606549\" class=\"builder-section builder-section-prev-text builder-section-text builder-section-last builder-text-columns-2\" style=\"background-size: cover; background-repeat: no-repeat;background-position: center center;\">\n<div class=\"builder-section-content\">\n<div class=\"builder-text-row\">\n<div class=\"builder-text-column builder-text-column-1\" id=\"builder-section-1504540606549-column-1\">\n<div class=\"builder-text-content\">\n<p><strong>Abstract<\/strong><\/p>\n<p><strong>Die postmortal erhobenen CT-Daten sind bez\u00fcglich ihres Informationsgehaltes zwar nicht weiter ver\u00e4nderlich, k\u00f6nnen aber nicht ohne weiteres betrachtet werden. Zu ihrer Darstellung sind Methoden notwendig, welche eine relativ umfassende Beeinflussung des Aussehens und der Erscheinung erlauben. Diese Methoden sind nur vermeintlich offenbar, einfach, direkt, klar und problemlos. Bei genauerer Betrachtung er\u00f6ffnet sich ein interessantes Bet\u00e4tigungsfeld im Spannungsfeld zwischen unbewusster Wahrnehmung und Verbesserung diagnostischer Bilddarstellungen. Man kann, kurz zusammengefasst, mit Bildern Dinge anstellen, die mit einem dann Dinge anstellen. Vor dem Hintergrund derartiger \u00dcberlegungen kam es zu einem ersten Projekt mit einer Bachelor Arbeit an der ZHDK. Im Vortrag werden Thematik und Hintergrund anhand einiger Beispiele illustriert.<\/strong><\/p>\n<\/p><\/div>\n<\/p><\/div>\n<div class=\"builder-text-column builder-text-column-2\" id=\"builder-section-1504540606549-column-2\">\n<div class=\"builder-text-content\">\n<p><strong>Zu den Personen<br \/><\/strong><\/p>\n<p>Dr. Wolf Schweitzer, Studium Humanmedizin-Universit\u00e4t-Z\u00fcrich, Staatsexamen 1992. Facharztausbildung im In- und Ausland. Anwendung postmortaler Scanverfahren seit 1998.<\/p>\n<p>Eloisa Aldomar, Informatikerin FA, 2001.<br \/>Applikationsentwicklerin f\u00fcr die ERP-L\u00f6sung Microsoft Dynamics NAV, bis 2013.<br \/>Eloisa Aldomar hat an der Z\u00fcrcher Hochschule der K\u00fcnste Scientific Visualization studiert. <br \/>W\u00e4hrend ihrer Bacherarbeit hat sie sich mit der Visualisierung von 3D-Volumenrenderings in der forensischen Bildgebung besch\u00e4ftigt. <br \/>Ihre Arbeit befasst sich mit der Frage, wie gestalterische Eingriffe in der Visualierungs-Software, Syngo.via von Siemens, die erstellten Bilder transparenter, verst\u00e4ndlicher und wissenschaftlich korrekter vermitteln.\u00a0<\/p>\n<\/p><\/div>\n<\/p><\/div>\n<\/p><\/div>\n<\/p><\/div>\n<\/section>\n","protected":false},"excerpt":{"rendered":"<p>&lt; Dr. Wolf Schweitzer &amp; Eloisa Aldomar &gt; Darstellung und Informationsvermittlung bei der forensischen Bildgebung und Virtopsy Zur\u00fcck zur \u00dcbersicht Sch\u00e4delfraktur. Dr. Wolf Schweitzer, 2017. Designorientierte Untersuchung &#8211; Kn\u00f6cherner Substanzdefekt und Berstungsfrakturausl\u00e4ufer \u00fcber das linke Schl\u00e4fenbein des Sch\u00e4dels. Darstellung Volumenrendering. Eloisa Aldomar, 2017. 1a. 3D-Rekonstruktion des Sch\u00e4dels und Weichteile rot. 1b. Entfernung der Weichteile und &hellip;<\/p>\n","protected":false},"author":3684,"featured_media":0,"parent":11,"menu_order":0,"comment_status":"closed","ping_status":"closed","template":"template-builder.php","meta":{"footnotes":""},"class_list":["post-604","page","type-page","status-publish","hentry"],"_links":{"self":[{"href":"https:\/\/blog.zhdk.ch\/epistemischebilder\/wp-json\/wp\/v2\/pages\/604","targetHints":{"allow":["GET"]}}],"collection":[{"href":"https:\/\/blog.zhdk.ch\/epistemischebilder\/wp-json\/wp\/v2\/pages"}],"about":[{"href":"https:\/\/blog.zhdk.ch\/epistemischebilder\/wp-json\/wp\/v2\/types\/page"}],"author":[{"embeddable":true,"href":"https:\/\/blog.zhdk.ch\/epistemischebilder\/wp-json\/wp\/v2\/users\/3684"}],"replies":[{"embeddable":true,"href":"https:\/\/blog.zhdk.ch\/epistemischebilder\/wp-json\/wp\/v2\/comments?post=604"}],"version-history":[{"count":18,"href":"https:\/\/blog.zhdk.ch\/epistemischebilder\/wp-json\/wp\/v2\/pages\/604\/revisions"}],"predecessor-version":[{"id":1096,"href":"https:\/\/blog.zhdk.ch\/epistemischebilder\/wp-json\/wp\/v2\/pages\/604\/revisions\/1096"}],"up":[{"embeddable":true,"href":"https:\/\/blog.zhdk.ch\/epistemischebilder\/wp-json\/wp\/v2\/pages\/11"}],"wp:attachment":[{"href":"https:\/\/blog.zhdk.ch\/epistemischebilder\/wp-json\/wp\/v2\/media?parent=604"}],"curies":[{"name":"wp","href":"https:\/\/api.w.org\/{rel}","templated":true}]}}