{"id":606,"date":"2017-09-04T13:00:30","date_gmt":"2017-09-04T13:00:30","guid":{"rendered":"https:\/\/blog.zhdk.ch\/epistemischebilder\/?page_id=606"},"modified":"2017-09-06T10:43:56","modified_gmt":"2017-09-06T10:43:56","slug":"bruno-zgraggen","status":"publish","type":"page","link":"https:\/\/blog.zhdk.ch\/epistemischebilder\/home\/bruno-zgraggen\/","title":{"rendered":"Bruno Zgraggen"},"content":{"rendered":"<section id=\"builder-section-1504540635561\" class=\"builder-section builder-section-first builder-section-text builder-section-next-text builder-text-columns-2\">\n<div class=\"builder-section-content\">\n<div class=\"builder-text-row\">\n<div class=\"builder-text-column builder-text-column-1\" id=\"builder-section-1504540635561-column-1\">\n<div class=\"builder-text-content\">\n<h2><a href=\"https:\/\/blog.zhdk.ch\/epistemischebilder\/home\/dr-wolf-schweitzer\/\">&lt;<\/a> Bruno Zgraggen <a href=\"https:\/\/blog.zhdk.ch\/epistemischebilder\/home\/esther-schoenenberger\/\">&gt;<\/a><\/h2>\n<h3>Einfl\u00fcsse wahrnehmungspsychologischer Prozesse auf die Sichtbarmachung neuer Erkenntnisse<\/h3>\n<\/p><\/div>\n<\/p><\/div>\n<div class=\"builder-text-column builder-text-column-2\" id=\"builder-section-1504540635561-column-2\">\n<div class=\"builder-text-content\">\n<h3 style=\"text-align: right\"><a href=\"https:\/\/blog.zhdk.ch\/epistemischebilder\/#programm\">Zur\u00fcck zur \u00dcbersicht<\/a><\/h3>\n<\/p><\/div>\n<\/p><\/div>\n<\/p><\/div>\n<\/p><\/div>\n<\/section>\n<section id=\"builder-section-1504540622691\" class=\"builder-section builder-section-prev-text builder-section-text builder-section-next-text builder-text-columns-1\">\n<div class=\"builder-section-content\">\n<div class=\"builder-text-row\">\n<div class=\"builder-text-column builder-text-column-1\" id=\"builder-section-1504540622691-column-1\">\n<div class=\"builder-text-content\">\n<p><img loading=\"lazy\" decoding=\"async\" class=\"alignnone size-full wp-image-886\" src=\"https:\/\/blog.zhdk.ch\/epistemischebilder\/files\/2017\/09\/B.ZGraggen_Descartes_02.jpg\" alt=\"\" width=\"1200\" height=\"800\" srcset=\"https:\/\/blog.zhdk.ch\/epistemischebilder\/files\/2017\/09\/B.ZGraggen_Descartes_02.jpg 1200w, https:\/\/blog.zhdk.ch\/epistemischebilder\/files\/2017\/09\/B.ZGraggen_Descartes_02-300x200.jpg 300w, https:\/\/blog.zhdk.ch\/epistemischebilder\/files\/2017\/09\/B.ZGraggen_Descartes_02-768x512.jpg 768w, https:\/\/blog.zhdk.ch\/epistemischebilder\/files\/2017\/09\/B.ZGraggen_Descartes_02-1024x683.jpg 1024w\" sizes=\"auto, (max-width: 1200px) 100vw, 1200px\" \/><\/p>\n<p><small><strong>Optik &#8211; Illustrationen zur Veranschaulichung menschlichen Seh-Mechanismus. <\/strong>Ren\u00e9 Descartes, La dioptrique (Optics), 1637.<br \/><\/small><\/p>\n<\/p><\/div>\n<\/p><\/div>\n<\/p><\/div>\n<\/p><\/div>\n<\/section>\n<section id=\"builder-section-1504540640293\" class=\"builder-section builder-section-prev-text builder-section-text builder-section-last builder-text-columns-2\">\n<div class=\"builder-section-content\">\n<div class=\"builder-text-row\">\n<div class=\"builder-text-column builder-text-column-1\" id=\"builder-section-1504540640293-column-1\">\n<div class=\"builder-text-content\">\n<p><strong>Abstract<\/strong><\/p>\n<p><strong>Inwiefern k\u00f6nnen Wahrnehmungsprozesse und \u2013prinzipien die Sichtbarmachung von neuen Erkenntnissen beeinflussen? Der Beitrag von Bruno Zgraggen reflektiert \u00fcber m\u00f6gliche Zusammenh\u00e4nge zwischen kognitiv-neurophysiologischen Verarbeitungsprozessen und der Generierung von (neuem) Wissen in epistemischen Bildern. Ausgehend von Beispielen visualisierter wissenschaftlicher Daten und Zusammenh\u00e4nge werden verschiedene wahrnehmungspsychologische Hypothesen und Theorien veranschaulicht, die den Erkenntnisprozess beg\u00fcnstigen k\u00f6nnen (z.B. kognitive Strukturierung und Selektion sensorischer Information, Gestaltgesetze, Konstanzph\u00e4nomene, funktionelle Prinzipien der Objekterkennung, Top-Down\/Bottom-Up-Integration).<\/strong><br \/><strong>Dabei wird auch die Frage er\u00f6rtert, was die Aussage \u201eneue Erkenntnis\u201c bedeuten k\u00f6nnte. Weiter wird thematisiert, inwiefern das Wissen um wahrnehmungspsychologische Prinzipien einen Beitrag zur Gestaltung von epistemischen Bildern liefern kann.<\/strong><\/p>\n<\/p><\/div>\n<\/p><\/div>\n<div class=\"builder-text-column builder-text-column-2\" id=\"builder-section-1504540640293-column-2\">\n<div class=\"builder-text-content\">\n<p><strong>Zur Person<\/strong><\/p>\n<p>Seit 10 Jahren als Psychologe und Senior Research Consultant f\u00fcr qualitative Marktforschung bei der GfK Switzerland\u00a0 und dabei verantwortlich f\u00fcr die Durchf\u00fchrung nationaler und internationaler Markt- und Meinungsforschungsprojekte.\u00a0Ausbildung: Studium der Psychologe an der Universit\u00e4t Z\u00fcrich (Schwerpunkte Wahrnehmungs- und Neuropsychologie sowie Kommunikationswissenschaft).\u00a0T\u00e4tigkeiten: Vor der GfK am Institut f\u00fcr wissenschaftliche Methodik und Statistik des psychologischen Instituts der Universit\u00e4t Z\u00fcrich t\u00e4tig.\u00a0Weiteres: Mitglied der International Association of Empirical Aesthetics (IAEA). Dozent f\u00fcr Wahrnehmungspsychologie an der ZhdK im Rahmen der Theoriemodule.<\/p>\n<\/p><\/div>\n<\/p><\/div>\n<\/p><\/div>\n<\/p><\/div>\n<\/section>\n","protected":false},"excerpt":{"rendered":"<p>&lt; Bruno Zgraggen &gt; Einfl\u00fcsse wahrnehmungspsychologischer Prozesse auf die Sichtbarmachung neuer Erkenntnisse Zur\u00fcck zur \u00dcbersicht Optik &#8211; Illustrationen zur Veranschaulichung menschlichen Seh-Mechanismus. Ren\u00e9 Descartes, La dioptrique (Optics), 1637. Abstract Inwiefern k\u00f6nnen Wahrnehmungsprozesse und \u2013prinzipien die Sichtbarmachung von neuen Erkenntnissen beeinflussen? Der Beitrag von Bruno Zgraggen reflektiert \u00fcber m\u00f6gliche Zusammenh\u00e4nge zwischen kognitiv-neurophysiologischen Verarbeitungsprozessen und der Generierung &hellip;<\/p>\n","protected":false},"author":3684,"featured_media":0,"parent":11,"menu_order":0,"comment_status":"closed","ping_status":"closed","template":"template-builder.php","meta":{"footnotes":""},"class_list":["post-606","page","type-page","status-publish","hentry"],"_links":{"self":[{"href":"https:\/\/blog.zhdk.ch\/epistemischebilder\/wp-json\/wp\/v2\/pages\/606","targetHints":{"allow":["GET"]}}],"collection":[{"href":"https:\/\/blog.zhdk.ch\/epistemischebilder\/wp-json\/wp\/v2\/pages"}],"about":[{"href":"https:\/\/blog.zhdk.ch\/epistemischebilder\/wp-json\/wp\/v2\/types\/page"}],"author":[{"embeddable":true,"href":"https:\/\/blog.zhdk.ch\/epistemischebilder\/wp-json\/wp\/v2\/users\/3684"}],"replies":[{"embeddable":true,"href":"https:\/\/blog.zhdk.ch\/epistemischebilder\/wp-json\/wp\/v2\/comments?post=606"}],"version-history":[{"count":21,"href":"https:\/\/blog.zhdk.ch\/epistemischebilder\/wp-json\/wp\/v2\/pages\/606\/revisions"}],"predecessor-version":[{"id":920,"href":"https:\/\/blog.zhdk.ch\/epistemischebilder\/wp-json\/wp\/v2\/pages\/606\/revisions\/920"}],"up":[{"embeddable":true,"href":"https:\/\/blog.zhdk.ch\/epistemischebilder\/wp-json\/wp\/v2\/pages\/11"}],"wp:attachment":[{"href":"https:\/\/blog.zhdk.ch\/epistemischebilder\/wp-json\/wp\/v2\/media?parent=606"}],"curies":[{"name":"wp","href":"https:\/\/api.w.org\/{rel}","templated":true}]}}