{"id":978,"date":"2017-09-11T08:59:20","date_gmt":"2017-09-11T08:59:20","guid":{"rendered":"https:\/\/blog.zhdk.ch\/epistemischebilder\/?page_id=978"},"modified":"2017-09-27T08:16:05","modified_gmt":"2017-09-27T08:16:05","slug":"thomas-schaerer","status":"publish","type":"page","link":"https:\/\/blog.zhdk.ch\/epistemischebilder\/home\/thomas-schaerer\/","title":{"rendered":"Thomas Sch\u00e4rer"},"content":{"rendered":"<section id=\"builder-section-1505120439220\" class=\"builder-section builder-section-first builder-section-text builder-section-next-text builder-text-columns-2\" style=\"background-size: cover; background-repeat: no-repeat;background-position: center center;\">\n<div class=\"builder-section-content\">\n<div class=\"builder-text-row\">\n<div class=\"builder-text-column builder-text-column-1\" id=\"builder-section-1505120439220-column-1\">\n<div class=\"builder-text-content\">\n<h2><a href=\"https:\/\/blog.zhdk.ch\/epistemischebilder\/home\/petros-koumoutsakos\/\">&lt;<\/a> Dr. Thomas Sch\u00e4rer <a href=\"https:\/\/blog.zhdk.ch\/epistemischebilder\/home\/prof-rolf-f-nohr\/\">&gt;<\/a><\/h2>\n<h3>Epistemische Erlebnisse: Filmische Erkenntnis-Sequenzen<br \/>(Wie Filme mir helfen, Zusammenh\u00e4nge zu verstehen)<\/h3>\n<\/p><\/div>\n<\/p><\/div>\n<div class=\"builder-text-column builder-text-column-2\" id=\"builder-section-1505120439220-column-2\">\n<div class=\"builder-text-content\">\n<h3 style=\"text-align: right\"><a href=\"https:\/\/blog.zhdk.ch\/epistemischebilder\/#programm\">Zur\u00fcck zur \u00dcbersicht<\/a><\/h3>\n<\/p><\/div>\n<\/p><\/div>\n<\/p><\/div>\n<\/p><\/div>\n<\/section>\n<section id=\"builder-section-1505121722643\" class=\"builder-section builder-section-prev-text builder-section-text builder-section-next-text builder-text-columns-1\" style=\"background-size: cover; background-repeat: no-repeat;background-position: center center;\">\n<div class=\"builder-section-content\">\n<div class=\"builder-text-row\">\n<div class=\"builder-text-column builder-text-column-1\" id=\"builder-section-1505121722643-column-1\">\n<div class=\"builder-text-content\">\n\t\t\t<div class=\"ttfmake-shortcode-slider\">\n\t\t\t\t<div class=\"cycle-slideshow\" data-cycle-slides=\".cycle-slide\" data-cycle-loader=\"wait\" data-cycle-auto-height=\"calc\" data-cycle-center-horz=\"true\" data-cycle-center-vert=\"true\" data-cycle-swipe=\"true\" data-cycle-prev=\"~ .cycle-prev\" data-cycle-next=\"~ .cycle-next\" data-cycle-pager=\"~ .cycle-pager\" data-cycle-log=\"false\" data-cycle-paused=\"true\" data-cycle-timeout=\"6000\" data-cycle-fx=\"scrollHorz\">\n\t\t\t\t\t\t\t\t\t\t<figure class=\"cycle-slide\">\n\t\t\t\t\t\t<img loading=\"lazy\" decoding=\"async\" width=\"1200\" height=\"800\" src=\"https:\/\/blog.zhdk.ch\/epistemischebilder\/files\/2017\/09\/Animierte-Busbewegungen.jpg\" class=\"attachment-full size-full\" alt=\"\" srcset=\"https:\/\/blog.zhdk.ch\/epistemischebilder\/files\/2017\/09\/Animierte-Busbewegungen.jpg 1200w, https:\/\/blog.zhdk.ch\/epistemischebilder\/files\/2017\/09\/Animierte-Busbewegungen-300x200.jpg 300w, https:\/\/blog.zhdk.ch\/epistemischebilder\/files\/2017\/09\/Animierte-Busbewegungen-768x512.jpg 768w, https:\/\/blog.zhdk.ch\/epistemischebilder\/files\/2017\/09\/Animierte-Busbewegungen-1024x683.jpg 1024w\" sizes=\"auto, (max-width: 1200px) 100vw, 1200px\" \/>\t\t\t\t\t\t\t\t\t\t\t<\/figure>\n\t\t\t\t\t\t\t\t\t\t<figure class=\"cycle-slide\">\n\t\t\t\t\t\t<img loading=\"lazy\" decoding=\"async\" width=\"1200\" height=\"800\" src=\"https:\/\/blog.zhdk.ch\/epistemischebilder\/files\/2017\/09\/Filmstill02.jpg\" class=\"attachment-full size-full\" alt=\"\" srcset=\"https:\/\/blog.zhdk.ch\/epistemischebilder\/files\/2017\/09\/Filmstill02.jpg 1200w, https:\/\/blog.zhdk.ch\/epistemischebilder\/files\/2017\/09\/Filmstill02-300x200.jpg 300w, https:\/\/blog.zhdk.ch\/epistemischebilder\/files\/2017\/09\/Filmstill02-768x512.jpg 768w, https:\/\/blog.zhdk.ch\/epistemischebilder\/files\/2017\/09\/Filmstill02-1024x683.jpg 1024w\" sizes=\"auto, (max-width: 1200px) 100vw, 1200px\" \/>\t\t\t\t\t\t\t\t\t\t\t<\/figure>\n\t\t\t\t\t\t\t\t\t\t<figure class=\"cycle-slide\">\n\t\t\t\t\t\t<img loading=\"lazy\" decoding=\"async\" width=\"1200\" height=\"800\" src=\"https:\/\/blog.zhdk.ch\/epistemischebilder\/files\/2017\/09\/Filmstills01.jpg\" class=\"attachment-full size-full\" alt=\"\" srcset=\"https:\/\/blog.zhdk.ch\/epistemischebilder\/files\/2017\/09\/Filmstills01.jpg 1200w, https:\/\/blog.zhdk.ch\/epistemischebilder\/files\/2017\/09\/Filmstills01-300x200.jpg 300w, https:\/\/blog.zhdk.ch\/epistemischebilder\/files\/2017\/09\/Filmstills01-768x512.jpg 768w, https:\/\/blog.zhdk.ch\/epistemischebilder\/files\/2017\/09\/Filmstills01-1024x683.jpg 1024w\" sizes=\"auto, (max-width: 1200px) 100vw, 1200px\" \/>\t\t\t\t\t\t\t\t\t\t\t<\/figure>\n\t\t\t\t\t\t\t\t\t\t<figure class=\"cycle-slide\">\n\t\t\t\t\t\t<img loading=\"lazy\" decoding=\"async\" width=\"1200\" height=\"800\" src=\"https:\/\/blog.zhdk.ch\/epistemischebilder\/files\/2017\/09\/Wassertropfen.jpg\" class=\"attachment-full size-full\" alt=\"\" srcset=\"https:\/\/blog.zhdk.ch\/epistemischebilder\/files\/2017\/09\/Wassertropfen.jpg 1200w, https:\/\/blog.zhdk.ch\/epistemischebilder\/files\/2017\/09\/Wassertropfen-300x200.jpg 300w, https:\/\/blog.zhdk.ch\/epistemischebilder\/files\/2017\/09\/Wassertropfen-768x512.jpg 768w, https:\/\/blog.zhdk.ch\/epistemischebilder\/files\/2017\/09\/Wassertropfen-1024x683.jpg 1024w\" sizes=\"auto, (max-width: 1200px) 100vw, 1200px\" \/>\t\t\t\t\t\t\t\t\t\t\t<\/figure>\n\t\t\t\t\t\t\t\t\t<\/div>\n\t\t\t\t\t\t\t\t<div class=\"cycle-prev\"><\/div>\n\t\t\t\t<div class=\"cycle-next\"><\/div>\n\t\t\t\t\t\t\t\t\t\t\t\t<div class=\"cycle-pager\"><\/div>\n\t\t\t\t\t\t\t<\/div>\n\t\t\t\n<p><small><strong>(1) Animierte Busbewegungen auf dem Stadtplan von London. <\/strong>National Public Transport Data Resporitory, Joan Serras und James Cheshire. <br \/><strong>(2-3) Film-Stills aus dem Film <\/strong><em><strong>Power of Ten and the relative Size of Things in the Universe,<\/strong> <\/em>1977. <br \/><\/small><small><strong>(4) Wassertropfen<\/strong><br \/><\/small><\/p>\n<\/p><\/div>\n<\/p><\/div>\n<\/p><\/div>\n<\/p><\/div>\n<\/section>\n<section id=\"builder-section-1505121741927\" class=\"builder-section builder-section-prev-text builder-section-text builder-section-last builder-text-columns-2\" style=\"background-size: cover; background-repeat: no-repeat;background-position: center center;\">\n<div class=\"builder-section-content\">\n<div class=\"builder-text-row\">\n<div class=\"builder-text-column builder-text-column-1\" id=\"builder-section-1505121741927-column-1\">\n<div class=\"builder-text-content\">\n<p><strong>Bewegung als epistemische Hilfe<\/strong><\/p>\n<p><strong>Erkennen, vor allem visuell gest\u00fctztes Erkennen, hat mit geduldigem, genauem Beobachten, mit Vergleichen zu tun. Sobald wir vergleichen, wechseln wir die Perspektive, den Winkel, den Abstand, vielleicht die Dimensionen bzw. Skalen der Betrachtung. Wir geraten in Bewegung.<\/strong><\/p>\n<p><strong>Diese Bewegung muss nicht notwendigerweise in Bildern oder Visualisierungen selbst enthalten sein. Oft ist die Abstraktion einer statischen Aufnahme oder Darstellung hilfreich. In anderen F\u00e4llen erm\u00f6glicht erst die Bewegung das Erkennen und Aufzeigen von Zusammenh\u00e4ngen und Mechanismen.<\/strong><\/p>\n<p><strong>Im Kurzvortrag pr\u00e4sentiere ich einen pers\u00f6nlichen Erkenntnismoment sowie einen solchen Moment aus der Wissenschaftsgemeinde \u2013 \u00a0beide durch bewegte Bilder ausgel\u00f6st. \u00a0<\/strong><\/p>\n<\/p><\/div>\n<\/p><\/div>\n<div class=\"builder-text-column builder-text-column-2\" id=\"builder-section-1505121741927-column-2\">\n<div class=\"builder-text-content\">\n<p><strong>Zur Person<\/strong><\/p>\n<p>Thomas Sch\u00e4rer, Dozent an der Z\u00fcrcher Hochschule der K\u00fcnste (Scientific Visualisation\/Art Education). Promovierte an der Universit\u00e4t Basel (Kulturwissenschaft) und leitet die Abteilung Film der Schweizerischen Gesellschaft f\u00fcr Volkskunde.<\/p>\n<p>Forscht, lehrt und publiziert vor allem in den Bereichen (Film\/Bildanalyse und Filmgeschichte an der ZHDK und als Lehrbeauftragter an den Universit\u00e4ten Basel und Fribourg. Zurzeit wirkt er am SNF-Forschungsprojekt \u201eDie fragmentierte Stadt\u201c (Leitung J\u00fcrgen Krusch, ZHDK- IFCAR) als Videoethnograf und sammelt Wahrnehmungen (Aneignungs- und Ausschlusserlebnisse) \u00f6ffentlicher Stadtr\u00e4ume.<\/p>\n<\/p><\/div>\n<\/p><\/div>\n<\/p><\/div>\n<\/p><\/div>\n<\/section>\n","protected":false},"excerpt":{"rendered":"<p>&lt; Dr. Thomas Sch\u00e4rer &gt; Epistemische Erlebnisse: Filmische Erkenntnis-Sequenzen(Wie Filme mir helfen, Zusammenh\u00e4nge zu verstehen) Zur\u00fcck zur \u00dcbersicht (1) Animierte Busbewegungen auf dem Stadtplan von London. National Public Transport Data Resporitory, Joan Serras und James Cheshire. (2-3) Film-Stills aus dem Film Power of Ten and the relative Size of Things in the Universe, 1977. (4) &hellip;<\/p>\n","protected":false},"author":3684,"featured_media":0,"parent":11,"menu_order":0,"comment_status":"closed","ping_status":"closed","template":"template-builder.php","meta":{"footnotes":""},"class_list":["post-978","page","type-page","status-publish","hentry"],"_links":{"self":[{"href":"https:\/\/blog.zhdk.ch\/epistemischebilder\/wp-json\/wp\/v2\/pages\/978","targetHints":{"allow":["GET"]}}],"collection":[{"href":"https:\/\/blog.zhdk.ch\/epistemischebilder\/wp-json\/wp\/v2\/pages"}],"about":[{"href":"https:\/\/blog.zhdk.ch\/epistemischebilder\/wp-json\/wp\/v2\/types\/page"}],"author":[{"embeddable":true,"href":"https:\/\/blog.zhdk.ch\/epistemischebilder\/wp-json\/wp\/v2\/users\/3684"}],"replies":[{"embeddable":true,"href":"https:\/\/blog.zhdk.ch\/epistemischebilder\/wp-json\/wp\/v2\/comments?post=978"}],"version-history":[{"count":9,"href":"https:\/\/blog.zhdk.ch\/epistemischebilder\/wp-json\/wp\/v2\/pages\/978\/revisions"}],"predecessor-version":[{"id":1169,"href":"https:\/\/blog.zhdk.ch\/epistemischebilder\/wp-json\/wp\/v2\/pages\/978\/revisions\/1169"}],"up":[{"embeddable":true,"href":"https:\/\/blog.zhdk.ch\/epistemischebilder\/wp-json\/wp\/v2\/pages\/11"}],"wp:attachment":[{"href":"https:\/\/blog.zhdk.ch\/epistemischebilder\/wp-json\/wp\/v2\/media?parent=978"}],"curies":[{"name":"wp","href":"https:\/\/api.w.org\/{rel}","templated":true}]}}