{"id":115,"date":"2019-04-15T13:47:28","date_gmt":"2019-04-15T13:47:28","guid":{"rendered":"https:\/\/blog.zhdk.ch\/filmbibliotheken\/?page_id=115"},"modified":"2019-10-23T10:09:41","modified_gmt":"2019-10-23T10:09:41","slug":"programm","status":"publish","type":"page","link":"https:\/\/blog.zhdk.ch\/filmbibliotheken\/programm\/","title":{"rendered":"Programm"},"content":{"rendered":"\n<figure class=\"wp-block-image is-resized\"><img loading=\"lazy\" decoding=\"async\" src=\"https:\/\/blog.zhdk.ch\/filmbibliotheken\/files\/2019\/04\/UHR-1024x724.jpg\" alt=\"\" class=\"wp-image-221\" width=\"256\" height=\"181\" srcset=\"https:\/\/blog.zhdk.ch\/filmbibliotheken\/files\/2019\/04\/UHR-1024x724.jpg 1024w, https:\/\/blog.zhdk.ch\/filmbibliotheken\/files\/2019\/04\/UHR-300x212.jpg 300w, https:\/\/blog.zhdk.ch\/filmbibliotheken\/files\/2019\/04\/UHR-768x543.jpg 768w, https:\/\/blog.zhdk.ch\/filmbibliotheken\/files\/2019\/04\/UHR-424x300.jpg 424w\" sizes=\"auto, (max-width: 256px) 100vw, 256px\" \/><\/figure>\n\n\n\n<p class=\"has-text-color has-background has-medium-font-size has-white-color has-medium-gray-background-color\"><strong>Donnerstag, 24. Oktober 2019<\/strong><br><strong>On Demand \u2013 (Un-)Kulturen <\/strong><br>Z\u00fcrcher Hochschule der K\u00fcnste, Toni-Areal, Kino<\/p>\n\n\n\n<p class=\"has-background has-light-gray-background-color\">ab 14.30 Uhr<br><strong>Eintreffen und Registration<\/strong><\/p>\n\n\n\n<p class=\"has-background has-light-gray-background-color\">15 Uhr<br><strong>Begr\u00fcssung und Willkommen<\/strong><br><strong>Sabine Boss<\/strong>, Studienleiterin Film an der Z\u00fcrcher Hochschule der K\u00fcnste<br>Kurzvorstellung der Fachrichtung<\/p>\n\n\n\n<p class=\"has-background has-light-gray-background-color\">15.20 bis 17 Uhr<br><strong>Keynote-Vortr\u00e4ge und Podiumsdiskussion mit Publikumsgespr\u00e4ch<\/strong><br>Moderation: <strong>Dr. Anna Bohn<\/strong>, Wissenschaftliche Referentin Stabsstelle Strategische Filmentwicklung an der Zentral- und Landesbibliothek Berlin<br><br><strong>Keynote <a href=\"https:\/\/www.filmbulletin.ch\/full\/autoren\/2015-7-7_lukas-foerster\/\">Lukas Foerster<\/a>: Die geheimen H\u00e4fen der Filmkultur<\/strong><em><br>Torrentbasiertes  Filesharing ist im Zuge der Streamingdebatten weitgehend aus den  Schlagzeilen verschwunden. dabei haben sich insbesondere mit den  sogenannten &#8222;Private Tracker&#8220; Plattformen herausgebildet, die, an  Urheberrecht und Verwertungsgesellschaften vorbei, einen umfassenderen  Zugang zur Filmgeschichte erm\u00f6glichen als alle kommerziellen Anbieter.   Ausgehend von einer kurzen Geschichte der Videopiraterie beschreibt der  Vortrag exemplarisch Funktionsprinzip und Selbstverst\u00e4ndnis einiger  einschl\u00e4giger Websites. <br><br><\/em><strong>Keynote <a href=\"https:\/\/www.zhdk.ch\/person\/199450\">Dr. Gunter L\u00f6sel<\/a>:  <\/strong> <strong>Video kills the journal article? &#8211; Annotierte Videos: Neue Ver\u00f6ffentlichungsform in der k\u00fcnstlerischen Forschung <\/strong><em><br>Das Forschungsprojekt \u201cResearch Video\u201d stellt die Hierarchie von Text  und Video in der Ver\u00f6ffentlichungspraxis k\u00fcnstlerischer Forschung auf  den Kopf: Nicht Videos werden in den Text eingebettet, sondern die  Ver\u00f6ffentlichung pr\u00e4sentiert sich als ein mit Text annotiertes Video.  Der Vortrag lotet sowohl das Verh\u00e4ltnis von wissenschaftlicher Tiefe und  k\u00fcnstlerischer Erfahrung aus und besch\u00e4ftigt sich auch mit den Fragen  von Zug\u00e4nglichkeit und Speicherung solcher Datenpakete in Repositorien  und\/oder wissenschaftlichen Journals. <\/em><\/p>\n\n\n\n<p><\/p>\n\n\n\n<p class=\"has-text-color has-background has-medium-font-size has-white-color has-medium-gray-background-color\">Rahmenprogramm<\/p>\n\n\n\n<p class=\"has-background has-light-gray-background-color\">17.30 bis 19.30 Uhr <br>F\u00fchrung nach Wahl (Anmeldung erforderlich)<br><strong>(Schweizer) Drehb\u00fccher in der Zentralbibliothek Z\u00fcrich<\/strong><br>Eine F\u00fchrung von<strong> Irene Genhart<\/strong>,  Fachreferentin Film an der Zentralbibliothek Z\u00fcrich <br><a rel=\"noreferrer noopener\" aria-label=\"Zentralbibliothek Z\u00fcrich (\u00f6ffnet in neuem Tab)\" href=\"https:\/\/www.google.com\/maps\/place\/Zentralbibliothek+Z%C3%BCrich\/@47.374259,8.5432729,17z\/data=!3m1!4b1!4m5!3m4!1s0x479aa0a851ebd2c7:0x1a877326d07e9811!8m2!3d47.374259!4d8.5454616\" target=\"_blank\">Zentralbibliothek Z\u00fcrich<\/a>, Z\u00e4hringerplatz 6, 8001 Z\u00fcrich, Treffpunkt: Foyer<br>Anfahrt siehe unter <a href=\"https:\/\/blog.zhdk.ch\/filmbibliotheken\/informationen\/\" target=\"_blank\" rel=\"noreferrer noopener\" aria-label=\"Informationen (\u00f6ffnet in neuem Tab)\">Informationen<\/a><\/p>\n\n\n\n<p class=\"has-background has-light-gray-background-color\">17.30 bis 19.30 Uhr <br>F\u00fchrung nach Wahl (Anmeldung erforderlich) <br><strong>Die Sammlungen der Dokumentationsstelle Z\u00fcrich der Cin\u00e9math\u00e8que suisse<\/strong><br>Eine Einf\u00fchrung von <strong>Seraina Winzeler<\/strong>,  Bereichsleiterin Dokumentationsstelle <br><a rel=\"noreferrer noopener\" aria-label=\"Cinemath\u00e8que suisse (\u00f6ffnet in neuem Tab)\" href=\"https:\/\/www.google.com\/maps\/place\/Cin%C3%A9math%C3%A8que+suisse\/@47.3813134,8.5297696,17z\/data=!3m1!4b1!4m5!3m4!1s0x47900a11e599f047:0x8a40b582eadbb717!8m2!3d47.3813134!4d8.5319583\" target=\"_blank\">Cinemath\u00e8que suisse<\/a>, Neugasse 10, 8005 Z\u00fcrich <br>Anfahrt siehe unter <a rel=\"noreferrer noopener\" href=\"https:\/\/blog.zhdk.ch\/filmbibliotheken\/informationen\/\" target=\"_blank\">Informationen<\/a> <\/p>\n\n\n\n<p class=\"has-background has-light-gray-background-color\">17.30 bis 19.30 Uhr <br>F\u00fchrung nach Wahl (Anmeldung erforderlich) <br><strong>Historischer Kinospaziergang durch die Z\u00fcrcher Innenstadt<\/strong><br>Ein Stadtrundgang mit <strong><a href=\"https:\/\/legissima.ch\/der-verfasser\/\">Dr. phil. Matthias Uhlmann<\/a><\/strong>,  Filmwissenschaftler <br>Treffpunkt: <a rel=\"noreferrer noopener\" aria-label=\"Hechtplatz (\u00f6ffnet in neuem Tab)\" href=\"https:\/\/www.google.com\/maps\/place\/Hechtplatz\/@47.3684781,8.5422901,17z\/data=!3m1!4b1!4m5!3m4!1s0x479aa0ab044d1a73:0x4d387d3f3d3ccfeb!8m2!3d47.3684781!4d8.5444788\" target=\"_blank\">Hechtplatz<\/a> Z\u00fcrich (Brunnen)<br>Anfahrt siehe unter <a rel=\"noreferrer noopener\" href=\"https:\/\/blog.zhdk.ch\/filmbibliotheken\/informationen\/\" target=\"_blank\">Informationen<\/a> <\/p>\n\n\n\n<p class=\"has-background has-light-gray-background-color\">Ab 20 Uhr<br><strong>Gemeinsames Abendessen im Restaurant Haus Hiltl <\/strong>(Anmeldung erforderlich, auf eigene Kosten)<br>Ort: <a rel=\"noreferrer noopener\" aria-label=\"Restaurant Haus Hiltl (\u00f6ffnet in neuem Tab)\" href=\"https:\/\/hiltl.ch\/standorte\/uebersicht\/#haus-hiltl\" target=\"_blank\">Restaurant Haus Hiltl<\/a>, Sihlstrasse 28, 8001 Z\u00fcrich<br>Anfahrt siehe unter <a rel=\"noreferrer noopener\" href=\"https:\/\/blog.zhdk.ch\/filmbibliotheken\/informationen\/\" target=\"_blank\">Informationen<\/a> <\/p>\n\n\n\n<p class=\"has-text-color has-background has-medium-font-size has-white-color has-medium-gray-background-color\"><strong>Freitag, 25. Oktober 2019<\/strong><br><strong>Alles gestreamt \u2026 aber subito!<\/strong><br>Z\u00fcrcher Hochschule der K\u00fcnste, Toni-Areal, Kino<\/p>\n\n\n\n<p class=\"has-background has-light-gray-background-color\">9 bis 9.15 Uhr<br><strong>Der Arbeitskreis Filmbibliotheken D-A-CH stellt sich vor<\/strong><br><strong>Margret Schild<\/strong>, Leiterin Bibliothek Filmmuseum D\u00fcsseldorf<\/p>\n\n\n\n<p class=\"has-background has-light-gray-background-color\">9.15 bis 9.50 Uhr<br><strong>Keynote<\/strong> <strong><a href=\"http:\/\/orcid.org\/0000-0001-9625-3069\">Dr. Anna Bohn<\/a>: Der Kampf der Streaming-Anbieter. Strategien f\u00fcr den Zugang zu Filmen in Bibliotheken <\/strong><br><em>2019 ist das Jahr der \u201eStreaming Wars\u201c:&nbsp; Mit der Ank\u00fcndigung von Apple,  Disney und WarnerMedia, eigene Streaming-Portale zu starten, versch\u00e4rft  sich der Konkurrenzkampf global operierender Medienkonzerne um Inhalte  und zahlende Zuschauer. Filmtitel werden als Kronjuwelen im Kampf&nbsp; der  Giganten gehandelt. Der Vortrag skizziert die Entwicklung auf dem  internationalen Video-Streaming-Markt und diskutiert Strategien f\u00fcr den  Zugang zu Filmen in Bibliotheken im Kontext einer On-Demand-Kultur. <\/em> <\/p>\n\n\n\n<p><\/p>\n\n\n\n<p class=\"has-background has-light-gray-background-color\">9.50 bis 10.15 Uhr<br><strong>Pause<\/strong><\/p>\n\n\n\n<p class=\"has-background has-light-gray-background-color\">10.15 bis 12 Uhr<br><strong>Ein Blick auf die aktuellsten Streaming-Angebote f\u00fcr Bibliotheken<\/strong><br>Ausgew\u00e4hlte Anbieter stellen ihre Produkte vor und stehen f\u00fcr Fragen zur Verf\u00fcgung.<br>Moderation:<strong> Irene Genhart<\/strong>, Zentralbibliothek Z\u00fcrich, <strong>Jan Melissen<\/strong>, Z\u00fcrcher Hochschule der K\u00fcnste, und <strong>Dr. Felix Rauh<\/strong>, Verein Memoriav<br><strong>Teilnehmende Anbieter:<\/strong><br><a rel=\"noreferrer noopener\" aria-label=\" (\u00f6ffnet in neuem Tab)\" href=\"http:\/\/www.artfilms-digital.com\" target=\"_blank\">artfilms digital<\/a><br><a rel=\"noreferrer noopener\" aria-label=\"AVA (Audio Visual Access) (\u00f6ffnet in neuem Tab)\" href=\"https:\/\/www.ava-library.com\/\" target=\"_blank\">AVA<\/a><br><a rel=\"noreferrer noopener\" aria-label=\" (\u00f6ffnet in neuem Tab)\" href=\"https:\/\/video.alexanderstreet.com\/channel\/academic-video-online\" target=\"_blank\">Academic Video Online<\/a><br><a rel=\"noreferrer noopener\" aria-label=\" (\u00f6ffnet in neuem Tab)\" href=\"https:\/\/de.cinefile.ch\/\" target=\"_blank\">cinefile filmportal<\/a><br><a rel=\"noreferrer noopener\" aria-label=\"filmfriend (\u00f6ffnet in neuem Tab)\" href=\"https:\/\/www.filmfriend.de\/de\/home\" target=\"_blank\">filmfriend<\/a><br><a rel=\"noreferrer noopener\" aria-label=\" (\u00f6ffnet in neuem Tab)\" href=\"https:\/\/www.filmo.ch\" target=\"_blank\">filmo<\/a><br><a rel=\"noreferrer noopener\" aria-label=\"kanopy (\u00f6ffnet in neuem Tab)\" href=\"https:\/\/www.kanopy.com\/\" target=\"_blank\">kanopy<\/a><br><a rel=\"noreferrer noopener\" aria-label=\" (\u00f6ffnet in neuem Tab)\" href=\"http:\/\/www.medici.tv\" target=\"_blank\">medici.tv<\/a><br><a rel=\"noreferrer noopener\" aria-label=\"nanoo.tv (\u00f6ffnet in neuem Tab)\" href=\"https:\/\/portal.nanoo.tv\/\" target=\"_blank\">nanoo.tv<\/a>  <\/p>\n\n\n\n<p class=\"has-background has-light-gray-background-color\">12 bis 13.30 Uhr<br><strong>Stehlunch<\/strong> <strong>und Bazar der Streaming-Anbieter im Kunstraum Toni-Areal<\/strong><br>Am Bazar der Anbieter sind alle oben genannten Anbieter sowie weiters vertreten:<br><a rel=\"noreferrer noopener\" aria-label=\" (\u00f6ffnet in neuem Tab)\" href=\"https:\/\/filmsfortheearth.org\/de\" target=\"_blank\">Filme f\u00fcr die Erde<\/a><\/p>\n\n\n\n<p class=\"has-background has-light-gray-background-color\">13.30 bis 15 Uhr<br><strong>Keynote <a href=\"https:\/\/memoriav.ch\/kontakt\/\">Dr. Felix Rauh<\/a>: Memoriav und Memobase. Das Kulturgut Film erhalten und bereitstellen<\/strong><em><br>Memoriav, der Verein zur Erhaltung und Erschliessung des audiovisuellen  Erbes der Schweiz, setzt sich seit 25 Jahren daf\u00fcr ein, dass AV-Medien  (und damit auch Filme) in Ged\u00e4chtnisinstitutionen nachhaltig archiviert  und f\u00fcr die Nutzung zug\u00e4nglich gemacht werden; Memobase ist die von  Memoriav betriebene Plattform, welche archivierte Bild-Ton-Medien wo  immer m\u00f6glich online zug\u00e4nglich macht. Das Referat zeichnet die  Verbindungen und Archivierungen und Ver\u00f6ffentlichung filmischer  Materialien nach und vergleicht unterschiedliche Online-Zug\u00e4nge. <\/em><\/p>\n\n\n\n<p><\/p>\n\n\n\n<p class=\"has-background has-light-gray-background-color\">15 bis 15.30 Uhr<br><strong>Abschluss und Ap\u00e9ro<\/strong><br><\/p>\n\n\n\n<p class=\"has-background has-light-gray-background-color\">Rahmenprogramm 15.30 bis 16.30 Uhr<br><strong>Eine Kunsthochschule in der Molkerei. Das Toni-Areal<\/strong><br>F\u00fchrung durch den Campus Toni-Areal mit <strong>Jan Melissen<\/strong><br>Treffpunkt: Eingangshalle Toni-Areal <br><\/p>\n\n\n\n<p><strong>Download im pdf-Format <a aria-label=\"hier (\u00f6ffnet in neuem Tab)\" href=\"https:\/\/blog.zhdk.ch\/filmbibliotheken\/files\/2019\/09\/20190925_Flyer-Herbsttagung-AK-Filmbibliotheken.pdf\">hier<\/a>.<\/strong><br>Stand: 07. Oktober 2019, \u00c4nderungen vorbehalten.<\/p>\n\n\n\n<p><\/p>\n","protected":false},"excerpt":{"rendered":"<p>Donnerstag, 24. Oktober 2019On Demand \u2013 (Un-)Kulturen Z\u00fcrcher Hochschule der K\u00fcnste, Toni-Areal, Kino ab 14.30 UhrEintreffen und Registration 15 UhrBegr\u00fcssung und WillkommenSabine Boss, Studienleiterin Film an der Z\u00fcrcher Hochschule der K\u00fcnsteKurzvorstellung der Fachrichtung 15.20 bis 17 UhrKeynote-Vortr\u00e4ge und Podiumsdiskussion mit &hellip; <a href=\"https:\/\/blog.zhdk.ch\/filmbibliotheken\/programm\/\">Weiterlesen <span class=\"meta-nav\">&rarr;<\/span><\/a><\/p>\n","protected":false},"author":3550,"featured_media":0,"parent":0,"menu_order":0,"comment_status":"closed","ping_status":"closed","template":"","meta":{"footnotes":""},"class_list":["post-115","page","type-page","status-publish","hentry"],"_links":{"self":[{"href":"https:\/\/blog.zhdk.ch\/filmbibliotheken\/wp-json\/wp\/v2\/pages\/115","targetHints":{"allow":["GET"]}}],"collection":[{"href":"https:\/\/blog.zhdk.ch\/filmbibliotheken\/wp-json\/wp\/v2\/pages"}],"about":[{"href":"https:\/\/blog.zhdk.ch\/filmbibliotheken\/wp-json\/wp\/v2\/types\/page"}],"author":[{"embeddable":true,"href":"https:\/\/blog.zhdk.ch\/filmbibliotheken\/wp-json\/wp\/v2\/users\/3550"}],"replies":[{"embeddable":true,"href":"https:\/\/blog.zhdk.ch\/filmbibliotheken\/wp-json\/wp\/v2\/comments?post=115"}],"version-history":[{"count":85,"href":"https:\/\/blog.zhdk.ch\/filmbibliotheken\/wp-json\/wp\/v2\/pages\/115\/revisions"}],"predecessor-version":[{"id":611,"href":"https:\/\/blog.zhdk.ch\/filmbibliotheken\/wp-json\/wp\/v2\/pages\/115\/revisions\/611"}],"wp:attachment":[{"href":"https:\/\/blog.zhdk.ch\/filmbibliotheken\/wp-json\/wp\/v2\/media?parent=115"}],"curies":[{"name":"wp","href":"https:\/\/api.w.org\/{rel}","templated":true}]}}