{"id":177,"date":"2019-04-15T16:08:21","date_gmt":"2019-04-15T16:08:21","guid":{"rendered":"https:\/\/blog.zhdk.ch\/filmbibliotheken\/?page_id=177"},"modified":"2019-10-21T08:44:42","modified_gmt":"2019-10-21T08:44:42","slug":"informationen","status":"publish","type":"page","link":"https:\/\/blog.zhdk.ch\/filmbibliotheken\/informationen\/","title":{"rendered":"Informationen"},"content":{"rendered":"\n<figure class=\"wp-block-image is-resized\"><img loading=\"lazy\" decoding=\"async\" src=\"https:\/\/blog.zhdk.ch\/filmbibliotheken\/files\/2019\/04\/KUGELSCHREIBER-1024x724.jpg\" alt=\"\" class=\"wp-image-225\" width=\"256\" height=\"181\" srcset=\"https:\/\/blog.zhdk.ch\/filmbibliotheken\/files\/2019\/04\/KUGELSCHREIBER-1024x724.jpg 1024w, https:\/\/blog.zhdk.ch\/filmbibliotheken\/files\/2019\/04\/KUGELSCHREIBER-300x212.jpg 300w, https:\/\/blog.zhdk.ch\/filmbibliotheken\/files\/2019\/04\/KUGELSCHREIBER-768x543.jpg 768w, https:\/\/blog.zhdk.ch\/filmbibliotheken\/files\/2019\/04\/KUGELSCHREIBER-424x300.jpg 424w\" sizes=\"auto, (max-width: 256px) 100vw, 256px\" \/><\/figure>\n\n\n\n<p class=\"has-text-color has-background has-medium-font-size has-white-color has-medium-gray-background-color\">Adressen und Kontakte<\/p>\n\n\n\n<p><strong>Z\u00fcrcher Hochschule der K\u00fcnste  <\/strong><br>Toni-Areal, Pfingstweidstrasse 96, 8005 Z\u00fcrich <br><a href=\"https:\/\/www.zhdk.ch\/campustoniareal\/zhdk-anfahrt\" target=\"_blank\" rel=\"noreferrer noopener\" aria-label=\" (\u00f6ffnet in neuem Tab)\">Anfahrt<\/a>, <a rel=\"noreferrer noopener\" aria-label=\"Webseite (\u00f6ffnet in neuem Tab)\" href=\"http:\/\/www.zhdk.ch\" target=\"_blank\">Webseite<\/a><\/p>\n\n\n\n<p class=\"has-background has-light-gray-background-color\">Kontakt: <a href=\"mailto:marie.wieser@zhdk.ch\">Marie Therese Wieser<\/a><\/p>\n\n\n\n<p><strong>Zentralbibliothek Z\u00fcrich<\/strong><br>Z\u00e4hringerplatz 6, 8001 Z\u00fcrich<br><a href=\"https:\/\/www.zb.uzh.ch\/de\/ueber-uns\/kontakt\" target=\"_blank\" rel=\"noreferrer noopener\" aria-label=\"Anfahrt (\u00f6ffnet in neuem Tab)\">Anfahrt<\/a>, <a rel=\"noreferrer noopener\" aria-label=\"Webseite (\u00f6ffnet in neuem Tab)\" href=\"https:\/\/www.zb.uzh.ch\/de\/\" target=\"_blank\">Webseite<\/a><\/p>\n\n\n\n<p class=\"has-background has-light-gray-background-color\">Kontakt: <a href=\"mailto:irene.genhart@zb.uzh.ch\">Irene Genhart<\/a><\/p>\n\n\n\n<p><strong> <\/strong><\/p>\n\n\n\n<p><\/p>\n\n\n\n<p class=\"has-text-color has-background has-medium-font-size has-white-color has-medium-gray-background-color\">Anfahrt Rahmenprogramm 24.10.2019<\/p>\n\n\n\n<p><strong>(Schweizer) Drehb\u00fccher in der Zentralbibliothek Z\u00fcrich<\/strong><br>Z\u00e4hringerplatz 6, 8001 Z\u00fcrich<br><a rel=\"noreferrer noopener\" aria-label=\"Anfahrt (\u00f6ffnet in neuem Tab)\" href=\"https:\/\/www.zb.uzh.ch\/de\/ueber-uns\/kontakt\" target=\"_blank\">Anfahrt<\/a>, <a rel=\"noreferrer noopener\" aria-label=\"Webseite (\u00f6ffnet in neuem Tab)\" href=\"https:\/\/www.zb.uzh.ch\/de\/\" target=\"_blank\">Webseite<\/a><br><strong><em>Anfahrt vom Tagungsort Toni-Areal (ca. 20 min): Strassenbahn 4 Richtung Bahnhof Tiefenbrunnen bis zur Haltestelle Rudolf-Brun-B\u00fccke, dann 3 Minuten Fussweg zur Zentralbibliothek<\/em><\/strong><br><br><strong>Die Sammlungen der Dokumentationsstelle Z\u00fcrich der Cin\u00e9math\u00e8que suisse<\/strong> <br>Neugasse 10, 8005 Z\u00fcrich <br><a rel=\"noreferrer noopener\" aria-label=\"Webseite (\u00f6ffnet in neuem Tab)\" href=\"https:\/\/www.cinematheque.ch\/d\/bestaende\/departement-non-film\/dokumentationsstelle\/\" target=\"_blank\">Webseite<\/a><br><strong><em>Anfahrt vom Tagungsort Toni-Areal (ca. 15 min): Strassenbahn 4 Richtung Bahnhof Tiefenbrunnen bis zur Haltestelle Museum f\u00fcr Gestaltung, dann 6 Minuten Fussweg zur Cinemaqu\u00e8que Suisse <\/em><\/strong><br><br><strong>Historischer Kinospaziergang durch die Z\u00fcrcher Innenstadt<\/strong> <br>Treffpunkt: <a rel=\"noreferrer noopener\" href=\"https:\/\/www.google.com\/maps\/place\/Hechtplatz\/@47.3684781,8.5422901,17z\/data=!3m1!4b1!4m5!3m4!1s0x479aa0ab044d1a73:0x4d387d3f3d3ccfeb!8m2!3d47.3684781!4d8.5444788\" target=\"_blank\">Hechtplatz<\/a> Z\u00fcrich (Brunnen)<br><strong><em>Anfahrt vom Tagungsort Toni-Areal (ca. 20 min): Strassenbahn 4 Richtung Bahnhof Tiefenbrunnen bis zur Haltestelle Helmhaus, dann 4 Minuten Fussweg zum Hechtplatz <\/em><\/strong><\/p>\n\n\n\n<p class=\"has-text-color has-background has-medium-font-size has-white-color has-medium-gray-background-color\">Restaurant 24.10.2019<\/p>\n\n\n\n<p><strong>Restaurant Haus Hiltl<\/strong><br>Sihlstrasse 28, 8001 Z\u00fcrich<br><a rel=\"noreferrer noopener\" aria-label=\"Webseite (\u00f6ffnet in neuem Tab)\" href=\"https:\/\/hiltl.ch\/standorte\/uebersicht\/#haus-hiltl\" target=\"_blank\">Webseite<\/a><br><strong><em>Anfahrt: Strassenbahn 6, 7, 11, 13 oder 17 bis zur Haltestelle Rennweg, dann 4 Minuten Fussweg durch die F\u00fcsslistrasse zum Restaurant<\/em><\/strong><br><\/p>\n\n\n\n<p class=\"has-text-color has-white-color\">&#8230;<\/p>\n\n\n\n<p class=\"has-text-color has-background has-medium-font-size has-white-color has-medium-gray-background-color\">Hotelempfehlungen<\/p>\n\n\n\n<p><strong>Famili\u00e4re Hotels in der Z\u00fcrcher Innenstadt<\/strong><br><br><strong>Hotel Bristol<\/strong><br>Stampfenbachstrasse 34, 8006 Z\u00fcrich<br>T +41 44 258 44 44, info@hotelbristol.ch <br><a href=\"https:\/\/www.hotelbristol.ch\">Webseite<\/a>  <br><br><strong>Hotel St. Josef<\/strong><br>Hirschengraben 64\/68, 8001 Z\u00fcrich <br>T +41 44 250 57 57, info@st-josef.ch<br><a href=\"https:\/\/www.st-josef.ch\">Webseite<\/a><br><br><\/p>\n\n\n\n<p class=\"has-text-color has-background has-medium-font-size has-white-color has-medium-gray-background-color\">Weitere Empfehlungen<\/p>\n\n\n\n<p><strong>Das Buch und Literatur Festival Z\u00fcrich liest <\/strong><br>23. bis 27. Oktober 2019<br><a href=\"https:\/\/www.zuerich-liest.ch\/\">Website<\/a><br><br><strong>Fotomuseum Winterthur: Ausstellung Color Mania \u2013 Materialit\u00e4t Farbe in Fotografie und Film<\/strong> <br>7. September bis 24. November 2019<br><a href=\"https:\/\/www.fotomuseum.ch\/de\/explore\/exhibitions\/155768_color_mania_the_material_of_color_in_photography_and_film\">Website<\/a><br><br><strong>Z\u00fcrich Tourismus<\/strong> im Hauptbahnhof Z\u00fcrich<br><a href=\"http:\/\/www.zuerich.com\">Website<\/a> <\/p>\n\n\n\n<p class=\"has-text-color has-background has-medium-font-size has-white-color has-medium-gray-background-color\">Impressum<\/p>\n\n\n\n<p class=\"has-background has-light-gray-background-color\">Z\u00fcrcher Hochschule der K\u00fcnste, Medien- und Infomationszentrum MIZ, Pfingstweidstrasse 96, Postfach, 8031 Z\u00fcrich<\/p>\n\n\n\n<p>Redaktion: Irene Genhart (ZB Z\u00fcrich), Jan Melissen (ZHdK MIZ), Felix Rauh (Verein Memoriav)<br>Administration: Marie Therese Wieser (ZHdK MIZ)<br>Illustrationen: Lorenz Troll<br>Webmaster: Felix Falkner, Marie Therese Wieser<\/p>\n\n\n\n<p>Alle Inhalte der Webseite sind gesch\u00fctzt und d\u00fcrfen nur mit schriftlicher Genehmigung des MIZ verwendet werden.<\/p>\n\n\n\n<p><\/p>\n","protected":false},"excerpt":{"rendered":"<p>Adressen und Kontakte Z\u00fcrcher Hochschule der K\u00fcnste Toni-Areal, Pfingstweidstrasse 96, 8005 Z\u00fcrich Anfahrt, Webseite Kontakt: Marie Therese Wieser Zentralbibliothek Z\u00fcrichZ\u00e4hringerplatz 6, 8001 Z\u00fcrichAnfahrt, Webseite Kontakt: Irene Genhart Anfahrt Rahmenprogramm 24.10.2019 (Schweizer) Drehb\u00fccher in der Zentralbibliothek Z\u00fcrichZ\u00e4hringerplatz 6, 8001 Z\u00fcrichAnfahrt, WebseiteAnfahrt &hellip; <a href=\"https:\/\/blog.zhdk.ch\/filmbibliotheken\/informationen\/\">Weiterlesen <span class=\"meta-nav\">&rarr;<\/span><\/a><\/p>\n","protected":false},"author":3550,"featured_media":0,"parent":0,"menu_order":0,"comment_status":"closed","ping_status":"closed","template":"","meta":{"footnotes":""},"class_list":["post-177","page","type-page","status-publish","hentry"],"_links":{"self":[{"href":"https:\/\/blog.zhdk.ch\/filmbibliotheken\/wp-json\/wp\/v2\/pages\/177","targetHints":{"allow":["GET"]}}],"collection":[{"href":"https:\/\/blog.zhdk.ch\/filmbibliotheken\/wp-json\/wp\/v2\/pages"}],"about":[{"href":"https:\/\/blog.zhdk.ch\/filmbibliotheken\/wp-json\/wp\/v2\/types\/page"}],"author":[{"embeddable":true,"href":"https:\/\/blog.zhdk.ch\/filmbibliotheken\/wp-json\/wp\/v2\/users\/3550"}],"replies":[{"embeddable":true,"href":"https:\/\/blog.zhdk.ch\/filmbibliotheken\/wp-json\/wp\/v2\/comments?post=177"}],"version-history":[{"count":34,"href":"https:\/\/blog.zhdk.ch\/filmbibliotheken\/wp-json\/wp\/v2\/pages\/177\/revisions"}],"predecessor-version":[{"id":603,"href":"https:\/\/blog.zhdk.ch\/filmbibliotheken\/wp-json\/wp\/v2\/pages\/177\/revisions\/603"}],"wp:attachment":[{"href":"https:\/\/blog.zhdk.ch\/filmbibliotheken\/wp-json\/wp\/v2\/media?parent=177"}],"curies":[{"name":"wp","href":"https:\/\/api.w.org\/{rel}","templated":true}]}}