{"id":3,"date":"2019-04-15T10:21:14","date_gmt":"2019-04-15T10:21:14","guid":{"rendered":"https:\/\/blog.zhdk.ch\/filmbibliotheken\/?page_id=2"},"modified":"2020-03-24T07:59:30","modified_gmt":"2020-03-24T07:59:30","slug":"sample-page","status":"publish","type":"page","link":"https:\/\/blog.zhdk.ch\/filmbibliotheken\/","title":{"rendered":"Streaming Wars and Library Battles"},"content":{"rendered":"<p>Die Zentralbibliothek Z\u00fcrich und das Medien- und Informationszentrum MIZ der Z\u00fcrcher Hochschule der K\u00fcnste begr\u00fcssen Sie zusammen mit dem Verein Memoriav herzlich zur Herbsttagung des Arbeitskreises Filmbibliotheken D-A-CH 2019 in Z\u00fcrich.<\/p>\n\n\n<figure class=\"wp-block-image is-resized\"><img loading=\"lazy\" decoding=\"async\" src=\"https:\/\/blog.zhdk.ch\/filmbibliotheken\/files\/2019\/04\/STREAM_VEKTOR-1024x724.jpg\" alt=\"\" class=\"wp-image-215\" width=\"603\" height=\"426\" srcset=\"https:\/\/blog.zhdk.ch\/filmbibliotheken\/files\/2019\/04\/STREAM_VEKTOR-1024x724.jpg 1024w, https:\/\/blog.zhdk.ch\/filmbibliotheken\/files\/2019\/04\/STREAM_VEKTOR-300x212.jpg 300w, https:\/\/blog.zhdk.ch\/filmbibliotheken\/files\/2019\/04\/STREAM_VEKTOR-768x543.jpg 768w, https:\/\/blog.zhdk.ch\/filmbibliotheken\/files\/2019\/04\/STREAM_VEKTOR-424x300.jpg 424w\" sizes=\"auto, (max-width: 603px) 100vw, 603px\" \/><\/figure>\n\n\n\n<p>M\u00e4rz 2020: Die Herbsttagung ist mittlerweile Geschichte, aber in ihrem Nachgang sind die beiden folgenden Artikel erschienen:<br><br><strong>Anna Bohn, Vom Kampf der Streaming Anbieter, Filmexplorer:<\/strong><br><a href=\"https:\/\/www.filmexplorer.ch\/forum\/2020-focus-online-streaming\/vom-kampf-der-streaming-anbieter-anna-bohn\/\">https:\/\/www.filmexplorer.ch\/forum\/2020-focus-online-streaming\/vom-kampf-der-streaming-anbieter-anna-bohn\/<\/a><br><br><strong>Michel Piguet, Tagungsbericht Streaming Wars and Library Battles, Arbido:<\/strong><br><a href=\"https:\/\/arbido.ch\/de\/ausgaben-artikel\/2020\/archive-und-bibliotheken-in-internationalen-organisationen\/streaming-wars-and-library-battles\">https:\/\/arbido.ch\/de\/ausgaben-artikel\/2020\/archive-und-bibliotheken-in-internationalen-organisationen\/streaming-wars-and-library-battles<\/a><\/p>\n\n\n\n<p><\/p>\n\n\n\n<p><\/p>\n","protected":false},"excerpt":{"rendered":"<p>Die Zentralbibliothek Z\u00fcrich und das Medien- und Informationszentrum MIZ der Z\u00fcrcher Hochschule der K\u00fcnste begr\u00fcssen Sie zusammen mit dem Verein Memoriav herzlich zur Herbsttagung des Arbeitskreises Filmbibliotheken D-A-CH 2019 in Z\u00fcrich. M\u00e4rz 2020: Die Herbsttagung ist mittlerweile Geschichte, aber in &hellip; <a href=\"https:\/\/blog.zhdk.ch\/filmbibliotheken\/\">Weiterlesen <span class=\"meta-nav\">&rarr;<\/span><\/a><\/p>\n","protected":false},"author":3550,"featured_media":0,"parent":0,"menu_order":0,"comment_status":"closed","ping_status":"open","template":"","meta":{"footnotes":""},"class_list":["post-3","page","type-page","status-publish","hentry"],"_links":{"self":[{"href":"https:\/\/blog.zhdk.ch\/filmbibliotheken\/wp-json\/wp\/v2\/pages\/3","targetHints":{"allow":["GET"]}}],"collection":[{"href":"https:\/\/blog.zhdk.ch\/filmbibliotheken\/wp-json\/wp\/v2\/pages"}],"about":[{"href":"https:\/\/blog.zhdk.ch\/filmbibliotheken\/wp-json\/wp\/v2\/types\/page"}],"author":[{"embeddable":true,"href":"https:\/\/blog.zhdk.ch\/filmbibliotheken\/wp-json\/wp\/v2\/users\/3550"}],"replies":[{"embeddable":true,"href":"https:\/\/blog.zhdk.ch\/filmbibliotheken\/wp-json\/wp\/v2\/comments?post=3"}],"version-history":[{"count":21,"href":"https:\/\/blog.zhdk.ch\/filmbibliotheken\/wp-json\/wp\/v2\/pages\/3\/revisions"}],"predecessor-version":[{"id":623,"href":"https:\/\/blog.zhdk.ch\/filmbibliotheken\/wp-json\/wp\/v2\/pages\/3\/revisions\/623"}],"wp:attachment":[{"href":"https:\/\/blog.zhdk.ch\/filmbibliotheken\/wp-json\/wp\/v2\/media?parent=3"}],"curies":[{"name":"wp","href":"https:\/\/api.w.org\/{rel}","templated":true}]}}