{"id":331,"date":"2014-05-15T20:09:22","date_gmt":"2014-05-15T18:09:22","guid":{"rendered":"https:\/\/blog.zhdk.ch\/genderverhandeln\/?page_id=331"},"modified":"2017-09-27T22:49:56","modified_gmt":"2017-09-27T20:49:56","slug":"ueber-uns","status":"publish","type":"page","link":"https:\/\/blog.zhdk.ch\/genderverhandeln\/ueber-uns\/","title":{"rendered":"gender ver\/handeln"},"content":{"rendered":"<p>Es gibt immer noch und immer wieder aufs Neue: Vieles zu verhandeln! -&gt;&gt; Zum Beispiel:<\/p>\n<p><img decoding=\"async\" src=\"https:\/\/preview.ibb.co\/gxBcok\/Screen_Shot_2017_09_27_at_16_17_38.png\" \/><\/p>\n<p>D\u00fcrfen wir es uns anmassen, kommentarlos Bilder von und mit Menschen &#8211; m\u00f6gen sie noch so inszeniert wirken &#8211; in einem akademischen Kontext zu affirmieren? Es ist ein Widerspruch, welcher in einer Kunsthochschule nicht gen\u00fcgend hinterfragt werden kann. Ein Widerspruch \u2013\u00a0in welchem &#8222;wissenschaftliche&#8220; (oder\u00a0k\u00fcnstlerisch\u00a0forschende?) Untersuchungen \u201cdes Anderen\u201d mit Inszenierungen &#8222;des Selbst\u201d kollidieren und diese vereinnahmen und verwerten.<\/p>\n<p><strong>Wer sind wir?<\/strong><\/p>\n<p>Ein kollektiver Mutant. Queere Identit\u00e4.\u00a0Die Login-Informationen f\u00fcr den Instagram-Account sind.<\/p>\n<p>account: <a title=\"colectiva_mutante\" href=\"https:\/\/www.instagram.com\/colectiva_mutante\/\">colectiva_mutante<\/a><\/p>\n<p>email:\u00a0collective_mutation@deinwochenende.com<\/p>\n<p>pw: In_Progress000<\/p>\n<p><strong>Wer bin ich?<\/strong><\/p>\n<p>Meine Position = nicht unabh\u00e4ngig. Inmitten der Struktur, von unterschiedlichen Machtgef\u00e4llten durchzogen, dominierend und dominiert.<\/p>\n<p>Person of color, pronomen &#8222;she&#8220;, sexuelle Orientierung: Menschen.<\/p>\n<p><em>(&#8230;) und mittlerweile frage ich mich, ob und wie Personen, welche sich mit Genderfragen oder Post-Colonial Theorie bzw.\u00a0 dem weiter bestehenden Rassismus auseinandersetzen, noch ruhig einen Hollywoodfilm schauen k\u00f6nnen. Kann ich das noch? Will ich das noch? (Textarbeit<\/em><\/p>\n<p><img decoding=\"async\" src=\"https:\/\/preview.ibb.co\/kSipuQ\/IMG_0024.jpg\" \/><\/p>\n<p>weiss sozialisiert, prononem &#8222;er&#8220;, ich mag den begriff hetero-flexibel.<\/p>\n<p>ich habe schwierigkeiten in einer gruppe mit ausgepr\u00e4gtem\u00a0m\u00e4nnlichkeitsgehabe, auch wenn ich &#8211; <s> <\/s>immer wieder bemerke, dass ich dieses selber reproduzier: ich unterbreche; ich darf laut sein; meine ideen vobringen;\u00a0muss nicht unbedingt viel zeit in mein \u00e4usseres investieren, um geachtet zu werden; pflege beziehungen in (teils ausschliesslich) weissen netzwerken; bin manchmal zu bequem\u00a0um wording beachtung zu schenken. und\u00a0nun bin ich\u00a0in einem bezahl-verh\u00e4ltnis\u00a0um den gender-diskurs in relation zur hochschule zu betrachten, zu vermitteln, zu kommentieren&#8230; und kann mich\u00a0dem gegen\u00fcber als sensibel inszenieren&#8230;\u00a0und nenns &#8222;diskurs&#8220;.<\/p>\n<p>geht das? darf ich das? darf ich \u00fcberhaupt noch sprechen?<\/p>\n<p>shouldn&#8217;t I just shut the fuck up?<\/p>\n<p><strong>gender ver\/handeln?<\/strong><\/p>\n<p>Der Blog gender ver\/handeln gilt der Initiierung, Sichtbarmachung und Intensivierung von Aktivit\u00e4ten im Feld von Gender, Queer, Postkolonialismus an der Z\u00fcrcher Hochschule der K\u00fcnste (ZHdK). Er strebt eine\u00a0 theoretische und praktische Auseinandersetzungen in diesen Bereichen an. Der Blog wurde als Teil der Initiative gender ver\/handeln von Angela Wittwer initiiert.<\/p>\n<p>Der Blog gender ver\/handeln wird zur Verf\u00fcgung gestellt von:<\/p>\n<p><a href=\"https:\/\/www.zhdk.ch\/gleichstellung\" target=\"_blank\" rel=\"noopener\">Fachstelle Gleichstellung &amp; Diversity<\/a>, Z\u00fcrcher Hochschule der K\u00fcnste<\/p>\n<p><a href=\"https:\/\/www.zhdk.ch\/index.php?id=zplus_home\">Z +<\/a>, Z\u00fcrcher Hochschule der K\u00fcnste<\/p>\n<p>Kontakt:<\/p>\n<p><a href=\"mailto:info.genderverhandeln@zhdk.ch\">E-Mail<\/a><\/p>\n<p><strong>Was k\u00f6nnen wir beitragen? <\/strong><\/p>\n<p><em>&#8220; (&#8230;). Passiv, Hingebungsvoll, um zu gefallen. Fu\u0308r den m\u00e4nnlichen Betrachter. Immer und immer wieder. Und immer noch?!! Also ich meine, h\u00e4tte ich nicht letztens diesen Kurs gehabt an der ZHdK (bei Nana Andusei), der das ganze Thema der Repr\u00e4sentation mir so richtig vor Augen fu\u0308hrte. Auch im Bezug auf Race und Gender generell. Also auch die Heteronormativit\u00e4t. Dann w\u00e4r mir das gar nicht so so soooo fest aufgefallen. Wie Renton in Trainspotting sagt: \u201cThe world is changing. Music is changing, drugs are changing, even men and women are changing. One thousand years from now, there will be no guys, no girls, just wankers. Sounds great to me.\u201d Klar nerv ich mich ab und zu ab Plakaten. Klar weiss ich von den \u201cnackten Frauen\u201d in der Malerei. Aber (&#8230;) Genau. Es gibt dann so Sachen, die einem total normal erscheinen. Hat man ihnen aber erst mal Aufmerksamkeit geschenkt, sie dechiffriert, bleiben sie h\u00e4ngen, so zum Beispiel die kopflosen Frauen auf Filmplakaten: <a href=\"http:\/\/headlesswomenofhollywood.com\">http:\/\/headlesswomenofhollywood.com<\/a> <\/em><em>Daru\u0308ber k\u00f6nnte man sich eeeewig auslassen und wenn man Zeit hat, sogar noch l\u00e4nger. Aber ist es nicht krass, dass wir das ja alles schon wissen? Schon lange wissen? Was passiert mit diesem Wissen? Zeigen wir einander nur noch Beispiele fu\u0308r wie krass solche Sachen sind, wie tief verwurzelt Sexismus und Rassismus sind u\u0308berall, und stehen kopfnickend da und runzeln die Stirn und sagen \u201cJa, echt krass, ich weiss\u201d? Was fangen wir mit dem Gewussten, Bewussten an? (Textarbeit,\u00a0ESSAY-COLLAGE: KREATIV REFLEXIV KATHARTISCHES SCHREIBEN \u2013 Feministisches Palimpsest? Rada Leu, Nina Tshomba, FS16).&#8220;<\/em><\/p>\n<p>Auf Bald<\/p>\n<p>\/\/\/\/\/\/\/\/\/\/\/\/\/\/\/\/\/\/\/\/\/\/\/\/\/\/\/\/\/\/\/\/\/\/\/\/\/\/\/\/\/\/\/\/\/\/\/\/\/\/\/\/\/\/\/\/\/\/<\/p>\n<p><strong>Was k\u00f6nnen wir lesen?<\/strong><\/p>\n<p><a href=\"http:\/\/aaaaarg.fail\/maker\/53107993334fe072692053cd\">Silvia Federici<\/a><\/p>\n<h2>Caliban und die Hexe. Frauen, der K\u00f6rper und die urspr\u00fcngliche Akkumulation<\/h2>\n<p><a href=\"http:\/\/aaaaarg.fail\/thing\/592f44809ff37c4e19cb6949\">http:\/\/aaaaarg.fail\/thing\/592f44809ff37c4e19cb6949<\/a><\/p>\n<h5>(english\u00a0<a href=\"http:\/\/aaaaarg.fail\/thing\/51c58bfe6c3a0eda0bf18300\">http:\/\/aaaaarg.fail\/thing\/51c58bfe6c3a0eda0bf18300<\/a>)<\/h5>\n<h5><\/h5>\n<p><a href=\"http:\/\/aaaaarg.fail\/maker\/54d04b61334fe00cccaf1742\">Paul B. Preciado<\/a><\/p>\n<h2>Testo Junkie: Sex, Drogen und Biopolitik in der \u00c4ra der Pharmapornografie<\/h2>\n<p><a href=\"http:\/\/aaaaarg.fail\/thing\/58e134d79ff37c4e19cb1971\">http:\/\/aaaaarg.fail\/thing\/58e134d79ff37c4e19cb1971<\/a><\/p>\n<p>english (<a href=\"http:\/\/aaaaarg.fail\/thing\/5447e2d7334fe009d7b9fda0\">http:\/\/aaaaarg.fail\/thing\/5447e2d7334fe009d7b9fda0<\/a>)<\/p>\n<p>&nbsp;<\/p>\n","protected":false},"excerpt":{"rendered":"<p class=\"post-excerpt\">Es gibt immer noch und immer wieder aufs Neue: Vieles zu verhandeln! -&gt;&gt; Zum Beispiel: D\u00fcrfen wir es uns anmassen,&#8230;<\/p>\n","protected":false},"author":1425,"featured_media":0,"parent":0,"menu_order":0,"comment_status":"closed","ping_status":"closed","template":"","meta":{"footnotes":""},"class_list":["post-331","page","type-page","status-publish","hentry"],"_links":{"self":[{"href":"https:\/\/blog.zhdk.ch\/genderverhandeln\/wp-json\/wp\/v2\/pages\/331","targetHints":{"allow":["GET"]}}],"collection":[{"href":"https:\/\/blog.zhdk.ch\/genderverhandeln\/wp-json\/wp\/v2\/pages"}],"about":[{"href":"https:\/\/blog.zhdk.ch\/genderverhandeln\/wp-json\/wp\/v2\/types\/page"}],"author":[{"embeddable":true,"href":"https:\/\/blog.zhdk.ch\/genderverhandeln\/wp-json\/wp\/v2\/users\/1425"}],"replies":[{"embeddable":true,"href":"https:\/\/blog.zhdk.ch\/genderverhandeln\/wp-json\/wp\/v2\/comments?post=331"}],"version-history":[{"count":41,"href":"https:\/\/blog.zhdk.ch\/genderverhandeln\/wp-json\/wp\/v2\/pages\/331\/revisions"}],"predecessor-version":[{"id":5321,"href":"https:\/\/blog.zhdk.ch\/genderverhandeln\/wp-json\/wp\/v2\/pages\/331\/revisions\/5321"}],"wp:attachment":[{"href":"https:\/\/blog.zhdk.ch\/genderverhandeln\/wp-json\/wp\/v2\/media?parent=331"}],"curies":[{"name":"wp","href":"https:\/\/api.w.org\/{rel}","templated":true}]}}