{"id":3334,"date":"2015-01-15T20:38:44","date_gmt":"2015-01-15T18:38:44","guid":{"rendered":"https:\/\/blog.zhdk.ch\/genderverhandeln\/?page_id=3334"},"modified":"2015-10-28T17:00:12","modified_gmt":"2015-10-28T15:00:12","slug":"showroom","status":"publish","type":"page","link":"https:\/\/blog.zhdk.ch\/genderverhandeln\/showroom\/","title":{"rendered":"Showroom N\u00ba4: Gender ver\/handeln + Tagung Session Gender"},"content":{"rendered":"<p><a href=\"https:\/\/blog.zhdk.ch\/genderverhandeln\/files\/2015\/02\/showroom_n4__foto__betty_fleck_2.png\"><img loading=\"lazy\" decoding=\"async\" class=\"alignnone size-full wp-image-3488\" src=\"https:\/\/blog.zhdk.ch\/genderverhandeln\/files\/2015\/02\/showroom_n4__foto__betty_fleck_2.png\" alt=\"showroom_n4__foto__betty_fleck_2\" width=\"788\" height=\"525\" srcset=\"https:\/\/blog.zhdk.ch\/genderverhandeln\/files\/2015\/02\/showroom_n4__foto__betty_fleck_2.png 788w, https:\/\/blog.zhdk.ch\/genderverhandeln\/files\/2015\/02\/showroom_n4__foto__betty_fleck_2-300x200.png 300w\" sizes=\"auto, (max-width: 788px) 100vw, 788px\" \/><\/a><\/p>\n<p>SHOWROOM N\u00ba4: GENDER VER\/HANDELN<br \/>\n4.\u20137. M\u00e4rz 2015, Toni-Areal,\u00a0Pfingstweidstrasse 96, Z\u00fcrich<\/p>\n<p>Wer sind die neuen Heldinnen der Videogames? Wie werden \u00a0postkoloniale Machtdiskurse im Ausstellungsraum verhandelt, und was hat der Cyborg mit dem Durcheinanderbringen von \u00a0Geschlechterzuordnungen zu tun?\u00a0In Installationen, Auff\u00fchrungen, Film, Theater, Talks und Workshops werden Konstruktionen \u2028von K\u00f6rper und Geschlecht befragt und aktualisiert.<\/p>\n<p>Der Showroom zeigt transdisziplin\u00e4re Produktionen der ZHdK zu \u00addiesen Fragestellungen.\u00a0F\u00fcr die Tagung Session Gender (Freitag 6. M\u00e4rz 2015) kommen internationale G\u00e4ste zur Diskussion zusammen. Im Ineinandergreifen von Theorie und Praxis bietet sie Lectures, k\u00fcnstlerisch-performative Beitr\u00e4ge, Workshops und Guided Walks.<\/p>\n<p><a href=\"https:\/\/www.zhdk.ch\/fileadmin\/user_upload\/2015_Showroom_Gender_ver_handeln.pdf\" target=\"_blank\">Flyer<\/a><a href=\"https:\/\/www.zhdk.ch\/fileadmin\/user_upload\/150128_gesamt_ShowroomSession_Gender_Flyer.pdf\" target=\"_blank\"><br \/>\n<\/a>Weitere Informationen:\u00a0<a href=\"http:\/\/www.zhdk.ch\/showroom\" target=\"_blank\">www.zhdk.ch\/showroom<\/a><\/p>\n<p>Foto: \u00a9 Betty Fleck<\/p>\n<p>&nbsp;<\/p>\n<p><a href=\"https:\/\/blog.zhdk.ch\/genderverhandeln\/files\/2015\/01\/session_gender__foto_betty_fleck_.jpg\"><img loading=\"lazy\" decoding=\"async\" class=\"alignnone size-full wp-image-3482\" src=\"https:\/\/blog.zhdk.ch\/genderverhandeln\/files\/2015\/01\/session_gender__foto_betty_fleck_.jpg\" alt=\"session_gender__foto_betty_fleck_\" width=\"756\" height=\"504\" srcset=\"https:\/\/blog.zhdk.ch\/genderverhandeln\/files\/2015\/01\/session_gender__foto_betty_fleck_.jpg 756w, https:\/\/blog.zhdk.ch\/genderverhandeln\/files\/2015\/01\/session_gender__foto_betty_fleck_-300x200.jpg 300w\" sizes=\"auto, (max-width: 756px) 100vw, 756px\" \/><\/a><\/p>\n<p>TAGUNG SESSION GENDER<br \/>\n6. M\u00e4rz 2015, \u20289:30\u201317:30 Uhr, Toni-Areal, H\u00f6rsaal 1, Ebene 3, Pfingstweidstrasse 96, Z\u00fcrich<\/p>\n<p>Wer hat Angst vor Gender? Bildgebungsprozesse, Designprodukte,\u00a0Formate der Vermittlung sowie musikalische, filmische oder theatrale Darbietungen sind von vornherein verwickelt in Fragen von Gender, Herkunft oder Ability. Die Philosophin Antke Engel beleuchtet feministische und queer-theoretische Ans\u00e4tze im Feld k\u00fcnstlerischer Praktiken und diskutiert \u00e4sthetische Strategien, mit denen entsprechende Anordnungen aufgebrochen werden k\u00f6nnen. Die Soundk\u00fcnstlerin und DJane Ain Bailey reflektiert mit der Performance Sound Zones\/My Favourite Things ihre Klang-Autobiographie anhand der eigenen Musiksammlung.<\/p>\n<p>Die Tagung Session Gender macht in Verbindung mit dem Showroom Z+ Formatexperimente zug\u00e4nglich und verhandelt deren Potenzial. Sie bietet Lectures, k\u00fcnstlerisch-performative Beitr\u00e4ge, Workshops und Guided Walks. Ein disziplinen\u00fcbergreifender Anlass, der sich kritisch und explorativ mit Fragen von Gender und Postkolonialismus im Verh\u00e4ltnis zu den K\u00fcnsten auseinandersetzt.<\/p>\n<p><a href=\"https:\/\/www.zhdk.ch\/fileadmin\/user_upload\/2015_Tagung_Session_Gender.pdf\" target=\"_blank\">Flyer<\/a><br \/>\n<a href=\"https:\/\/www.zhdk.ch\/fileadmin\/user_upload\/Handout_Abstracts_Session_Gender.pdf\" target=\"_blank\">Programm und Abstracts<\/a><\/p>\n<p>Foto: \u00a9 Betty Fleck<\/p>\n<p>&nbsp;<\/p>\n<p>KEYNOTE<\/p>\n<p><strong>ANTKE ENGEL<\/strong><br \/>\nBild, Begehren, Bedeutungsproduktion im Feld k\u00fcnstlerischer Praxen<\/p>\n<p>Mit meinem Vortrag m\u00f6chte ich einige Schlaglichter auf feministische und queer-theoretische Ans\u00e4tze in den Kunst- und Kulturwissenschaften sowie in k\u00fcnstlerischer Produktion werfen. Mich interessiert, inwiefern die verschiedenen Ans\u00e4tze es erlauben, Verbindungen zwischen unterschiedlichen Machtfeldern zu ziehen, statt sich eindimensional auf Gender oder Rassisierung oder Kapital oder Sexualit\u00e4t oder\u2026 zu fokussieren. Inwiefern sind sie gepr\u00e4gt von dem Wunsch, Kategorisierungen und Wahrheitsregime aufzubrechen? Welche \u00e4sthetischen Strategien werden angeboten, um Differenz weder als das Andere der Identit\u00e4t noch in hierarchischen Anordnungen stillzustellen. Was erm\u00f6glicht es, auch disziplinen\u00fcbergreifend zu denken und zu arbeiten? Ausgehend von Elspeth Probyns These, dass sich Begehren in Bildern bewegt und Bilder als Transportmittel des Begehrens fungieren, m\u00f6chte ich diese Fragen behandeln, indem ich \u00fcber den Zusammenhang von Bild, Begehren, Macht und Bedeutung nachdenke.<br \/>\nAntke Engel, Institut f\u00fcr Queer Theory, Berlin<\/p>\n<p>Antke Engel ist promovierte Philosophin, feministische Queer Theoretikerin und freiberuflich in Wissenschaft, Beratung und Kulturproduktion t\u00e4tig. Sie leitet das <a href=\"www.queer-institut.de\" target=\"_blank\">Institut f\u00fcr Queer Theory<\/a> in Berlin, das seit 2006 Projekte initiiert, die sich einer \u00abqueeren Politik der Repr\u00e4sentation\u00bb verschreiben und die Grenzen zwischen akademischer, politischer und kultureller Praxis herausfordern. Sie war Gastprofessorin f\u00fcr Queer Studies an der Universit\u00e4t Hamburg (2003\/2005) und der Universit\u00e4t Wien (2011) sowie Research Fellow am ICI-Berlin (2007\u20132009). Neben zahlreichen Aufs\u00e4tzen hat sie zwei Monographien publiziert: \u00abWider die Eindeutigkeit\u00bb (2002) sowie \u00abBilder von Sexualit\u00e4t und \u00d6konomie\u00bb (2009). J\u00fcngst erschienen: \u00abpostkolonial kauen und kannibalisch begehren\u00bb, in: Hoenes, Josch\/Paul, Barbara (Hg.): \u00abUnverbl\u00fcmt. Queere \u00c4sthetiken in Kunst, Design und Musik\u00bb (2015).<\/p>\n<p>&nbsp;<\/p>\n<p><strong>AIN BAILEY<\/strong><br \/>\nSound Zones\/My Favourite Things<\/p>\n<p>\u00abRecords&#8216; status as sacred objects, and record collections as a facet of the self\u00bb.<br \/>\n<em>(Giles, D. et al.,: The psychological meaning of personal record collections and the impact of changing technological forms. Journal of Economic Psychology 28, 2007.)<\/em><\/p>\n<p>A collection as a personal, living archive?<br \/>\nA music collection, which comprises vinyl, CD and download material might also be said to constitute a sonic autobiography. Particular songs\/passages of music can be seen as markers of important parts\/stages of one\u2019s life. Perhaps it also reflects the construction of my own willfully idiosyncratic and fragmented identity: Black, Queer, Female, Feminist and Composer \u2013 amongst other formations. What is the relation between the archive and my electroacoustic compositions? Is the selection of the work of female composers such as Pauline Oliveros and Else Marie Pade tantamount to a feminist intervention?<br \/>\nThe presentation\/performance will endeavour to explore how the archive has led to and perhaps even shaped my creative practice as a sound artist. As an unabashed lover of Wham and The Smiths, as well as Alice Coltrane and Eliane Radigue, by way of the glitter of 1970s disco and beyond, has the assimilation and embedding of a variety of genres into my subconscious fermented into a compositional vocabulary?<br \/>\nAin Bailey, London.<\/p>\n<p>Ain Bailey is a sound artist and dj from London. Her electroacoustic compositions utilise field recordings, found sounds and processing, which, in turn, are inspired by ideas and reflections on silence and absence, architectural urban spaces, and feminist activism. Her compositions are created for a variety of forms, including multichannel and mixed media installations, moving image soundtracks, dance and live performance.<br \/>\nRecent work has included the composition and performance of a score for the Michael Douglas Kollektiv&#8217;s \u00abHere Is You And Not Me\u00bb, in Cologne, October and November 2014.<br \/>\nBailey, together with Dr Karen Wells of the Department of Geography, Environment and Developments Studies at Birkbeck, University of London, is also a recipient of a 2015 Leverhulme Trust Artist In Residence Award.<\/p>\n","protected":false},"excerpt":{"rendered":"<p class=\"post-excerpt\">SHOWROOM N\u00ba4: GENDER VER\/HANDELN 4.\u20137. M\u00e4rz 2015, Toni-Areal,\u00a0Pfingstweidstrasse 96, Z\u00fcrich Wer sind die neuen Heldinnen der Videogames? Wie werden \u00a0postkoloniale&#8230;<\/p>\n","protected":false},"author":1425,"featured_media":0,"parent":0,"menu_order":0,"comment_status":"closed","ping_status":"closed","template":"","meta":{"footnotes":""},"class_list":["post-3334","page","type-page","status-publish","hentry"],"_links":{"self":[{"href":"https:\/\/blog.zhdk.ch\/genderverhandeln\/wp-json\/wp\/v2\/pages\/3334","targetHints":{"allow":["GET"]}}],"collection":[{"href":"https:\/\/blog.zhdk.ch\/genderverhandeln\/wp-json\/wp\/v2\/pages"}],"about":[{"href":"https:\/\/blog.zhdk.ch\/genderverhandeln\/wp-json\/wp\/v2\/types\/page"}],"author":[{"embeddable":true,"href":"https:\/\/blog.zhdk.ch\/genderverhandeln\/wp-json\/wp\/v2\/users\/1425"}],"replies":[{"embeddable":true,"href":"https:\/\/blog.zhdk.ch\/genderverhandeln\/wp-json\/wp\/v2\/comments?post=3334"}],"version-history":[{"count":28,"href":"https:\/\/blog.zhdk.ch\/genderverhandeln\/wp-json\/wp\/v2\/pages\/3334\/revisions"}],"predecessor-version":[{"id":3518,"href":"https:\/\/blog.zhdk.ch\/genderverhandeln\/wp-json\/wp\/v2\/pages\/3334\/revisions\/3518"}],"wp:attachment":[{"href":"https:\/\/blog.zhdk.ch\/genderverhandeln\/wp-json\/wp\/v2\/media?parent=3334"}],"curies":[{"name":"wp","href":"https:\/\/api.w.org\/{rel}","templated":true}]}}