{"id":337,"date":"2014-05-15T20:10:07","date_gmt":"2014-05-15T18:10:07","guid":{"rendered":"https:\/\/blog.zhdk.ch\/genderverhandeln\/?page_id=337"},"modified":"2016-01-27T12:48:29","modified_gmt":"2016-01-27T10:48:29","slug":"projekte","status":"publish","type":"page","link":"https:\/\/blog.zhdk.ch\/genderverhandeln\/projekte\/","title":{"rendered":"Projekte"},"content":{"rendered":"<p><strong>JOUR FIXE<\/strong><br \/>\nDer Jour Fixe bietete Mitwirkenden und G\u00e4sten der Initiative Gender ver\/handeln eine offene Diskussionsplattform. Er fand w\u00e4hrend des Semesters jeweils am ersten Mittwoch des Monats statt und stand allen Interessent_innen offen. Ab 2016 steht der Brown Bag Lunch f\u00fcr die Besprechung von inhaltlichen Anliegen zur Verf\u00fcgung.<\/p>\n<p>Gastinputs:<\/p>\n<p>2. April 2014<br \/>\nNeue Dringlichkeit, ZHdK-Angeh\u00f6rige und Absolvent_innen DDK:<br \/>\nGespr\u00e4ch \u00fcber das Theaterst\u00fcck \u00abNeue M\u00e4nnlichkeit\u00bb<\/p>\n<p>7. Mai 2014<br \/>\nSigrid Schade, Leitung Institute for Cultural Studies in the Arts, DKV:<br \/>\nGender-Perspektiven in den Kunst- und Kulturwissenschaften<\/p>\n<p>1. Oktober 2014<br \/>\nSimon Graf, Unterrichtsassistent Bachelor Medien und Kunst, Vertiefung Theorie, DKM:<br \/>\n\u00abLetzter Kick: ein bisschen Bi ist schick\u00bb (Fit for Fun). Thesen zu Fitness, M\u00e4nnlichkeit und Heteronormativit\u00e4t.<\/p>\n<p>3. Dezember 2014<br \/>\nNora Landkammer, Wissenschaftliche Mitarbeiterin Institute for Art Education, DKV:<br \/>\nKolonialit\u00e4t verlernen? Gedanken zu Dekolonisierung und P\u00e4dagogik in ethnologischen Museen<\/p>\n<p>1. April 2015<br \/>\nPhilippe Saner und Sophie V\u00f6gele, Wissenschaftliche Mitarbeiter_innen am Institute for Art Education, DKV:<br \/>\nResearching Inequalities in the Field of Higher Art Education<\/p>\n<p>6. Mai 2015<br \/>\nJacqueline Holzer, Dozentin und Leiterin Bachelor of Arts in Theater, DDK:<br \/>\nEngagement f\u00fcr bewegliche Positionierung und leidenschaftliche Unvoreingenommenheit<\/p>\n<p>4. November 2015<br \/>\nBarbara Liebster, Dozentin Bachelor Design, Vertiefung Style &amp; Design und Bachelor Theater, Vertiefung Szenografie, DDE\/DDK:<br \/>\nUnter dem Fokus von Gender:<br \/>\nJ\u00fcdische Kultur in Z\u00fcrich. Eine Ann\u00e4herung an Lebensweisen, Alltagskulturen und Designpraxis der j\u00fcdischen Community in Z\u00fcrich<\/p>\n<p>&nbsp;<\/p>\n<p><strong>BROWN BAG LUNCH<br \/>\n<\/strong>In den Brown Bag Lunch Veranstaltungen der Fachstelle Gender &amp; Diversity tauschen sich ZHdK-Angeh\u00f6rige, Expert_innen und Interessierte zu Diversity- Gender- und Gleichstellungsthemen aus.<br \/>\n<a href=\"https:\/\/www.zhdk.ch\/index.php?id=93722\" target=\"_blank\">\u00dcbersicht \u00fcber vergangene Brown Bag Lunches<\/a><\/p>\n<p>&nbsp;<\/p>\n<p><strong>WEBSEITE<br \/>\n<\/strong><span style=\"line-height: 1.5\">Die Webseite macht die Aktivit\u00e4ten der Initiative Gender ver\/handeln einsehbar und dient als weiterf\u00fchrende Diskussions- und Kommunikationsplattform.<\/span><\/p>\n<p>&nbsp;<\/p>\n<p><strong>GUIDED WALK<br \/>\n<\/strong><span style=\"line-height: 1.5\">Unter dem Fokus Gender, Queer und Postkolonialismus f\u00fchrt der Guided Walk durch die Diplomausstellung der ZHdK und zu ausgew\u00e4hlten Arbeiten von Studierenden unterschiedlicher Departemente. \u00a0<\/span><\/p>\n<p><span style=\"line-height: 1.5\">Informationen zum <\/span><a style=\"line-height: 1.5\" title=\"Guided Walk Gender ver\/handeln\" href=\"https:\/\/blog.zhdk.ch\/genderverhandeln\/2014\/06\/11\/guided-walk-gender-verhandeln\/\">Guided Walk 2014<br \/>\n<\/a>Informationen zum <a href=\"https:\/\/blog.zhdk.ch\/genderverhandeln\/2015\/07\/01\/rueckschau-guided-walk-2015\/\" target=\"_blank\">Guided Walk\u00a02015<\/a><\/p>\n<p>&nbsp;<\/p>\n<p><strong>S\u00c9ANCE<\/strong><br \/>\nDie S\u00e9ance schafft einen inhaltlichen Austausch \u00fcber themenverwandte Anliegen in ausgew\u00e4hlten Seminaren unterschiedlicher Departemente der ZHdK. Im Herbstsemester 2014\/15 lag der Fokus der S\u00e9ance bei \u2039Gender ver\/handeln\u203a. Themen waren\u00a0Rollenspiel \/ Rollenwechsel \/ Identit\u00e4t.<br \/>\nDer Kick-off fand mit einer <a href=\"http:\/\/www.zhdk.ch\/?zplus\/agenda\/detail&amp;vid=21827\" target=\"_blank\">Performance von Corinna Korth<\/a>\u00a0statt.<\/p>\n<p>&nbsp;<\/p>\n<p><strong>KOMPETENZANGEBOT Z-MODULE<\/strong><br \/>\nIm Rahmen der Z-Module wurde\u00a0im Studienjahr 2014\/15 ein Kompetenzangebot zu Fragen von Gender und Postkolonialismus eingerichtet, das von einer inter-departemental zusammengesetzten Gruppe von Dozierenden verantwortet wurde. Das Z-Modul \u2039Gender ver\/handeln I: Stimme\u203a wurde im FS 2015 durchgef\u00fchrt.<\/p>\n<p>&nbsp;<\/p>\n<p><strong>SHOWROOM Z+ UND\u00a0SESSION<\/strong><br \/>\nIm Showroom Z+ werden themenbezogene Arbeiten von Studierenden, Angeh\u00f6rigen des Mittelbaus sowie Dozierenden s\u00e4mtlicher Departemente der ZHdK gezeigt. Ziel des Showrooms Z+ ist es, k\u00fcnstlerische, k\u00fcnstlerisch-wissenschaftliche und gestalterische Projekte aus allen Disziplinen f\u00fcr alle Angeh\u00f6rigen der ZHdK sowie auch f\u00fcr die \u00d6ffentlichkeit zug\u00e4nglich zu machen und zur Diskussion zu stellen.<br \/>\nDer Showroom fand\u00a0vom 4. bis 7. M\u00e4rz 2015 zum Thema \u2039Gender ver\/handeln\u203a<span style=\"font-weight: bold\">\u00a0<\/span>statt. <a href=\"http:\/\/www.zhdk.ch\/showroom\">Weitere Informationen<\/a>.<\/p>\n","protected":false},"excerpt":{"rendered":"<p class=\"post-excerpt\">JOUR FIXE Der Jour Fixe bietete Mitwirkenden und G\u00e4sten der Initiative Gender ver\/handeln eine offene Diskussionsplattform. Er fand w\u00e4hrend des&#8230;<\/p>\n","protected":false},"author":1425,"featured_media":0,"parent":0,"menu_order":0,"comment_status":"closed","ping_status":"closed","template":"","meta":{"footnotes":""},"class_list":["post-337","page","type-page","status-publish","hentry"],"_links":{"self":[{"href":"https:\/\/blog.zhdk.ch\/genderverhandeln\/wp-json\/wp\/v2\/pages\/337","targetHints":{"allow":["GET"]}}],"collection":[{"href":"https:\/\/blog.zhdk.ch\/genderverhandeln\/wp-json\/wp\/v2\/pages"}],"about":[{"href":"https:\/\/blog.zhdk.ch\/genderverhandeln\/wp-json\/wp\/v2\/types\/page"}],"author":[{"embeddable":true,"href":"https:\/\/blog.zhdk.ch\/genderverhandeln\/wp-json\/wp\/v2\/users\/1425"}],"replies":[{"embeddable":true,"href":"https:\/\/blog.zhdk.ch\/genderverhandeln\/wp-json\/wp\/v2\/comments?post=337"}],"version-history":[{"count":43,"href":"https:\/\/blog.zhdk.ch\/genderverhandeln\/wp-json\/wp\/v2\/pages\/337\/revisions"}],"predecessor-version":[{"id":4257,"href":"https:\/\/blog.zhdk.ch\/genderverhandeln\/wp-json\/wp\/v2\/pages\/337\/revisions\/4257"}],"wp:attachment":[{"href":"https:\/\/blog.zhdk.ch\/genderverhandeln\/wp-json\/wp\/v2\/media?parent=337"}],"curies":[{"name":"wp","href":"https:\/\/api.w.org\/{rel}","templated":true}]}}