{"id":351,"date":"2014-05-15T20:25:57","date_gmt":"2014-05-15T18:25:57","guid":{"rendered":"https:\/\/blog.zhdk.ch\/genderverhandeln\/?page_id=351"},"modified":"2017-09-27T17:26:40","modified_gmt":"2017-09-27T15:26:40","slug":"lehre-zhdk","status":"publish","type":"page","link":"https:\/\/blog.zhdk.ch\/genderverhandeln\/lehre-zhdk\/","title":{"rendered":"Lehre"},"content":{"rendered":"<p>Hier werden departements\u00fcbergreifend Seminare aufgelistet, die sich in Inhalt und Praxis mit Gender, Queer, Postkolonialismus befassen.<\/p>\n<h4><strong>Herbstsemester 2017<\/strong><\/h4>\n<h4><a href=\"https:\/\/intern.zhdk.ch\/?vorlesungsverzeichnis&amp;semester_id=151055&amp;search=feminis&amp;course_id=179423\">GENDER\/QUEER ?! MANN-FRAU-STEREOTYPIEN IM DESIGN<\/a><\/h4>\n<table width=\"100%\">\n<tbody>\n<tr valign=\"top\">\n<th>Leitung<\/th>\n<td><a href=\"https:\/\/intern.zhdk.ch\/?person\/detail\/popup&amp;id=186667&amp;nm=1\" target=\"_blank\" rel=\"noopener\">Nina Bandi<\/a><\/td>\n<\/tr>\n<\/tbody>\n<\/table>\n<table width=\"100%\">\n<tbody>\n<tr valign=\"top\">\n<th>Veranstalter<\/th>\n<td>Departement Design<\/td>\n<\/tr>\n<\/tbody>\n<\/table>\n<table width=\"100%\">\n<tbody>\n<tr valign=\"top\">\n<th>Zeit<\/th>\n<td>Mo 4. September 2017 bis Fr 8. September 2017 \/ 8:30\u201317 Uhr<\/td>\n<\/tr>\n<\/tbody>\n<\/table>\n<table width=\"100%\">\n<tbody>\n<tr valign=\"top\">\n<th>Voraussetzungen<\/th>\n<td>F\u00fcr DDE-Bachelor-Studierende:<br \/>\nKeineF\u00fcr Studierende anderer Studieng\u00e4nge bzw. Vertiefungen der ZHdK erfolgt die Einschreibung im Rahmen der ge\u00f6ffneten Lehrveranstaltungen via ClickEnroll:<br \/>\n<a title=\"https:\/\/intern.zhdk.ch\/?clickenroll\" href=\"https:\/\/intern.zhdk.ch\/?clickenroll\" target=\"_blank\" rel=\"noopener\">https:\/\/intern.zhdk.ch\/?clickenroll<\/a><\/td>\n<\/tr>\n<\/tbody>\n<\/table>\n<p>&nbsp;<\/p>\n<h4><a href=\"https:\/\/intern.zhdk.ch\/?vorlesungsverzeichnis&amp;semester_id=151055&amp;search=feminis&amp;course_id=179168\"><span class=\"hmtfw_cc_course_name\">Theorie: Philosophie f\u00fcr das 21. Jahrhundert<\/span><\/a><\/h4>\n<table width=\"100%\">\n<tbody>\n<tr valign=\"top\">\n<th>Leitung<\/th>\n<td><a href=\"https:\/\/intern.zhdk.ch\/?person\/detail\/popup&amp;id=167869&amp;nm=1\" target=\"_blank\" rel=\"noopener\">Gerald Raunig<\/a>, Gast Roberto Nigro<\/td>\n<\/tr>\n<\/tbody>\n<\/table>\n<table width=\"100%\">\n<tbody>\n<tr valign=\"top\">\n<th>Veranstalter<\/th>\n<td>Departement Kunst &amp; Medien<\/td>\n<\/tr>\n<\/tbody>\n<\/table>\n<table width=\"100%\">\n<tbody>\n<tr valign=\"top\">\n<th>Termine<\/th>\n<td>Dienstag, 17:30-21:00<br \/>\n26.09. \/ 10.10. \/ 07.11., 14.11., 21.11. \/ 05.12., 12.12.2017 \/ 16.01.2018<\/td>\n<\/tr>\n<\/tbody>\n<\/table>\n<table width=\"100%\">\n<tbody>\n<tr valign=\"top\">\n<th>Zielgruppen<\/th>\n<td>Studierende Bachelor Kunst &amp; Medien<br \/>\nhochschulweit offen<\/td>\n<\/tr>\n<\/tbody>\n<\/table>\n<p>&nbsp;<\/p>\n<h4><a href=\"https:\/\/intern.zhdk.ch\/?vorlesungsverzeichnis&amp;semester_id=151055&amp;search=feminis&amp;course_id=179171\"><span class=\"hmtfw_cc_course_name\">Theorie: Kunst &amp; \u00d6kologie<\/span><\/a><\/h4>\n<table width=\"100%\">\n<tbody>\n<tr valign=\"top\">\n<th>Leitung<\/th>\n<td><a href=\"https:\/\/intern.zhdk.ch\/?person\/detail\/popup&amp;id=10748&amp;nm=1\" target=\"_blank\" rel=\"noopener\">Annemarie Bucher<\/a><\/td>\n<\/tr>\n<\/tbody>\n<\/table>\n<table width=\"100%\">\n<tbody>\n<tr valign=\"top\">\n<th>Veranstalter<\/th>\n<td>Departement Kunst &amp; Medien<\/td>\n<\/tr>\n<\/tbody>\n<\/table>\n<table width=\"100%\">\n<tbody>\n<tr valign=\"top\">\n<th>Termine<\/th>\n<td>Montag, 13:30-17:00<br \/>\n25.09. \/ 02.10., 16.10., 23.10. \/ 06.11., 13.11., 20.11.2017 \/ 08.01., 15.01.2018<\/td>\n<\/tr>\n<\/tbody>\n<\/table>\n<table width=\"100%\">\n<tbody>\n<tr valign=\"top\">\n<th>Zielgruppen<\/th>\n<td>Studierende BA Kunst &amp; Medien<\/td>\n<\/tr>\n<\/tbody>\n<\/table>\n<p>&nbsp;<\/p>\n<h4><a href=\"https:\/\/intern.zhdk.ch\/?vorlesungsverzeichnis&amp;semester_id=151055&amp;search=feminis&amp;course_id=179182\"><span class=\"hmtfw_cc_course_name\">Theorie: Feminismus<\/span><\/a><\/h4>\n<table width=\"100%\">\n<tbody>\n<tr valign=\"top\">\n<th>Leitung<\/th>\n<td><a href=\"https:\/\/intern.zhdk.ch\/?person\/detail\/popup&amp;id=118009&amp;nm=1\" target=\"_blank\" rel=\"noopener\">Elke Bippus<\/a><\/td>\n<\/tr>\n<\/tbody>\n<\/table>\n<table width=\"100%\">\n<tbody>\n<tr valign=\"top\">\n<th>Veranstalter<\/th>\n<td>Departement Kunst &amp; Medien<\/td>\n<\/tr>\n<\/tbody>\n<\/table>\n<table width=\"100%\">\n<tbody>\n<tr valign=\"top\">\n<th>Termine<\/th>\n<td>Montag oder Dienstag (17:30-21:00)<br \/>\n03., 23., 24.10. \/ 13., 14., 28.11.\/ 05.12.2017 \/ 09.01.2018<br \/>\nEin weiterer Termin folgt nach Absprache mit der Gruppe.<\/td>\n<\/tr>\n<\/tbody>\n<\/table>\n<table width=\"100%\">\n<tbody>\n<tr valign=\"top\">\n<th>Zielgruppen<\/th>\n<td>Studierende Bachelor Kunst &amp; Medien<\/td>\n<\/tr>\n<\/tbody>\n<\/table>\n<p>&nbsp;<\/p>\n<h4><a href=\"https:\/\/intern.zhdk.ch\/?vorlesungsverzeichnis&amp;semester_id=151055&amp;course_id=179181&amp;search=postkolon\"><span class=\"hmtfw_cc_course_name\">Theorie: Kultur und Repr\u00e4sentation<\/span><\/a><\/h4>\n<table width=\"100%\">\n<tbody>\n<tr valign=\"top\">\n<th>Leitung<\/th>\n<td><a href=\"https:\/\/intern.zhdk.ch\/?person\/detail\/popup&amp;id=187741&amp;nm=1\" target=\"_blank\" rel=\"noopener\">Simon Graf<\/a><\/td>\n<\/tr>\n<\/tbody>\n<\/table>\n<table width=\"100%\">\n<tbody>\n<tr valign=\"top\">\n<th>Veranstalter<\/th>\n<td>Departement Kunst &amp; Medien<\/td>\n<\/tr>\n<\/tbody>\n<\/table>\n<table width=\"100%\">\n<tbody>\n<tr valign=\"top\">\n<th>Termine<\/th>\n<td>BW 2: 30.10. &#8211; 03.11. (09:15-17:00<\/td>\n<\/tr>\n<\/tbody>\n<\/table>\n<table width=\"100%\">\n<tbody>\n<tr valign=\"top\">\n<th>Zielgruppen<\/th>\n<td>Hochschulweit ge\u00f6ffnete Lehrveranstaltung<\/td>\n<\/tr>\n<\/tbody>\n<\/table>\n<h4><\/h4>\n<h4><a href=\"https:\/\/intern.zhdk.ch\/?vorlesungsverzeichnis&amp;semester_id=151055&amp;course_id=183223&amp;cc_page_id=-1987\"><span class=\"hmtfw_cc_course_name\">Pool III: Queer<\/span><\/a><\/h4>\n<table width=\"100%\">\n<tbody>\n<tr valign=\"top\">\n<th>Leitung<\/th>\n<td><a href=\"https:\/\/intern.zhdk.ch\/?person\/detail\/popup&amp;id=164679&amp;nm=1\" target=\"_blank\" rel=\"noopener\">Pauline Boudry<\/a>, Donatella Bernardi<\/td>\n<\/tr>\n<\/tbody>\n<\/table>\n<table width=\"100%\">\n<tbody>\n<tr valign=\"top\">\n<th>Veranstalter<\/th>\n<td>Departement Kunst &amp; Medien<\/td>\n<\/tr>\n<\/tbody>\n<\/table>\n<table width=\"100%\">\n<tbody>\n<tr valign=\"top\">\n<th>Termine<\/th>\n<td>Mo 16. 10., Di 17. 10., Fr 17. 11., Mo 18. 12., 11 bis 18 Uhr<\/td>\n<\/tr>\n<\/tbody>\n<\/table>\n<table width=\"100%\">\n<tbody>\n<tr valign=\"top\">\n<th>Zielgruppen<\/th>\n<td>MFA<\/td>\n<\/tr>\n<\/tbody>\n<\/table>\n<h2><\/h2>\n<h4><a href=\"https:\/\/intern.zhdk.ch\/?vorlesungsverzeichnis&amp;semester_id=151055&amp;course_id=183318&amp;cc_page_id=-1987\"><span class=\"hmtfw_cc_course_name\">Pool IX: Juliana Huxtable: &#8222;Complex juncture&#8220;<\/span><\/a><\/h4>\n<table width=\"100%\">\n<tbody>\n<tr valign=\"top\">\n<th>Leitung<\/th>\n<td>Juliana Huxtable<\/td>\n<\/tr>\n<\/tbody>\n<\/table>\n<table width=\"100%\">\n<tbody>\n<tr valign=\"top\">\n<th>Veranstalter<\/th>\n<td>Departement Kunst &amp; Medien<\/td>\n<\/tr>\n<\/tbody>\n<\/table>\n<table width=\"100%\">\n<tbody>\n<tr valign=\"top\">\n<th>Termine<\/th>\n<td>Di 31. Okt &#8211; Do 3. Nov, jeweils 09.00 bis 16.00 h<\/td>\n<\/tr>\n<\/tbody>\n<\/table>\n<h4><\/h4>\n<h4><a href=\"https:\/\/intern.zhdk.ch\/?vorlesungsverzeichnis&amp;semester_id=151055&amp;search=feminis&amp;course_id=178605\"><span class=\"hmtfw_cc_course_name\">Pool II: Remix the Museum: Kunsthaus Z\u00fcrich<\/span><\/a><\/h4>\n<table width=\"100%\">\n<tbody>\n<tr valign=\"top\">\n<th>Leitung<\/th>\n<td><a href=\"https:\/\/intern.zhdk.ch\/?person\/detail\/popup&amp;id=179019&amp;nm=1\" target=\"_blank\" rel=\"noopener\">Hannah Horst<\/a><\/td>\n<\/tr>\n<\/tbody>\n<\/table>\n<table width=\"100%\">\n<tbody>\n<tr valign=\"top\">\n<th>Veranstalter<\/th>\n<td>Departement Kulturanalysen und Vermittlung<\/td>\n<\/tr>\n<\/tbody>\n<\/table>\n<table width=\"100%\">\n<tbody>\n<tr valign=\"top\">\n<th>Termine<\/th>\n<td>HS 17 2.Quartal, Dienstagnachmittag von 15 \u2013 17h<br \/>\n7.11., 14.11., 21.11., 28.11., 3.12.,10.12., 17.12.2017<\/td>\n<\/tr>\n<\/tbody>\n<\/table>\n<table width=\"100%\">\n<tbody>\n<tr valign=\"top\">\n<th>Zielgruppen<\/th>\n<td>Studierende MA Art Education<\/td>\n<\/tr>\n<\/tbody>\n<\/table>\n<p>&nbsp;<\/p>\n<h4><a href=\"https:\/\/intern.zhdk.ch\/?vorlesungsverzeichnis&amp;semester_id=151055&amp;course_id=178479&amp;search=migra\"><span class=\"hmtfw_cc_course_name\">Interkulturalit\u00e4t (Vorlesung)<\/span><\/a><\/h4>\n<table width=\"100%\">\n<tbody>\n<tr valign=\"top\">\n<th>Leitung<\/th>\n<td><a href=\"https:\/\/intern.zhdk.ch\/?person\/detail\/popup&amp;id=10821&amp;nm=1\" target=\"_blank\" rel=\"noopener\">Conradin Wolf<\/a><\/td>\n<\/tr>\n<\/tbody>\n<\/table>\n<table width=\"100%\">\n<tbody>\n<tr valign=\"top\">\n<th>Veranstalter<\/th>\n<td>Departement Kulturanalysen und Vermittlung<\/td>\n<\/tr>\n<\/tbody>\n<\/table>\n<table width=\"100%\">\n<tbody>\n<tr valign=\"top\">\n<th>Termine<\/th>\n<td>Kw 38-44<br \/>\nFr<br \/>\n22.09.-03.11.2017<br \/>\n10.30-12.00 h<\/td>\n<\/tr>\n<\/tbody>\n<\/table>\n<table width=\"100%\">\n<tbody>\n<tr valign=\"top\">\n<th>Voraussetzungen<\/th>\n<td>BAE Studierende: Keine<br \/>\nF\u00fcr Studierende anderer Studieng\u00e4nge bzw. Vertiefungen der ZHdK, im Rahmen der Ge\u00f6ffneten Lehrveranstaltungen: Einschreibung \u00fcber ClickEnroll<br \/>\n<a title=\"https:\/\/intern.zhdk.ch\/?ClickEnroll\" href=\"https:\/\/intern.zhdk.ch\/?ClickEnroll\" target=\"_blank\" rel=\"noopener\">https:\/\/intern.zhdk.ch\/?ClickEnroll<\/a><\/td>\n<\/tr>\n<\/tbody>\n<\/table>\n<p>&nbsp;<\/p>\n<h4><a href=\"https:\/\/intern.zhdk.ch\/?vorlesungsverzeichnis&amp;semester_id=151055&amp;course_id=178481&amp;search=migra\"><span class=\"hmtfw_cc_course_name\">Interkulturalit\u00e4t (Exkursion)<\/span><\/a><\/h4>\n<table width=\"100%\">\n<tbody>\n<tr valign=\"top\">\n<th>Leitung<\/th>\n<td><a href=\"https:\/\/intern.zhdk.ch\/?person\/detail\/popup&amp;id=10821&amp;nm=1\" target=\"_blank\" rel=\"noopener\">Conradin Wolf<\/a><\/td>\n<\/tr>\n<\/tbody>\n<\/table>\n<table width=\"100%\">\n<tbody>\n<tr valign=\"top\">\n<th>Veranstalter<\/th>\n<td>Departement Kulturanalysen und Vermittlung<\/td>\n<\/tr>\n<\/tbody>\n<\/table>\n<table width=\"100%\">\n<tbody>\n<tr valign=\"top\">\n<th>Termine<\/th>\n<td>Kw 5<br \/>\nMo-Do<br \/>\n29.01.-01.02.2018<br \/>\n08.30-16.30 h<\/td>\n<\/tr>\n<\/tbody>\n<\/table>\n<table width=\"100%\">\n<tbody>\n<tr valign=\"top\">\n<th>Zielgruppen<\/th>\n<td>Studierende BAE, 5. Semester<\/td>\n<\/tr>\n<\/tbody>\n<\/table>\n<p>&nbsp;<\/p>\n<h4><a href=\"https:\/\/intern.zhdk.ch\/?vorlesungsverzeichnis&amp;semester_id=151055&amp;course_id=178453&amp;search=post+kolon\"><span class=\"hmtfw_cc_course_name\">Studien zur visuellen Kultur: \u201eWas heisst hier postkolonial?\u201c \u2013 Ein Ann\u00e4herungsversuch<\/span><\/a><\/h4>\n<table width=\"100%\">\n<tbody>\n<tr valign=\"top\">\n<th>Leitung<\/th>\n<td><a href=\"https:\/\/intern.zhdk.ch\/?person\/detail\/popup&amp;id=110522&amp;nm=1\" target=\"_blank\" rel=\"noopener\">Sigrid Adorf<\/a>, Simon Harder, Susanne Hefti, No\u00ebmie St\u00e4hli und Julia Wolf<\/td>\n<\/tr>\n<\/tbody>\n<\/table>\n<table width=\"100%\">\n<tbody>\n<tr valign=\"top\">\n<th>Veranstalter<\/th>\n<td>Departement Kulturanalysen und Vermittlung<\/td>\n<\/tr>\n<\/tbody>\n<\/table>\n<table width=\"100%\">\n<tbody>\n<tr valign=\"top\">\n<th>Termine<\/th>\n<td>Herbstsemester 2017<\/p>\n<p>2. Quartal<\/p>\n<p>Donnerstagnachmittag<\/p>\n<p>09.11 bis 21.12.2017<\/td>\n<\/tr>\n<\/tbody>\n<\/table>\n<table width=\"100%\">\n<tbody>\n<tr valign=\"top\">\n<th>Voraussetzungen<\/th>\n<td>MAE-Studierende: Module aus dem ersten und zweiten Semester MAE Art Education, Grundlagenlekt\u00fcre<br \/>\nF\u00fcr Studierende anderer Studieng\u00e4nge bzw. Vertiefungen der ZHdK, im Rahmen der Ge\u00f6ffneten Lehrveranstaltungen:<br \/>\nEinschreibung \u00fcber ClickEnroll<br \/>\n<a title=\"https:\/\/intern.zhdk.ch\/?ClickEnroll\" href=\"https:\/\/intern.zhdk.ch\/?ClickEnroll\" target=\"_blank\" rel=\"noopener\">https:\/\/intern.zhdk.ch\/?ClickEnroll<\/a><\/td>\n<\/tr>\n<\/tbody>\n<\/table>\n<p>&nbsp;<\/p>\n<h4><a href=\"https:\/\/intern.zhdk.ch\/?vorlesungsverzeichnis&amp;semester_id=151055&amp;course_id=178170&amp;search=gender\"><span class=\"hmtfw_cc_course_name\">Ausstellungen analysieren<\/span><\/a><\/h4>\n<table width=\"100%\">\n<tbody>\n<tr valign=\"top\">\n<th>Leitung<\/th>\n<td><a href=\"https:\/\/intern.zhdk.ch\/?person\/detail\/popup&amp;id=163488&amp;nm=1\" target=\"_blank\" rel=\"noopener\">Roswitha Muttenthaler<\/a><\/td>\n<\/tr>\n<\/tbody>\n<\/table>\n<table width=\"100%\">\n<tbody>\n<tr valign=\"top\">\n<th>Veranstalter<\/th>\n<td>Departement Kulturanalysen und Vermittlung<\/td>\n<\/tr>\n<\/tbody>\n<\/table>\n<table width=\"100%\">\n<tbody>\n<tr valign=\"top\">\n<th>Termine<\/th>\n<td>Herbstsemester 2017<br \/>\nMi\/Do 13.00 bis 16.30hMi\/Do 27.\/28.9.<br \/>\nDo 5.10.<br \/>\nMi\/Do 11.\/12.10.<br \/>\nMi\/Do 25.\/26.10.<\/td>\n<\/tr>\n<\/tbody>\n<\/table>\n<table width=\"100%\">\n<tbody>\n<tr valign=\"top\">\n<th>Zielgruppen<\/th>\n<td>Studierende Master Art Education Curatorial Studies<br \/>\nPflichtveranstaltung<\/td>\n<\/tr>\n<\/tbody>\n<\/table>\n<p>&nbsp;<\/p>\n<h4><a href=\"https:\/\/intern.zhdk.ch\/?vorlesungsverzeichnis&amp;semester_id=151055&amp;course_id=178082&amp;search=queer\"><span class=\"hmtfw_cc_course_name\">The Art of Failure &#8211; PROBIEREN_(SC)<\/span><\/a><\/h4>\n<table width=\"100%\">\n<tbody>\n<tr valign=\"top\">\n<th>Leitung<\/th>\n<td><a href=\"https:\/\/intern.zhdk.ch\/?person\/detail\/popup&amp;id=167807&amp;nm=1\" target=\"_blank\" rel=\"noopener\">Marc Streit<\/a>\u00a0(MaSt),\u00a0<a href=\"https:\/\/intern.zhdk.ch\/?person\/detail\/popup&amp;id=220128&amp;nm=1\" target=\"_blank\" rel=\"noopener\">Simone Aughterlony<\/a>\u00a0(SA),\u00a0<a href=\"https:\/\/intern.zhdk.ch\/?person\/detail\/popup&amp;id=171481&amp;nm=1\" target=\"_blank\" rel=\"noopener\">Teresa Vittucci<\/a>\u00a0(TV)<\/td>\n<\/tr>\n<\/tbody>\n<\/table>\n<table width=\"100%\">\n<tbody>\n<tr valign=\"top\">\n<th>Veranstalter<\/th>\n<td>Departement Darstellende K\u00fcnste und Film<\/td>\n<\/tr>\n<\/tbody>\n<\/table>\n<table width=\"100%\">\n<tbody>\n<tr valign=\"top\">\n<th>Dauer<\/th>\n<td>Anzahl Wochen: 6 (HS: Wo:38-43) \/ Modus: 4x3h\/Wo + 1x3h\/Wo Selbststudium_Mo\/Di\/Mi\/Fr, jeweils 16.30-19.30h<br \/>\nSelbststudiumszeit pro Semester: ca. 18h<\/td>\n<\/tr>\n<\/tbody>\n<\/table>\n<table width=\"100%\">\n<tbody>\n<tr valign=\"top\">\n<th>Bemerkung<\/th>\n<td>N\u00e4heres zu den Modulleitenden: Marc Streit \/<a title=\"http:\/\/www.zurichmoves.com\" href=\"http:\/\/www.zurichmoves.com\/\" target=\"_blank\" rel=\"noopener\">www.zurichmoves.com<\/a>\u00a0\/\/\u00a0<a title=\"http:\/\/www.tanzhaus-zuerich.ch\" href=\"http:\/\/www.tanzhaus-zuerich.ch\/\" target=\"_blank\" rel=\"noopener\">www.tanzhaus-zuerich.ch<\/a>), Simone Aughterlony (<a title=\"http:\/\/www.aughterlony.com\" href=\"http:\/\/www.aughterlony.com\/\" target=\"_blank\" rel=\"noopener\">www.aughterlony.com<\/a>), Teresa Vittucci (<a title=\"http:\/\/www.tanzhaus-zuerich.ch\/projekte\/all-eyes-on\" href=\"http:\/\/www.tanzhaus-zuerich.ch\/projekte\/all-eyes-on\" target=\"_blank\" rel=\"noopener\">www.tanzhaus-zuerich.ch\/projekte\/all-eyes-on<\/a>)<\/td>\n<\/tr>\n<\/tbody>\n<\/table>\n<p>&nbsp;<\/p>\n<h4><strong>\u00dcbergreifende Lehrveranstaltungen, Z-Akademie<\/strong><\/h4>\n<h4><a href=\"https:\/\/intern.zhdk.ch\/?vorlesungsverzeichnis&amp;semester_id=151055&amp;cc_page_id=-1413&amp;course_id=179101\"><span class=\"hmtfw_cc_course_name\">\u00c4sthetische Kulturen \u2013\u00a0Forschung in den K\u00fcnsten und dem Design: \u201ePhilosophie und Theorien der Bildlichkeit\u201c\u00a0<\/span><\/a><\/h4>\n<table style=\"height: 67px\" width=\"1525\">\n<tbody>\n<tr valign=\"top\">\n<th>Leitung<\/th>\n<td><a href=\"https:\/\/intern.zhdk.ch\/?person\/detail\/popup&amp;id=201977&amp;nm=1\" target=\"_blank\" rel=\"noopener\">Ines Kleesattel<\/a>\u00a0und\u00a0<a href=\"https:\/\/intern.zhdk.ch\/?person\/detail\/popup&amp;id=181500&amp;nm=1\" target=\"_blank\" rel=\"noopener\">Dieter Mersch<\/a><br \/>\n(Wissenschaftliche Mitarbeit: Brandon Farnsworth)<\/td>\n<\/tr>\n<\/tbody>\n<\/table>\n<table width=\"100%\">\n<tbody>\n<tr valign=\"top\">\n<th>Termine<\/th>\n<td>14-t\u00e4glich, dienstags 17.30 bis 20.30 Uhr: 3.10. \/ 17.10. \/ 31.10. \/ 14.11. \/ 28.11. \/ 12.12.2017<\/td>\n<\/tr>\n<\/tbody>\n<\/table>\n<p>&nbsp;<\/p>\n<h4><a href=\"https:\/\/intern.zhdk.ch\/?vorlesungsverzeichnis&amp;semester_id=151055&amp;cc_page_id=-1414&amp;course_id=177005\"><span class=\"hmtfw_cc_course_name\">Globale Migration und Flucht: Von der Integration zur Interkultur<\/span><\/a><\/h4>\n<table width=\"100%\">\n<tbody>\n<tr valign=\"top\">\n<th>Leitung<\/th>\n<td><a href=\"https:\/\/intern.zhdk.ch\/?person\/detail\/popup&amp;id=10821&amp;nm=1\" target=\"_blank\" rel=\"noopener\">Conradin Wolf<\/a>, Prof.\/ Lic.phil und CFC in Rechtswissenschaft, Dozent DKV, DDE<\/td>\n<\/tr>\n<\/tbody>\n<\/table>\n<table width=\"100%\">\n<tbody>\n<tr valign=\"top\">\n<th>Zeit<\/th>\n<td>Mo 11. September 2017 bis Fr 15. September 2017 \/ 9:15\u201316:45 Uhr<\/td>\n<\/tr>\n<\/tbody>\n<\/table>\n<p>&nbsp;<\/p>\n<h4><a href=\"https:\/\/intern.zhdk.ch\/?vorlesungsverzeichnis&amp;semester_id=151055&amp;course_id=177658&amp;search=queer\"><span class=\"hmtfw_cc_course_name\">Careless Devotion<\/span><\/a><\/h4>\n<table width=\"100%\">\n<tbody>\n<tr valign=\"top\">\n<th>Leitung<\/th>\n<td>Prof. MA\u00a0<a href=\"https:\/\/intern.zhdk.ch\/?person\/detail\/popup&amp;id=150841&amp;nm=1\" target=\"_blank\" rel=\"noopener\">Esther Maria H\u00e4usler<\/a>, Dozentin Bewegung im DDK, BA Theater<br \/>\nDr.\u00a0<a href=\"https:\/\/intern.zhdk.ch\/?person\/detail\/popup&amp;id=111222&amp;nm=1\" target=\"_blank\" rel=\"noopener\">Marcel Bleuler<\/a>, Studiengangsleiter f\u00fcr CAS, DKV<br \/>\nMA\u00a0<a href=\"https:\/\/intern.zhdk.ch\/?person\/detail\/popup&amp;id=7715&amp;nm=1\" target=\"_blank\" rel=\"noopener\">Benjamin Egger<\/a>, ehemaliger Projektleiter am IFCAR, DKM<br \/>\nProf. Thomas M\u00fcller, DMU<\/td>\n<\/tr>\n<\/tbody>\n<\/table>\n<table width=\"100%\">\n<tbody>\n<tr valign=\"top\">\n<th>Termine<\/th>\n<td>HS 17 in KW 37 vom 11. &#8211; 15.09.2017<br \/>\nFS 18 in KW 07 vom 12. \u2013 16.02.2018<br \/>\nM\u00f6glichkeit f\u00fcr \u00f6ffentliche Pr\u00e4sentation im Rahmen einer geplanten &#8218;Careless Devotion&#8216;-Veranstaltung (April 18)<\/td>\n<\/tr>\n<\/tbody>\n<\/table>\n<p>&nbsp;<\/p>\n","protected":false},"excerpt":{"rendered":"<p class=\"post-excerpt\">Hier werden departements\u00fcbergreifend Seminare aufgelistet, die sich in Inhalt und Praxis mit Gender, Queer, Postkolonialismus befassen. Herbstsemester 2017 GENDER\/QUEER ?!&#8230;<\/p>\n","protected":false},"author":1425,"featured_media":0,"parent":0,"menu_order":0,"comment_status":"closed","ping_status":"closed","template":"","meta":{"footnotes":""},"class_list":["post-351","page","type-page","status-publish","hentry"],"_links":{"self":[{"href":"https:\/\/blog.zhdk.ch\/genderverhandeln\/wp-json\/wp\/v2\/pages\/351","targetHints":{"allow":["GET"]}}],"collection":[{"href":"https:\/\/blog.zhdk.ch\/genderverhandeln\/wp-json\/wp\/v2\/pages"}],"about":[{"href":"https:\/\/blog.zhdk.ch\/genderverhandeln\/wp-json\/wp\/v2\/types\/page"}],"author":[{"embeddable":true,"href":"https:\/\/blog.zhdk.ch\/genderverhandeln\/wp-json\/wp\/v2\/users\/1425"}],"replies":[{"embeddable":true,"href":"https:\/\/blog.zhdk.ch\/genderverhandeln\/wp-json\/wp\/v2\/comments?post=351"}],"version-history":[{"count":100,"href":"https:\/\/blog.zhdk.ch\/genderverhandeln\/wp-json\/wp\/v2\/pages\/351\/revisions"}],"predecessor-version":[{"id":5233,"href":"https:\/\/blog.zhdk.ch\/genderverhandeln\/wp-json\/wp\/v2\/pages\/351\/revisions\/5233"}],"wp:attachment":[{"href":"https:\/\/blog.zhdk.ch\/genderverhandeln\/wp-json\/wp\/v2\/media?parent=351"}],"curies":[{"name":"wp","href":"https:\/\/api.w.org\/{rel}","templated":true}]}}