{"id":483,"date":"2014-05-21T19:45:24","date_gmt":"2014-05-21T17:45:24","guid":{"rendered":"https:\/\/blog.zhdk.ch\/genderverhandeln\/?page_id=483"},"modified":"2017-09-26T16:55:13","modified_gmt":"2017-09-26T14:55:13","slug":"weiterbildung-zhdk","status":"publish","type":"page","link":"https:\/\/blog.zhdk.ch\/genderverhandeln\/weiterbildung-zhdk\/","title":{"rendered":"Weiterbildung"},"content":{"rendered":"<p>Hier werden Weiterbildungsangebote im Bereich Gender, Queer, Postkolonialismus an der ZHdK aufgelistet. Die Liste wird in Zusammenarbeit mit der\u00a0<a href=\"https:\/\/www.zhdk.ch\/gleichstellung\" target=\"_blank\" rel=\"noopener\">Fachstelle Gleichstellung &amp; Diversity<\/a>\u00a0erstellt.<\/p>\n<p>&nbsp;<\/p>\n<p>HS 2016<\/p>\n<p>&nbsp;<\/p>\n<p><strong>INTERKULTURELLE KOMPETENZEN<\/strong><br \/>\nUnterschiede erkennen, respektieren und fruchtbar machen<\/p>\n<p>Montag, 6. M\u00e4rz 2017, 08.30 bis 16.30 Uhr<br \/>\nUniversit\u00e4t Z\u00fcrich, Zentrum f\u00fcr Weiterbildung<\/p>\n<p>Dozent:\u00a0Samuel van den Bergh<br \/>\nProfessor f\u00fcr interkulturelle Kompetenzentwicklung und Diversitymanagement an der ZHAW, Ausbildungs- und Beratungsfirma mit Auftr\u00e4gen u.a. f\u00fcr die Bundesverwaltung<\/p>\n<p>Anmeldeschluss: 9. Februar 2017<\/p>\n<p>&nbsp;<\/p>\n","protected":false},"excerpt":{"rendered":"<p class=\"post-excerpt\">Hier werden Weiterbildungsangebote im Bereich Gender, Queer, Postkolonialismus an der ZHdK aufgelistet. Die Liste wird in Zusammenarbeit mit der\u00a0Fachstelle Gleichstellung&#8230;<\/p>\n","protected":false},"author":1425,"featured_media":0,"parent":0,"menu_order":0,"comment_status":"closed","ping_status":"closed","template":"","meta":{"footnotes":""},"class_list":["post-483","page","type-page","status-publish","hentry"],"_links":{"self":[{"href":"https:\/\/blog.zhdk.ch\/genderverhandeln\/wp-json\/wp\/v2\/pages\/483","targetHints":{"allow":["GET"]}}],"collection":[{"href":"https:\/\/blog.zhdk.ch\/genderverhandeln\/wp-json\/wp\/v2\/pages"}],"about":[{"href":"https:\/\/blog.zhdk.ch\/genderverhandeln\/wp-json\/wp\/v2\/types\/page"}],"author":[{"embeddable":true,"href":"https:\/\/blog.zhdk.ch\/genderverhandeln\/wp-json\/wp\/v2\/users\/1425"}],"replies":[{"embeddable":true,"href":"https:\/\/blog.zhdk.ch\/genderverhandeln\/wp-json\/wp\/v2\/comments?post=483"}],"version-history":[{"count":27,"href":"https:\/\/blog.zhdk.ch\/genderverhandeln\/wp-json\/wp\/v2\/pages\/483\/revisions"}],"predecessor-version":[{"id":5201,"href":"https:\/\/blog.zhdk.ch\/genderverhandeln\/wp-json\/wp\/v2\/pages\/483\/revisions\/5201"}],"wp:attachment":[{"href":"https:\/\/blog.zhdk.ch\/genderverhandeln\/wp-json\/wp\/v2\/media?parent=483"}],"curies":[{"name":"wp","href":"https:\/\/api.w.org\/{rel}","templated":true}]}}