{"id":7,"date":"2014-09-18T21:18:52","date_gmt":"2014-09-18T19:18:52","guid":{"rendered":"https:\/\/blog.zhdk.ch\/hrmddk\/?page_id=7"},"modified":"2014-09-18T21:18:52","modified_gmt":"2014-09-18T19:18:52","slug":"ueber-uns","status":"publish","type":"page","link":"https:\/\/blog.zhdk.ch\/hrmddk\/ueber-uns\/","title":{"rendered":"\u00dcber uns"},"content":{"rendered":"<p>Human Resources Management f\u00fcr das Departement Darstellende K\u00fcnste und Film:<\/p>\n<p>Personaladministration: Cornelia Gschwend<\/p>\n<p>Personalberatung: Monika M\u00e4der<\/p>\n","protected":false},"excerpt":{"rendered":"<p>Human Resources Management f\u00fcr das Departement Darstellende K\u00fcnste und Film: Personaladministration: Cornelia Gschwend Personalberatung: Monika M\u00e4der<\/p>\n","protected":false},"author":2617,"featured_media":0,"parent":0,"menu_order":0,"comment_status":"open","ping_status":"open","template":"","meta":{"footnotes":""},"class_list":["post-7","page","type-page","status-publish","hentry"],"_links":{"self":[{"href":"https:\/\/blog.zhdk.ch\/hrmddk\/wp-json\/wp\/v2\/pages\/7","targetHints":{"allow":["GET"]}}],"collection":[{"href":"https:\/\/blog.zhdk.ch\/hrmddk\/wp-json\/wp\/v2\/pages"}],"about":[{"href":"https:\/\/blog.zhdk.ch\/hrmddk\/wp-json\/wp\/v2\/types\/page"}],"author":[{"embeddable":true,"href":"https:\/\/blog.zhdk.ch\/hrmddk\/wp-json\/wp\/v2\/users\/2617"}],"replies":[{"embeddable":true,"href":"https:\/\/blog.zhdk.ch\/hrmddk\/wp-json\/wp\/v2\/comments?post=7"}],"version-history":[{"count":2,"href":"https:\/\/blog.zhdk.ch\/hrmddk\/wp-json\/wp\/v2\/pages\/7\/revisions"}],"predecessor-version":[{"id":11,"href":"https:\/\/blog.zhdk.ch\/hrmddk\/wp-json\/wp\/v2\/pages\/7\/revisions\/11"}],"wp:attachment":[{"href":"https:\/\/blog.zhdk.ch\/hrmddk\/wp-json\/wp\/v2\/media?parent=7"}],"curies":[{"name":"wp","href":"https:\/\/api.w.org\/{rel}","templated":true}]}}