{"id":171,"date":"2014-03-25T13:46:13","date_gmt":"2014-03-25T11:46:13","guid":{"rendered":"https:\/\/blog.zhdk.ch\/incubator\/?page_id=171"},"modified":"2014-04-22T13:24:59","modified_gmt":"2014-04-22T11:24:59","slug":"about","status":"publish","type":"page","link":"https:\/\/blog.zhdk.ch\/incubator\/about\/","title":{"rendered":"About"},"content":{"rendered":"<p>Wie kann ich als K\u00fcnstler, Designerin, Musiker, Filmschaffende oder Vermittlerin und\/oder Unternehmerin kreativ auf dem Markt auftreten? Kulturunternehmertum oder Cultural Entrepreneurship steht f\u00fcr die F\u00e4higkeit, auf den Teilm\u00e4rkten der Kultur- und Kreativwirtschaft innovative Produkte und Dienstleistungen bis zur Marktreife zu entwickeln. Entrepreneurship ist eine Kombination von Tools und Skills mit einer neuen kreativen erwerbswirtschaftlichen Haltung. So entstehen an Kunsthochschulen neuartige Gesch\u00e4fts-, Arbeits- und Lebensmodelle.<br \/>\nDer vorliegende Blog zeigt, wie dieser Herausforderung im Inkubator Rechnung getragen wird.<\/p>\n<p>Weiter Informationen finden sich unter <a href=\"http:\/\/zhdk.ch\/entrepreneurship\" target=\"_blank\">Inkubator f\u00fcr Cultural Entrepreneurship<\/a><\/p>\n<p>Fragen, Anmerkungen und Kritik an <a href=\"mailto:entrepreneurship.info@zhdk.ch\">entrepreneurship.info@zhdk.ch<\/a> oder unten eintragen&#8230;<\/p>\n","protected":false},"excerpt":{"rendered":"<p>Wie kann ich als K\u00fcnstler, Designerin, Musiker, Filmschaffende oder Vermittlerin und\/oder Unternehmerin kreativ auf dem Markt auftreten? Kulturunternehmertum oder Cultural Entrepreneurship steht f\u00fcr die F\u00e4higkeit, auf den Teilm\u00e4rkten der Kultur- und Kreativwirtschaft innovative Produkte und Dienstleistungen bis zur Marktreife zu [&hellip;]<\/p>\n","protected":false},"author":2113,"featured_media":391,"parent":0,"menu_order":0,"comment_status":"open","ping_status":"open","template":"","meta":{"footnotes":""},"class_list":["post-171","page","type-page","status-publish","has-post-thumbnail","hentry","dwtl normal"],"_links":{"self":[{"href":"https:\/\/blog.zhdk.ch\/incubator\/wp-json\/wp\/v2\/pages\/171","targetHints":{"allow":["GET"]}}],"collection":[{"href":"https:\/\/blog.zhdk.ch\/incubator\/wp-json\/wp\/v2\/pages"}],"about":[{"href":"https:\/\/blog.zhdk.ch\/incubator\/wp-json\/wp\/v2\/types\/page"}],"author":[{"embeddable":true,"href":"https:\/\/blog.zhdk.ch\/incubator\/wp-json\/wp\/v2\/users\/2113"}],"replies":[{"embeddable":true,"href":"https:\/\/blog.zhdk.ch\/incubator\/wp-json\/wp\/v2\/comments?post=171"}],"version-history":[{"count":6,"href":"https:\/\/blog.zhdk.ch\/incubator\/wp-json\/wp\/v2\/pages\/171\/revisions"}],"predecessor-version":[{"id":185,"href":"https:\/\/blog.zhdk.ch\/incubator\/wp-json\/wp\/v2\/pages\/171\/revisions\/185"}],"wp:featuredmedia":[{"embeddable":true,"href":"https:\/\/blog.zhdk.ch\/incubator\/wp-json\/wp\/v2\/media\/391"}],"wp:attachment":[{"href":"https:\/\/blog.zhdk.ch\/incubator\/wp-json\/wp\/v2\/media?parent=171"}],"curies":[{"name":"wp","href":"https:\/\/api.w.org\/{rel}","templated":true}]}}