{"id":166,"date":"2015-05-27T10:25:43","date_gmt":"2015-05-27T08:25:43","guid":{"rendered":"https:\/\/blog.zhdk.ch\/kidb\/?page_id=166"},"modified":"2017-08-28T11:14:48","modified_gmt":"2017-08-28T09:14:48","slug":"studiengaenge-vermittlung","status":"publish","type":"page","link":"https:\/\/blog.zhdk.ch\/kidb\/studiengaenge-vermittlung\/","title":{"rendered":"Vermittlung an der ZHdK"},"content":{"rendered":"<h4>Departement Kulturanalysen und Vermittlung<\/h4>\n<p><strong>Bachelor of Arts in Art Education<\/strong>. Im Bachelor Art Education werden Fachleute f\u00fcr Unterricht, Kurswesen und weitere Lehr- und Vermittlungst\u00e4tigkeiten in den Bereichen Kunst, Gestaltung und Kultur ausgebildet. Die <a href=\"https:\/\/www.zhdk.ch\/ba-art-education-bildnerisches-gestalten-an-maturitaetsschulen-61\">Vertiefung <em>Bildnerisches Gestalten an Maturit\u00e4tsschulen<\/em><\/a>, bereitet als erster Teil einer zweistufigen Ausbildung auf die Arbeit mit Sch\u00fclerinnen und Sch\u00fclern im Gymnasium vor, die <a href=\"https:\/\/www.zhdk.ch\/ba-art-education-aesthetische-bildung-und-soziokultur-123\">Vertiefung <em>\u00c4sthetische Bildung und Soziokultur <\/em><\/a>ist auf ein breites Spektrum gestalterischer und k\u00fcnstlerischer Vermittlungst\u00e4tigkeit mit Kindern, Jugendlichen und Erwachsenen in einer vielf\u00e4ltigen kulturellen Bildungslandschaft ausgerichtet.<\/p>\n<p><strong>Master of Arts in Art Education.<\/strong> Der Master Art Education bildet in drei Vertiefungen k\u00fcnftige Ausstellungsmacherinnen, Kulturvermittler, Lehrpersonen und Kulturpublizistinnen aus.\u00a0 Ausgangspunkt der <a href=\"https:\/\/www.zhdk.ch\/ma-art-education-curatorial-studies-149\">Vertiefung <em>Curatorial Studies<\/em><\/a> sind das Museum und die Ausstellung als Ort von Bildungsprozessen mit ihrem Auftrag des Forschens, Sammelns, Ausstellens und Vermittelns und die Auseinandersetzung mit zeitgen\u00f6ssischen Diskursen und Praxen in diesem Feld. Das Studium in der <a href=\"https:\/\/www.zhdk.ch\/ma-art-education-kunstpaedagogik-187\">Vertiefung <em>Kunstp\u00e4dagogik<\/em><\/a> f\u00fchrt einerseits zu einer zeitgem\u00e4ssen, fundierten Lehrt\u00e4tigkeit in Bildnerischem Gestalten an Maturit\u00e4tsschulen, aber auch zur Vermittlungst\u00e4tigkeit in kulturellen Institutionen. Die Studierenden der <a href=\"https:\/\/www.zhdk.ch\/ma-art-education-kulturpublizistik-175\">Vertiefung <em>Kulturpublizistik<\/em><\/a> werden dazu bef\u00e4higt,\u00a0kulturjournalistische und publizistische T\u00e4tigkeiten in den Medien oder Aufgaben in der \u00d6ffentlichkeitsarbeit f\u00fcr kulturelle Organisationen erfolgreich auszuf\u00fchren.<\/p>\n<p><a href=\"https:\/\/www.zhdk.ch\/iae\"><strong>Institute for Art Education<\/strong><\/a>. Die Forschung des Instituts \u00e4sthetische Bildung und Vermittlung entwickelt sich an der Schnittstelle von aktuellen Kulturtheorien, k\u00fcnstlerischen Verfahren und fachdidaktischer Theoriebildung. Sie befragt das Verh\u00e4ltnis von Kunst und Bildung sowie die Relevanz k\u00fcnstlerischer Produktion.<\/p>\n<h4>Departement Musik<\/h4>\n<p><strong>Bachelor of Arts in Musik<\/strong>. Die dreij\u00e4hrige Bachelor-Ausbildung in der <a href=\"https:\/\/www.zhdk.ch\/ba-schulmusik-1148\"><em>Vertiefung Schulmusik<\/em><\/a> vermittelt k\u00fcnstlerische und p\u00e4dagogische Grundlagenkompetenzen, die nach weiteren Studien zu einer Lehrbef\u00e4higung an Schulen der Sekundarstufe f\u00fchren.<\/p>\n<p><a href=\"https:\/\/www.zhdk.ch\/ba-musik-und-bewegung-1137\"><strong>Bachelor of Arts in Musik und Bewegung<\/strong><\/a>. Der berufsqualifizierende Bachelor-Studiengang bef\u00e4higt die Absolvierenden, Kindern von drei bis zw\u00f6lf Jahren Fachunterricht in Musik und Bewegung zu erteilen. Sie sind in der Lage, musikszenische Projekte mit altersgemischten Gruppen durchzuf\u00fchren, Projektwochen zu leiten und im schulischen Freizeitbereich Angebote zu etablieren.<\/p>\n<p><strong>Master of Arts in Music Pedagogy<\/strong>. Der Masterstudium stellt die Entwicklung einer doppelten Identit\u00e4t als Musiker und P\u00e4dagoge bzw. als Musikerin und P\u00e4dagogin ins Zentrum. Der Studiengang wird in unterschiedlichen Vertiefungen angeboten, die ihrerseits in Schwerpunkte oder Profile gegliedert sind. Im Zentrum des <a href=\"https:\/\/www.zhdk.ch\/ma-schulmusik-i-1280\"><em>Schwerpunkts Schulmusik I<\/em> <\/a>steht die Vertiefung und Differenzierung der k\u00fcnstlerischen Pers\u00f6nlichkeit, das Ausbilden eines breiten praxisbezogenen musikalischen Fertigkeitsrepertoires und die Aneignung von Grundlagen, um den Unterricht als Fachlehrkr\u00e4fte auf Sekundarstufe I theoretisch fundiert und fachdidaktisch kompetent vorzubereiten und durchzuf\u00fchren. Der<a href=\"https:\/\/www.zhdk.ch\/ma-schulmusik-ii-2435\"> <em>Schwerpunkt Schulmusik II<\/em><\/a> beinhaltet die fachwissenschaftlichen und k\u00fcnstlerischen sowie die beruflichen Ausbildungsbereiche, die erforderlich sind, um die eigene k\u00fcnstlerische Pers\u00f6nlichkeit weiter entwickeln zu k\u00f6nnen und im Berufsfeld der Sekundarstufe II kompetent und kreativ zu wirken. In der <em>Vertiefung Instrumentale\/vokale Musikp\u00e4dagogik<\/em> (<a href=\"https:\/\/www.zhdk.ch\/ma-musikpaedagogik-klassik-1269\">Klassik<\/a> oder <a href=\"https:\/\/www.zhdk.ch\/ma-musikpaedagogik-jazz-und-pop-1401\">Jazz\/Pop<\/a>) steht die die professionelle Vermittlung von Musik im instrumentalen oder vokalen Einzel- und Gruppenunterricht einschliesslich weiterer Unterrichtsgef\u00e4sse wie Ensembles oder Veranstaltungen im Zentrum. Auf die Arbeit mit Zielgruppen in einem erweiterten Berufsfeld wie Eltern und Kinder, Lebensraum Schule, Erwachsenenbildung, Konzertp\u00e4dagogik oder heilp\u00e4dagogisches Musizieren bereitet die <em>Vertiefung Musik und Bewegung<\/em> (<a href=\"https:\/\/www.zhdk.ch\/ma-rhythmik-1949\">Rhythmik <\/a>oder <a href=\"https:\/\/www.zhdk.ch\/ma-elementare-musikpaedagogik-1291\">Elementare Musikerziehung<\/a>). In der <a href=\"https:\/\/www.zhdk.ch\/ma-analyse-und-vermittlung-1302\"><em>Vertiefung Analyse und Vermittlung<\/em><\/a> steht die Herstellung von theoretischen Zug\u00e4ngen zur klassischen und besonders auch zur Neueren Musik im Zentrum.<\/p>\n<p><a href=\"https:\/\/www.zhdk.ch\/musikpaedagogik\"><strong>CAS \/ DAS \/ MAS Musikp\u00e4dagogik<\/strong><\/a>. Die Weiterbildungsstudienangebote im Bereich Erweiterte Musikp\u00e4dagogik erm\u00f6glichen Musikp\u00e4dagoginnen und -p\u00e4dagogen, ihre musikp\u00e4dagogischen Qualifikationen zu vertiefen oder in neue Gebiete zu erweitern. Die Angebote werden laufend den Bed\u00fcrfnissen von Musikschulen und Musiklehrpersonen angepasst und decken eine grosse Bandbreite ab.<\/p>\n<h4>Departement Darstellende K\u00fcnste und Film<\/h4>\n<p><strong>Bachelor of Arts in Theater<\/strong>. Die k\u00fcnstlerische Praxis als Teil der Kunst- und Kulturvermittlung mit Kindern, Jugendlichen und Erwachsenen unterschiedlicher kultureller Herkunft und sozialer Pr\u00e4gung ist in der Theaterp\u00e4dagogik eng verbunden mit kritischen Perspektiven auf Zeitgenossenschaft und Bildung. Die <a href=\"https:\/\/www.zhdk.ch\/ba-theater-theaterpaedagogik-836\"><em>Vertiefung Theaterp\u00e4dagogik<\/em><\/a> bildet Grundkompetenzen der Spielleitung aus. Dies umfasst neben eigenen Spielerfahrungen insbesondere methodische und didaktische Kenntnisse um Vermittlungs- und Inszenierungsprozess.<\/p>\n<p><strong>Master of Arts in Theater<\/strong>. Die Absolventinnen und Absolventen der <a href=\"https:\/\/www.zhdk.ch\/ma-theater-theaterpaedagogik-843\"><em>Vertiefung Theaterp\u00e4dagogik<\/em><\/a> sind k\u00fcnstlerisch arbeitende Pers\u00f6nlichkeiten, die F\u00fchrungsverantwortung und Autorschaft f\u00fcr Projekte \u00fcbernehmen, welche sich durch innovative Vermittlungsorientierung auszeichnen. Sie sind f\u00e4hig, theatralische Projekte mit verschiedenen Zielgruppen zu initiieren und diese in unterschiedlichen r\u00e4umlichen und \u00f6rtlichen Settings durchzuf\u00fchren.<\/p>\n<h4>Zentrum Weiterbildung<\/h4>\n<p>Das <a href=\"https:\/\/www.zhdk.ch\/weiterbildung\">Zentrum Weiterbildung<\/a> der ZHdK bietet auch Lernangebote f\u00fcr Personen an, die ihr erstes Studium schon hinter sich haben und ihre in der k\u00fcnstlerischen Ausbildung und Berufspraxis erworbenen Kompetenzen innerhalb einer Disziplin vertiefen oder \u00fcber die angestammten Disziplingrenzen hinaus erweitern m\u00f6chten. Eine Reihe von Angeboten sind im Bereich <a href=\"https:\/\/www.zhdk.ch\/vermittlung-und-kontext-525\">Vermittlung und Kontext<\/a> angesiedelt.<\/p>\n<p>In der <a href=\"https:\/\/www.zhdk.ch\/winter-school-2017-536\">Summer &amp; Winter School<\/a> bietet die ZHdK ein Netz von kleinteiligen Weiterbildungsprogrammen im Bau\u00ad steinsystem an, das nachfrageorientiert und praxisnah einen Querschnittbereich durch alle Departemente bespielt. Die Kurse dienen dazu, erste thematische Impulse zur sp\u00e4teren Vertiefung im Rahmen eines CAS\/DAS\/MAS zu legen und bieten die M\u00f6glichkeit, sich mit aktuellsten Tendenzen und Entwicklungen auseinander zu setzen.<\/p>\n","protected":false},"excerpt":{"rendered":"<p>Departement Kulturanalysen und Vermittlung Bachelor of Arts in Art Education. Im Bachelor Art Education werden Fachleute f\u00fcr Unterricht, Kurswesen und weitere Lehr- und Vermittlungst\u00e4tigkeiten in den Bereichen Kunst, Gestaltung und Kultur ausgebildet. Die Vertiefung Bildnerisches Gestalten an Maturit\u00e4tsschulen, bereitet als erster Teil einer zweistufigen Ausbildung auf die Arbeit mit Sch\u00fclerinnen und Sch\u00fclern im Gymnasium vor, [&hellip;]<\/p>\n","protected":false},"author":1301,"featured_media":0,"parent":0,"menu_order":4,"comment_status":"closed","ping_status":"closed","template":"","meta":{"footnotes":""},"class_list":["post-166","page","type-page","status-publish","hentry"],"_links":{"self":[{"href":"https:\/\/blog.zhdk.ch\/kidb\/wp-json\/wp\/v2\/pages\/166","targetHints":{"allow":["GET"]}}],"collection":[{"href":"https:\/\/blog.zhdk.ch\/kidb\/wp-json\/wp\/v2\/pages"}],"about":[{"href":"https:\/\/blog.zhdk.ch\/kidb\/wp-json\/wp\/v2\/types\/page"}],"author":[{"embeddable":true,"href":"https:\/\/blog.zhdk.ch\/kidb\/wp-json\/wp\/v2\/users\/1301"}],"replies":[{"embeddable":true,"href":"https:\/\/blog.zhdk.ch\/kidb\/wp-json\/wp\/v2\/comments?post=166"}],"version-history":[{"count":24,"href":"https:\/\/blog.zhdk.ch\/kidb\/wp-json\/wp\/v2\/pages\/166\/revisions"}],"predecessor-version":[{"id":892,"href":"https:\/\/blog.zhdk.ch\/kidb\/wp-json\/wp\/v2\/pages\/166\/revisions\/892"}],"wp:attachment":[{"href":"https:\/\/blog.zhdk.ch\/kidb\/wp-json\/wp\/v2\/media?parent=166"}],"curies":[{"name":"wp","href":"https:\/\/api.w.org\/{rel}","templated":true}]}}