{"id":454,"date":"2015-11-20T14:11:46","date_gmt":"2015-11-20T13:11:46","guid":{"rendered":"https:\/\/blog.zhdk.ch\/kidb\/?page_id=454"},"modified":"2015-12-03T12:27:18","modified_gmt":"2015-12-03T11:27:18","slug":"tagung-2015-3","status":"publish","type":"page","link":"https:\/\/blog.zhdk.ch\/kidb\/archive\/tagung-2015-3\/","title":{"rendered":"Tagung 2015"},"content":{"rendered":"<p>K\u00fcnstlerische Prozesse als Erkenntnisprozesse?<\/p>\n<p>Die disziplinen\u00fcbergreifende Tagung,\u00a0 2015 zum 4. Mal stattgefunden, hat das Verh\u00e4ltnis von k\u00fcnstlerischem Prozess und Erkenntnisprozess und deren Bedeutung f\u00fcr die Vermittlung thematisiert.<br \/>\nDie Referate, Diskussionsrunden und Workshops gingen dem Bildenden der K\u00fcnste nach und stellten Fragen zur Vernetzung der verschiedenen K\u00fcnste.<\/p>\n<p>Den Programmflyer der Tagung 2015 finden Sie <a href=\"https:\/\/blog.zhdk.ch\/kidb\/files\/2015\/05\/Kuenste-in-der-Bildung_Faltblatt.pdf\">hier<\/a>.<br \/>\n\u00dcbersicht Inhalte 2015: <a href=\"https:\/\/blog.zhdk.ch\/kidb\/files\/2015\/08\/Kuenste-in-der-Bildung_Workshopangebote.pdf\">Workshopangebote<\/a>, die Abstracts der <a href=\"https:\/\/blog.zhdk.ch\/kidb\/files\/2015\/08\/Kuenste-in-der-Bildung_Referate.pdf\">Referate <\/a>und das <a href=\"https:\/\/blog.zhdk.ch\/kidb\/files\/2015\/08\/Kuenste-in-der-Bildung_Konzert1.pdf\">Konzert<\/a> vom Freitag Abend im Mehrspur Musikklub, Toni Areal<\/p>\n<p><strong>Download Tagungsinhalte:<\/strong><\/p>\n<p><a href=\"https:\/\/blog.zhdk.ch\/kidb\/files\/2015\/12\/Danuser-Truniger_Einfuehrung.pdf\">Begr\u00fcssung und Einf\u00fchrung<\/a> von Prof. <strong>Elisabeth Danuser<\/strong> und Prof. <strong>Peter Truniger<\/strong>, ZHdK: <em>Die K\u00fcnste in der Bildung: Vor- und R\u00fcckschau<\/em><\/p>\n<p><a href=\"https:\/\/blog.zhdk.ch\/kidb\/files\/2015\/12\/0-Brandstaetter_Folien-Aesthetische-und-andere-Weisen-des-Denkens.pdf\">Folien zum Referat 1<\/a> von Prof. Dr. <strong>Ursula Brandst\u00e4tter<\/strong>, Anton Bruckner Universit\u00e4t f\u00fcr Musik, Tanz und Schauspiel (Linz): <em>\u00c4sthetische und andere Weisen des Denkens und Erkennens. <\/em><\/p>\n<p><a href=\"https:\/\/blog.zhdk.ch\/kidb\/files\/2015\/11\/0-Radelfinger_Neuerscheinung.pdf\">Publikationshinweis zum Referat 2<\/a> von Prof. <strong>Peter Radelfinger<\/strong>, K\u00fcnstler und Professor ZHdK: <em>Nun wird es aber wirklich sinnlos <\/em><\/p>\n<p><a href=\"https:\/\/blog.zhdk.ch\/kidb\/files\/2015\/11\/0-Griebel_the-art-to-other-mimesis.pdf\">Referat 4<\/a> von Prof. Dr. <strong>Christina Griebel<\/strong>, Staatliche Akademie der Bildnenden K\u00fcnste Karlsruhe: <em>the art to other mimesis. Diskurs und neuer Diskurs der Erz\u00e4hlung in den R\u00e4umen k\u00fcnstlerischer Erkenntnisprozesse.<\/em><\/p>\n<p><a href=\"https:\/\/blog.zhdk.ch\/kidb\/files\/2015\/11\/0-Mersch_Kunst-und-Wissensproduktion.pdf\">Referat 5<\/a> von Prof. Dr. <strong>Dieter Mersch<\/strong>, Institut f\u00fcr Theorie ith, ZHdK: <em>Kunst und Wissensproduktion<\/em><\/p>\n<p><strong>Impressionen <\/strong><strong><br \/>\n<\/strong><\/p>\n<div id='gallery-1' class='gallery galleryid-454 gallery-columns-3 gallery-size-large'><figure class='gallery-item'>\n\t\t\t<div class='gallery-icon landscape'>\n\t\t\t\t<a href='https:\/\/blog.zhdk.ch\/kidb\/archive\/tagung-2015-3\/die-kuenste-in-der-bildung-2015\/'><img loading=\"lazy\" decoding=\"async\" width=\"1024\" height=\"683\" src=\"https:\/\/blog.zhdk.ch\/kidb\/files\/2015\/11\/Die-Kuenste-in-der-Bildung-2015-1024x683.jpg\" class=\"attachment-large size-large\" alt=\"\" srcset=\"https:\/\/blog.zhdk.ch\/kidb\/files\/2015\/11\/Die-Kuenste-in-der-Bildung-2015-1024x683.jpg 1024w, https:\/\/blog.zhdk.ch\/kidb\/files\/2015\/11\/Die-Kuenste-in-der-Bildung-2015-300x200.jpg 300w\" sizes=\"auto, (max-width: 1024px) 100vw, 1024px\" \/><\/a>\n\t\t\t<\/div><\/figure><figure class='gallery-item'>\n\t\t\t<div class='gallery-icon portrait'>\n\t\t\t\t<a href='https:\/\/blog.zhdk.ch\/kidb\/archive\/tagung-2015-3\/referat-barbara-bader\/'><img loading=\"lazy\" decoding=\"async\" width=\"683\" height=\"1024\" src=\"https:\/\/blog.zhdk.ch\/kidb\/files\/2015\/11\/Referat-Barbara-Bader-683x1024.jpg\" class=\"attachment-large size-large\" alt=\"\" srcset=\"https:\/\/blog.zhdk.ch\/kidb\/files\/2015\/11\/Referat-Barbara-Bader-683x1024.jpg 683w, https:\/\/blog.zhdk.ch\/kidb\/files\/2015\/11\/Referat-Barbara-Bader-200x300.jpg 200w\" sizes=\"auto, (max-width: 683px) 100vw, 683px\" \/><\/a>\n\t\t\t<\/div><\/figure><figure class='gallery-item'>\n\t\t\t<div class='gallery-icon portrait'>\n\t\t\t\t<a href='https:\/\/blog.zhdk.ch\/kidb\/archive\/tagung-2015-3\/referat-christina-griebel\/'><img loading=\"lazy\" decoding=\"async\" width=\"683\" height=\"1024\" src=\"https:\/\/blog.zhdk.ch\/kidb\/files\/2015\/11\/Referat-Christina-Griebel-683x1024.jpg\" class=\"attachment-large size-large\" alt=\"\" srcset=\"https:\/\/blog.zhdk.ch\/kidb\/files\/2015\/11\/Referat-Christina-Griebel-683x1024.jpg 683w, https:\/\/blog.zhdk.ch\/kidb\/files\/2015\/11\/Referat-Christina-Griebel-200x300.jpg 200w\" sizes=\"auto, (max-width: 683px) 100vw, 683px\" \/><\/a>\n\t\t\t<\/div><\/figure><figure class='gallery-item'>\n\t\t\t<div class='gallery-icon landscape'>\n\t\t\t\t<a href='https:\/\/blog.zhdk.ch\/kidb\/archive\/tagung-2015-3\/referat-dieter-mersch\/'><img loading=\"lazy\" decoding=\"async\" width=\"1024\" height=\"683\" src=\"https:\/\/blog.zhdk.ch\/kidb\/files\/2015\/11\/Referat-Dieter-Mersch-1024x683.jpg\" class=\"attachment-large size-large\" alt=\"\" srcset=\"https:\/\/blog.zhdk.ch\/kidb\/files\/2015\/11\/Referat-Dieter-Mersch-1024x683.jpg 1024w, https:\/\/blog.zhdk.ch\/kidb\/files\/2015\/11\/Referat-Dieter-Mersch-300x200.jpg 300w\" sizes=\"auto, (max-width: 1024px) 100vw, 1024px\" \/><\/a>\n\t\t\t<\/div><\/figure><figure class='gallery-item'>\n\t\t\t<div class='gallery-icon landscape'>\n\t\t\t\t<a href='https:\/\/blog.zhdk.ch\/kidb\/archive\/tagung-2015-3\/synthese-michael-eidenbenz\/'><img loading=\"lazy\" decoding=\"async\" width=\"1024\" height=\"683\" src=\"https:\/\/blog.zhdk.ch\/kidb\/files\/2015\/11\/Synthese-Michael-Eidenbenz-1024x683.jpg\" class=\"attachment-large size-large\" alt=\"\" srcset=\"https:\/\/blog.zhdk.ch\/kidb\/files\/2015\/11\/Synthese-Michael-Eidenbenz-1024x683.jpg 1024w, https:\/\/blog.zhdk.ch\/kidb\/files\/2015\/11\/Synthese-Michael-Eidenbenz-300x200.jpg 300w\" sizes=\"auto, (max-width: 1024px) 100vw, 1024px\" \/><\/a>\n\t\t\t<\/div><\/figure><figure class='gallery-item'>\n\t\t\t<div class='gallery-icon landscape'>\n\t\t\t\t<a href='https:\/\/blog.zhdk.ch\/kidb\/archive\/tagung-2015-3\/tagungsteilnehmende\/'><img loading=\"lazy\" decoding=\"async\" width=\"1024\" height=\"682\" src=\"https:\/\/blog.zhdk.ch\/kidb\/files\/2015\/11\/Tagungsteilnehmende-1024x682.jpg\" class=\"attachment-large size-large\" alt=\"\" srcset=\"https:\/\/blog.zhdk.ch\/kidb\/files\/2015\/11\/Tagungsteilnehmende-1024x682.jpg 1024w, https:\/\/blog.zhdk.ch\/kidb\/files\/2015\/11\/Tagungsteilnehmende-300x200.jpg 300w\" sizes=\"auto, (max-width: 1024px) 100vw, 1024px\" \/><\/a>\n\t\t\t<\/div><\/figure><figure class='gallery-item'>\n\t\t\t<div class='gallery-icon landscape'>\n\t\t\t\t<a href='https:\/\/blog.zhdk.ch\/kidb\/archive\/tagung-2015-3\/treffpunkt-eingangshalle\/'><img loading=\"lazy\" decoding=\"async\" width=\"1024\" height=\"683\" src=\"https:\/\/blog.zhdk.ch\/kidb\/files\/2015\/11\/Treffpunkt-Eingangshalle-1024x683.jpg\" class=\"attachment-large size-large\" alt=\"\" srcset=\"https:\/\/blog.zhdk.ch\/kidb\/files\/2015\/11\/Treffpunkt-Eingangshalle-1024x683.jpg 1024w, https:\/\/blog.zhdk.ch\/kidb\/files\/2015\/11\/Treffpunkt-Eingangshalle-300x200.jpg 300w\" sizes=\"auto, (max-width: 1024px) 100vw, 1024px\" \/><\/a>\n\t\t\t<\/div><\/figure><figure class='gallery-item'>\n\t\t\t<div class='gallery-icon landscape'>\n\t\t\t\t<a href='https:\/\/blog.zhdk.ch\/kidb\/archive\/tagung-2015-3\/workshop-3\/'><img loading=\"lazy\" decoding=\"async\" width=\"1024\" height=\"683\" src=\"https:\/\/blog.zhdk.ch\/kidb\/files\/2015\/11\/Workshop-3-1024x683.jpg\" class=\"attachment-large size-large\" alt=\"\" srcset=\"https:\/\/blog.zhdk.ch\/kidb\/files\/2015\/11\/Workshop-3-1024x683.jpg 1024w, https:\/\/blog.zhdk.ch\/kidb\/files\/2015\/11\/Workshop-3-300x200.jpg 300w\" sizes=\"auto, (max-width: 1024px) 100vw, 1024px\" \/><\/a>\n\t\t\t<\/div><\/figure><figure class='gallery-item'>\n\t\t\t<div class='gallery-icon landscape'>\n\t\t\t\t<a href='https:\/\/blog.zhdk.ch\/kidb\/archive\/tagung-2015-3\/workshop-4\/'><img loading=\"lazy\" decoding=\"async\" width=\"1024\" height=\"683\" src=\"https:\/\/blog.zhdk.ch\/kidb\/files\/2015\/11\/Workshop-4-1024x683.jpg\" class=\"attachment-large size-large\" alt=\"\" srcset=\"https:\/\/blog.zhdk.ch\/kidb\/files\/2015\/11\/Workshop-4-1024x683.jpg 1024w, https:\/\/blog.zhdk.ch\/kidb\/files\/2015\/11\/Workshop-4-300x200.jpg 300w\" sizes=\"auto, (max-width: 1024px) 100vw, 1024px\" \/><\/a>\n\t\t\t<\/div><\/figure><figure class='gallery-item'>\n\t\t\t<div class='gallery-icon landscape'>\n\t\t\t\t<a href='https:\/\/blog.zhdk.ch\/kidb\/archive\/tagung-2015-3\/workshop-5\/'><img loading=\"lazy\" decoding=\"async\" width=\"1024\" height=\"683\" src=\"https:\/\/blog.zhdk.ch\/kidb\/files\/2015\/11\/Workshop-5-1024x683.jpg\" class=\"attachment-large size-large\" alt=\"\" srcset=\"https:\/\/blog.zhdk.ch\/kidb\/files\/2015\/11\/Workshop-5-1024x683.jpg 1024w, https:\/\/blog.zhdk.ch\/kidb\/files\/2015\/11\/Workshop-5-300x200.jpg 300w\" sizes=\"auto, (max-width: 1024px) 100vw, 1024px\" \/><\/a>\n\t\t\t<\/div><\/figure><figure class='gallery-item'>\n\t\t\t<div class='gallery-icon landscape'>\n\t\t\t\t<a href='https:\/\/blog.zhdk.ch\/kidb\/archive\/tagung-2015-3\/workshop-9\/'><img loading=\"lazy\" decoding=\"async\" width=\"1024\" height=\"682\" src=\"https:\/\/blog.zhdk.ch\/kidb\/files\/2015\/11\/Workshop-9-1024x682.jpg\" class=\"attachment-large size-large\" alt=\"\" srcset=\"https:\/\/blog.zhdk.ch\/kidb\/files\/2015\/11\/Workshop-9-1024x682.jpg 1024w, https:\/\/blog.zhdk.ch\/kidb\/files\/2015\/11\/Workshop-9-300x200.jpg 300w\" sizes=\"auto, (max-width: 1024px) 100vw, 1024px\" \/><\/a>\n\t\t\t<\/div><\/figure><figure class='gallery-item'>\n\t\t\t<div class='gallery-icon landscape'>\n\t\t\t\t<a href='https:\/\/blog.zhdk.ch\/kidb\/archive\/tagung-2015-3\/workshop-12\/'><img loading=\"lazy\" decoding=\"async\" width=\"1024\" height=\"683\" src=\"https:\/\/blog.zhdk.ch\/kidb\/files\/2015\/11\/Workshop-12-1024x683.jpg\" class=\"attachment-large size-large\" alt=\"\" srcset=\"https:\/\/blog.zhdk.ch\/kidb\/files\/2015\/11\/Workshop-12-1024x683.jpg 1024w, https:\/\/blog.zhdk.ch\/kidb\/files\/2015\/11\/Workshop-12-300x200.jpg 300w\" sizes=\"auto, (max-width: 1024px) 100vw, 1024px\" \/><\/a>\n\t\t\t<\/div><\/figure><figure class='gallery-item'>\n\t\t\t<div class='gallery-icon landscape'>\n\t\t\t\t<a href='https:\/\/blog.zhdk.ch\/kidb\/archive\/tagung-2015-3\/workshop-13\/'><img loading=\"lazy\" decoding=\"async\" width=\"1024\" height=\"683\" src=\"https:\/\/blog.zhdk.ch\/kidb\/files\/2015\/11\/Workshop-13-1024x683.jpg\" class=\"attachment-large size-large\" alt=\"\" srcset=\"https:\/\/blog.zhdk.ch\/kidb\/files\/2015\/11\/Workshop-13-1024x683.jpg 1024w, https:\/\/blog.zhdk.ch\/kidb\/files\/2015\/11\/Workshop-13-300x200.jpg 300w\" sizes=\"auto, (max-width: 1024px) 100vw, 1024px\" \/><\/a>\n\t\t\t<\/div><\/figure><figure class='gallery-item'>\n\t\t\t<div class='gallery-icon landscape'>\n\t\t\t\t<a href='https:\/\/blog.zhdk.ch\/kidb\/archive\/tagung-2015-3\/silberbuex\/'><img loading=\"lazy\" decoding=\"async\" width=\"1024\" height=\"683\" src=\"https:\/\/blog.zhdk.ch\/kidb\/files\/2015\/11\/Silberbuex-1024x683.jpg\" class=\"attachment-large size-large\" alt=\"\" srcset=\"https:\/\/blog.zhdk.ch\/kidb\/files\/2015\/11\/Silberbuex-1024x683.jpg 1024w, https:\/\/blog.zhdk.ch\/kidb\/files\/2015\/11\/Silberbuex-300x200.jpg 300w\" sizes=\"auto, (max-width: 1024px) 100vw, 1024px\" \/><\/a>\n\t\t\t<\/div><\/figure><figure class='gallery-item'>\n\t\t\t<div class='gallery-icon portrait'>\n\t\t\t\t<a href='https:\/\/blog.zhdk.ch\/kidb\/archive\/tagung-2015-3\/verabschiedung-2015\/'><img loading=\"lazy\" decoding=\"async\" width=\"683\" height=\"1024\" src=\"https:\/\/blog.zhdk.ch\/kidb\/files\/2015\/11\/Verabschiedung-2015-683x1024.jpg\" class=\"attachment-large size-large\" alt=\"\" srcset=\"https:\/\/blog.zhdk.ch\/kidb\/files\/2015\/11\/Verabschiedung-2015-683x1024.jpg 683w, https:\/\/blog.zhdk.ch\/kidb\/files\/2015\/11\/Verabschiedung-2015-200x300.jpg 200w, https:\/\/blog.zhdk.ch\/kidb\/files\/2015\/11\/Verabschiedung-2015.jpg 1731w\" sizes=\"auto, (max-width: 683px) 100vw, 683px\" \/><\/a>\n\t\t\t<\/div><\/figure>\n\t\t<\/div>\n\n","protected":false},"excerpt":{"rendered":"<p>K\u00fcnstlerische Prozesse als Erkenntnisprozesse? Die disziplinen\u00fcbergreifende Tagung,\u00a0 2015 zum 4. Mal stattgefunden, hat das Verh\u00e4ltnis von k\u00fcnstlerischem Prozess und Erkenntnisprozess und deren Bedeutung f\u00fcr die Vermittlung thematisiert. Die Referate, Diskussionsrunden und Workshops gingen dem Bildenden der K\u00fcnste nach und stellten Fragen zur Vernetzung der verschiedenen K\u00fcnste. Den Programmflyer der Tagung 2015 finden Sie hier. \u00dcbersicht [&hellip;]<\/p>\n","protected":false},"author":1301,"featured_media":0,"parent":22,"menu_order":2,"comment_status":"closed","ping_status":"closed","template":"","meta":{"footnotes":""},"class_list":["post-454","page","type-page","status-publish","hentry"],"_links":{"self":[{"href":"https:\/\/blog.zhdk.ch\/kidb\/wp-json\/wp\/v2\/pages\/454","targetHints":{"allow":["GET"]}}],"collection":[{"href":"https:\/\/blog.zhdk.ch\/kidb\/wp-json\/wp\/v2\/pages"}],"about":[{"href":"https:\/\/blog.zhdk.ch\/kidb\/wp-json\/wp\/v2\/types\/page"}],"author":[{"embeddable":true,"href":"https:\/\/blog.zhdk.ch\/kidb\/wp-json\/wp\/v2\/users\/1301"}],"replies":[{"embeddable":true,"href":"https:\/\/blog.zhdk.ch\/kidb\/wp-json\/wp\/v2\/comments?post=454"}],"version-history":[{"count":22,"href":"https:\/\/blog.zhdk.ch\/kidb\/wp-json\/wp\/v2\/pages\/454\/revisions"}],"predecessor-version":[{"id":564,"href":"https:\/\/blog.zhdk.ch\/kidb\/wp-json\/wp\/v2\/pages\/454\/revisions\/564"}],"up":[{"embeddable":true,"href":"https:\/\/blog.zhdk.ch\/kidb\/wp-json\/wp\/v2\/pages\/22"}],"wp:attachment":[{"href":"https:\/\/blog.zhdk.ch\/kidb\/wp-json\/wp\/v2\/media?parent=454"}],"curies":[{"name":"wp","href":"https:\/\/api.w.org\/{rel}","templated":true}]}}