{"id":924,"date":"2017-11-13T12:53:09","date_gmt":"2017-11-13T11:53:09","guid":{"rendered":"https:\/\/blog.zhdk.ch\/kidb\/?page_id=924"},"modified":"2017-11-24T13:50:29","modified_gmt":"2017-11-24T12:50:29","slug":"tagung-2017","status":"publish","type":"page","link":"https:\/\/blog.zhdk.ch\/kidb\/archive\/tagung-2017\/","title":{"rendered":"Tagung 2017"},"content":{"rendered":"<p>Tagung vom 3.\/4. November 2017<\/p>\n<p><strong>in\/out.<\/strong><br \/>\n<strong>\u00dcber \u00e4sthetische Urteile und ihre Bezugssysteme.<\/strong><\/p>\n<p>Wie entstehen Geschmacksurteile und unsere vermeintlich pers\u00f6nlichen \u00e4sthetischen Vorlieben in den K\u00fcnsten und im Alltag? Wie wirken sie sich auf das Feld der Kunstvermittlung aus und welche Rolle nehmen dabei Lehrpersonen, Vermittler_innen und Dozierende im Prozess der \u00e4sthetischen Urteilsentwicklung ein?<\/p>\n<p>Die Tagung widmete sich der Ausbildung \u00e4sthetischer Urteile, den zugrunde liegenden Referenzen sowie der Frage nach den damit verbundenen sozialen Ein- und Ausschl\u00fcssen. Wir warfen einen kunst- und musiksoziologischen Blick auf die p\u00e4dagogischen Praxen an den Schulen und in der ausserschulischen Vermittlungsarbeit.<\/p>\n<p>Den Fragen nach der Vermittlung von \u201a\u00e4sthetischem Urteilsverm\u00f6gen\u2018 als auch der Durchkreuzung fixierender Zuschreibungen gingen wir in Referaten, Workshops und Diskussionen nach.<\/p>\n<p>Informationen zum <a href=\"https:\/\/blog.zhdk.ch\/kidb\/files\/2017\/08\/Programm-KidB17.pdf\">PROGRAMM<\/a><br \/>\nBeschreibung der <a href=\"https:\/\/blog.zhdk.ch\/kidb\/files\/2015\/05\/Workshops-KidB17.pdf\">WORKSHOPS<\/a><\/p>\n<p><strong>Download Tagungsinhalte <\/strong><strong><br \/>\n<\/strong><\/p>\n<ul>\n<li>Begr\u00fcssung und Einf\u00fchrung von Prof. <a href=\"https:\/\/blog.zhdk.ch\/kidb\/files\/2017\/11\/1-Frischknecht_Villiger_Begru\u0308ssung.pdf\">Ruth Frischknecht und Judit Villiger<\/a>, ZHdK<\/li>\n<li>Folien zum Referat 1 von Prof. Dr. <a href=\"https:\/\/blog.zhdk.ch\/kidb\/files\/2017\/11\/2-Wuggenig_Grundlagen-von-Diversita\u0308t_Folien.pdf\">Ulf Wuggenig<\/a>, Professor fu\u0308r Kunstsoziologie, Universita\u0308t Lu\u0308neburg<\/li>\n<li>Referat 2 von Prof. Dr. <a href=\"https:\/\/blog.zhdk.ch\/kidb\/files\/2017\/11\/3-Kolhoff-Kahl_Wie-wir-uns-kleiden.pdf\">Iris Kolhoff-Kahl<\/a>, Professorin fu\u0308r Textilgestaltung und ihre Didaktik, Universita\u0308t Paderborn<\/li>\n<li>Beitrag in &#8222;Kunstp\u00e4dagogische Positionen&#8220; von Prof. <a href=\"https:\/\/blog.zhdk.ch\/kidb\/files\/2017\/11\/5-Moersch_Bildung-der-Anderen-mit-Kunst.pdf\">Carmen M\u00f6rsch<\/a> (Referat 4), Leiterin Institute for Art Education, Zu\u0308rcher Hochschule der Ku\u0308nste<\/li>\n<\/ul>\n<p><strong>Impressionen<\/strong> (Fotos: Marianne Kesselring)<strong><br \/>\n<\/strong><\/p>\n<div id='gallery-1' class='gallery galleryid-924 gallery-columns-3 gallery-size-thumbnail'><figure class='gallery-item'>\n\t\t\t<div class='gallery-icon portrait'>\n\t\t\t\t<a href='https:\/\/blog.zhdk.ch\/kidb\/archive\/tagung-2017\/_dsc6248\/'><img loading=\"lazy\" decoding=\"async\" width=\"150\" height=\"150\" src=\"https:\/\/blog.zhdk.ch\/kidb\/files\/2017\/11\/DSC6248-150x150.jpg\" class=\"attachment-thumbnail size-thumbnail\" alt=\"\" \/><\/a>\n\t\t\t<\/div><\/figure><figure class='gallery-item'>\n\t\t\t<div class='gallery-icon landscape'>\n\t\t\t\t<a href='https:\/\/blog.zhdk.ch\/kidb\/archive\/tagung-2017\/_dsc6265\/'><img loading=\"lazy\" decoding=\"async\" width=\"150\" height=\"150\" src=\"https:\/\/blog.zhdk.ch\/kidb\/files\/2017\/11\/DSC6265-150x150.jpg\" class=\"attachment-thumbnail size-thumbnail\" alt=\"\" \/><\/a>\n\t\t\t<\/div><\/figure><figure class='gallery-item'>\n\t\t\t<div class='gallery-icon portrait'>\n\t\t\t\t<a href='https:\/\/blog.zhdk.ch\/kidb\/archive\/tagung-2017\/_dsc6294\/'><img loading=\"lazy\" decoding=\"async\" width=\"150\" height=\"150\" src=\"https:\/\/blog.zhdk.ch\/kidb\/files\/2017\/11\/DSC6294-150x150.jpg\" class=\"attachment-thumbnail size-thumbnail\" alt=\"\" \/><\/a>\n\t\t\t<\/div><\/figure><figure class='gallery-item'>\n\t\t\t<div class='gallery-icon landscape'>\n\t\t\t\t<a href='https:\/\/blog.zhdk.ch\/kidb\/archive\/tagung-2017\/_dsc6389\/'><img loading=\"lazy\" decoding=\"async\" width=\"150\" height=\"150\" src=\"https:\/\/blog.zhdk.ch\/kidb\/files\/2017\/11\/DSC6389-150x150.jpg\" class=\"attachment-thumbnail size-thumbnail\" alt=\"\" \/><\/a>\n\t\t\t<\/div><\/figure><figure class='gallery-item'>\n\t\t\t<div class='gallery-icon landscape'>\n\t\t\t\t<a href='https:\/\/blog.zhdk.ch\/kidb\/archive\/tagung-2017\/_dsc6440\/'><img loading=\"lazy\" decoding=\"async\" width=\"150\" height=\"150\" src=\"https:\/\/blog.zhdk.ch\/kidb\/files\/2017\/11\/DSC6440-150x150.jpg\" class=\"attachment-thumbnail size-thumbnail\" alt=\"\" \/><\/a>\n\t\t\t<\/div><\/figure><figure class='gallery-item'>\n\t\t\t<div class='gallery-icon landscape'>\n\t\t\t\t<a href='https:\/\/blog.zhdk.ch\/kidb\/archive\/tagung-2017\/_dsc6583\/'><img loading=\"lazy\" decoding=\"async\" width=\"150\" height=\"150\" src=\"https:\/\/blog.zhdk.ch\/kidb\/files\/2017\/11\/DSC6583-150x150.jpg\" class=\"attachment-thumbnail size-thumbnail\" alt=\"\" \/><\/a>\n\t\t\t<\/div><\/figure><figure class='gallery-item'>\n\t\t\t<div class='gallery-icon landscape'>\n\t\t\t\t<a href='https:\/\/blog.zhdk.ch\/kidb\/archive\/tagung-2017\/_dsc6478\/'><img loading=\"lazy\" decoding=\"async\" width=\"150\" height=\"150\" src=\"https:\/\/blog.zhdk.ch\/kidb\/files\/2017\/11\/DSC6478-150x150.jpg\" class=\"attachment-thumbnail size-thumbnail\" alt=\"\" \/><\/a>\n\t\t\t<\/div><\/figure><figure class='gallery-item'>\n\t\t\t<div class='gallery-icon portrait'>\n\t\t\t\t<a href='https:\/\/blog.zhdk.ch\/kidb\/archive\/tagung-2017\/_dsc6517\/'><img loading=\"lazy\" decoding=\"async\" width=\"150\" height=\"150\" src=\"https:\/\/blog.zhdk.ch\/kidb\/files\/2017\/11\/DSC6517-150x150.jpg\" class=\"attachment-thumbnail size-thumbnail\" alt=\"\" \/><\/a>\n\t\t\t<\/div><\/figure><figure class='gallery-item'>\n\t\t\t<div class='gallery-icon landscape'>\n\t\t\t\t<a href='https:\/\/blog.zhdk.ch\/kidb\/archive\/tagung-2017\/_dsc6565\/'><img loading=\"lazy\" decoding=\"async\" width=\"150\" height=\"150\" src=\"https:\/\/blog.zhdk.ch\/kidb\/files\/2017\/11\/DSC6565-150x150.jpg\" class=\"attachment-thumbnail size-thumbnail\" alt=\"\" \/><\/a>\n\t\t\t<\/div><\/figure><figure class='gallery-item'>\n\t\t\t<div class='gallery-icon landscape'>\n\t\t\t\t<a href='https:\/\/blog.zhdk.ch\/kidb\/archive\/tagung-2017\/_dsc6603\/'><img loading=\"lazy\" decoding=\"async\" width=\"150\" height=\"150\" src=\"https:\/\/blog.zhdk.ch\/kidb\/files\/2017\/11\/DSC6603-150x150.jpg\" class=\"attachment-thumbnail size-thumbnail\" alt=\"\" \/><\/a>\n\t\t\t<\/div><\/figure><figure class='gallery-item'>\n\t\t\t<div class='gallery-icon portrait'>\n\t\t\t\t<a href='https:\/\/blog.zhdk.ch\/kidb\/archive\/tagung-2017\/_dsc6626\/'><img loading=\"lazy\" decoding=\"async\" width=\"150\" height=\"150\" src=\"https:\/\/blog.zhdk.ch\/kidb\/files\/2017\/11\/DSC6626-150x150.jpg\" class=\"attachment-thumbnail size-thumbnail\" alt=\"\" \/><\/a>\n\t\t\t<\/div><\/figure><figure class='gallery-item'>\n\t\t\t<div class='gallery-icon landscape'>\n\t\t\t\t<a href='https:\/\/blog.zhdk.ch\/kidb\/archive\/tagung-2017\/_dsc6460\/'><img loading=\"lazy\" decoding=\"async\" width=\"150\" height=\"150\" src=\"https:\/\/blog.zhdk.ch\/kidb\/files\/2017\/11\/DSC6460-150x150.jpg\" class=\"attachment-thumbnail size-thumbnail\" alt=\"\" \/><\/a>\n\t\t\t<\/div><\/figure><figure class='gallery-item'>\n\t\t\t<div class='gallery-icon landscape'>\n\t\t\t\t<a href='https:\/\/blog.zhdk.ch\/kidb\/archive\/tagung-2017\/_dsc6688\/'><img loading=\"lazy\" decoding=\"async\" width=\"150\" height=\"150\" src=\"https:\/\/blog.zhdk.ch\/kidb\/files\/2017\/11\/DSC6688-150x150.jpg\" class=\"attachment-thumbnail size-thumbnail\" alt=\"\" \/><\/a>\n\t\t\t<\/div><\/figure><figure class='gallery-item'>\n\t\t\t<div class='gallery-icon portrait'>\n\t\t\t\t<a href='https:\/\/blog.zhdk.ch\/kidb\/archive\/tagung-2017\/_dsc6705\/'><img loading=\"lazy\" decoding=\"async\" width=\"150\" height=\"150\" src=\"https:\/\/blog.zhdk.ch\/kidb\/files\/2017\/11\/DSC6705-150x150.jpg\" class=\"attachment-thumbnail size-thumbnail\" alt=\"\" \/><\/a>\n\t\t\t<\/div><\/figure><figure class='gallery-item'>\n\t\t\t<div class='gallery-icon landscape'>\n\t\t\t\t<a href='https:\/\/blog.zhdk.ch\/kidb\/archive\/tagung-2017\/_dsc6742\/'><img loading=\"lazy\" decoding=\"async\" width=\"150\" height=\"150\" src=\"https:\/\/blog.zhdk.ch\/kidb\/files\/2017\/11\/DSC6742-150x150.jpg\" class=\"attachment-thumbnail size-thumbnail\" alt=\"\" \/><\/a>\n\t\t\t<\/div><\/figure><figure class='gallery-item'>\n\t\t\t<div class='gallery-icon landscape'>\n\t\t\t\t<a href='https:\/\/blog.zhdk.ch\/kidb\/archive\/tagung-2017\/_dsc6884\/'><img loading=\"lazy\" decoding=\"async\" width=\"150\" height=\"150\" src=\"https:\/\/blog.zhdk.ch\/kidb\/files\/2017\/11\/DSC6884-150x150.jpg\" class=\"attachment-thumbnail size-thumbnail\" alt=\"\" \/><\/a>\n\t\t\t<\/div><\/figure><figure class='gallery-item'>\n\t\t\t<div class='gallery-icon landscape'>\n\t\t\t\t<a href='https:\/\/blog.zhdk.ch\/kidb\/archive\/tagung-2017\/_dsc6845\/'><img loading=\"lazy\" decoding=\"async\" width=\"150\" height=\"150\" src=\"https:\/\/blog.zhdk.ch\/kidb\/files\/2017\/11\/DSC6845-150x150.jpg\" class=\"attachment-thumbnail size-thumbnail\" alt=\"\" \/><\/a>\n\t\t\t<\/div><\/figure><figure class='gallery-item'>\n\t\t\t<div class='gallery-icon landscape'>\n\t\t\t\t<a href='https:\/\/blog.zhdk.ch\/kidb\/archive\/tagung-2017\/_dsc6818\/'><img loading=\"lazy\" decoding=\"async\" width=\"150\" height=\"150\" src=\"https:\/\/blog.zhdk.ch\/kidb\/files\/2017\/11\/DSC6818-150x150.jpg\" class=\"attachment-thumbnail size-thumbnail\" alt=\"\" \/><\/a>\n\t\t\t<\/div><\/figure><figure class='gallery-item'>\n\t\t\t<div class='gallery-icon landscape'>\n\t\t\t\t<a href='https:\/\/blog.zhdk.ch\/kidb\/archive\/tagung-2017\/_dsc6938\/'><img loading=\"lazy\" decoding=\"async\" width=\"150\" height=\"150\" src=\"https:\/\/blog.zhdk.ch\/kidb\/files\/2017\/11\/DSC6938-150x150.jpg\" class=\"attachment-thumbnail size-thumbnail\" alt=\"\" \/><\/a>\n\t\t\t<\/div><\/figure><figure class='gallery-item'>\n\t\t\t<div class='gallery-icon landscape'>\n\t\t\t\t<a href='https:\/\/blog.zhdk.ch\/kidb\/archive\/tagung-2017\/_dsc6979\/'><img loading=\"lazy\" decoding=\"async\" width=\"150\" height=\"150\" src=\"https:\/\/blog.zhdk.ch\/kidb\/files\/2017\/11\/DSC6979-150x150.jpg\" class=\"attachment-thumbnail size-thumbnail\" alt=\"\" \/><\/a>\n\t\t\t<\/div><\/figure><figure class='gallery-item'>\n\t\t\t<div class='gallery-icon portrait'>\n\t\t\t\t<a href='https:\/\/blog.zhdk.ch\/kidb\/archive\/tagung-2017\/_dsc7024\/'><img loading=\"lazy\" decoding=\"async\" width=\"150\" height=\"150\" src=\"https:\/\/blog.zhdk.ch\/kidb\/files\/2017\/11\/DSC7024-150x150.jpg\" class=\"attachment-thumbnail size-thumbnail\" alt=\"\" \/><\/a>\n\t\t\t<\/div><\/figure><figure class='gallery-item'>\n\t\t\t<div class='gallery-icon landscape'>\n\t\t\t\t<a href='https:\/\/blog.zhdk.ch\/kidb\/archive\/tagung-2017\/_dsc7062\/'><img loading=\"lazy\" decoding=\"async\" width=\"150\" height=\"150\" src=\"https:\/\/blog.zhdk.ch\/kidb\/files\/2017\/11\/DSC7062-150x150.jpg\" class=\"attachment-thumbnail size-thumbnail\" alt=\"\" \/><\/a>\n\t\t\t<\/div><\/figure>\n\t\t<\/div>\n\n<p>Fotos: Marianne Kesselring<\/p>\n","protected":false},"excerpt":{"rendered":"<p>Tagung vom 3.\/4. November 2017 in\/out. \u00dcber \u00e4sthetische Urteile und ihre Bezugssysteme. Wie entstehen Geschmacksurteile und unsere vermeintlich pers\u00f6nlichen \u00e4sthetischen Vorlieben in den K\u00fcnsten und im Alltag? Wie wirken sie sich auf das Feld der Kunstvermittlung aus und welche Rolle nehmen dabei Lehrpersonen, Vermittler_innen und Dozierende im Prozess der \u00e4sthetischen Urteilsentwicklung ein? Die Tagung widmete [&hellip;]<\/p>\n","protected":false},"author":1301,"featured_media":0,"parent":22,"menu_order":1,"comment_status":"closed","ping_status":"closed","template":"","meta":{"footnotes":""},"class_list":["post-924","page","type-page","status-publish","hentry"],"_links":{"self":[{"href":"https:\/\/blog.zhdk.ch\/kidb\/wp-json\/wp\/v2\/pages\/924","targetHints":{"allow":["GET"]}}],"collection":[{"href":"https:\/\/blog.zhdk.ch\/kidb\/wp-json\/wp\/v2\/pages"}],"about":[{"href":"https:\/\/blog.zhdk.ch\/kidb\/wp-json\/wp\/v2\/types\/page"}],"author":[{"embeddable":true,"href":"https:\/\/blog.zhdk.ch\/kidb\/wp-json\/wp\/v2\/users\/1301"}],"replies":[{"embeddable":true,"href":"https:\/\/blog.zhdk.ch\/kidb\/wp-json\/wp\/v2\/comments?post=924"}],"version-history":[{"count":29,"href":"https:\/\/blog.zhdk.ch\/kidb\/wp-json\/wp\/v2\/pages\/924\/revisions"}],"predecessor-version":[{"id":1063,"href":"https:\/\/blog.zhdk.ch\/kidb\/wp-json\/wp\/v2\/pages\/924\/revisions\/1063"}],"up":[{"embeddable":true,"href":"https:\/\/blog.zhdk.ch\/kidb\/wp-json\/wp\/v2\/pages\/22"}],"wp:attachment":[{"href":"https:\/\/blog.zhdk.ch\/kidb\/wp-json\/wp\/v2\/media?parent=924"}],"curies":[{"name":"wp","href":"https:\/\/api.w.org\/{rel}","templated":true}]}}